{"id":1055,"date":"2015-09-15T17:11:24","date_gmt":"2015-09-15T15:11:24","guid":{"rendered":"\/\/www.ermitageterme.it\/hotelservice"},"modified":"2019-02-21T17:17:21","modified_gmt":"2019-02-21T16:17:21","slug":"hotelservice","status":"publish","type":"page","link":"https:\/\/www.ermitageterme.it\/de\/hotelservice\/","title":{"rendered":"Hotelservice"},"content":{"rendered":"<section class=\"wpb-content-wrapper\">[vc_row][vc_column][vc_column_text]\n<h2 style=\"color: #6b2a30;\">ERMITAGE BEL AIR<\/h2>\n<p>Die Ruhe eines gro\u00dfen Hotels, das von dem Gr\u00fcn seiner G\u00e4rten umgeben ist. Die Stille der umliegenden H\u00fcgel. Die aufmerksame und pers\u00f6nliche Bewirtung der Familie Maggia.<br \/>\nEin Ort, wo man die einzigartige und urt\u00fcmliche Tradition der italienischen Gastfreundschaft wiederentdecken kann, und der im Stande ist, allen G\u00e4sten Zugang und Geborgenheit zu gew\u00e4hrleisten.[\/vc_column_text][vc_column_text]\n<h2 style=\"color: #63bead;\">MEDICAL HOTEL<\/h2>\n<p>Thermal- und Wellnessdienstleistungen, die perfekt in ein modernes Zentrum f\u00fcr Rehabilitation und Physikalische Medizin integriert sind. Ein vollst\u00e4ndiges Dienstleistungssystem, das den Vorbeugungsund Rehabilitationsbed\u00fcrfnissen von jedem Gast nachkommt, indem der Behandlungsweg je nach seinen Bed\u00fcrfnissen dank einer vollst\u00e4ndigen fach\u00e4rztlichen Beratung individuell angepasst wird: Orthop\u00e4die, Neurologie, Lymphologie und Di\u00e4tologie.<br \/>\nAus diesem Grund haben die bedeutendsten italienischen Privatversicherungen beschlossen, ein einem direktem Rahmenabkommen mit unserem fachmedizinischen Zentrum zusammenzuarbeiten.[\/vc_column_text][vc_images_carousel images=&#8220;1510,1527,1532&#8243; img_size=&#8220;slide-content&#8220;][\/vc_column][\/vc_row]\n<\/section>","protected":false},"excerpt":{"rendered":"<p>[vc_row][vc_column][vc_column_text] ERMITAGE BEL AIR Die Ruhe eines gro\u00dfen Hotels, das von dem Gr\u00fcn seiner G\u00e4rten umgeben ist. Die Stille der umliegenden H\u00fcgel. Die aufmerksame und pers\u00f6nliche Bewirtung der Familie Maggia. Ein Ort, wo man die einzigartige und urt\u00fcmliche Tradition der italienischen Gastfreundschaft wiederentdecken kann, und der im Stande ist, allen G\u00e4sten Zugang und Geborgenheit zu<\/p>\n","protected":false},"author":1,"featured_media":0,"parent":0,"menu_order":51,"comment_status":"closed","ping_status":"open","template":"","meta":{"_acf_changed":false,"footnotes":""},"acf":[],"yoast_head":"<!-- This site is optimized with the Yoast SEO plugin v23.5 - https:\/\/yoast.com\/wordpress\/plugins\/seo\/ -->\n<title>4-Sterne-Hotel Abano Terme Italien - Ermitage Bel Air<\/title>\n<meta name=\"description\" content=\"Ermitage Terme Bel Air 4-Sterne-Hotel, das SPA und Wellness-Spa-Center mit Wellness, Physiotherapie und Schlamm in Abano Terme, nur einen Steinwurf von den Euganeischen H\u00fcgeln.\" \/>\n<meta name=\"robots\" content=\"index, follow, max-snippet:-1, max-image-preview:large, max-video-preview:-1\" \/>\n<link rel=\"canonical\" href=\"https:\/\/www.ermitageterme.it\/de\/hotelservice\/\" \/>\n<meta property=\"og:locale\" content=\"de_DE\" \/>\n<meta property=\"og:type\" content=\"article\" \/>\n<meta property=\"og:title\" content=\"4-Sterne-Hotel Abano Terme Italien - Ermitage Bel Air\" \/>\n<meta property=\"og:description\" content=\"Ermitage Terme Bel Air 4-Sterne-Hotel, das SPA und Wellness-Spa-Center mit Wellness, Physiotherapie und Schlamm in Abano Terme, nur einen Steinwurf von den Euganeischen H\u00fcgeln.\" \/>\n<meta property=\"og:url\" content=\"https:\/\/www.ermitageterme.it\/de\/hotelservice\/\" \/>\n<meta property=\"og:site_name\" content=\"Ermitage Bel Air\" \/>\n<meta property=\"article:modified_time\" content=\"2019-02-21T16:17:21+00:00\" \/>\n<meta name=\"twitter:card\" content=\"summary_large_image\" \/>\n<meta name=\"twitter:label1\" content=\"Gesch\u00e4tzte Lesezeit\" \/>\n\t<meta name=\"twitter:data1\" content=\"1\u00a0Minute\" \/>\n<script type=\"application\/ld+json\" class=\"yoast-schema-graph\">{\"@context\":\"https:\/\/schema.org\",\"@graph\":[{\"@type\":\"WebPage\",\"@id\":\"https:\/\/www.ermitageterme.it\/de\/hotelservice\/\",\"url\":\"https:\/\/www.ermitageterme.it\/de\/hotelservice\/\",\"name\":\"4-Sterne-Hotel Abano Terme Italien - Ermitage Bel Air\",\"isPartOf\":{\"@id\":\"https:\/\/www.ermitageterme.it\/de\/#website\"},\"datePublished\":\"2015-09-15T15:11:24+00:00\",\"dateModified\":\"2019-02-21T16:17:21+00:00\",\"description\":\"Ermitage Terme Bel Air 4-Sterne-Hotel, das SPA und Wellness-Spa-Center mit Wellness, Physiotherapie und Schlamm in Abano Terme, nur einen Steinwurf von den Euganeischen H\u00fcgeln.\",\"breadcrumb\":{\"@id\":\"https:\/\/www.ermitageterme.it\/de\/hotelservice\/#breadcrumb\"},\"inLanguage\":\"de\",\"potentialAction\":[{\"@type\":\"ReadAction\",\"target\":[\"https:\/\/www.ermitageterme.it\/de\/hotelservice\/\"]}]},{\"@type\":\"BreadcrumbList\",\"@id\":\"https:\/\/www.ermitageterme.it\/de\/hotelservice\/#breadcrumb\",\"itemListElement\":[{\"@type\":\"ListItem\",\"position\":1,\"name\":\"Home\",\"item\":\"https:\/\/www.ermitageterme.it\/de\/\"},{\"@type\":\"ListItem\",\"position\":2,\"name\":\"Hotelservice\"}]},{\"@type\":\"WebSite\",\"@id\":\"https:\/\/www.ermitageterme.it\/de\/#website\",\"url\":\"https:\/\/www.ermitageterme.it\/de\/\",\"name\":\"Ermitage Bel Air\",\"description\":\"Un nuovo sito targato WordPress\",\"potentialAction\":[{\"@type\":\"SearchAction\",\"target\":{\"@type\":\"EntryPoint\",\"urlTemplate\":\"https:\/\/www.ermitageterme.it\/de\/?s={search_term_string}\"},\"query-input\":{\"@type\":\"PropertyValueSpecification\",\"valueRequired\":true,\"valueName\":\"search_term_string\"}}],\"inLanguage\":\"de\"}]}<\/script>\n<!-- \/ Yoast SEO plugin. -->","yoast_head_json":{"title":"4-Sterne-Hotel Abano Terme Italien - Ermitage Bel Air","description":"Ermitage Terme Bel Air 4-Sterne-Hotel, das SPA und Wellness-Spa-Center mit Wellness, Physiotherapie und Schlamm in Abano Terme, nur einen Steinwurf von den Euganeischen H\u00fcgeln.","robots":{"index":"index","follow":"follow","max-snippet":"max-snippet:-1","max-image-preview":"max-image-preview:large","max-video-preview":"max-video-preview:-1"},"canonical":"https:\/\/www.ermitageterme.it\/de\/hotelservice\/","og_locale":"de_DE","og_type":"article","og_title":"4-Sterne-Hotel Abano Terme Italien - Ermitage Bel Air","og_description":"Ermitage Terme Bel Air 4-Sterne-Hotel, das SPA und Wellness-Spa-Center mit Wellness, Physiotherapie und Schlamm in Abano Terme, nur einen Steinwurf von den Euganeischen H\u00fcgeln.","og_url":"https:\/\/www.ermitageterme.it\/de\/hotelservice\/","og_site_name":"Ermitage Bel Air","article_modified_time":"2019-02-21T16:17:21+00:00","twitter_card":"summary_large_image","twitter_misc":{"Gesch\u00e4tzte Lesezeit":"1\u00a0Minute"},"schema":{"@context":"https:\/\/schema.org","@graph":[{"@type":"WebPage","@id":"https:\/\/www.ermitageterme.it\/de\/hotelservice\/","url":"https:\/\/www.ermitageterme.it\/de\/hotelservice\/","name":"4-Sterne-Hotel Abano Terme Italien - Ermitage Bel Air","isPartOf":{"@id":"https:\/\/www.ermitageterme.it\/de\/#website"},"datePublished":"2015-09-15T15:11:24+00:00","dateModified":"2019-02-21T16:17:21+00:00","description":"Ermitage Terme Bel Air 4-Sterne-Hotel, das SPA und Wellness-Spa-Center mit Wellness, Physiotherapie und Schlamm in Abano Terme, nur einen Steinwurf von den Euganeischen H\u00fcgeln.","breadcrumb":{"@id":"https:\/\/www.ermitageterme.it\/de\/hotelservice\/#breadcrumb"},"inLanguage":"de","potentialAction":[{"@type":"ReadAction","target":["https:\/\/www.ermitageterme.it\/de\/hotelservice\/"]}]},{"@type":"BreadcrumbList","@id":"https:\/\/www.ermitageterme.it\/de\/hotelservice\/#breadcrumb","itemListElement":[{"@type":"ListItem","position":1,"name":"Home","item":"https:\/\/www.ermitageterme.it\/de\/"},{"@type":"ListItem","position":2,"name":"Hotelservice"}]},{"@type":"WebSite","@id":"https:\/\/www.ermitageterme.it\/de\/#website","url":"https:\/\/www.ermitageterme.it\/de\/","name":"Ermitage Bel Air","description":"Un nuovo sito targato WordPress","potentialAction":[{"@type":"SearchAction","target":{"@type":"EntryPoint","urlTemplate":"https:\/\/www.ermitageterme.it\/de\/?s={search_term_string}"},"query-input":{"@type":"PropertyValueSpecification","valueRequired":true,"valueName":"search_term_string"}}],"inLanguage":"de"}]}},"_links":{"self":[{"href":"https:\/\/www.ermitageterme.it\/de\/wp-json\/wp\/v2\/pages\/1055"}],"collection":[{"href":"https:\/\/www.ermitageterme.it\/de\/wp-json\/wp\/v2\/pages"}],"about":[{"href":"https:\/\/www.ermitageterme.it\/de\/wp-json\/wp\/v2\/types\/page"}],"author":[{"embeddable":true,"href":"https:\/\/www.ermitageterme.it\/de\/wp-json\/wp\/v2\/users\/1"}],"replies":[{"embeddable":true,"href":"https:\/\/www.ermitageterme.it\/de\/wp-json\/wp\/v2\/comments?post=1055"}],"version-history":[{"count":0,"href":"https:\/\/www.ermitageterme.it\/de\/wp-json\/wp\/v2\/pages\/1055\/revisions"}],"wp:attachment":[{"href":"https:\/\/www.ermitageterme.it\/de\/wp-json\/wp\/v2\/media?parent=1055"}],"curies":[{"name":"wp","href":"https:\/\/api.w.org\/{rel}","templated":true}]}}