{"id":1063,"date":"2015-09-15T17:11:26","date_gmt":"2015-09-15T15:11:26","guid":{"rendered":"\/\/www.ermitageterme.it\/restaurant"},"modified":"2020-01-15T12:35:31","modified_gmt":"2020-01-15T11:35:31","slug":"restaurant","status":"publish","type":"page","link":"https:\/\/www.ermitageterme.it\/de\/hotelservice\/restaurant\/","title":{"rendered":"Restaurant"},"content":{"rendered":"<section class=\"wpb-content-wrapper\">[vc_row][vc_column][vc_column_text]\n<h3 style=\"color: #6b2a30;\">W\u00e4hlen Sie bewusst Ihr Men\u00fc aus.<\/h3>\n<h4 style=\"color: #6b2a30;\">Die besten lokalen Produkte, durch die unserer kleinen Produzenten zur Geltung kommen; die st\u00e4ndige Suche unserer K\u00f6che und unserer wissenschaftlichen Berater nach einer K\u00fcche, die es versteht, Gesundheit und Genuss zu vereinen.<\/h4>\n<p><strong style=\"color: #eca783;\"><br \/>\nMEN\u00dc <\/strong><strong style=\"color: #eca783;\">ENJOY\u00a0<\/strong><br \/>\nAusschlie\u00dflich dem Vergn\u00fcgen und dem Geschmack ohne Einschr\u00e4nkung der Kalorienzufuhr gewidmet. Inspiriert von der lokalen K\u00fcche ist es f\u00fcr j\u00fcngere Menschen geeignet und sollte mit einem besonders aktiven und nicht mit bewegungsarmen Lebensstil im Sitzen einhergehen.<\/p>\n<p><span style=\"color: #81b2cb;\"><strong>MEN\u00dc <\/strong><\/span><strong style=\"color: #81b2cb;\">BALANCED\u00a0<\/strong><br \/>\nF\u00fcr eine bewusste und gesunde Ern\u00e4hrung. Geeignet f\u00fcr alle G\u00e4ste, unabh\u00e4ngig vom Alter und Lebensstil. Erf\u00fcllt die neuesten Richtlinien f\u00fcr Ern\u00e4hrung und Pr\u00e4ventivmedizin: ein richtiges Gleichgewicht zwischen Fetten, Kohlenhydraten, Proteinen und Ballaststoffen. Leicht kalorienarm, 1600 Kalorien pro Tag ohne Brot und Gew\u00fcrze. Begrenzte Verwendung von rotem Fleisch, tierischen Fetten, Zucker und raffiniertem Mehl.<\/p>\n<p><strong style=\"color: #5cbc5b;\">MEN\u00dc <\/strong><strong style=\"color: #5cbc5b;\">VEGGIE<\/strong><span style=\"color: #5cbc5b;\">\u00a0<\/span><br \/>\nDas Men\u00fc wurde entwickelt, um den Geschmack und die physiologischen Bed\u00fcrfnisse einiger unserer G\u00e4ste zu befriedigen.<br \/>\nEs werden keine Derivate tierischen Ursprungs verwendet. Es trifft sogar den Geschmack der skeptischsten G\u00e4ste, da es mit althergebrachten Aromen und Zutaten verbunden ist, aus Zeiten als Fisch, Fleisch, Milch und Eier ein Luxus f\u00fcr nur wenige Menschen waren und es notwendig war, Gem\u00fcse, H\u00fclsenfr\u00fcchte und Getreide, die heutzutage oft in Vergessenheit geraten, zu verfeinern.<\/p>\n<p><strong style=\"color: #008c39;\">MEN\u00dc <strong>BASIL PLUS\u00a0<\/strong><br \/>\n<\/strong><span style=\"color: #008c39;\">Nach einer fach\u00e4rztlichen Untersuchung zum Preis von 100 \u20ac pro Woche genie\u00dfbar.<\/span> Es werden die Men\u00fcs der Linien Veggie und Balanced kombiniert, die auf die spezifischen Bed\u00fcrfnisse des Gastes abgestimmt werden. Individuelle Kalorienzufuhr, verteilt auf 6 Mahlzeiten, um Schwankungen des Blutzuckerspiegels zu vermeiden. Die Proteinmenge wird f\u00fcr jeden den Gast aus physiologischen oder medikament\u00f6sen Gr\u00fcnden individuell angepasst. Ideal f\u00fcr die Bed\u00fcrfnisse \u00e4lterer G\u00e4ste und G\u00e4ste, die an Fettleibigkeit oder orthop\u00e4dischen, neurologischen oder lymphatischen Pathologien leiden.<\/p>\n<p>&nbsp;<\/p>\n<p>Wissenschaftlicher Berater: Prof. Fulvio Ursini, Biochemiker Universit\u00e4t Padua<\/p>\n[\/vc_column_text][vc_images_carousel images=&#8220;2694,5289,1542,1540,1541,1526,1543&#8243; img_size=&#8220;slide-content&#8220; hide_pagination_control=&#8220;yes&#8220;][\/vc_column][\/vc_row]\n<\/section>","protected":false},"excerpt":{"rendered":"<p>[vc_row][vc_column][vc_column_text] W\u00e4hlen Sie bewusst Ihr Men\u00fc aus. Die besten lokalen Produkte, durch die unserer kleinen Produzenten zur Geltung kommen; die st\u00e4ndige Suche unserer K\u00f6che und unserer wissenschaftlichen Berater nach einer K\u00fcche, die es versteht, Gesundheit und Genuss zu vereinen. MEN\u00dc ENJOY\u00a0 Ausschlie\u00dflich dem Vergn\u00fcgen und dem Geschmack ohne Einschr\u00e4nkung der Kalorienzufuhr gewidmet. Inspiriert von der<\/p>\n","protected":false},"author":1,"featured_media":1842,"parent":1055,"menu_order":1,"comment_status":"closed","ping_status":"open","template":"","meta":{"_acf_changed":false,"footnotes":""},"acf":[],"yoast_head":"<!-- This site is optimized with the Yoast SEO plugin v23.5 - https:\/\/yoast.com\/wordpress\/plugins\/seo\/ -->\n<title>4-Sterne-Hotel mit Restaurant Abano Terme - Ermitage Bel Air<\/title>\n<meta name=\"description\" content=\"Entdecken Sie alle Dienstleistungen unseres 4-Sterne-Hotels mit Restaurant in Abano Terme.\" \/>\n<meta name=\"robots\" content=\"index, follow, max-snippet:-1, max-image-preview:large, max-video-preview:-1\" \/>\n<link rel=\"canonical\" href=\"https:\/\/www.ermitageterme.it\/de\/hotelservice\/restaurant\/\" \/>\n<meta property=\"og:locale\" content=\"de_DE\" \/>\n<meta property=\"og:type\" content=\"article\" \/>\n<meta property=\"og:title\" content=\"4-Sterne-Hotel mit Restaurant Abano Terme - Ermitage Bel Air\" \/>\n<meta property=\"og:description\" content=\"Entdecken Sie alle Dienstleistungen unseres 4-Sterne-Hotels mit Restaurant in Abano Terme.\" \/>\n<meta property=\"og:url\" content=\"https:\/\/www.ermitageterme.it\/de\/hotelservice\/restaurant\/\" \/>\n<meta property=\"og:site_name\" content=\"Ermitage Bel Air\" \/>\n<meta property=\"article:modified_time\" content=\"2020-01-15T11:35:31+00:00\" \/>\n<meta property=\"og:image\" content=\"https:\/\/www.ermitageterme.it\/wp-content\/uploads\/2015\/07\/ErmitageBelAir-Campanella-8251.jpg\" \/>\n\t<meta property=\"og:image:width\" content=\"1500\" \/>\n\t<meta property=\"og:image:height\" content=\"1000\" \/>\n\t<meta property=\"og:image:type\" content=\"image\/jpeg\" \/>\n<meta name=\"twitter:card\" content=\"summary_large_image\" \/>\n<meta name=\"twitter:label1\" content=\"Gesch\u00e4tzte Lesezeit\" \/>\n\t<meta name=\"twitter:data1\" content=\"2\u00a0Minuten\" \/>\n<script type=\"application\/ld+json\" class=\"yoast-schema-graph\">{\"@context\":\"https:\/\/schema.org\",\"@graph\":[{\"@type\":\"WebPage\",\"@id\":\"https:\/\/www.ermitageterme.it\/de\/hotelservice\/restaurant\/\",\"url\":\"https:\/\/www.ermitageterme.it\/de\/hotelservice\/restaurant\/\",\"name\":\"4-Sterne-Hotel mit Restaurant Abano Terme - Ermitage Bel Air\",\"isPartOf\":{\"@id\":\"https:\/\/www.ermitageterme.it\/de\/#website\"},\"primaryImageOfPage\":{\"@id\":\"https:\/\/www.ermitageterme.it\/de\/hotelservice\/restaurant\/#primaryimage\"},\"image\":{\"@id\":\"https:\/\/www.ermitageterme.it\/de\/hotelservice\/restaurant\/#primaryimage\"},\"thumbnailUrl\":\"https:\/\/www.ermitageterme.it\/wp-content\/uploads\/2015\/07\/ErmitageBelAir-Campanella-8251.jpg\",\"datePublished\":\"2015-09-15T15:11:26+00:00\",\"dateModified\":\"2020-01-15T11:35:31+00:00\",\"description\":\"Entdecken Sie alle Dienstleistungen unseres 4-Sterne-Hotels mit Restaurant in Abano Terme.\",\"breadcrumb\":{\"@id\":\"https:\/\/www.ermitageterme.it\/de\/hotelservice\/restaurant\/#breadcrumb\"},\"inLanguage\":\"de\",\"potentialAction\":[{\"@type\":\"ReadAction\",\"target\":[\"https:\/\/www.ermitageterme.it\/de\/hotelservice\/restaurant\/\"]}]},{\"@type\":\"ImageObject\",\"inLanguage\":\"de\",\"@id\":\"https:\/\/www.ermitageterme.it\/de\/hotelservice\/restaurant\/#primaryimage\",\"url\":\"https:\/\/www.ermitageterme.it\/wp-content\/uploads\/2015\/07\/ErmitageBelAir-Campanella-8251.jpg\",\"contentUrl\":\"https:\/\/www.ermitageterme.it\/wp-content\/uploads\/2015\/07\/ErmitageBelAir-Campanella-8251.jpg\",\"width\":1500,\"height\":1000,\"caption\":\"Ristorante\"},{\"@type\":\"BreadcrumbList\",\"@id\":\"https:\/\/www.ermitageterme.it\/de\/hotelservice\/restaurant\/#breadcrumb\",\"itemListElement\":[{\"@type\":\"ListItem\",\"position\":1,\"name\":\"Home\",\"item\":\"https:\/\/www.ermitageterme.it\/de\/\"},{\"@type\":\"ListItem\",\"position\":2,\"name\":\"Hotelservice\",\"item\":\"https:\/\/www.ermitageterme.it\/de\/hotelservice\/\"},{\"@type\":\"ListItem\",\"position\":3,\"name\":\"Restaurant\"}]},{\"@type\":\"WebSite\",\"@id\":\"https:\/\/www.ermitageterme.it\/de\/#website\",\"url\":\"https:\/\/www.ermitageterme.it\/de\/\",\"name\":\"Ermitage Bel Air\",\"description\":\"Un nuovo sito targato WordPress\",\"potentialAction\":[{\"@type\":\"SearchAction\",\"target\":{\"@type\":\"EntryPoint\",\"urlTemplate\":\"https:\/\/www.ermitageterme.it\/de\/?s={search_term_string}\"},\"query-input\":{\"@type\":\"PropertyValueSpecification\",\"valueRequired\":true,\"valueName\":\"search_term_string\"}}],\"inLanguage\":\"de\"}]}<\/script>\n<!-- \/ Yoast SEO plugin. -->","yoast_head_json":{"title":"4-Sterne-Hotel mit Restaurant Abano Terme - Ermitage Bel Air","description":"Entdecken Sie alle Dienstleistungen unseres 4-Sterne-Hotels mit Restaurant in Abano Terme.","robots":{"index":"index","follow":"follow","max-snippet":"max-snippet:-1","max-image-preview":"max-image-preview:large","max-video-preview":"max-video-preview:-1"},"canonical":"https:\/\/www.ermitageterme.it\/de\/hotelservice\/restaurant\/","og_locale":"de_DE","og_type":"article","og_title":"4-Sterne-Hotel mit Restaurant Abano Terme - Ermitage Bel Air","og_description":"Entdecken Sie alle Dienstleistungen unseres 4-Sterne-Hotels mit Restaurant in Abano Terme.","og_url":"https:\/\/www.ermitageterme.it\/de\/hotelservice\/restaurant\/","og_site_name":"Ermitage Bel Air","article_modified_time":"2020-01-15T11:35:31+00:00","og_image":[{"width":1500,"height":1000,"url":"https:\/\/www.ermitageterme.it\/wp-content\/uploads\/2015\/07\/ErmitageBelAir-Campanella-8251.jpg","type":"image\/jpeg"}],"twitter_card":"summary_large_image","twitter_misc":{"Gesch\u00e4tzte Lesezeit":"2\u00a0Minuten"},"schema":{"@context":"https:\/\/schema.org","@graph":[{"@type":"WebPage","@id":"https:\/\/www.ermitageterme.it\/de\/hotelservice\/restaurant\/","url":"https:\/\/www.ermitageterme.it\/de\/hotelservice\/restaurant\/","name":"4-Sterne-Hotel mit Restaurant Abano Terme - Ermitage Bel Air","isPartOf":{"@id":"https:\/\/www.ermitageterme.it\/de\/#website"},"primaryImageOfPage":{"@id":"https:\/\/www.ermitageterme.it\/de\/hotelservice\/restaurant\/#primaryimage"},"image":{"@id":"https:\/\/www.ermitageterme.it\/de\/hotelservice\/restaurant\/#primaryimage"},"thumbnailUrl":"https:\/\/www.ermitageterme.it\/wp-content\/uploads\/2015\/07\/ErmitageBelAir-Campanella-8251.jpg","datePublished":"2015-09-15T15:11:26+00:00","dateModified":"2020-01-15T11:35:31+00:00","description":"Entdecken Sie alle Dienstleistungen unseres 4-Sterne-Hotels mit Restaurant in Abano Terme.","breadcrumb":{"@id":"https:\/\/www.ermitageterme.it\/de\/hotelservice\/restaurant\/#breadcrumb"},"inLanguage":"de","potentialAction":[{"@type":"ReadAction","target":["https:\/\/www.ermitageterme.it\/de\/hotelservice\/restaurant\/"]}]},{"@type":"ImageObject","inLanguage":"de","@id":"https:\/\/www.ermitageterme.it\/de\/hotelservice\/restaurant\/#primaryimage","url":"https:\/\/www.ermitageterme.it\/wp-content\/uploads\/2015\/07\/ErmitageBelAir-Campanella-8251.jpg","contentUrl":"https:\/\/www.ermitageterme.it\/wp-content\/uploads\/2015\/07\/ErmitageBelAir-Campanella-8251.jpg","width":1500,"height":1000,"caption":"Ristorante"},{"@type":"BreadcrumbList","@id":"https:\/\/www.ermitageterme.it\/de\/hotelservice\/restaurant\/#breadcrumb","itemListElement":[{"@type":"ListItem","position":1,"name":"Home","item":"https:\/\/www.ermitageterme.it\/de\/"},{"@type":"ListItem","position":2,"name":"Hotelservice","item":"https:\/\/www.ermitageterme.it\/de\/hotelservice\/"},{"@type":"ListItem","position":3,"name":"Restaurant"}]},{"@type":"WebSite","@id":"https:\/\/www.ermitageterme.it\/de\/#website","url":"https:\/\/www.ermitageterme.it\/de\/","name":"Ermitage Bel Air","description":"Un nuovo sito targato WordPress","potentialAction":[{"@type":"SearchAction","target":{"@type":"EntryPoint","urlTemplate":"https:\/\/www.ermitageterme.it\/de\/?s={search_term_string}"},"query-input":{"@type":"PropertyValueSpecification","valueRequired":true,"valueName":"search_term_string"}}],"inLanguage":"de"}]}},"_links":{"self":[{"href":"https:\/\/www.ermitageterme.it\/de\/wp-json\/wp\/v2\/pages\/1063"}],"collection":[{"href":"https:\/\/www.ermitageterme.it\/de\/wp-json\/wp\/v2\/pages"}],"about":[{"href":"https:\/\/www.ermitageterme.it\/de\/wp-json\/wp\/v2\/types\/page"}],"author":[{"embeddable":true,"href":"https:\/\/www.ermitageterme.it\/de\/wp-json\/wp\/v2\/users\/1"}],"replies":[{"embeddable":true,"href":"https:\/\/www.ermitageterme.it\/de\/wp-json\/wp\/v2\/comments?post=1063"}],"version-history":[{"count":0,"href":"https:\/\/www.ermitageterme.it\/de\/wp-json\/wp\/v2\/pages\/1063\/revisions"}],"up":[{"embeddable":true,"href":"https:\/\/www.ermitageterme.it\/de\/wp-json\/wp\/v2\/pages\/1055"}],"wp:featuredmedia":[{"embeddable":true,"href":"https:\/\/www.ermitageterme.it\/de\/wp-json\/wp\/v2\/media\/1842"}],"wp:attachment":[{"href":"https:\/\/www.ermitageterme.it\/de\/wp-json\/wp\/v2\/media?parent=1063"}],"curies":[{"name":"wp","href":"https:\/\/api.w.org\/{rel}","templated":true}]}}