{"id":1065,"date":"2015-09-15T17:11:27","date_gmt":"2015-09-15T15:11:27","guid":{"rendered":"\/\/www.ermitageterme.it\/vertragspartner"},"modified":"2024-10-10T12:46:34","modified_gmt":"2024-10-10T10:46:34","slug":"vertragspartner","status":"publish","type":"page","link":"https:\/\/www.ermitageterme.it\/de\/niedrige-preise\/vertragspartner\/","title":{"rendered":"Vertragspartner"},"content":{"rendered":"<p><strong>Ermitage Medical Hotel arbeitet mit wichtigen \u00f6ffentlichen bzw. privaten Sozialversicherungen und Medizininstituten. \u00dcberpr\u00fcfen Sie in der folgenden Liste, ob Sie Anspruch auf einen Preisnachlass haben, oder wenden Sie sich an uns f\u00fcr weitere Informationen.<\/strong><\/p>\n<p>Alle italienische B\u00fcrger k\u00f6nnen Preiserm\u00e4\u00dfigungen f\u00fcr medizinische Thermalbehandlungen aufgrund des Vertrages mit den nationalen Gesundheits\u00e4mtern erhalten.<\/p>\n<p>&nbsp;<\/p>\n<p>&nbsp;<\/p>\n<table border=\"0\">\n<tbody>\n<tr>\n<td><img decoding=\"async\" src=\"\/wp-content\/uploads\/2020\/05\/AXA_Logo.png\" alt=\"\" \/><\/td>\n<td><img decoding=\"async\" src=\"\/wp-content\/uploads\/2015\/08\/generali-convenzioni.jpg\" alt=\"\" \/><\/td>\n<td><img decoding=\"async\" style=\"display: block; width: 200px; height: auto;\" src=\"\/wp-content\/uploads\/2021\/04\/Allianz.png\" alt=\"\" \/><\/td>\n<\/tr>\n<tr>\n<td><img decoding=\"async\" src=\"\/wp-content\/uploads\/2015\/08\/fasi-convenzioni.jpg\" alt=\"\" \/><\/td>\n<td><img decoding=\"async\" src=\"\/wp-content\/uploads\/2015\/08\/faschim-convenzioni.jpg\" alt=\"\" \/><\/td>\n<td><img decoding=\"async\" src=\"\/wp-content\/uploads\/2015\/08\/fasdac-convenzioni.jpg\" alt=\"\" \/><\/td>\n<\/tr>\n<tr>\n<td><img decoding=\"async\" src=\"\/wp-content\/uploads\/2024\/01\/CassaNazNot_pos_cnn.jpg\" alt=\"\" \/><\/td>\n<td><img decoding=\"async\" src=\"\/wp-content\/uploads\/2024\/01\/Logo_C-S.jpg\" alt=\"\" \/><\/td>\n<td><img decoding=\"async\" src=\"\/wp-content\/uploads\/2024\/10\/COMIPA.jpg\" alt=\"\" \/><\/td>\n<\/tr>\n<tr>\n<td><img decoding=\"async\" src=\"\/wp-content\/uploads\/2024\/10\/Carta-Mutua-salus.jpeg\" alt=\"\" width=\"30%!important\" \/><\/td>\n<\/tr>\n<\/tbody>\n<\/table>\n","protected":false},"excerpt":{"rendered":"<p>Ermitage Medical Hotel arbeitet mit wichtigen \u00f6ffentlichen bzw. privaten Sozialversicherungen und Medizininstituten. \u00dcberpr\u00fcfen Sie in der folgenden Liste, ob Sie Anspruch auf einen Preisnachlass haben, oder wenden Sie sich an uns f\u00fcr weitere Informationen. Alle italienische B\u00fcrger k\u00f6nnen Preiserm\u00e4\u00dfigungen f\u00fcr medizinische Thermalbehandlungen aufgrund des Vertrages mit den nationalen Gesundheits\u00e4mtern erhalten. &nbsp; &nbsp;<\/p>\n","protected":false},"author":1,"featured_media":0,"parent":1150,"menu_order":0,"comment_status":"closed","ping_status":"closed","template":"","meta":{"_acf_changed":false,"footnotes":""},"acf":[],"yoast_head":"<!-- This site is optimized with the Yoast SEO plugin v23.5 - https:\/\/yoast.com\/wordpress\/plugins\/seo\/ -->\n<title>Vertragspartner - Ermitage Bel Air<\/title>\n<meta name=\"description\" content=\"Ermitage Medical Hotel arbeitet mit wichtigen \u00f6ffentlichen bzw. privaten Sozialversicherungen und Medizininstituten.\" \/>\n<meta name=\"robots\" content=\"index, follow, max-snippet:-1, max-image-preview:large, max-video-preview:-1\" \/>\n<link rel=\"canonical\" href=\"https:\/\/www.ermitageterme.it\/de\/niedrige-preise\/vertragspartner\/\" \/>\n<meta property=\"og:locale\" content=\"de_DE\" \/>\n<meta property=\"og:type\" content=\"article\" \/>\n<meta property=\"og:title\" content=\"Vertragspartner - Ermitage Bel Air\" \/>\n<meta property=\"og:description\" content=\"Ermitage Medical Hotel arbeitet mit wichtigen \u00f6ffentlichen bzw. privaten Sozialversicherungen und Medizininstituten.\" \/>\n<meta property=\"og:url\" content=\"https:\/\/www.ermitageterme.it\/de\/niedrige-preise\/vertragspartner\/\" \/>\n<meta property=\"og:site_name\" content=\"Ermitage Bel Air\" \/>\n<meta property=\"article:modified_time\" content=\"2024-10-10T10:46:34+00:00\" \/>\n<meta name=\"twitter:card\" content=\"summary_large_image\" \/>\n<meta name=\"twitter:label1\" content=\"Gesch\u00e4tzte Lesezeit\" \/>\n\t<meta name=\"twitter:data1\" content=\"2\u00a0Minuten\" \/>\n<script type=\"application\/ld+json\" class=\"yoast-schema-graph\">{\"@context\":\"https:\/\/schema.org\",\"@graph\":[{\"@type\":\"WebPage\",\"@id\":\"https:\/\/www.ermitageterme.it\/de\/niedrige-preise\/vertragspartner\/\",\"url\":\"https:\/\/www.ermitageterme.it\/de\/niedrige-preise\/vertragspartner\/\",\"name\":\"Vertragspartner - Ermitage Bel Air\",\"isPartOf\":{\"@id\":\"https:\/\/www.ermitageterme.it\/de\/#website\"},\"datePublished\":\"2015-09-15T15:11:27+00:00\",\"dateModified\":\"2024-10-10T10:46:34+00:00\",\"description\":\"Ermitage Medical Hotel arbeitet mit wichtigen \u00f6ffentlichen bzw. privaten Sozialversicherungen und Medizininstituten.\",\"breadcrumb\":{\"@id\":\"https:\/\/www.ermitageterme.it\/de\/niedrige-preise\/vertragspartner\/#breadcrumb\"},\"inLanguage\":\"de\",\"potentialAction\":[{\"@type\":\"ReadAction\",\"target\":[\"https:\/\/www.ermitageterme.it\/de\/niedrige-preise\/vertragspartner\/\"]}]},{\"@type\":\"BreadcrumbList\",\"@id\":\"https:\/\/www.ermitageterme.it\/de\/niedrige-preise\/vertragspartner\/#breadcrumb\",\"itemListElement\":[{\"@type\":\"ListItem\",\"position\":1,\"name\":\"Home\",\"item\":\"https:\/\/www.ermitageterme.it\/de\/\"},{\"@type\":\"ListItem\",\"position\":2,\"name\":\"Preise\",\"item\":\"https:\/\/www.ermitageterme.it\/de\/niedrige-preise\/\"},{\"@type\":\"ListItem\",\"position\":3,\"name\":\"Vertragspartner\"}]},{\"@type\":\"WebSite\",\"@id\":\"https:\/\/www.ermitageterme.it\/de\/#website\",\"url\":\"https:\/\/www.ermitageterme.it\/de\/\",\"name\":\"Ermitage Bel Air\",\"description\":\"Un nuovo sito targato WordPress\",\"potentialAction\":[{\"@type\":\"SearchAction\",\"target\":{\"@type\":\"EntryPoint\",\"urlTemplate\":\"https:\/\/www.ermitageterme.it\/de\/?s={search_term_string}\"},\"query-input\":{\"@type\":\"PropertyValueSpecification\",\"valueRequired\":true,\"valueName\":\"search_term_string\"}}],\"inLanguage\":\"de\"}]}<\/script>\n<!-- \/ Yoast SEO plugin. -->","yoast_head_json":{"title":"Vertragspartner - Ermitage Bel Air","description":"Ermitage Medical Hotel arbeitet mit wichtigen \u00f6ffentlichen bzw. privaten Sozialversicherungen und Medizininstituten.","robots":{"index":"index","follow":"follow","max-snippet":"max-snippet:-1","max-image-preview":"max-image-preview:large","max-video-preview":"max-video-preview:-1"},"canonical":"https:\/\/www.ermitageterme.it\/de\/niedrige-preise\/vertragspartner\/","og_locale":"de_DE","og_type":"article","og_title":"Vertragspartner - Ermitage Bel Air","og_description":"Ermitage Medical Hotel arbeitet mit wichtigen \u00f6ffentlichen bzw. privaten Sozialversicherungen und Medizininstituten.","og_url":"https:\/\/www.ermitageterme.it\/de\/niedrige-preise\/vertragspartner\/","og_site_name":"Ermitage Bel Air","article_modified_time":"2024-10-10T10:46:34+00:00","twitter_card":"summary_large_image","twitter_misc":{"Gesch\u00e4tzte Lesezeit":"2\u00a0Minuten"},"schema":{"@context":"https:\/\/schema.org","@graph":[{"@type":"WebPage","@id":"https:\/\/www.ermitageterme.it\/de\/niedrige-preise\/vertragspartner\/","url":"https:\/\/www.ermitageterme.it\/de\/niedrige-preise\/vertragspartner\/","name":"Vertragspartner - Ermitage Bel Air","isPartOf":{"@id":"https:\/\/www.ermitageterme.it\/de\/#website"},"datePublished":"2015-09-15T15:11:27+00:00","dateModified":"2024-10-10T10:46:34+00:00","description":"Ermitage Medical Hotel arbeitet mit wichtigen \u00f6ffentlichen bzw. privaten Sozialversicherungen und Medizininstituten.","breadcrumb":{"@id":"https:\/\/www.ermitageterme.it\/de\/niedrige-preise\/vertragspartner\/#breadcrumb"},"inLanguage":"de","potentialAction":[{"@type":"ReadAction","target":["https:\/\/www.ermitageterme.it\/de\/niedrige-preise\/vertragspartner\/"]}]},{"@type":"BreadcrumbList","@id":"https:\/\/www.ermitageterme.it\/de\/niedrige-preise\/vertragspartner\/#breadcrumb","itemListElement":[{"@type":"ListItem","position":1,"name":"Home","item":"https:\/\/www.ermitageterme.it\/de\/"},{"@type":"ListItem","position":2,"name":"Preise","item":"https:\/\/www.ermitageterme.it\/de\/niedrige-preise\/"},{"@type":"ListItem","position":3,"name":"Vertragspartner"}]},{"@type":"WebSite","@id":"https:\/\/www.ermitageterme.it\/de\/#website","url":"https:\/\/www.ermitageterme.it\/de\/","name":"Ermitage Bel Air","description":"Un nuovo sito targato WordPress","potentialAction":[{"@type":"SearchAction","target":{"@type":"EntryPoint","urlTemplate":"https:\/\/www.ermitageterme.it\/de\/?s={search_term_string}"},"query-input":{"@type":"PropertyValueSpecification","valueRequired":true,"valueName":"search_term_string"}}],"inLanguage":"de"}]}},"_links":{"self":[{"href":"https:\/\/www.ermitageterme.it\/de\/wp-json\/wp\/v2\/pages\/1065"}],"collection":[{"href":"https:\/\/www.ermitageterme.it\/de\/wp-json\/wp\/v2\/pages"}],"about":[{"href":"https:\/\/www.ermitageterme.it\/de\/wp-json\/wp\/v2\/types\/page"}],"author":[{"embeddable":true,"href":"https:\/\/www.ermitageterme.it\/de\/wp-json\/wp\/v2\/users\/1"}],"replies":[{"embeddable":true,"href":"https:\/\/www.ermitageterme.it\/de\/wp-json\/wp\/v2\/comments?post=1065"}],"version-history":[{"count":2,"href":"https:\/\/www.ermitageterme.it\/de\/wp-json\/wp\/v2\/pages\/1065\/revisions"}],"predecessor-version":[{"id":49160,"href":"https:\/\/www.ermitageterme.it\/de\/wp-json\/wp\/v2\/pages\/1065\/revisions\/49160"}],"up":[{"embeddable":true,"href":"https:\/\/www.ermitageterme.it\/de\/wp-json\/wp\/v2\/pages\/1150"}],"wp:attachment":[{"href":"https:\/\/www.ermitageterme.it\/de\/wp-json\/wp\/v2\/media?parent=1065"}],"curies":[{"name":"wp","href":"https:\/\/api.w.org\/{rel}","templated":true}]}}