{"id":1120,"date":"2015-09-15T17:22:43","date_gmt":"2015-09-15T15:22:43","guid":{"rendered":"\/\/www.ermitageterme.it\/abano-und-umgebung"},"modified":"2019-04-05T14:49:22","modified_gmt":"2019-04-05T12:49:22","slug":"abano-und-umgebung","status":"publish","type":"page","link":"https:\/\/www.ermitageterme.it\/de\/anfrage-nach-verfugbarkeit\/abano-und-umgebung\/","title":{"rendered":"Abano und Umgebung"},"content":{"rendered":"<h4 style=\"color: #6b2a30;\">Die Euganeischen H\u00fcgel<\/h4>\n<p>Die Zeit scheint angesichts der <strong>Natur-Faszination der Euganeischen H\u00fcgel<\/strong> still zu stehen: W\u00e4lder, mediterrane Buschw\u00e4lder und kultivierte Terrassen mit Weinst\u00f6cken oder Obstb\u00e4umen pr\u00e4gen die Landschaft, die den Geist regeneriert. Antike Siedlungen, Burgen, Kl\u00f6ster und ausgefallene Architektur der venetischen Villen erz\u00e4hlen von Jahrhunderten voll von Geschichte, Kunst und Tradition. Architekten wie Andrea Palladio, Gian Maria Falconetto und Andrea della Valle entwarfen hier die Wohnsitze vor den Toren der Stadt f\u00fcr die m\u00e4chtigsten venetischen Familien dieser Epoche, wie die Villa Capodilista, die Villa Selvatico, die Villa Mocenigo Mainardi, die Villa Barbarigo und die Villa dei Vescovi.<\/p>\n<p>Es sind wahre architektonische Juwelen mit majest\u00e4tischen Fassaden und unbeschreiblichen G\u00e4rten. Die Ruhe dieser Gegend und die Magie ihrer Ausstrahlung sind Inspiration und Refugium f\u00fcr ber\u00fchmte Dichter gewesen, wie Petrarca, Foscolo, Byron und Shelley. Der Regionalpark dehnt sich auf einer vulkanischen H\u00fcgellandschaft von ca. 19 Hektar aus und kann mit dem Auto, zu Fu\u00df oder per Fahrrad auf den verschiedenen Panoramastra\u00dfen und den 20 Pfaden erkundet werden, die die H\u00e4nge hinauf- und herabf\u00fchren.<\/p>\n<h4 style=\"color: #6b2a30;\">Der traditionelle Geschmack<\/h4>\n<p>Die Gaumenfreuden bei Tisch haben in dieser Gegend Tradition: <strong>Die urspr\u00fcnglichen Geschm\u00e4cker der Produkte aus der Natur<\/strong>, wie das \u00d6l, der Honig und vor allem der Wein D.O.C. &#8222;Colli Euganei&#8220;, ein Produkt, das seine Herkunft dem g\u00fcnstigen Klima und der Bodenbeschaffenheit zu verdanken hat, vereinigen sich zu typischen lokalen Gerichten mit Fleisch und Wild.<\/p>\n<h4 style=\"color: #6b2a30;\">Einen Schritt entfernt von den Kunstst\u00e4dten<\/h4>\n<p>Die Eugan\u00e4ischen Thermen <strong>genie\u00dfen eine einmalige und bevorzugte Lage<\/strong>, an der Kreuzung zwischen den sch\u00f6nsten St\u00e4dten Norditaliens.<\/p>\n<ul>\n<li><strong>Padua<\/strong>, &#8222;die Stadt des Santo&#8220;, mit der Basilica di Sant&#8217;Antonio aus dem 13. Jahrhundert; dem mittelalterlichen Stadtzentrum mit einer Folge von beeindruckenden Pl\u00e4tzen, wie dem Prato della Valle aus dem 17. Jahrhundert, und mit der ber\u00fchmten Cappella degli Scrovegni, die die Fresken beherbergt, die als Meisterwerke Giottos gelten.<\/li>\n<li><strong>Venedig<\/strong>, eine weltweit einmalige Stadt, magisch auf dem Wasser liegend, reich an Faszination, Geheimnissen, und Kunst und mit einer Vielzahl von Museen und zahllosen Kunstsch\u00e4tzen.<\/li>\n<li><strong>Verona<\/strong>, die Stadt, die durch Shakespeares Romeo und Julia als Symbol der Liebe gilt, und die die klaren Zeichen der Gr\u00f6\u00dfe des R\u00f6mischen Imperiums mit ihrer Arena repr\u00e4sentiert, die wiederum eine der bekanntesten internationalen Spielzeiten f\u00fcr Theater und Oper beherbergt.<\/li>\n<li><strong>Vicenza<\/strong>, zu F\u00fc\u00dfen der beeindruckenden Colli Berici, die die gro\u00dfartige palladische Architektur mit gotischer Anmut verbindet.<\/li>\n<li><strong>Ferrara<\/strong>, Stadt der Renaissance-Kunst, untrennbar verbunden mit dem langsam dahinfliessenden Po und dem M\u00e4zenatentum der Estensi mit dem wundervollen Palazzo dei Diamanti und dem beeindruckenden Castell Estense.<\/li>\n<li><strong>Mantua<\/strong>, wertvolle und einladende Stadt, Sitz der historischen Familie der Gonzaga.<\/li>\n<\/ul>\n","protected":false},"excerpt":{"rendered":"<p>Die Euganeischen H\u00fcgel Die Zeit scheint angesichts der Natur-Faszination der Euganeischen H\u00fcgel still zu stehen: W\u00e4lder, mediterrane Buschw\u00e4lder und kultivierte Terrassen mit Weinst\u00f6cken oder Obstb\u00e4umen pr\u00e4gen die Landschaft, die den Geist regeneriert. Antike Siedlungen, Burgen, Kl\u00f6ster und ausgefallene Architektur der venetischen Villen erz\u00e4hlen von Jahrhunderten voll von Geschichte, Kunst und Tradition. Architekten wie Andrea Palladio,<\/p>\n","protected":false},"author":1,"featured_media":0,"parent":747,"menu_order":0,"comment_status":"closed","ping_status":"open","template":"","meta":{"_acf_changed":false,"footnotes":""},"acf":[],"yoast_head":"<!-- This site is optimized with the Yoast SEO plugin v23.5 - https:\/\/yoast.com\/wordpress\/plugins\/seo\/ -->\n<title>Abano Terme Italien - Ermitage Bel Air<\/title>\n<meta name=\"description\" content=\"Abano Terme Italien. Abano und Umgebung. Die Zeit scheint angesichts der Natur-Faszination der Euganeischen H\u00fcgel still zu stehen: W\u00e4lder, mediterrane Buschw\u00e4lder und kultivierte Terrassen mit Weinst\u00f6cken oder Obstb\u00e4umen pr\u00e4gen die Landschaft, die den Geist regeneriert.\" \/>\n<meta name=\"robots\" content=\"index, follow, max-snippet:-1, max-image-preview:large, max-video-preview:-1\" \/>\n<link rel=\"canonical\" href=\"https:\/\/www.ermitageterme.it\/de\/anfrage-nach-verfugbarkeit\/abano-und-umgebung\/\" \/>\n<meta property=\"og:locale\" content=\"de_DE\" \/>\n<meta property=\"og:type\" content=\"article\" \/>\n<meta property=\"og:title\" content=\"Abano Terme Italien - Ermitage Bel Air\" \/>\n<meta property=\"og:description\" content=\"Abano Terme Italien. Abano und Umgebung. Die Zeit scheint angesichts der Natur-Faszination der Euganeischen H\u00fcgel still zu stehen: W\u00e4lder, mediterrane Buschw\u00e4lder und kultivierte Terrassen mit Weinst\u00f6cken oder Obstb\u00e4umen pr\u00e4gen die Landschaft, die den Geist regeneriert.\" \/>\n<meta property=\"og:url\" content=\"https:\/\/www.ermitageterme.it\/de\/anfrage-nach-verfugbarkeit\/abano-und-umgebung\/\" \/>\n<meta property=\"og:site_name\" content=\"Ermitage Bel Air\" \/>\n<meta property=\"article:modified_time\" content=\"2019-04-05T12:49:22+00:00\" \/>\n<meta name=\"twitter:card\" content=\"summary_large_image\" \/>\n<meta name=\"twitter:label1\" content=\"Gesch\u00e4tzte Lesezeit\" \/>\n\t<meta name=\"twitter:data1\" content=\"2\u00a0Minuten\" \/>\n<script type=\"application\/ld+json\" class=\"yoast-schema-graph\">{\"@context\":\"https:\/\/schema.org\",\"@graph\":[{\"@type\":\"WebPage\",\"@id\":\"https:\/\/www.ermitageterme.it\/de\/anfrage-nach-verfugbarkeit\/abano-und-umgebung\/\",\"url\":\"https:\/\/www.ermitageterme.it\/de\/anfrage-nach-verfugbarkeit\/abano-und-umgebung\/\",\"name\":\"Abano Terme Italien - Ermitage Bel Air\",\"isPartOf\":{\"@id\":\"https:\/\/www.ermitageterme.it\/de\/#website\"},\"datePublished\":\"2015-09-15T15:22:43+00:00\",\"dateModified\":\"2019-04-05T12:49:22+00:00\",\"description\":\"Abano Terme Italien. Abano und Umgebung. Die Zeit scheint angesichts der Natur-Faszination der Euganeischen H\u00fcgel still zu stehen: W\u00e4lder, mediterrane Buschw\u00e4lder und kultivierte Terrassen mit Weinst\u00f6cken oder Obstb\u00e4umen pr\u00e4gen die Landschaft, die den Geist regeneriert.\",\"breadcrumb\":{\"@id\":\"https:\/\/www.ermitageterme.it\/de\/anfrage-nach-verfugbarkeit\/abano-und-umgebung\/#breadcrumb\"},\"inLanguage\":\"de\",\"potentialAction\":[{\"@type\":\"ReadAction\",\"target\":[\"https:\/\/www.ermitageterme.it\/de\/anfrage-nach-verfugbarkeit\/abano-und-umgebung\/\"]}]},{\"@type\":\"BreadcrumbList\",\"@id\":\"https:\/\/www.ermitageterme.it\/de\/anfrage-nach-verfugbarkeit\/abano-und-umgebung\/#breadcrumb\",\"itemListElement\":[{\"@type\":\"ListItem\",\"position\":1,\"name\":\"Home\",\"item\":\"https:\/\/www.ermitageterme.it\/de\/\"},{\"@type\":\"ListItem\",\"position\":2,\"name\":\"Anfrage nach Verf\u00fcgbarkeit\",\"item\":\"https:\/\/www.ermitageterme.it\/de\/anfrage-nach-verfugbarkeit\/\"},{\"@type\":\"ListItem\",\"position\":3,\"name\":\"Abano und Umgebung\"}]},{\"@type\":\"WebSite\",\"@id\":\"https:\/\/www.ermitageterme.it\/de\/#website\",\"url\":\"https:\/\/www.ermitageterme.it\/de\/\",\"name\":\"Ermitage Bel Air\",\"description\":\"Un nuovo sito targato WordPress\",\"potentialAction\":[{\"@type\":\"SearchAction\",\"target\":{\"@type\":\"EntryPoint\",\"urlTemplate\":\"https:\/\/www.ermitageterme.it\/de\/?s={search_term_string}\"},\"query-input\":{\"@type\":\"PropertyValueSpecification\",\"valueRequired\":true,\"valueName\":\"search_term_string\"}}],\"inLanguage\":\"de\"}]}<\/script>\n<!-- \/ Yoast SEO plugin. -->","yoast_head_json":{"title":"Abano Terme Italien - Ermitage Bel Air","description":"Abano Terme Italien. Abano und Umgebung. Die Zeit scheint angesichts der Natur-Faszination der Euganeischen H\u00fcgel still zu stehen: W\u00e4lder, mediterrane Buschw\u00e4lder und kultivierte Terrassen mit Weinst\u00f6cken oder Obstb\u00e4umen pr\u00e4gen die Landschaft, die den Geist regeneriert.","robots":{"index":"index","follow":"follow","max-snippet":"max-snippet:-1","max-image-preview":"max-image-preview:large","max-video-preview":"max-video-preview:-1"},"canonical":"https:\/\/www.ermitageterme.it\/de\/anfrage-nach-verfugbarkeit\/abano-und-umgebung\/","og_locale":"de_DE","og_type":"article","og_title":"Abano Terme Italien - Ermitage Bel Air","og_description":"Abano Terme Italien. Abano und Umgebung. Die Zeit scheint angesichts der Natur-Faszination der Euganeischen H\u00fcgel still zu stehen: W\u00e4lder, mediterrane Buschw\u00e4lder und kultivierte Terrassen mit Weinst\u00f6cken oder Obstb\u00e4umen pr\u00e4gen die Landschaft, die den Geist regeneriert.","og_url":"https:\/\/www.ermitageterme.it\/de\/anfrage-nach-verfugbarkeit\/abano-und-umgebung\/","og_site_name":"Ermitage Bel Air","article_modified_time":"2019-04-05T12:49:22+00:00","twitter_card":"summary_large_image","twitter_misc":{"Gesch\u00e4tzte Lesezeit":"2\u00a0Minuten"},"schema":{"@context":"https:\/\/schema.org","@graph":[{"@type":"WebPage","@id":"https:\/\/www.ermitageterme.it\/de\/anfrage-nach-verfugbarkeit\/abano-und-umgebung\/","url":"https:\/\/www.ermitageterme.it\/de\/anfrage-nach-verfugbarkeit\/abano-und-umgebung\/","name":"Abano Terme Italien - Ermitage Bel Air","isPartOf":{"@id":"https:\/\/www.ermitageterme.it\/de\/#website"},"datePublished":"2015-09-15T15:22:43+00:00","dateModified":"2019-04-05T12:49:22+00:00","description":"Abano Terme Italien. Abano und Umgebung. Die Zeit scheint angesichts der Natur-Faszination der Euganeischen H\u00fcgel still zu stehen: W\u00e4lder, mediterrane Buschw\u00e4lder und kultivierte Terrassen mit Weinst\u00f6cken oder Obstb\u00e4umen pr\u00e4gen die Landschaft, die den Geist regeneriert.","breadcrumb":{"@id":"https:\/\/www.ermitageterme.it\/de\/anfrage-nach-verfugbarkeit\/abano-und-umgebung\/#breadcrumb"},"inLanguage":"de","potentialAction":[{"@type":"ReadAction","target":["https:\/\/www.ermitageterme.it\/de\/anfrage-nach-verfugbarkeit\/abano-und-umgebung\/"]}]},{"@type":"BreadcrumbList","@id":"https:\/\/www.ermitageterme.it\/de\/anfrage-nach-verfugbarkeit\/abano-und-umgebung\/#breadcrumb","itemListElement":[{"@type":"ListItem","position":1,"name":"Home","item":"https:\/\/www.ermitageterme.it\/de\/"},{"@type":"ListItem","position":2,"name":"Anfrage nach Verf\u00fcgbarkeit","item":"https:\/\/www.ermitageterme.it\/de\/anfrage-nach-verfugbarkeit\/"},{"@type":"ListItem","position":3,"name":"Abano und Umgebung"}]},{"@type":"WebSite","@id":"https:\/\/www.ermitageterme.it\/de\/#website","url":"https:\/\/www.ermitageterme.it\/de\/","name":"Ermitage Bel Air","description":"Un nuovo sito targato WordPress","potentialAction":[{"@type":"SearchAction","target":{"@type":"EntryPoint","urlTemplate":"https:\/\/www.ermitageterme.it\/de\/?s={search_term_string}"},"query-input":{"@type":"PropertyValueSpecification","valueRequired":true,"valueName":"search_term_string"}}],"inLanguage":"de"}]}},"_links":{"self":[{"href":"https:\/\/www.ermitageterme.it\/de\/wp-json\/wp\/v2\/pages\/1120"}],"collection":[{"href":"https:\/\/www.ermitageterme.it\/de\/wp-json\/wp\/v2\/pages"}],"about":[{"href":"https:\/\/www.ermitageterme.it\/de\/wp-json\/wp\/v2\/types\/page"}],"author":[{"embeddable":true,"href":"https:\/\/www.ermitageterme.it\/de\/wp-json\/wp\/v2\/users\/1"}],"replies":[{"embeddable":true,"href":"https:\/\/www.ermitageterme.it\/de\/wp-json\/wp\/v2\/comments?post=1120"}],"version-history":[{"count":0,"href":"https:\/\/www.ermitageterme.it\/de\/wp-json\/wp\/v2\/pages\/1120\/revisions"}],"up":[{"embeddable":true,"href":"https:\/\/www.ermitageterme.it\/de\/wp-json\/wp\/v2\/pages\/747"}],"wp:attachment":[{"href":"https:\/\/www.ermitageterme.it\/de\/wp-json\/wp\/v2\/media?parent=1120"}],"curies":[{"name":"wp","href":"https:\/\/api.w.org\/{rel}","templated":true}]}}