{"id":2236,"date":"2015-12-18T11:06:15","date_gmt":"2015-12-18T10:06:15","guid":{"rendered":"\/\/www.ermitageterme.it\/hotel"},"modified":"2025-08-08T17:11:16","modified_gmt":"2025-08-08T15:11:16","slug":"hotel","status":"publish","type":"page","link":"https:\/\/www.ermitageterme.it\/de\/hotel\/","title":{"rendered":"Hotel"},"content":{"rendered":"<section class=\"wpb-content-wrapper\"><h4 class=\"titolo-tariffe-supplementi\" style=\"color: #6b2a30;\">PREISE pro TAG &#8211; HOTEL PREISE<\/h4>\n<table class=\"table-bordered camere\">\n<thead>\n<tr>\n<th style=\"color: #ffffff; text-align: left;\">TAGESPREISE<br \/>\nF\u00fcr den Aufenthalt ohne Gesundheits- und Wellnessbehandlungen.<\/th>\n<th style=\"color: #ffffff; text-align: center;\">Spezielle Saison<\/th>\n<th style=\"color: #ffffff; text-align: center;\">Saison<\/th>\n<th style=\"color: #ffffff; text-align: center;\">Haupt Saison<\/th>\n<\/tr>\n<\/thead>\n<tbody>\n<tr>\n<td style=\"text-align: left;\">1 Nacht Vollpension Doppelzimmer Classic.<br \/>\nPreis pro Person<\/td>\n<td style=\"text-align: center;\">\u20ac 135<\/td>\n<td style=\"text-align: center;\">\u20ac 140<\/td>\n<td style=\"text-align: center;\">\u20ac 145<\/td>\n<\/tr>\n<\/tbody>\n<\/table>\n<h4 style=\"color: #6b2a30;\"><strong>W\u00f6chentliche Zuschl\u00e4ge und Erm\u00e4\u00dfigungen:<\/strong><\/h4>\n<p><span style=\"color: #6b2a30;\">Zuschl\u00e4ge pro Tag pro Zimmerkategorie:<\/span> Junior Suite: 5 \u20ac, Suite: 10 \u20ac, Panorama Suite: 25 \u20ac,<br \/>\n<span style=\"color: #6b2a30;\">Zuschl\u00e4ge pro Tag bei Einzelbelegung:<\/span> Classic: 10 \u20ac, Junior Suite und Suite 15 \u20ac, Panorama Suite: 25 \u20ac.<br \/>\n<span style=\"color: #6b2a30;\">Erm\u00e4\u00dfigungen pro Tag bei anderer Verpflegungsart als VP:<\/span> HP Fr\u00fchst\u00fcck und Abendessen: 15 \u20ac, BB \u00dcbernachtung und Fr\u00fchst\u00fcck: 20 \u20ac.<\/p>\n\t\t<div class=\"vc_row wpb_row vc_row-fluid box-home\">\n\t\t\t<div class=\"vc_col-sm-12 wpb_column  \">\n\t\t\t\t<div class=\"wpb_wrapper\">\n\t\t\t\t\t<h4 class=\"titolo-tariffe-supplementi\">Season 2026<\/h4>\n\t\t\t\t\t<div id=\"tabella_stagionalita\">\n\t\t\t\t\t<table class=\"table-bordered gray no-first\">\n<thead>\n<tr>\n<th><strong>Sondersaison<\/strong><\/th>\n<th><strong>Saison<\/strong><\/th>\n<th><strong>Hochsaison<\/strong><\/th>\n<\/tr>\n<\/thead>\n<tbody>\n<tr>\n<td style=\"text-align: center;\">von 04\/03 bis 18\/03<br \/>\nvon 03\/06 bis 01\/07<br \/>\nvon 28\/10 bis 16\/12<\/td>\n<td style=\"text-align: center;\">von 18\/03 bis 01\/04<br \/>\nvon 22\/04 bis 03\/06<br \/>\nvon 01\/07 bis 05\/08<br \/>\nvon 26\/08 bis 28\/10<\/td>\n<td style=\"text-align: center;\">von 01\/04 bis 22\/04<br \/>\nvon 05\/08 bis 26\/08<br \/>\nvon 16\/12 bis 08\/01\/2024<\/td>\n<\/tr>\n<\/tbody>\n<\/table>\n\t\t\t\t\t<\/div>\n\t\t\t\t<\/div> \n\t\t\t<\/div> \n\t\t<\/div>\n\t\t\n<p>&nbsp;<\/p>\n<h4 class=\"titolo-tariffe-supplementi\" style=\"color: #6b2a30;\">PREISE pro WOCHE &#8211; THERMAE UND RELAX<\/h4>\n<table class=\"table-bordered camere\">\n<thead>\n<tr>\n<th style=\"color: #ffffff; text-align: left;\">7 TAGE THERME &amp; RELAX<br \/>\nF\u00fcr den Aufenthalt ohne Gesundheits- und Wellnessbehandlungen<\/th>\n<th style=\"text-align: center; color: #ffffff;\">Spezielle Saison<\/th>\n<th style=\"text-align: center; color: #ffffff;\">Saison<\/th>\n<th style=\"text-align: center; color: #ffffff;\">Haupt Saison<\/th>\n<\/tr>\n<\/thead>\n<tbody>\n<tr>\n<td style=\"text-align: left;\">1 Woche Vollpension Doppelzimmer Classic.<br \/>\nPreis pro Person<\/td>\n<td style=\"text-align: center;\">\u20ac 910<\/td>\n<td style=\"text-align: center;\">\u20ac 945<\/td>\n<td style=\"text-align: center;\">\u20ac 980<\/td>\n<\/tr>\n<\/tbody>\n<\/table>\n<h4 class=\"titolo-tariffe-supplementi\" style=\"color: #6b2a30;\">W\u00d6CHENTLICHE PREISE CARE GIVER &amp; LONG STAY &#8211; Nach der dritten Woche<\/h4>\n<table class=\"table-bordered camere\">\n<thead>\n<tr>\n<th style=\"color: #ffffff; text-align: left;\">7 TAGE LONG STAY &amp; CARE GIVER<br \/>\nF\u00fcr das mitreisende Familienmitglied eines in Behandlung befindlichen Hotelgastes oder bei Aufenthalten ab der dritten Woche, ohne Gesundheits- und Wellnessbehandlungen<\/th>\n<th style=\"text-align: center; color: #ffffff;\">Einzige Saison<\/th>\n<\/tr>\n<\/thead>\n<tbody>\n<tr>\n<td style=\"text-align: left;\">1 Woche Vollpension Doppelzimmer Classic.<br \/>\nPreis pro Person<\/td>\n<td style=\"text-align: center;\">\u20ac 910<\/td>\n<\/tr>\n<\/tbody>\n<\/table>\n<p>Vollpensionpreise, pro Person, pro Tag, im Doppelzimmer.<\/p>\n<p>F\u00fcr das mitreisende Familienmitglied eines in Behandlung befindlichen Hotelgastes oder bei Aufenthalten ab der dritten Woche, ohne Gesundheits-und Wellnessbehandlungen. In jeder Jahreszeit, werden wir immer die Preise in Spezielle Saison berechnen.<\/p>\n<h4 style=\"color: #6b2a30;\"><strong>W\u00f6chentliche Zuschl\u00e4ge und Erm\u00e4\u00dfigungen:<\/strong><\/h4>\n<p><span style=\"color: #6b2a30;\">Zuschl\u00e4ge pro Woche pro Zimmerkategorie:<\/span> Junior Suite: 35 \u20ac, Suite: 70 \u20ac, Panorama Suite: 175 \u20ac<br \/>\n<span style=\"color: #6b2a30;\">Zuschl\u00e4ge pro Woche bei Einzelbelegung:<\/span> Classic: 70 \u20ac, Junior Suite und Suite 105 \u20ac, Panorama Suite: 175 \u20ac.<br \/>\n<span style=\"color: #6b2a30;\">Erm\u00e4\u00dfigungen pro Woche bei anderer Verpflegungsart als VP:<\/span> HP Fr\u00fchst\u00fcck und Abendessen: 105 \u20ac, BB \u00dcbernachtung und Fr\u00fchst\u00fcck: 140 \u20ac.<\/p>\n<h4 class=\"titolo-tariffe-supplementi\" style=\"color: #6b2a30;\">EIN MONAT OHNE SORGEN PRO MONAT<\/h4>\n<table class=\"table-bordered camere\">\n<thead>\n<tr>\n<th style=\"color: #ffffff; text-align: left;\">28 TAGE EIN MONAT OHNE SORGEN<br \/>\nF\u00fcr einen vierw\u00f6chigen, durchgehenden Aufenthalt ohne Gesundheits- und Wellnessbehandlungen<\/th>\n<th style=\"text-align: center; color: #ffffff;\">Einzige Saison<\/th>\n<\/tr>\n<\/thead>\n<tbody>\n<tr>\n<td style=\"text-align: left;\">4 Wochen Vollpension Doppelzimmer Classic.<br \/>\nPreis pro Person:<\/td>\n<td style=\"text-align: center;\">\u20ac 3480<\/td>\n<\/tr>\n<\/tbody>\n<\/table>\n<p>Vollpensionpreise, pro Person, pro Tag, im Doppelzimmer.<\/p>\n<p>Beinhaltet Wasserservice im Restaurant, 1internistische medizinische Untersuchung.<br \/>\nWert der Gesundheitsleistungen, die in den Gesamtkosten des Programms enthalten sind: \u20ac 120<\/p>\n<h4 class=\"titolo-tariffe-supplementi\" style=\"color: #6b2a30;\">EIN GESUNDERMONAT PRO MONAT<\/h4>\n<table class=\"table-bordered camere\">\n<thead>\n<tr>\n<th style=\"color: #ffffff; text-align: left;\">28 TAGE EIN GESUNDERMONAT<br \/>\nF\u00fcr einen vierw\u00f6chigen, durchgehenden Aufenthalt mit Gesundheitsbehandlungen<\/th>\n<th style=\"text-align: center; color: #ffffff;\">Einzige Saison<\/th>\n<\/tr>\n<\/thead>\n<tbody>\n<tr>\n<td style=\"text-align: left;\">4 Wochen Vollpension Doppelzimmer Classic.<br \/>\nPreis pro Person:<\/td>\n<td style=\"text-align: center;\">\u20ac 4830<\/td>\n<\/tr>\n<\/tbody>\n<\/table>\n<p>Vollpensionpreise, pro Person, pro Tag, im Doppelzimmer.<\/p>\n<p>Beinhaltet Wasserservice im Restaurant, 1internistische medizinische Untersuchung, 1 Facharztbesuchs, 20 Individuelle Physio oder Masso-Therapie 30\u2019 .<br \/>\nWert der Gesundheitsleistungen, die in den Gesamtkosten des Programms enthalten sind: \u20ac 1470<\/p>\n<h4 style=\"color: #6b2a30;\"><strong>W\u00f6chentliche Zuschl\u00e4ge und Erm\u00e4\u00dfigungen:<\/strong><\/h4>\n<p><span style=\"color: #6b2a30;\">Zuschl\u00e4ge pro Monat pro Zimmerkategorie:<\/span> Junior Suite: \u20ac 140, Suite: \u20ac 280.<br \/>\n<span style=\"color: #6b2a30;\">Zuschl\u00e4ge pro Monat bei Einzelbelegung:<\/span> Classic: \u20ac 280, Junior Suite und Suite \u20ac 420<br \/>\n<span style=\"color: #6b2a30;\">Erm\u00e4\u00dfigungen pro Monat bei anderer Verpfl egungsart als VP:<\/span> HP Fr\u00fchst\u00fcck und Abendessen: \u20ac 420<\/p>\n<p><strong><span style=\"color: #6b2a30;\">So buchen Sie monatliche Aufenthalte:<br \/>\n<\/span><\/strong>Die monatlichen Aufenthaltsprogramme sind nach Ankunft im Hotel nicht buchbar. Stattdessen ist die Buchung mindestens 2 Wochen vor Anreise mit einer Anzahlung von 520,- \u20ac pro Person erforderlich.<\/p>\n<p>&nbsp;<\/p>\n<p><span style=\"color: #6b2a30;\">IM PREIS ENTHALTENE, LAUT HOTELPREISLISTE KOSTENLOSE DIENSTLEISTUNGEN:<\/span><\/p>\n<ul>\n<li><strong>Wellness<\/strong>: Zugang zur Sauna und zu den Thermalb\u00e4dern, die mit einem Parcours zur En spannung und Wasserspielen ausgestattet sind.<\/li>\n<li><strong>Ein Spa Kit<\/strong>: bei der Ankunft Bademantel, Badehandtuch und -kappe f\u00fcr den ganzen Aufenthalt.<\/li>\n<li><strong>Fitness<\/strong>: T\u00e4gliche Stretching-, Aqua-Gym- und Pilates-Kurse (Montag bis Freitag)<\/li>\n<li><strong>Gastlichkeit<\/strong>: Parkplatz, Tennisplatz<\/li>\n<li><strong>Komfort<\/strong>: Highspeed-WLAN und Sat-TV im Zimmer. SKY Sport im Lesesaal<\/li>\n<li><strong>Zug\u00e4nglichkeit<\/strong>: Barrierefreie Zimmer und B\u00e4der.<\/li>\n<li><strong>Unterhaltung<\/strong>: Begr\u00fc\u00dfungsgetr\u00e4nk, Galadinner, \u00f6nogastronomischer Abend.<\/li>\n<\/ul>\n<p><span style=\"color: #6b2a30;\">\u00a0<\/span><\/p>\n<p><span style=\"color: #6b2a30;\">ZU ZAHLENDE DIENSTLEISTUNGEN:<\/span><\/p>\n<ul>\n<li>Sp\u00e4ter Check-out 50 \u20ac<\/li>\n<li>Zimmerwechsel 50 \u20ac<\/li>\n<li>Spakitwechsel &#8211; Bademantel 15 \u20ac<\/li>\n<li>Spakitwechsel &#8211; Badehandtuch 5 \u20ac<\/li>\n<li>Private Garage 20 \u20ac pro Tag<\/li>\n<li>Zus\u00e4tzliche Mahlzeit \u20ac 40<\/li>\n<li>Zimmerservice, Reiseproviantkorb 15 \u20ac<\/li>\n<li>Auto- und Fahrradverleih<\/li>\n<li><span style=\"color: #6b2a30;\"><strong>MIT BUS<\/strong>: <strong>Bus Transfert pro Person Hin- und R\u00fcckfahrt kosten<\/strong>: Flugh\u00e4fen Venedig &#8211; Hotel \u20ac 120 pro Person.<\/span><\/li>\n<li><strong>Private Taxi pro Auto Hin- und R\u00fcckfahrt kosten<\/strong>: Flugh\u00e4fen Venedig &#8211; Hotel \u20ac 260 , Flugh\u00e4fen Treviso &#8211; Hotel \u20ac 290.<\/li>\n<li>Umgebung: Privattransfer zur Stadt Padua und zur\u00fcck (Samstagnachmittag) \u20ac5<\/li>\n<li>\u00a0Cardiofitness Kard \u20ac 5 pro Tag<\/li>\n<\/ul>\n<p><span style=\"color: #6b2a30;\"><br \/>\nINDIVIDUELLE ANGEPASSTE KRANKENPFL EGE UND\/ODER SOZIALE UND MEDIZINISCHE BETREUUNG:<br \/>\n<\/span><\/p>\n<ul>\n<li><strong>Individueller Betreuung auf Abruf tags\u00fcber<\/strong>: 60 Minuten 40 \u20ac, 20 Minuten 15 \u20ac. Von 8.00 bis 20.00 Uhr verf\u00fcgbar.<br \/>\nNicht im Hotelpreis inbegriffen. Muss zum Zeitpunkt der Buchung angefordert werden.<\/li>\n<li><strong>Kontinuierliche oder n\u00e4chtliche Einzelbetreuung<\/strong>: Individuelles Angebot auf Anfrage.<\/li>\n<li><strong>Gehhilfen und elektrisch verstellbares Pflegebett<\/strong>: Kostenlos bei Anfrage 2 Wochen vor Anreisedatum.<\/li>\n<li><strong><span style=\"color: #6b2a30;\">Die Bed\u00fcrfnisse von G\u00e4sten mit geringer Autonomie m\u00fcssen stets zum Zeitpunkt der Buchung angegeben werden!<\/span><\/strong><\/li>\n<\/ul>\n<p><span style=\"color: #6b2a30;\"><strong>ACHTUNG<\/strong>:<br \/>\nGesundheits- und Krankenpflege wird nur dann garantiert, wenn sie zum Zeitpunkt der Buchung reserviert wurde.<\/span><\/p>\n<p>&nbsp;<\/p>\n<p><span style=\"color: #6b2a30;\">ZIMMERERF\u00dcGBARKEIT:<\/span><\/p>\n<ul>\n<li>Anreise ab 14.30 Uhr<\/li>\n<li>Abreise vor 10:30 Uhr.<\/li>\n<\/ul>\n<p><span style=\"color: #6b2a30;\">KINDER ERM\u00c4SSIGUNG:<\/span><\/p>\n<ul>\n<li>0-3 Jahren &#8211; 90%<\/li>\n<li>4-6 Jahren &#8211; 50%<\/li>\n<li>7-14 Jahren &#8211; 30%<\/li>\n<\/ul>\n<p><span style=\"color: #6b2a30;\">HAUSTIER:<\/span><br \/>\nOhne Verpflegung 15 \u20ac pro Tag, nur bei der Erdgeschoss-Suite mit Zugang zum Garten m\u00f6glich<\/p>\n<\/section>","protected":false},"excerpt":{"rendered":"<p>PREISE pro TAG &#8211; HOTEL PREISE TAGESPREISE F\u00fcr den Aufenthalt ohne Gesundheits- und Wellnessbehandlungen. Spezielle Saison Saison Haupt Saison 1 Nacht Vollpension Doppelzimmer Classic. Preis pro Person \u20ac 135 \u20ac 140 \u20ac 145 W\u00f6chentliche Zuschl\u00e4ge und Erm\u00e4\u00dfigungen: Zuschl\u00e4ge pro Tag pro Zimmerkategorie: Junior Suite: 5 \u20ac, Suite: 10 \u20ac, Panorama Suite: 25 \u20ac, Zuschl\u00e4ge pro<\/p>\n","protected":false},"author":1,"featured_media":0,"parent":0,"menu_order":0,"comment_status":"closed","ping_status":"closed","template":"","meta":{"_acf_changed":false,"footnotes":""},"acf":[],"yoast_head":"<!-- This site is optimized with the Yoast SEO plugin v23.5 - https:\/\/yoast.com\/wordpress\/plugins\/seo\/ -->\n<title>4-Sterne-Hotel Abano Terme Preisliste - Ermitage Bel Air<\/title>\n<meta name=\"description\" content=\"Preisliste unseres 4-Sterne-Hotels in Abano Terme. Buchen Sie jetzt Ihr Zimmer.\" \/>\n<meta name=\"robots\" content=\"index, follow, max-snippet:-1, max-image-preview:large, max-video-preview:-1\" \/>\n<link rel=\"canonical\" href=\"https:\/\/www.ermitageterme.it\/de\/hotel\/\" \/>\n<meta property=\"og:locale\" content=\"de_DE\" \/>\n<meta property=\"og:type\" content=\"article\" \/>\n<meta property=\"og:title\" content=\"4-Sterne-Hotel Abano Terme Preisliste - Ermitage Bel Air\" \/>\n<meta property=\"og:description\" content=\"Preisliste unseres 4-Sterne-Hotels in Abano Terme. Buchen Sie jetzt Ihr Zimmer.\" \/>\n<meta property=\"og:url\" content=\"https:\/\/www.ermitageterme.it\/de\/hotel\/\" \/>\n<meta property=\"og:site_name\" content=\"Ermitage Bel Air\" \/>\n<meta property=\"article:modified_time\" content=\"2025-08-08T15:11:16+00:00\" \/>\n<meta name=\"twitter:card\" content=\"summary_large_image\" \/>\n<meta name=\"twitter:label1\" content=\"Gesch\u00e4tzte Lesezeit\" \/>\n\t<meta name=\"twitter:data1\" content=\"5\u00a0Minuten\" \/>\n<script type=\"application\/ld+json\" class=\"yoast-schema-graph\">{\"@context\":\"https:\/\/schema.org\",\"@graph\":[{\"@type\":\"WebPage\",\"@id\":\"https:\/\/www.ermitageterme.it\/de\/hotel\/\",\"url\":\"https:\/\/www.ermitageterme.it\/de\/hotel\/\",\"name\":\"4-Sterne-Hotel Abano Terme Preisliste - Ermitage Bel Air\",\"isPartOf\":{\"@id\":\"https:\/\/www.ermitageterme.it\/de\/#website\"},\"datePublished\":\"2015-12-18T10:06:15+00:00\",\"dateModified\":\"2025-08-08T15:11:16+00:00\",\"description\":\"Preisliste unseres 4-Sterne-Hotels in Abano Terme. Buchen Sie jetzt Ihr Zimmer.\",\"breadcrumb\":{\"@id\":\"https:\/\/www.ermitageterme.it\/de\/hotel\/#breadcrumb\"},\"inLanguage\":\"de\",\"potentialAction\":[{\"@type\":\"ReadAction\",\"target\":[\"https:\/\/www.ermitageterme.it\/de\/hotel\/\"]}]},{\"@type\":\"BreadcrumbList\",\"@id\":\"https:\/\/www.ermitageterme.it\/de\/hotel\/#breadcrumb\",\"itemListElement\":[{\"@type\":\"ListItem\",\"position\":1,\"name\":\"Home\",\"item\":\"https:\/\/www.ermitageterme.it\/de\/\"},{\"@type\":\"ListItem\",\"position\":2,\"name\":\"Preise\",\"item\":\"https:\/\/www.ermitageterme.it\/de\/niedrige-preise\/\"},{\"@type\":\"ListItem\",\"position\":3,\"name\":\"Hotel\"}]},{\"@type\":\"WebSite\",\"@id\":\"https:\/\/www.ermitageterme.it\/de\/#website\",\"url\":\"https:\/\/www.ermitageterme.it\/de\/\",\"name\":\"Ermitage Bel Air\",\"description\":\"Un nuovo sito targato WordPress\",\"potentialAction\":[{\"@type\":\"SearchAction\",\"target\":{\"@type\":\"EntryPoint\",\"urlTemplate\":\"https:\/\/www.ermitageterme.it\/de\/?s={search_term_string}\"},\"query-input\":{\"@type\":\"PropertyValueSpecification\",\"valueRequired\":true,\"valueName\":\"search_term_string\"}}],\"inLanguage\":\"de\"}]}<\/script>\n<!-- \/ Yoast SEO plugin. -->","yoast_head_json":{"title":"4-Sterne-Hotel Abano Terme Preisliste - Ermitage Bel Air","description":"Preisliste unseres 4-Sterne-Hotels in Abano Terme. Buchen Sie jetzt Ihr Zimmer.","robots":{"index":"index","follow":"follow","max-snippet":"max-snippet:-1","max-image-preview":"max-image-preview:large","max-video-preview":"max-video-preview:-1"},"canonical":"https:\/\/www.ermitageterme.it\/de\/hotel\/","og_locale":"de_DE","og_type":"article","og_title":"4-Sterne-Hotel Abano Terme Preisliste - Ermitage Bel Air","og_description":"Preisliste unseres 4-Sterne-Hotels in Abano Terme. Buchen Sie jetzt Ihr Zimmer.","og_url":"https:\/\/www.ermitageterme.it\/de\/hotel\/","og_site_name":"Ermitage Bel Air","article_modified_time":"2025-08-08T15:11:16+00:00","twitter_card":"summary_large_image","twitter_misc":{"Gesch\u00e4tzte Lesezeit":"5\u00a0Minuten"},"schema":{"@context":"https:\/\/schema.org","@graph":[{"@type":"WebPage","@id":"https:\/\/www.ermitageterme.it\/de\/hotel\/","url":"https:\/\/www.ermitageterme.it\/de\/hotel\/","name":"4-Sterne-Hotel Abano Terme Preisliste - Ermitage Bel Air","isPartOf":{"@id":"https:\/\/www.ermitageterme.it\/de\/#website"},"datePublished":"2015-12-18T10:06:15+00:00","dateModified":"2025-08-08T15:11:16+00:00","description":"Preisliste unseres 4-Sterne-Hotels in Abano Terme. Buchen Sie jetzt Ihr Zimmer.","breadcrumb":{"@id":"https:\/\/www.ermitageterme.it\/de\/hotel\/#breadcrumb"},"inLanguage":"de","potentialAction":[{"@type":"ReadAction","target":["https:\/\/www.ermitageterme.it\/de\/hotel\/"]}]},{"@type":"BreadcrumbList","@id":"https:\/\/www.ermitageterme.it\/de\/hotel\/#breadcrumb","itemListElement":[{"@type":"ListItem","position":1,"name":"Home","item":"https:\/\/www.ermitageterme.it\/de\/"},{"@type":"ListItem","position":2,"name":"Preise","item":"https:\/\/www.ermitageterme.it\/de\/niedrige-preise\/"},{"@type":"ListItem","position":3,"name":"Hotel"}]},{"@type":"WebSite","@id":"https:\/\/www.ermitageterme.it\/de\/#website","url":"https:\/\/www.ermitageterme.it\/de\/","name":"Ermitage Bel Air","description":"Un nuovo sito targato WordPress","potentialAction":[{"@type":"SearchAction","target":{"@type":"EntryPoint","urlTemplate":"https:\/\/www.ermitageterme.it\/de\/?s={search_term_string}"},"query-input":{"@type":"PropertyValueSpecification","valueRequired":true,"valueName":"search_term_string"}}],"inLanguage":"de"}]}},"_links":{"self":[{"href":"https:\/\/www.ermitageterme.it\/de\/wp-json\/wp\/v2\/pages\/2236"}],"collection":[{"href":"https:\/\/www.ermitageterme.it\/de\/wp-json\/wp\/v2\/pages"}],"about":[{"href":"https:\/\/www.ermitageterme.it\/de\/wp-json\/wp\/v2\/types\/page"}],"author":[{"embeddable":true,"href":"https:\/\/www.ermitageterme.it\/de\/wp-json\/wp\/v2\/users\/1"}],"replies":[{"embeddable":true,"href":"https:\/\/www.ermitageterme.it\/de\/wp-json\/wp\/v2\/comments?post=2236"}],"version-history":[{"count":10,"href":"https:\/\/www.ermitageterme.it\/de\/wp-json\/wp\/v2\/pages\/2236\/revisions"}],"predecessor-version":[{"id":52044,"href":"https:\/\/www.ermitageterme.it\/de\/wp-json\/wp\/v2\/pages\/2236\/revisions\/52044"}],"wp:attachment":[{"href":"https:\/\/www.ermitageterme.it\/de\/wp-json\/wp\/v2\/media?parent=2236"}],"curies":[{"name":"wp","href":"https:\/\/api.w.org\/{rel}","templated":true}]}}