{"id":2322,"date":"2015-12-18T12:17:51","date_gmt":"2015-12-18T11:17:51","guid":{"rendered":"\/\/www.ermitageterme.it\/erna%cc%88hrung-und-fitness"},"modified":"2024-05-17T12:42:21","modified_gmt":"2024-05-17T10:42:21","slug":"ernahrung-und-fitness","status":"publish","type":"page","link":"https:\/\/www.ermitageterme.it\/de\/preisliste\/ernahrung-und-fitness\/","title":{"rendered":"Erna\u0308hrung und Fitness"},"content":{"rendered":"<section class=\"wpb-content-wrapper\">[vc_row][vc_column][vc_column_text]\n<h4 style=\"color: #6b2a30;\">U\u0308bergewicht &#8211; Kardio-Gefa\u0308ss-Erkrankungen<\/h4>\n<p>Prof.ArsenioVeicsteinas.Kardiologe und Sportmediziner.Universita\u0308t Mailand.<\/p>\n<h4 style=\"color: #6b2a30;\">Behandlungszulassungen<\/h4>\n<p>Zur Erzielung eines zufriedenstellenden therapeutischen Ergebnisses wird um die Mitarbeit der Ga\u0308ste gebeten. Wir bitten Sie deshalb die letzten Befunde von eventuell durchgefu\u0308hrten klinischen Untersuchun- gen oder Ro\u0308ntgenaufnahmen sowie eine Liste der vom Arzt ver- ordneten Medikamente mitzubringen.<\/p>\n<p>&nbsp;<\/p>\n<h4 style=\"color: #6b2a30;\">Preisliste ErnA\u0308hrung und Fitness Vorbeugung der Kardio-GefA\u0308ss-Erkrankungen:<\/h4>\n<table>\n<tbody>\n<tr>\n<td>Allgemein\u00e4rztliche Untersuchung (obligatorisch f\u00fcr die Zulassung zur Behandlung)<\/td>\n<td>&#8212;<\/td>\n<td>\u20ac 80<\/td>\n<\/tr>\n<tr>\n<td>Zweite allgemeine \u00e4rztliche Untersuchung oder Erg\u00e4nzung zur internen Beurteilung w\u00e4hrend der Aufnahmepr\u00fcfung<\/td>\n<td>&#8212;<\/td>\n<td>\u20ac 40<\/td>\n<\/tr>\n<tr>\n<td>Fach\u00e4rztliche Beratung zur Festlegung des individuellen Rehabilitationsplans erforderlich<\/td>\n<td>&#8212;<\/td>\n<td>\u20ac 140<\/td>\n<\/tr>\n<tr>\n<td>Zweite Fach\u00e4rztliche Beratung zur Kontrolle<\/td>\n<td>&#8212;<\/td>\n<td>\u20ac 70<\/td>\n<\/tr>\n<tr>\n<td>Computergest\u00fctzter Ultraschall der inneren Organe oder des Gef\u00e4\u00dfsystems<\/td>\n<td>&#8212;<\/td>\n<td>\u20ac 90<\/td>\n<\/tr>\n<tr>\n<td>Fach\u00e4rztliche Beratung und computergest\u00fctzter Ultraschall<\/td>\n<td>&#8212;<\/td>\n<td>\u20ac 180<\/td>\n<\/tr>\n<tr>\n<td>Blutchemische Basis- und Lipidanalyse<\/td>\n<td>&#8212;<\/td>\n<td>\u20ac 60<\/td>\n<\/tr>\n<tr>\n<td>Digitaler Stoffwechseltest des Sauerstoffverbrauchs<\/td>\n<td>&#8212;<\/td>\n<td>\u20ac 60<\/td>\n<\/tr>\n<tr>\n<td>Digitale Impedanz Analyse der K\u00f6rperzusammensetzung<\/td>\n<td>&#8212;<\/td>\n<td>\u20ac 30<\/td>\n<\/tr>\n<tr>\n<td>Beratung durch einen Facharzt f\u00fcr Kardiologie<\/td>\n<td>&#8212;<\/td>\n<td>\u20ac 140<\/td>\n<\/tr>\n<tr>\n<td>Kardiologische Check-up + EKG samt Befund + Echokardiographie<\/td>\n<td>&#8212;<\/td>\n<td>\u20ac 230<\/td>\n<\/tr>\n<tr>\n<td>Kardiologische Beratung + EKG samt Befund<\/td>\n<td>&#8212;<\/td>\n<td>\u20ac 180<\/td>\n<\/tr>\n<tr>\n<td>Ruhe-EKG samt Befund<\/td>\n<td>&#8212;<\/td>\n<td>\u20ac 70<\/td>\n<\/tr>\n<tr>\n<td>Beratung durch einen Facharzt f\u00fcr Pneumologie<\/td>\n<td>&#8212;<\/td>\n<td>\u20ac 140<\/td>\n<\/tr>\n<tr>\n<td>Pneumologische Check-up + Spirometrie + Gehtest<\/td>\n<td>&#8212;<\/td>\n<td>\u20ac 230<\/td>\n<\/tr>\n<tr>\n<td>Pneumologische Beratung + Spirometrie<\/td>\n<td>&#8212;<\/td>\n<td>\u20ac 180<\/td>\n<\/tr>\n<tr>\n<td>Spirometrie<\/td>\n<td>&#8212;<\/td>\n<td>\u20ac 70<\/td>\n<\/tr>\n<tr>\n<td>Gehtest<\/td>\n<td>&#8212;<\/td>\n<td>\u20ac 90<\/td>\n<\/tr>\n<tr>\n<td>Blutchemische Basis Analyse<\/td>\n<td>&#8212;<\/td>\n<td>\u20ac 60<\/td>\n<\/tr>\n<tr>\n<td>Physiotherapie zur Verbesserung Zwerchfell- und Atemwegsmuskulatur<\/td>\n<td>30\u2019<\/td>\n<td>\u20ac 60<\/td>\n<\/tr>\n<tr>\n<td>Individuelle Trainingseinheit (Personal Training oder Cardio-Fitness)<\/td>\n<td>30&#8242;<\/td>\n<td>\u20ac 60<\/td>\n<\/tr>\n<tr>\n<td>Individuelle Trainingseinheit (Personal Training oder Cardio-Fitness)<\/td>\n<td>45&#8242;<\/td>\n<td>\u20ac 90<\/td>\n<\/tr>\n<tr>\n<td>Individuelle Trainingseinheit (Personal Training oder Cardio-Fitness)<\/td>\n<td>60&#8242;<\/td>\n<td>\u20ac 120<\/td>\n<\/tr>\n<tr>\n<td>Individuelle Trainingseinheit im Thermalwasser<\/td>\n<td>30\u2019<\/td>\n<td>\u20ac 60<\/td>\n<\/tr>\n<tr>\n<td>Individuelle Trainingseinheit im Thermalwasser<\/td>\n<td>45\u2019<\/td>\n<td>\u20ac 90<\/td>\n<\/tr>\n<tr>\n<td>Individuelle Trainingseinheit im Thermalwasser<\/td>\n<td>60\u2019<\/td>\n<td>\u20ac 120<\/td>\n<\/tr>\n<tr>\n<td>Sitzung autogenes Training oder Coaching und psychologische Betreuung<\/td>\n<td>60\u2019<\/td>\n<td>\u20ac 100<\/td>\n<\/tr>\n<tr>\n<td>Pers\u00f6nliche Karte f\u00fcr den Zugang zum Cardio-Fitness-Zirkel pro Woche<\/td>\n<td>&#8212;<\/td>\n<td>\u20ac 35<\/td>\n<\/tr>\n<tr>\n<td>Der Ern\u00e4hrungsplan \u201eBasil Plus\u201c umfasst: ein optimiertes Men\u00fc, eine individuell abgestimmte Kalorienzufuhr und eine richtige Verteilung der Mahlzeiten \u00fcber den Tag, um die glyk\u00e4mische Last zu verringern, pro Woche<\/td>\n<td>&#8212;<\/td>\n<td>\u20ac 140<\/td>\n<\/tr>\n<\/tbody>\n<\/table>\n<p>&nbsp;<\/p>\n[\/vc_column_text][\/vc_column][\/vc_row][vc_row][vc_column width=&#8220;1\/2&#8243;][vc_btn title=&#8220;Siehe die Details&#8220; style=&#8220;classic&#8220; size=&#8220;lg&#8220; align=&#8220;left&#8220; link=&#8220;url:https%3A%2F%2Fwww.ermitageterme.it%2Fde%2Fgesundheitsdienste%2Fgewichtsverlust-und-lebensstil%2F|||&#8220; el_id=&#8220;vedi-i-dettagli-del-soggiorno&#8220;][\/vc_column][vc_column width=&#8220;1\/2&#8243;][vc_btn title=&#8220;Informationen anfordern&#8220; style=&#8220;classic&#8220; color=&#8220;juicy-pink&#8220; size=&#8220;lg&#8220; align=&#8220;right&#8220; link=&#8220;url:https%3A%2F%2Fwww.ermitageterme.it%2Fde%2Fanfrage-nach-verfugbarkeit%2F|||&#8220; el_id=&#8220;richiedi-info-dettagli-soggiorno&#8220;][\/vc_column][\/vc_row][vc_row][vc_column][vc_column_text]\n<h4 style=\"color: #6b2a30;\"><strong>IM AUFENTHALTSPREIS ENTHALTENE LEISTUNGEN:<\/strong><\/h4>\n<ul>\n<li><strong>Wellness:<\/strong> Zugang zur Sauna und zu den Thermalb\u00e4dern, die mit einem Parcours zur Entspannung und Wasserspielen ausgestattet sind.<\/li>\n<li><strong>Ein Spa Kit:<\/strong> bei der Ankunft Bademantel, Badehandtuch und -kappe f\u00fcr den ganzen Aufenthalt.<\/li>\n<li><strong>Fitness:<\/strong> T\u00e4gliche Stretching-, Aqua-Gym- und Pilates- Kurse (Montag bis Freitag) Gastlichkeit: Parkplatz, Tennisplatz.<\/li>\n<li><strong>Komfort:<\/strong> Highspeed-WLAN und Sat-TV im Zimmer. SKY Sport im Lesesaal.<\/li>\n<li><strong>Zug\u00e4nglichkeit:<\/strong> Barrierefreie Zimmer und B\u00e4der.<\/li>\n<li><strong>Unterhaltung:<\/strong> Begr\u00fc\u00dfungsgetr\u00e4nk, Galadinner, \u00f6nogastronomischer Abend.<\/li>\n<\/ul>\n<h4 style=\"color: #6b2a30;\"><strong>LEISTUNGEN NACH KUNDENANFRAGE<br \/>\n<\/strong><\/h4>\n<ul>\n<li><strong>Sp\u00e4ter check-out<\/strong> \u20ac 50<\/li>\n<li><strong>Zimmerwechsel<\/strong> \u20ac 50<\/li>\n<li>Spakitwechsel \u2013 Bademantel \u20ac 15<\/li>\n<li>Spakitwechsel \u2013 Badehandtuch \u20ac 5<\/li>\n<li><strong>Private Garage<\/strong> \u20ac 20<\/li>\n<li><strong>Zus\u00e4tzliche Mahlzeit<\/strong> \u20ac 40<\/li>\n<li><strong>Zimmerservice, Reiseproviantkorb<\/strong> \u20ac 15<\/li>\n<li><strong>Auto- und Fahrradverleih<\/strong><\/li>\n<li><span style=\"color: #6b2a30;\"><strong>MIT BUS:<\/strong> Private Busreise M\u00fcnchen-Hotel und Zur\u00fcck auf Anfrage: \u20ac 110 pro Person. Eine Fahrt \u20ac 55<\/span><\/li>\n<li><strong>Umgebung:<\/strong> Privattransfer zur Stadt Padua und zur\u00fcck (Samstagnachmittag) \u20ac 5<\/li>\n<li><strong>Cardiofitness Kard:<\/strong> \u20ac 5 pro Tag.<\/li>\n<\/ul>\n<h4 style=\"color: #6b2a30;\"><strong>HAUSTIERE<\/strong><\/h4>\n<p>Ohne Verpflegung 15 \u20ac pro Tag, nur bei der Erdgeschoss-Suite mit Zugang zum Garten m\u00f6glich.<\/p>\n[\/vc_column_text][\/vc_column][\/vc_row]\n<\/section>","protected":false},"excerpt":{"rendered":"<p>[vc_row][vc_column][vc_column_text] U\u0308bergewicht &#8211; Kardio-Gefa\u0308ss-Erkrankungen Prof.ArsenioVeicsteinas.Kardiologe und Sportmediziner.Universita\u0308t Mailand. Behandlungszulassungen Zur Erzielung eines zufriedenstellenden therapeutischen Ergebnisses wird um die Mitarbeit der Ga\u0308ste gebeten. Wir bitten Sie deshalb die letzten Befunde von eventuell durchgefu\u0308hrten klinischen Untersuchun- gen oder Ro\u0308ntgenaufnahmen sowie eine Liste der vom Arzt ver- ordneten Medikamente mitzubringen. &nbsp; Preisliste ErnA\u0308hrung und Fitness Vorbeugung der Kardio-GefA\u0308ss-Erkrankungen:<\/p>\n","protected":false},"author":1,"featured_media":0,"parent":1152,"menu_order":0,"comment_status":"closed","ping_status":"closed","template":"","meta":{"_acf_changed":false,"footnotes":""},"acf":[],"yoast_head":"<!-- This site is optimized with the Yoast SEO plugin v23.5 - https:\/\/yoast.com\/wordpress\/plugins\/seo\/ -->\n<title>Erna\u0308hrung und Fitness<\/title>\n<meta name=\"description\" content=\"Ciclo di cure per il dimagramento studiato da Ermitage Terme in sinergia con l&#039;Universit\u00e0 di Padova. Prenota ora il tuo soggiorno.\" \/>\n<meta name=\"robots\" content=\"index, follow, max-snippet:-1, max-image-preview:large, max-video-preview:-1\" \/>\n<link rel=\"canonical\" href=\"https:\/\/www.ermitageterme.it\/de\/preisliste\/ernahrung-und-fitness\/\" \/>\n<meta property=\"og:locale\" content=\"de_DE\" \/>\n<meta property=\"og:type\" content=\"article\" \/>\n<meta property=\"og:title\" content=\"Erna\u0308hrung und Fitness\" \/>\n<meta property=\"og:description\" content=\"Ciclo di cure per il dimagramento studiato da Ermitage Terme in sinergia con l&#039;Universit\u00e0 di Padova. Prenota ora il tuo soggiorno.\" \/>\n<meta property=\"og:url\" content=\"https:\/\/www.ermitageterme.it\/de\/preisliste\/ernahrung-und-fitness\/\" \/>\n<meta property=\"og:site_name\" content=\"Ermitage Bel Air\" \/>\n<meta property=\"article:modified_time\" content=\"2024-05-17T10:42:21+00:00\" \/>\n<meta name=\"twitter:card\" content=\"summary_large_image\" \/>\n<meta name=\"twitter:label1\" content=\"Gesch\u00e4tzte Lesezeit\" \/>\n\t<meta name=\"twitter:data1\" content=\"3\u00a0Minuten\" \/>\n<script type=\"application\/ld+json\" class=\"yoast-schema-graph\">{\"@context\":\"https:\/\/schema.org\",\"@graph\":[{\"@type\":\"WebPage\",\"@id\":\"https:\/\/www.ermitageterme.it\/de\/preisliste\/ernahrung-und-fitness\/\",\"url\":\"https:\/\/www.ermitageterme.it\/de\/preisliste\/ernahrung-und-fitness\/\",\"name\":\"Erna\u0308hrung und Fitness\",\"isPartOf\":{\"@id\":\"https:\/\/www.ermitageterme.it\/de\/#website\"},\"datePublished\":\"2015-12-18T11:17:51+00:00\",\"dateModified\":\"2024-05-17T10:42:21+00:00\",\"description\":\"Ciclo di cure per il dimagramento studiato da Ermitage Terme in sinergia con l'Universit\u00e0 di Padova. Prenota ora il tuo soggiorno.\",\"breadcrumb\":{\"@id\":\"https:\/\/www.ermitageterme.it\/de\/preisliste\/ernahrung-und-fitness\/#breadcrumb\"},\"inLanguage\":\"de\",\"potentialAction\":[{\"@type\":\"ReadAction\",\"target\":[\"https:\/\/www.ermitageterme.it\/de\/preisliste\/ernahrung-und-fitness\/\"]}]},{\"@type\":\"BreadcrumbList\",\"@id\":\"https:\/\/www.ermitageterme.it\/de\/preisliste\/ernahrung-und-fitness\/#breadcrumb\",\"itemListElement\":[{\"@type\":\"ListItem\",\"position\":1,\"name\":\"Home\",\"item\":\"https:\/\/www.ermitageterme.it\/de\/\"},{\"@type\":\"ListItem\",\"position\":2,\"name\":\"Preisliste\",\"item\":\"https:\/\/www.ermitageterme.it\/de\/preisliste\/\"},{\"@type\":\"ListItem\",\"position\":3,\"name\":\"Erna\u0308hrung und Fitness\"}]},{\"@type\":\"WebSite\",\"@id\":\"https:\/\/www.ermitageterme.it\/de\/#website\",\"url\":\"https:\/\/www.ermitageterme.it\/de\/\",\"name\":\"Ermitage Bel Air\",\"description\":\"Un nuovo sito targato WordPress\",\"potentialAction\":[{\"@type\":\"SearchAction\",\"target\":{\"@type\":\"EntryPoint\",\"urlTemplate\":\"https:\/\/www.ermitageterme.it\/de\/?s={search_term_string}\"},\"query-input\":{\"@type\":\"PropertyValueSpecification\",\"valueRequired\":true,\"valueName\":\"search_term_string\"}}],\"inLanguage\":\"de\"}]}<\/script>\n<!-- \/ Yoast SEO plugin. -->","yoast_head_json":{"title":"Erna\u0308hrung und Fitness","description":"Ciclo di cure per il dimagramento studiato da Ermitage Terme in sinergia con l'Universit\u00e0 di Padova. Prenota ora il tuo soggiorno.","robots":{"index":"index","follow":"follow","max-snippet":"max-snippet:-1","max-image-preview":"max-image-preview:large","max-video-preview":"max-video-preview:-1"},"canonical":"https:\/\/www.ermitageterme.it\/de\/preisliste\/ernahrung-und-fitness\/","og_locale":"de_DE","og_type":"article","og_title":"Erna\u0308hrung und Fitness","og_description":"Ciclo di cure per il dimagramento studiato da Ermitage Terme in sinergia con l'Universit\u00e0 di Padova. Prenota ora il tuo soggiorno.","og_url":"https:\/\/www.ermitageterme.it\/de\/preisliste\/ernahrung-und-fitness\/","og_site_name":"Ermitage Bel Air","article_modified_time":"2024-05-17T10:42:21+00:00","twitter_card":"summary_large_image","twitter_misc":{"Gesch\u00e4tzte Lesezeit":"3\u00a0Minuten"},"schema":{"@context":"https:\/\/schema.org","@graph":[{"@type":"WebPage","@id":"https:\/\/www.ermitageterme.it\/de\/preisliste\/ernahrung-und-fitness\/","url":"https:\/\/www.ermitageterme.it\/de\/preisliste\/ernahrung-und-fitness\/","name":"Erna\u0308hrung und Fitness","isPartOf":{"@id":"https:\/\/www.ermitageterme.it\/de\/#website"},"datePublished":"2015-12-18T11:17:51+00:00","dateModified":"2024-05-17T10:42:21+00:00","description":"Ciclo di cure per il dimagramento studiato da Ermitage Terme in sinergia con l'Universit\u00e0 di Padova. Prenota ora il tuo soggiorno.","breadcrumb":{"@id":"https:\/\/www.ermitageterme.it\/de\/preisliste\/ernahrung-und-fitness\/#breadcrumb"},"inLanguage":"de","potentialAction":[{"@type":"ReadAction","target":["https:\/\/www.ermitageterme.it\/de\/preisliste\/ernahrung-und-fitness\/"]}]},{"@type":"BreadcrumbList","@id":"https:\/\/www.ermitageterme.it\/de\/preisliste\/ernahrung-und-fitness\/#breadcrumb","itemListElement":[{"@type":"ListItem","position":1,"name":"Home","item":"https:\/\/www.ermitageterme.it\/de\/"},{"@type":"ListItem","position":2,"name":"Preisliste","item":"https:\/\/www.ermitageterme.it\/de\/preisliste\/"},{"@type":"ListItem","position":3,"name":"Erna\u0308hrung und Fitness"}]},{"@type":"WebSite","@id":"https:\/\/www.ermitageterme.it\/de\/#website","url":"https:\/\/www.ermitageterme.it\/de\/","name":"Ermitage Bel Air","description":"Un nuovo sito targato WordPress","potentialAction":[{"@type":"SearchAction","target":{"@type":"EntryPoint","urlTemplate":"https:\/\/www.ermitageterme.it\/de\/?s={search_term_string}"},"query-input":{"@type":"PropertyValueSpecification","valueRequired":true,"valueName":"search_term_string"}}],"inLanguage":"de"}]}},"_links":{"self":[{"href":"https:\/\/www.ermitageterme.it\/de\/wp-json\/wp\/v2\/pages\/2322"}],"collection":[{"href":"https:\/\/www.ermitageterme.it\/de\/wp-json\/wp\/v2\/pages"}],"about":[{"href":"https:\/\/www.ermitageterme.it\/de\/wp-json\/wp\/v2\/types\/page"}],"author":[{"embeddable":true,"href":"https:\/\/www.ermitageterme.it\/de\/wp-json\/wp\/v2\/users\/1"}],"replies":[{"embeddable":true,"href":"https:\/\/www.ermitageterme.it\/de\/wp-json\/wp\/v2\/comments?post=2322"}],"version-history":[{"count":5,"href":"https:\/\/www.ermitageterme.it\/de\/wp-json\/wp\/v2\/pages\/2322\/revisions"}],"predecessor-version":[{"id":47204,"href":"https:\/\/www.ermitageterme.it\/de\/wp-json\/wp\/v2\/pages\/2322\/revisions\/47204"}],"up":[{"embeddable":true,"href":"https:\/\/www.ermitageterme.it\/de\/wp-json\/wp\/v2\/pages\/1152"}],"wp:attachment":[{"href":"https:\/\/www.ermitageterme.it\/de\/wp-json\/wp\/v2\/media?parent=2322"}],"curies":[{"name":"wp","href":"https:\/\/api.w.org\/{rel}","templated":true}]}}