{"id":2361,"date":"2015-12-18T12:39:02","date_gmt":"2015-12-18T11:39:02","guid":{"rendered":"\/\/www.ermitageterme.it\/wohlbefinden"},"modified":"2023-03-10T12:32:54","modified_gmt":"2023-03-10T11:32:54","slug":"wohlbefinden","status":"publish","type":"page","link":"https:\/\/www.ermitageterme.it\/de\/preisliste\/wohlbefinden\/","title":{"rendered":"Wohlbefinden"},"content":{"rendered":"<section class=\"wpb-content-wrapper\">[vc_row][vc_column][vc_column_text]\n<h4><span style=\"color: #6b2a30;\">Genuss und Relax<\/span><\/h4>\n<p><strong>Wellness Zentrum, Aut. Nr. 18913 vom 31\/12\/2009.<br \/>\nCaterina Greggio, spezialisiert in Scho\u0308nheitspflege und Massa gebehandlungen.<\/strong><\/p>\n<p>&nbsp;<\/p>\n<h4><span style=\"color: #6b2a30;\">Das Wohlbefinden<\/span><\/h4>\n<h4><span style=\"color: #6b2a30;\">Preiseliste Wellness Behandlungen<\/span><\/h4>\n<table>\n<tbody>\n<tr>\n<td>\u00c4sthetische Ganzk\u00f6rper- oder Anti-Stress-Massage mit \u00e4therischen \u00d6len<\/td>\n<td>60&#8242;<\/td>\n<td>\u20ac 100<\/td>\n<\/tr>\n<tr>\n<td>\u00c4sthetische oder Anti-Stress-Teilk\u00f6rpermassage mit \u00e4therischen \u00d6len<\/td>\n<td>30&#8242;<\/td>\n<td>\u20ac 55<\/td>\n<\/tr>\n<tr>\n<td>\u00c4sthetische Ganzk\u00f6rper-Lymphdrainage<\/td>\n<td>60&#8242;<\/td>\n<td>\u20ac 100<\/td>\n<\/tr>\n<tr>\n<td>Ganzgesichts- oder partiale K\u00f6rper-Lymphdrainage<\/td>\n<td>30&#8242;<\/td>\n<td>\u20ac 55<\/td>\n<\/tr>\n<tr>\n<td>Gesichtslymphdrainage mit individuell abgestimmter Gesichtsmaske<\/td>\n<td>60&#8242;<\/td>\n<td>\u20ac 80<\/td>\n<\/tr>\n<tr>\n<td>Individuelle Anti-Stress-Shiatsu-Behandlung im Thermalwasser<\/td>\n<td>30\u2019<\/td>\n<td>\u20ac 55<\/td>\n<\/tr>\n<tr>\n<td>Individuell angepasste Wasserdampf-Kur: Inhalation + t\u00fcrkisches Dampfbad + Erlebnisdusche<\/td>\n<td>60&#8242;<\/td>\n<td>\u20ac 50<\/td>\n<\/tr>\n<tr>\n<td>Gesichtsreinigung \u201cPrincipi\u201d<\/td>\n<td>60&#8242;<\/td>\n<td>\u20ac 80<\/td>\n<\/tr>\n<tr>\n<td>Anti-Aging-Gesichtspflegeprogram \u201cFeeling Time\u201d<\/td>\n<td>60&#8242;<\/td>\n<td>\u20ac 80<\/td>\n<\/tr>\n<tr>\n<td>Ganzk\u00f6rperpeeling<\/td>\n<td>60&#8242;<\/td>\n<td>\u20ac 90<\/td>\n<\/tr>\n<tr>\n<td>Ganzk\u00f6rper-Toning M.S.B.<\/td>\n<td>60&#8242;<\/td>\n<td>\u20ac 90<\/td>\n<\/tr>\n<tr>\n<td>Bruststraffungsprogramm \u201cCrystals\u201d<\/td>\n<td>60&#8242;<\/td>\n<td>\u20ac 90<\/td>\n<\/tr>\n<tr>\n<td>Manik\u00fcre oder Heilpedik\u00fcre<\/td>\n<td>60&#8242;<\/td>\n<td>\u20ac 50<\/td>\n<\/tr>\n<tr>\n<td>Interner Friseurservice<\/td>\n<td>&#8212;<\/td>\n<td><\/td>\n<\/tr>\n<tr>\n<td>Hammam Peeling<\/td>\n<td>90&#8242;<\/td>\n<td>\u20ac 100<\/td>\n<\/tr>\n<tr>\n<td>Dermo Pure Lift Gesicht oder Ganzk\u00f6rper<\/td>\n<td>90&#8242;<\/td>\n<td>\u20ac 100<\/td>\n<\/tr>\n<tr>\n<td>Dermo Pure Lift Massage<\/td>\n<td>90&#8242;<\/td>\n<td>\u20ac 100<\/td>\n<\/tr>\n<\/tbody>\n<\/table>\n<p>&nbsp;<br \/>\n[\/vc_column_text][\/vc_column][\/vc_row][vc_row][vc_column width=&#8220;1\/2&#8243;][vc_btn title=&#8220;Siehe die Details&#8220; style=&#8220;classic&#8220; size=&#8220;lg&#8220; align=&#8220;left&#8220; link=&#8220;url:https%3A%2F%2Fwww.ermitageterme.it%2Fde%2Fgesundheitsdienste%2Fwohlbefinden%2F%231507218808734-4ffd0d18-4a74|||&#8220; el_id=&#8220;vedi-i-dettagli-del-soggiorno&#8220;][\/vc_column][vc_column width=&#8220;1\/2&#8243;][vc_btn title=&#8220;Informationen anfordern&#8220; style=&#8220;classic&#8220; color=&#8220;juicy-pink&#8220; size=&#8220;lg&#8220; align=&#8220;right&#8220; link=&#8220;url:https%3A%2F%2Fwww.ermitageterme.it%2Fde%2Fanfrage-nach-verfugbarkeit%2F|||&#8220; el_id=&#8220;richiedi-info-dettagli-soggiorno&#8220;][\/vc_column][\/vc_row][vc_row][vc_row][\/vc_row][vc_column][vc_column_text]\n<p>&nbsp;<\/p>\n<h4 style=\"color: #6b2a30;\"><strong>Im Aufenthaltspreis enthaltene Leistungen:<\/strong><\/h4>\n<ul>\n<li><strong>RELAX<\/strong>: Freier Eintritt in das mit Wasserspielen und Erholungskreis ausgestattete Schwimmbad, Bademantel, Badelatschen, Badehandtuch und Haube stehen wa\u0308hrend des Aufenthaltes zur Verfu\u0308gung;<\/li>\n<li><strong>VERSORGUNG<\/strong>: Mo\u0308glichkeit eines Menu\u0308s im Rahmen eines Gesundheitsprogrammes mit Kontrolle des Kalorienverzehrs;<\/li>\n<li><strong>FITNESS<\/strong>: Ta\u0308glich im Angebot Stretching Aqua-Gym und Pilates Kurse;<\/li>\n<li><strong>INTERNET<\/strong>: Internetzugang WI-FI;<\/li>\n<li><strong>SPORT<\/strong>: Tennispla\u0308tze und Reservierung von Golf Green Fees;<\/li>\n<li><strong>UNTERHALTUNG<\/strong>: Musikabende (Sonntag, Dienstag, Donnerstag) kostenloser Transfert nach Padua A\/R (Samstag Nachmittag), Buchung von Stadtfu\u0308hrungen in die nahegelegenen Sta\u0308dte: Venedig,Verona, Ferrara.<\/li>\n<\/ul>\n<p>&nbsp;<\/p>\n<h4 style=\"color: #6b2a30;\"><strong>Leistungen nach Kundenanfrage<br \/>\n<\/strong><\/h4>\n<ul>\n<li><strong>ZIMMERVERFUGUNG<\/strong>: Am Anreisetag ab 14:30 Uhr, am Abreisetag bis 10:00 Uhr. Spa\u0308terer Check-out mit Aufpreis von 50 Euro, Privatgarage 20 Euro proTag;<\/li>\n<li><strong>RESTAURANT<\/strong>: Zusa\u0308tzliche Mahlzeit 38 Euro, Zimmerservice 15 Euro Pro Person, Lunchpacket 15 Euro pro Person;<\/li>\n<li><strong>FREIZEIT<\/strong>: Auto-Fahrradverleih,Reitstunden,Fu\u0308hrungen zu den Kultursta\u0308dten (Venedig,Padua,Ferrara),4 Golfpla\u0308tze nur 10 Minuten vom Hotel erreichbar.<\/li>\n<li><strong>HAUSTIERE<\/strong>: 15 Euro pro Tag, ohne Nahrung, in einem Zimmer im Erdgeschoss wie die Suite.<\/li>\n<\/ul>\n<p>&nbsp;<br \/>\n&nbsp;[\/vc_column_text][\/vc_column][\/vc_row]\n<\/section>","protected":false},"excerpt":{"rendered":"<p>[vc_row][vc_column][vc_column_text] Genuss und Relax Wellness Zentrum, Aut. Nr. 18913 vom 31\/12\/2009. Caterina Greggio, spezialisiert in Scho\u0308nheitspflege und Massa gebehandlungen. &nbsp; Das Wohlbefinden Preiseliste Wellness Behandlungen \u00c4sthetische Ganzk\u00f6rper- oder Anti-Stress-Massage mit \u00e4therischen \u00d6len 60&#8242; \u20ac 100 \u00c4sthetische oder Anti-Stress-Teilk\u00f6rpermassage mit \u00e4therischen \u00d6len 30&#8242; \u20ac 55 \u00c4sthetische Ganzk\u00f6rper-Lymphdrainage 60&#8242; \u20ac 100 Ganzgesichts- oder partiale K\u00f6rper-Lymphdrainage 30&#8242; \u20ac<\/p>\n","protected":false},"author":1,"featured_media":0,"parent":1152,"menu_order":0,"comment_status":"closed","ping_status":"closed","template":"","meta":{"_acf_changed":false,"footnotes":""},"acf":[],"yoast_head":"<!-- This site is optimized with the Yoast SEO plugin v23.5 - https:\/\/yoast.com\/wordpress\/plugins\/seo\/ -->\n<title>Wohlbefinden - GENUSS UND RELAX<\/title>\n<meta name=\"description\" content=\"Ein modernes Beauty Zentrum mit dem Ziel das psychisch-k\u00f6rperliche Gleichgewicht wiederherzustellen; dies erreicht man dank einer optimalen Auswahl von holistischen Behandlungen und nat\u00fcrlichen Kosmetikartikeln.\" \/>\n<meta name=\"robots\" content=\"index, follow, max-snippet:-1, max-image-preview:large, max-video-preview:-1\" \/>\n<link rel=\"canonical\" href=\"https:\/\/www.ermitageterme.it\/de\/preisliste\/wohlbefinden\/\" \/>\n<meta property=\"og:locale\" content=\"de_DE\" \/>\n<meta property=\"og:type\" content=\"article\" \/>\n<meta property=\"og:title\" content=\"Wohlbefinden - GENUSS UND RELAX\" \/>\n<meta property=\"og:description\" content=\"Ein modernes Beauty Zentrum mit dem Ziel das psychisch-k\u00f6rperliche Gleichgewicht wiederherzustellen; dies erreicht man dank einer optimalen Auswahl von holistischen Behandlungen und nat\u00fcrlichen Kosmetikartikeln.\" \/>\n<meta property=\"og:url\" content=\"https:\/\/www.ermitageterme.it\/de\/preisliste\/wohlbefinden\/\" \/>\n<meta property=\"og:site_name\" content=\"Ermitage Bel Air\" \/>\n<meta property=\"article:modified_time\" content=\"2023-03-10T11:32:54+00:00\" \/>\n<meta name=\"twitter:card\" content=\"summary_large_image\" \/>\n<meta name=\"twitter:label1\" content=\"Gesch\u00e4tzte Lesezeit\" \/>\n\t<meta name=\"twitter:data1\" content=\"2\u00a0Minuten\" \/>\n<script type=\"application\/ld+json\" class=\"yoast-schema-graph\">{\"@context\":\"https:\/\/schema.org\",\"@graph\":[{\"@type\":\"WebPage\",\"@id\":\"https:\/\/www.ermitageterme.it\/de\/preisliste\/wohlbefinden\/\",\"url\":\"https:\/\/www.ermitageterme.it\/de\/preisliste\/wohlbefinden\/\",\"name\":\"Wohlbefinden - GENUSS UND RELAX\",\"isPartOf\":{\"@id\":\"https:\/\/www.ermitageterme.it\/de\/#website\"},\"datePublished\":\"2015-12-18T11:39:02+00:00\",\"dateModified\":\"2023-03-10T11:32:54+00:00\",\"description\":\"Ein modernes Beauty Zentrum mit dem Ziel das psychisch-k\u00f6rperliche Gleichgewicht wiederherzustellen; dies erreicht man dank einer optimalen Auswahl von holistischen Behandlungen und nat\u00fcrlichen Kosmetikartikeln.\",\"breadcrumb\":{\"@id\":\"https:\/\/www.ermitageterme.it\/de\/preisliste\/wohlbefinden\/#breadcrumb\"},\"inLanguage\":\"de\",\"potentialAction\":[{\"@type\":\"ReadAction\",\"target\":[\"https:\/\/www.ermitageterme.it\/de\/preisliste\/wohlbefinden\/\"]}]},{\"@type\":\"BreadcrumbList\",\"@id\":\"https:\/\/www.ermitageterme.it\/de\/preisliste\/wohlbefinden\/#breadcrumb\",\"itemListElement\":[{\"@type\":\"ListItem\",\"position\":1,\"name\":\"Home\",\"item\":\"https:\/\/www.ermitageterme.it\/de\/\"},{\"@type\":\"ListItem\",\"position\":2,\"name\":\"Preisliste\",\"item\":\"https:\/\/www.ermitageterme.it\/de\/preisliste\/\"},{\"@type\":\"ListItem\",\"position\":3,\"name\":\"Wohlbefinden\"}]},{\"@type\":\"WebSite\",\"@id\":\"https:\/\/www.ermitageterme.it\/de\/#website\",\"url\":\"https:\/\/www.ermitageterme.it\/de\/\",\"name\":\"Ermitage Bel Air\",\"description\":\"Un nuovo sito targato WordPress\",\"potentialAction\":[{\"@type\":\"SearchAction\",\"target\":{\"@type\":\"EntryPoint\",\"urlTemplate\":\"https:\/\/www.ermitageterme.it\/de\/?s={search_term_string}\"},\"query-input\":{\"@type\":\"PropertyValueSpecification\",\"valueRequired\":true,\"valueName\":\"search_term_string\"}}],\"inLanguage\":\"de\"}]}<\/script>\n<!-- \/ Yoast SEO plugin. -->","yoast_head_json":{"title":"Wohlbefinden - GENUSS UND RELAX","description":"Ein modernes Beauty Zentrum mit dem Ziel das psychisch-k\u00f6rperliche Gleichgewicht wiederherzustellen; dies erreicht man dank einer optimalen Auswahl von holistischen Behandlungen und nat\u00fcrlichen Kosmetikartikeln.","robots":{"index":"index","follow":"follow","max-snippet":"max-snippet:-1","max-image-preview":"max-image-preview:large","max-video-preview":"max-video-preview:-1"},"canonical":"https:\/\/www.ermitageterme.it\/de\/preisliste\/wohlbefinden\/","og_locale":"de_DE","og_type":"article","og_title":"Wohlbefinden - GENUSS UND RELAX","og_description":"Ein modernes Beauty Zentrum mit dem Ziel das psychisch-k\u00f6rperliche Gleichgewicht wiederherzustellen; dies erreicht man dank einer optimalen Auswahl von holistischen Behandlungen und nat\u00fcrlichen Kosmetikartikeln.","og_url":"https:\/\/www.ermitageterme.it\/de\/preisliste\/wohlbefinden\/","og_site_name":"Ermitage Bel Air","article_modified_time":"2023-03-10T11:32:54+00:00","twitter_card":"summary_large_image","twitter_misc":{"Gesch\u00e4tzte Lesezeit":"2\u00a0Minuten"},"schema":{"@context":"https:\/\/schema.org","@graph":[{"@type":"WebPage","@id":"https:\/\/www.ermitageterme.it\/de\/preisliste\/wohlbefinden\/","url":"https:\/\/www.ermitageterme.it\/de\/preisliste\/wohlbefinden\/","name":"Wohlbefinden - GENUSS UND RELAX","isPartOf":{"@id":"https:\/\/www.ermitageterme.it\/de\/#website"},"datePublished":"2015-12-18T11:39:02+00:00","dateModified":"2023-03-10T11:32:54+00:00","description":"Ein modernes Beauty Zentrum mit dem Ziel das psychisch-k\u00f6rperliche Gleichgewicht wiederherzustellen; dies erreicht man dank einer optimalen Auswahl von holistischen Behandlungen und nat\u00fcrlichen Kosmetikartikeln.","breadcrumb":{"@id":"https:\/\/www.ermitageterme.it\/de\/preisliste\/wohlbefinden\/#breadcrumb"},"inLanguage":"de","potentialAction":[{"@type":"ReadAction","target":["https:\/\/www.ermitageterme.it\/de\/preisliste\/wohlbefinden\/"]}]},{"@type":"BreadcrumbList","@id":"https:\/\/www.ermitageterme.it\/de\/preisliste\/wohlbefinden\/#breadcrumb","itemListElement":[{"@type":"ListItem","position":1,"name":"Home","item":"https:\/\/www.ermitageterme.it\/de\/"},{"@type":"ListItem","position":2,"name":"Preisliste","item":"https:\/\/www.ermitageterme.it\/de\/preisliste\/"},{"@type":"ListItem","position":3,"name":"Wohlbefinden"}]},{"@type":"WebSite","@id":"https:\/\/www.ermitageterme.it\/de\/#website","url":"https:\/\/www.ermitageterme.it\/de\/","name":"Ermitage Bel Air","description":"Un nuovo sito targato WordPress","potentialAction":[{"@type":"SearchAction","target":{"@type":"EntryPoint","urlTemplate":"https:\/\/www.ermitageterme.it\/de\/?s={search_term_string}"},"query-input":{"@type":"PropertyValueSpecification","valueRequired":true,"valueName":"search_term_string"}}],"inLanguage":"de"}]}},"_links":{"self":[{"href":"https:\/\/www.ermitageterme.it\/de\/wp-json\/wp\/v2\/pages\/2361"}],"collection":[{"href":"https:\/\/www.ermitageterme.it\/de\/wp-json\/wp\/v2\/pages"}],"about":[{"href":"https:\/\/www.ermitageterme.it\/de\/wp-json\/wp\/v2\/types\/page"}],"author":[{"embeddable":true,"href":"https:\/\/www.ermitageterme.it\/de\/wp-json\/wp\/v2\/users\/1"}],"replies":[{"embeddable":true,"href":"https:\/\/www.ermitageterme.it\/de\/wp-json\/wp\/v2\/comments?post=2361"}],"version-history":[{"count":2,"href":"https:\/\/www.ermitageterme.it\/de\/wp-json\/wp\/v2\/pages\/2361\/revisions"}],"predecessor-version":[{"id":42310,"href":"https:\/\/www.ermitageterme.it\/de\/wp-json\/wp\/v2\/pages\/2361\/revisions\/42310"}],"up":[{"embeddable":true,"href":"https:\/\/www.ermitageterme.it\/de\/wp-json\/wp\/v2\/pages\/1152"}],"wp:attachment":[{"href":"https:\/\/www.ermitageterme.it\/de\/wp-json\/wp\/v2\/media?parent=2361"}],"curies":[{"name":"wp","href":"https:\/\/api.w.org\/{rel}","templated":true}]}}