{"id":3554,"date":"2017-02-24T15:57:10","date_gmt":"2017-02-24T14:57:10","guid":{"rendered":"\/\/www.ermitageterme.it\/neurologie"},"modified":"2025-08-22T11:39:26","modified_gmt":"2025-08-22T09:39:26","slug":"neurologie","status":"publish","type":"page","link":"https:\/\/www.ermitageterme.it\/de\/preisliste\/neurologie\/","title":{"rendered":"Neurologie"},"content":{"rendered":"<h4 style=\"color: #6b2a30;\">Neurologie:<\/h4>\n<p><strong>Facharztpraxis fu\u0308r Rehabiliation und Ko\u0308rpermedizin Aut.Nr. 4067 vom 16\/08\/2002. Ein Facha\u0308rztezentrum fu\u0308r Rehabilitation und Ko\u0308rpermedizin. Fu\u0308r die ko\u0308rperliche Erholung nach Verletzungen, chirurgischen Eingriffen, Degenerations-Systemerkrankungen, welche die Bewegungsfreiheit beschra\u0308nken. <\/strong><\/p>\n<p><strong>GESUNDHEITSLEITUNG<\/strong><br \/>\nDr. Simone Bernardini Facharzt in Physiatrie<\/p>\n<p><strong>SPEZIALIST IN DER ORTHOPA\u0308DISCHEN CHIRURGIE: <\/strong><br \/>\nDott. Angelo Rioda Facharzt Orthopa\u0308die<\/p>\n<p>&nbsp;<\/p>\n<h4 style=\"color: #6b2a30;\">Neurologie:<\/h4>\n<h4 style=\"color: #6b2a30;\">Preisliste Neurologische Rehabilitation<\/h4>\n<p>&nbsp;<\/p>\n<table>\n<tbody>\n<tr>\n<td>Physiatrische Beratung durch einen Facharzt f\u00fcr physikalische Rehabilitationsmedizin (zur Festlegung des individuellen Rehabilitationsplans erforderlich)<\/td>\n<td>&#8212;<\/td>\n<td>\u20ac 150<\/td>\n<\/tr>\n<tr>\n<td>Zweite fach\u00e4rztliche Beratung zur Kontrolle (innerhalb von 3 Monaten nach der Erstuntersuchung)<\/td>\n<td>&#8212;<\/td>\n<td>\u20ac 70<\/td>\n<\/tr>\n<tr>\n<td>PC-Ultraschall des Bewegungsapparates<\/td>\n<td>&#8212;<\/td>\n<td>\u20ac 90<\/td>\n<\/tr>\n<tr>\n<td>Fach\u00e4rztliche Beratung + PC-Ultraschall<\/td>\n<td>&#8212;<\/td>\n<td>\u20ac 190<\/td>\n<\/tr>\n<tr>\n<td>Bewertung der motorischen und neuromotorischen Funktion mit dem High-Tech-System \u201eMovendo Technology\u201c des Roboters hunova\u00ae<\/td>\n<td>&#8212;<\/td>\n<td>\u20ac 60<\/td>\n<\/tr>\n<tr>\n<td>Beratung durch einen Facharzt f\u00fcr Neurologie<\/td>\n<td>&#8212;<\/td>\n<td>\u20ac 150<\/td>\n<\/tr>\n<tr>\n<td>Neurokognitive Stimulation\/psychologische Betreuung<\/td>\n<td>60\u2019<\/td>\n<td>\u20ac 100<\/td>\n<\/tr>\n<tr>\n<td>Sprachtherapiesitzung<\/td>\n<td>60\u2019<\/td>\n<td>\u20ac 100<\/td>\n<\/tr>\n<tr>\n<td>Individuelle, betreute Physiotherapie oder neuromotorische Rehabilitationssitzung im Thermalwasser<\/td>\n<td>30\u2019<\/td>\n<td>\u20ac 60<\/td>\n<\/tr>\n<tr>\n<td>Individuelle, betreute Physiotherapie oder neuromotorische Rehabilitationssitzung im Thermalwasser<\/td>\n<td>45\u2019<\/td>\n<td>\u20ac 90<\/td>\n<\/tr>\n<tr>\n<td>Individuelle, betreute Physiotherapie oder neuromotorische Rehabilitationssitzung im Thermalwasser<\/td>\n<td>60\u2019<\/td>\n<td>\u20ac 120<\/td>\n<\/tr>\n<tr>\n<td>Individuelle und betreute Physiotherapie<\/td>\n<td>30&#8242;<\/td>\n<td>\u20ac 60<\/td>\n<\/tr>\n<tr>\n<td>Individuelle und betreute Physiotherapie<\/td>\n<td>45&#8242;<\/td>\n<td>\u20ac 90<\/td>\n<\/tr>\n<tr>\n<td>Individuelle und betreute Physiotherapie<\/td>\n<td>60&#8242;<\/td>\n<td>\u20ac 120<\/td>\n<\/tr>\n<tr>\n<td>Physikalischer Therapien: Laser, Elettro, Criotherapie, Ultraschall, Ionoforesi, Kinetec, Magnetotherapie, Bemer, Tecar<\/td>\n<td>15&#8242;<\/td>\n<td>\u20ac 30<\/td>\n<\/tr>\n<tr>\n<td>Physikalischer Therapien: Laser, Elettro, Criotherapie, Ultraschall, Ionoforesi, Kinetec, Magnetotherapie, Bemer, Tecar<\/td>\n<td>30\u2019<\/td>\n<td>\u20ac 60<\/td>\n<\/tr>\n<\/tbody>\n<\/table>\n<h4 style=\"color: #6b2a30;\"><strong>IM AUFENTHALTSPREIS ENTHALTENE LEISTUNGEN:<\/strong><\/h4>\n<ul>\n<li><strong>Wellness<\/strong>: Zugang zur Sauna und zu den Thermalb\u00e4dern, die mit einem Parcours zur En spannung und Wasserspielen ausgestattet sind.<\/li>\n<li><strong>Ein Spa Kit<\/strong>: bei der Ankunft Bademantel, Badehandtuch und -kappe f\u00fcr den ganzen Aufenthalt.<\/li>\n<li><strong>Fitness<\/strong>: T\u00e4gliche Stretching-, Aqua-Gym- und Pilates-Kurse (Montag bis Freitag)<\/li>\n<li><strong>Gastlichkeit<\/strong>: Parkplatz, Tennisplatz<\/li>\n<li><strong>Komfort<\/strong>: Highspeed-WLAN und Sat-TV im Zimmer. SKY Sport im Lesesaal<\/li>\n<li><strong>Zug\u00e4nglichkeit<\/strong>: Barrierefreie Zimmer und B\u00e4der.<\/li>\n<li><strong>Unterhaltung<\/strong>: Begr\u00fc\u00dfungsgetr\u00e4nk, Galadinner, \u00f6nogastronomischer Abend.<\/li>\n<\/ul>\n<h4 style=\"color: #6b2a30;\"><strong>LEISTUNGEN NACH KUNDENANFRAGE:<br \/>\n<\/strong><\/h4>\n<ul>\n<li>Sp\u00e4ter Check-out 50 \u20ac<\/li>\n<li>Zimmerwechsel 50 \u20ac<\/li>\n<li>Spakitwechsel \u2013 Bademantel 15 \u20ac<\/li>\n<li>Spakitwechsel \u2013 Badehandtuch 5 \u20ac<\/li>\n<li>Private Garage 20 \u20ac pro Tag<\/li>\n<li>Zus\u00e4tzliche Mahlzeit \u20ac 40<\/li>\n<li>Zimmerservice, Reiseproviantkorb 15 \u20ac<\/li>\n<li>Auto- und Fahrradverleih<\/li>\n<li><strong>MIT BUS<\/strong>:\u00a0<strong>Bus Transfert pro Person Hin- und R\u00fcckfahrt kosten<\/strong>: Flugh\u00e4fen Venedig \u2013 Hotel \u20ac 120 pro Person.<\/li>\n<li><strong>Private Taxi pro Auto Hin- und R\u00fcckfahrt kosten<\/strong>: Flugh\u00e4fen Venedig \u2013 Hotel \u20ac 260 , Flugh\u00e4fen Treviso \u2013 Hotel \u20ac 290.<\/li>\n<li>Umgebung: Privattransfer zur Stadt Padua und zur\u00fcck (Samstagnachmittag) \u20ac5<\/li>\n<li>\u00a0Cardiofitness Kard \u20ac 5 pro Tag<\/li>\n<\/ul>\n<h4 style=\"color: #6b2a30;\"><strong>HAUSTIERE:<\/strong><\/h4>\n<p>Ohne Verpflegung 15 \u20ac pro Tag, nur bei der Erdgeschoss-Suite mit Zugang zum Garten m\u00f6glich.<\/p>\n<p>&nbsp;<\/p>\n","protected":false},"excerpt":{"rendered":"<p>Neurologie: Facharztpraxis fu\u0308r Rehabiliation und Ko\u0308rpermedizin Aut.Nr. 4067 vom 16\/08\/2002. Ein Facha\u0308rztezentrum fu\u0308r Rehabilitation und Ko\u0308rpermedizin. Fu\u0308r die ko\u0308rperliche Erholung nach Verletzungen, chirurgischen Eingriffen, Degenerations-Systemerkrankungen, welche die Bewegungsfreiheit beschra\u0308nken. GESUNDHEITSLEITUNG Dr. Simone Bernardini Facharzt in Physiatrie SPEZIALIST IN DER ORTHOPA\u0308DISCHEN CHIRURGIE: Dott. Angelo Rioda Facharzt Orthopa\u0308die &nbsp; Neurologie: Preisliste Neurologische Rehabilitation &nbsp; Physiatrische Beratung durch<\/p>\n","protected":false},"author":3,"featured_media":0,"parent":1152,"menu_order":0,"comment_status":"closed","ping_status":"closed","template":"","meta":{"_acf_changed":false,"footnotes":""},"acf":[],"yoast_head":"<!-- This site is optimized with the Yoast SEO plugin v23.5 - https:\/\/yoast.com\/wordpress\/plugins\/seo\/ -->\n<title>Neurologie - Ermitage Bel Air<\/title>\n<meta name=\"robots\" content=\"index, follow, max-snippet:-1, max-image-preview:large, max-video-preview:-1\" \/>\n<link rel=\"canonical\" href=\"https:\/\/www.ermitageterme.it\/de\/preisliste\/neurologie\/\" \/>\n<meta property=\"og:locale\" content=\"de_DE\" \/>\n<meta property=\"og:type\" content=\"article\" \/>\n<meta property=\"og:title\" content=\"Neurologie - Ermitage Bel Air\" \/>\n<meta property=\"og:description\" content=\"Neurologie: Facharztpraxis fu\u0308r Rehabiliation und Ko\u0308rpermedizin Aut.Nr. 4067 vom 16\/08\/2002. Ein Facha\u0308rztezentrum fu\u0308r Rehabilitation und Ko\u0308rpermedizin. Fu\u0308r die ko\u0308rperliche Erholung nach Verletzungen, chirurgischen Eingriffen, Degenerations-Systemerkrankungen, welche die Bewegungsfreiheit beschra\u0308nken. GESUNDHEITSLEITUNG Dr. Simone Bernardini Facharzt in Physiatrie SPEZIALIST IN DER ORTHOPA\u0308DISCHEN CHIRURGIE: Dott. Angelo Rioda Facharzt Orthopa\u0308die &nbsp; Neurologie: Preisliste Neurologische Rehabilitation &nbsp; Physiatrische Beratung durch\" \/>\n<meta property=\"og:url\" content=\"https:\/\/www.ermitageterme.it\/de\/preisliste\/neurologie\/\" \/>\n<meta property=\"og:site_name\" content=\"Ermitage Bel Air\" \/>\n<meta property=\"article:modified_time\" content=\"2025-08-22T09:39:26+00:00\" \/>\n<meta name=\"twitter:card\" content=\"summary_large_image\" \/>\n<meta name=\"twitter:label1\" content=\"Gesch\u00e4tzte Lesezeit\" \/>\n\t<meta name=\"twitter:data1\" content=\"2\u00a0Minuten\" \/>\n<script type=\"application\/ld+json\" class=\"yoast-schema-graph\">{\"@context\":\"https:\/\/schema.org\",\"@graph\":[{\"@type\":\"WebPage\",\"@id\":\"https:\/\/www.ermitageterme.it\/de\/preisliste\/neurologie\/\",\"url\":\"https:\/\/www.ermitageterme.it\/de\/preisliste\/neurologie\/\",\"name\":\"Neurologie - Ermitage Bel Air\",\"isPartOf\":{\"@id\":\"https:\/\/www.ermitageterme.it\/de\/#website\"},\"datePublished\":\"2017-02-24T14:57:10+00:00\",\"dateModified\":\"2025-08-22T09:39:26+00:00\",\"breadcrumb\":{\"@id\":\"https:\/\/www.ermitageterme.it\/de\/preisliste\/neurologie\/#breadcrumb\"},\"inLanguage\":\"de\",\"potentialAction\":[{\"@type\":\"ReadAction\",\"target\":[\"https:\/\/www.ermitageterme.it\/de\/preisliste\/neurologie\/\"]}]},{\"@type\":\"BreadcrumbList\",\"@id\":\"https:\/\/www.ermitageterme.it\/de\/preisliste\/neurologie\/#breadcrumb\",\"itemListElement\":[{\"@type\":\"ListItem\",\"position\":1,\"name\":\"Home\",\"item\":\"https:\/\/www.ermitageterme.it\/de\/\"},{\"@type\":\"ListItem\",\"position\":2,\"name\":\"Preisliste\",\"item\":\"https:\/\/www.ermitageterme.it\/de\/preisliste\/\"},{\"@type\":\"ListItem\",\"position\":3,\"name\":\"Neurologie\"}]},{\"@type\":\"WebSite\",\"@id\":\"https:\/\/www.ermitageterme.it\/de\/#website\",\"url\":\"https:\/\/www.ermitageterme.it\/de\/\",\"name\":\"Ermitage Bel Air\",\"description\":\"Un nuovo sito targato WordPress\",\"potentialAction\":[{\"@type\":\"SearchAction\",\"target\":{\"@type\":\"EntryPoint\",\"urlTemplate\":\"https:\/\/www.ermitageterme.it\/de\/?s={search_term_string}\"},\"query-input\":{\"@type\":\"PropertyValueSpecification\",\"valueRequired\":true,\"valueName\":\"search_term_string\"}}],\"inLanguage\":\"de\"}]}<\/script>\n<!-- \/ Yoast SEO plugin. -->","yoast_head_json":{"title":"Neurologie - Ermitage Bel Air","robots":{"index":"index","follow":"follow","max-snippet":"max-snippet:-1","max-image-preview":"max-image-preview:large","max-video-preview":"max-video-preview:-1"},"canonical":"https:\/\/www.ermitageterme.it\/de\/preisliste\/neurologie\/","og_locale":"de_DE","og_type":"article","og_title":"Neurologie - Ermitage Bel Air","og_description":"Neurologie: Facharztpraxis fu\u0308r Rehabiliation und Ko\u0308rpermedizin Aut.Nr. 4067 vom 16\/08\/2002. Ein Facha\u0308rztezentrum fu\u0308r Rehabilitation und Ko\u0308rpermedizin. Fu\u0308r die ko\u0308rperliche Erholung nach Verletzungen, chirurgischen Eingriffen, Degenerations-Systemerkrankungen, welche die Bewegungsfreiheit beschra\u0308nken. GESUNDHEITSLEITUNG Dr. Simone Bernardini Facharzt in Physiatrie SPEZIALIST IN DER ORTHOPA\u0308DISCHEN CHIRURGIE: Dott. Angelo Rioda Facharzt Orthopa\u0308die &nbsp; Neurologie: Preisliste Neurologische Rehabilitation &nbsp; Physiatrische Beratung durch","og_url":"https:\/\/www.ermitageterme.it\/de\/preisliste\/neurologie\/","og_site_name":"Ermitage Bel Air","article_modified_time":"2025-08-22T09:39:26+00:00","twitter_card":"summary_large_image","twitter_misc":{"Gesch\u00e4tzte Lesezeit":"2\u00a0Minuten"},"schema":{"@context":"https:\/\/schema.org","@graph":[{"@type":"WebPage","@id":"https:\/\/www.ermitageterme.it\/de\/preisliste\/neurologie\/","url":"https:\/\/www.ermitageterme.it\/de\/preisliste\/neurologie\/","name":"Neurologie - Ermitage Bel Air","isPartOf":{"@id":"https:\/\/www.ermitageterme.it\/de\/#website"},"datePublished":"2017-02-24T14:57:10+00:00","dateModified":"2025-08-22T09:39:26+00:00","breadcrumb":{"@id":"https:\/\/www.ermitageterme.it\/de\/preisliste\/neurologie\/#breadcrumb"},"inLanguage":"de","potentialAction":[{"@type":"ReadAction","target":["https:\/\/www.ermitageterme.it\/de\/preisliste\/neurologie\/"]}]},{"@type":"BreadcrumbList","@id":"https:\/\/www.ermitageterme.it\/de\/preisliste\/neurologie\/#breadcrumb","itemListElement":[{"@type":"ListItem","position":1,"name":"Home","item":"https:\/\/www.ermitageterme.it\/de\/"},{"@type":"ListItem","position":2,"name":"Preisliste","item":"https:\/\/www.ermitageterme.it\/de\/preisliste\/"},{"@type":"ListItem","position":3,"name":"Neurologie"}]},{"@type":"WebSite","@id":"https:\/\/www.ermitageterme.it\/de\/#website","url":"https:\/\/www.ermitageterme.it\/de\/","name":"Ermitage Bel Air","description":"Un nuovo sito targato WordPress","potentialAction":[{"@type":"SearchAction","target":{"@type":"EntryPoint","urlTemplate":"https:\/\/www.ermitageterme.it\/de\/?s={search_term_string}"},"query-input":{"@type":"PropertyValueSpecification","valueRequired":true,"valueName":"search_term_string"}}],"inLanguage":"de"}]}},"_links":{"self":[{"href":"https:\/\/www.ermitageterme.it\/de\/wp-json\/wp\/v2\/pages\/3554"}],"collection":[{"href":"https:\/\/www.ermitageterme.it\/de\/wp-json\/wp\/v2\/pages"}],"about":[{"href":"https:\/\/www.ermitageterme.it\/de\/wp-json\/wp\/v2\/types\/page"}],"author":[{"embeddable":true,"href":"https:\/\/www.ermitageterme.it\/de\/wp-json\/wp\/v2\/users\/3"}],"replies":[{"embeddable":true,"href":"https:\/\/www.ermitageterme.it\/de\/wp-json\/wp\/v2\/comments?post=3554"}],"version-history":[{"count":6,"href":"https:\/\/www.ermitageterme.it\/de\/wp-json\/wp\/v2\/pages\/3554\/revisions"}],"predecessor-version":[{"id":52055,"href":"https:\/\/www.ermitageterme.it\/de\/wp-json\/wp\/v2\/pages\/3554\/revisions\/52055"}],"up":[{"embeddable":true,"href":"https:\/\/www.ermitageterme.it\/de\/wp-json\/wp\/v2\/pages\/1152"}],"wp:attachment":[{"href":"https:\/\/www.ermitageterme.it\/de\/wp-json\/wp\/v2\/media?parent=3554"}],"curies":[{"name":"wp","href":"https:\/\/api.w.org\/{rel}","templated":true}]}}