{"id":3555,"date":"2017-02-24T15:57:27","date_gmt":"2017-02-24T14:57:27","guid":{"rendered":"\/\/www.ermitageterme.it\/lymphologie"},"modified":"2025-08-22T12:17:17","modified_gmt":"2025-08-22T10:17:17","slug":"lymphologie","status":"publish","type":"page","link":"https:\/\/www.ermitageterme.it\/de\/preisliste\/lymphologie\/","title":{"rendered":"Lymphologie"},"content":{"rendered":"<h4 style=\"color: #6b2a30;\">Lymphologie<\/h4>\n<p><strong>Facharztpraxis fu\u0308r Rehabiliation und Ko\u0308rpermedizin Aut.Nr. 4067 vom 16\/08\/2002. Ein Facha\u0308rztezentrum fu\u0308r Rehabilitation und Ko\u0308rpermedizin. Fu\u0308r die ko\u0308rperliche Erholung nach Verletzungen, chirurgischen Eingriffen, Degenerations-Systemerkrankungen, welche die Bewegungsfreiheit beschra\u0308nken.<\/strong><\/p>\n<p><strong>GESUNDHEITSLEITUNG<\/strong><br \/>\nDr. Simone Bernardini Fachartz f\u00fcr Physiologie<\/p>\n<p><strong>SPEZIALIST IN DER ORTHOPA\u0308DISCHEN CHIRURGIE: <\/strong><br \/>\nDr. Angelo Rioda Facharzt Orthopa\u0308die<\/p>\n<h4 style=\"color: #6b2a30;\">Lymphologie:<\/h4>\n<h4 style=\"color: #6b2a30;\">Preisliste Lymph Rehabilitation<\/h4>\n<table>\n<tbody>\n<tr>\n<td>Physiatrische Beratung durch einen Facharzt f\u00fcr physikalische Rehabilitationsmedizin (zur Festlegung des individuellen Rehabilitationsplans erforderlich)<\/td>\n<td>&#8212;<\/td>\n<td>\u20ac 150<\/td>\n<\/tr>\n<tr>\n<td>Zweite fach\u00e4rztliche Beratung zur Kontrolle (innerhalb von 3 Monaten nach der Erstuntersuchung)<\/td>\n<td>&#8212;<\/td>\n<td>\u20ac 70<\/td>\n<\/tr>\n<tr>\n<td>PC-Ultraschall des Bewegungsapparates<\/td>\n<td>&#8212;<\/td>\n<td>\u20ac 90<\/td>\n<\/tr>\n<tr>\n<td>Fach\u00e4rztliche Beratung und computergest\u00fctzter Ultraschall<\/td>\n<td>&#8212;<\/td>\n<td>\u20ac 190<\/td>\n<\/tr>\n<tr>\n<td>Bewertung der motorischen und neuromotorischen Funktion mit dem High-Tech-System \u201eMovendo Technology\u201c des Roboters hunova\u00ae<\/td>\n<td>&#8212;<\/td>\n<td>\u20ac 60<\/td>\n<\/tr>\n<tr>\n<td>Beratung durch einen Facharzt f\u00fcr Lymphologie<\/td>\n<td>&#8212;<\/td>\n<td>\u20ac 150<\/td>\n<\/tr>\n<tr>\n<td>Therapeutische manuelle Lymphdrainage nach der \u201eOriginal Vodder Methode\u201c<\/td>\n<td>30\u2019<\/td>\n<td>\u20ac 60<\/td>\n<\/tr>\n<tr>\n<td>Therapeutische manuelle Lymphdrainage nach der \u201eOriginal Vodder Methode\u201c<\/td>\n<td>45\u2019<\/td>\n<td>\u20ac 90<\/td>\n<\/tr>\n<tr>\n<td>Therapeutische manuelle Lymphdrainage nach der \u201eOriginal Vodder Methode\u201c<\/td>\n<td>60\u2019<\/td>\n<td>\u20ac 120<\/td>\n<\/tr>\n<tr>\n<td>Mehrschichtiger Kompressionsverband zur Nachbehandlung<\/td>\n<td>&#8212;<\/td>\n<td>\u20ac 40<\/td>\n<\/tr>\n<tr>\n<td>Verbandskontrolle<\/td>\n<td>&#8212;<\/td>\n<td>\u20ac 20<\/td>\n<\/tr>\n<tr>\n<td>Individuelle, betreute Physiotherapie oder neuromotorische Rehabilitationssitzung im Thermalwasser<\/td>\n<td>30\u2019<\/td>\n<td>\u20ac 60<\/td>\n<\/tr>\n<tr>\n<td>Individuelle, betreute Physiotherapie oder neuromotorische Rehabilitationssitzung im Thermalwasser<\/td>\n<td>45\u2019<\/td>\n<td>\u20ac 90<\/td>\n<\/tr>\n<tr>\n<td>Individuelle, betreute Physiotherapie oder neuromotorische Rehabilitationssitzung im Thermalwasser<\/td>\n<td>60\u2019<\/td>\n<td>\u20ac 120<\/td>\n<\/tr>\n<tr>\n<td>Individuelle und betreute Physiotherapie<\/td>\n<td>30&#8242;<\/td>\n<td>\u20ac 60<\/td>\n<\/tr>\n<tr>\n<td>Individuelle und betreute Physiotherapie<\/td>\n<td>45&#8242;<\/td>\n<td>\u20ac 90<\/td>\n<\/tr>\n<tr>\n<td>Individuelle und betreute Physiotherapie<\/td>\n<td>60&#8242;<\/td>\n<td>\u20ac 120<\/td>\n<\/tr>\n<tr>\n<td>Physikalischer Therapien: Laser, Elettro, Criotherapie, Ultraschall, Ionoforesi, Kinetec, Magnetotherapie, Bemer, Tecar<\/td>\n<td>15&#8242;<\/td>\n<td>\u20ac 30<\/td>\n<\/tr>\n<tr>\n<td>Physikalischer Therapien: Laser, Elettro, Criotherapie, Ultraschall, Ionoforesi, Kinetec, Magnetotherapie, Bemer, Tecar<\/td>\n<td>30\u2019<\/td>\n<td>\u20ac 60<\/td>\n<\/tr>\n<\/tbody>\n<\/table>\n<h4 style=\"color: #6b2a30;\"><strong>IM AUFENTHALTSPREIS ENTHALTENE LEISTUNGEN:\u00a0<\/strong><\/h4>\n<ul>\n<li><strong>Wellness:<\/strong>\u00a0Zugang zur Sauna und zu den Thermalb\u00e4dern, die mit einem Parcours zur Entspannung und Wasserspielen ausgestattet sind.<\/li>\n<li><strong>Ein Spa Kit:<\/strong>\u00a0bei der Ankunft Bademantel, Badehandtuch und -kappe f\u00fcr den ganzen Aufenthalt<\/li>\n<li><strong>Fitness:<\/strong>\u00a0t\u00e4gliche Stretching-, Aqua-Gym- und Pilates-Kurse (Montag bis Freitag).<\/li>\n<li><strong>Gastlichkeit:<\/strong>\u00a0Parkplatz, Tennisplatz Reservierung von Golf-Green-Fees.<\/li>\n<li><strong>Komfort:<\/strong>\u00a0Highspeed\u2013WLAN und Satellitenfernsehen im Zimmer: SKY Sports im Lesesaal.<\/li>\n<li><strong>Zug\u00e4nglichkeit:<\/strong>\u00a0Barrierefreie Zimmer und B\u00e4der.<\/li>\n<li><strong>Unterhaltung:<\/strong>\u00a0Begr\u00fc\u00dfungsgetr\u00e4nk, Galadinner, \u00f6nogastronomischer Abend.<\/li>\n<\/ul>\n<h4 style=\"color: #6b2a30;\"><strong>LEISTUNGEN NACH KUNDENANFRAGE:<br \/>\n<\/strong><\/h4>\n<ul>\n<li><strong>Sp\u00e4ter Check-out<\/strong>\u00a0\u20ac 50<\/li>\n<li><strong>Zimmerwechsel<\/strong>\u00a0\u20ac 50<\/li>\n<li>Spakitwechsel \u2013 Bademantel \u20ac 15<\/li>\n<li>Spakitwechsel \u2013 Badehandtuch \u20ac 5<\/li>\n<li><strong>Private Garage<\/strong>\u00a0\u20ac 20 pro Tag<\/li>\n<li><strong>Zus\u00e4tzliche Mahlzeit<\/strong>\u00a0\u20ac 40<\/li>\n<li><strong>Zimmerservice, Reiseproviantkorb<\/strong>\u00a0\u20ac 15<\/li>\n<li><strong>Auto- und Fahrradverleih, Golf Green Fee<\/strong><\/li>\n<li><strong>MIT BUS:\u00a0<\/strong><strong>Bus Transfert pro Person Hin- und R\u00fcckfahrt kosten<\/strong>: Flugh\u00e4fen Venedig \u2013 Hotel \u20ac 120<\/li>\n<li><strong>Private Taxi pro Auto Hin- und R\u00fcckfahrt kosten<\/strong>: Flugh\u00e4fen Venedig \u2013 Hotel \u20ac 260, Flugh\u00e4fen Treviso \u2013 Hotel \u20ac 290<\/li>\n<li><strong>Umgebung:<\/strong>\u00a0Privattransfer zur Stadt Padua und zur\u00fcck (Samstagnachmittag) \u20ac 5<\/li>\n<li><strong>Cardiofitness Kard:<\/strong>\u00a0\u20ac 5 pro Tag<\/li>\n<\/ul>\n<h4 style=\"color: #6b2a30;\"><strong>HAUSTIERE:<\/strong><\/h4>\n<p>Ohne Verpflegung 15 \u20ac pro Tag, nur bei der Erdgeschoss-Suite mit Zugang zum Garten m\u00f6glich<\/p>\n","protected":false},"excerpt":{"rendered":"<p>Lymphologie Facharztpraxis fu\u0308r Rehabiliation und Ko\u0308rpermedizin Aut.Nr. 4067 vom 16\/08\/2002. Ein Facha\u0308rztezentrum fu\u0308r Rehabilitation und Ko\u0308rpermedizin. Fu\u0308r die ko\u0308rperliche Erholung nach Verletzungen, chirurgischen Eingriffen, Degenerations-Systemerkrankungen, welche die Bewegungsfreiheit beschra\u0308nken. GESUNDHEITSLEITUNG Dr. Simone Bernardini Fachartz f\u00fcr Physiologie SPEZIALIST IN DER ORTHOPA\u0308DISCHEN CHIRURGIE: Dr. Angelo Rioda Facharzt Orthopa\u0308die Lymphologie: Preisliste Lymph Rehabilitation Physiatrische Beratung durch einen Facharzt<\/p>\n","protected":false},"author":3,"featured_media":0,"parent":1152,"menu_order":0,"comment_status":"closed","ping_status":"closed","template":"","meta":{"_acf_changed":false,"footnotes":""},"acf":[],"yoast_head":"<!-- This site is optimized with the Yoast SEO plugin v23.5 - https:\/\/yoast.com\/wordpress\/plugins\/seo\/ -->\n<title>Lymphdrainage kosten - Lymphologie Abano Terme - Ermitage Bel Air<\/title>\n<meta name=\"description\" content=\"Lymphdrainage Abano Terme. Entdecken Sie unser Medical Hotel in Abano Terme. Lymphdrainage kosten.\" \/>\n<meta name=\"robots\" content=\"index, follow, max-snippet:-1, max-image-preview:large, max-video-preview:-1\" \/>\n<link rel=\"canonical\" href=\"https:\/\/www.ermitageterme.it\/de\/preisliste\/lymphologie\/\" \/>\n<meta property=\"og:locale\" content=\"de_DE\" \/>\n<meta property=\"og:type\" content=\"article\" \/>\n<meta property=\"og:title\" content=\"Lymphdrainage kosten - Lymphologie Abano Terme - Ermitage Bel Air\" \/>\n<meta property=\"og:description\" content=\"Lymphdrainage Abano Terme. Entdecken Sie unser Medical Hotel in Abano Terme. Lymphdrainage kosten.\" \/>\n<meta property=\"og:url\" content=\"https:\/\/www.ermitageterme.it\/de\/preisliste\/lymphologie\/\" \/>\n<meta property=\"og:site_name\" content=\"Ermitage Bel Air\" \/>\n<meta property=\"article:modified_time\" content=\"2025-08-22T10:17:17+00:00\" \/>\n<meta name=\"twitter:card\" content=\"summary_large_image\" \/>\n<meta name=\"twitter:label1\" content=\"Gesch\u00e4tzte Lesezeit\" \/>\n\t<meta name=\"twitter:data1\" content=\"3\u00a0Minuten\" \/>\n<script type=\"application\/ld+json\" class=\"yoast-schema-graph\">{\"@context\":\"https:\/\/schema.org\",\"@graph\":[{\"@type\":\"WebPage\",\"@id\":\"https:\/\/www.ermitageterme.it\/de\/preisliste\/lymphologie\/\",\"url\":\"https:\/\/www.ermitageterme.it\/de\/preisliste\/lymphologie\/\",\"name\":\"Lymphdrainage kosten - Lymphologie Abano Terme - Ermitage Bel Air\",\"isPartOf\":{\"@id\":\"https:\/\/www.ermitageterme.it\/de\/#website\"},\"datePublished\":\"2017-02-24T14:57:27+00:00\",\"dateModified\":\"2025-08-22T10:17:17+00:00\",\"description\":\"Lymphdrainage Abano Terme. Entdecken Sie unser Medical Hotel in Abano Terme. Lymphdrainage kosten.\",\"breadcrumb\":{\"@id\":\"https:\/\/www.ermitageterme.it\/de\/preisliste\/lymphologie\/#breadcrumb\"},\"inLanguage\":\"de\",\"potentialAction\":[{\"@type\":\"ReadAction\",\"target\":[\"https:\/\/www.ermitageterme.it\/de\/preisliste\/lymphologie\/\"]}]},{\"@type\":\"BreadcrumbList\",\"@id\":\"https:\/\/www.ermitageterme.it\/de\/preisliste\/lymphologie\/#breadcrumb\",\"itemListElement\":[{\"@type\":\"ListItem\",\"position\":1,\"name\":\"Home\",\"item\":\"https:\/\/www.ermitageterme.it\/de\/\"},{\"@type\":\"ListItem\",\"position\":2,\"name\":\"Preisliste\",\"item\":\"https:\/\/www.ermitageterme.it\/de\/preisliste\/\"},{\"@type\":\"ListItem\",\"position\":3,\"name\":\"Lymphologie\"}]},{\"@type\":\"WebSite\",\"@id\":\"https:\/\/www.ermitageterme.it\/de\/#website\",\"url\":\"https:\/\/www.ermitageterme.it\/de\/\",\"name\":\"Ermitage Bel Air\",\"description\":\"Un nuovo sito targato WordPress\",\"potentialAction\":[{\"@type\":\"SearchAction\",\"target\":{\"@type\":\"EntryPoint\",\"urlTemplate\":\"https:\/\/www.ermitageterme.it\/de\/?s={search_term_string}\"},\"query-input\":{\"@type\":\"PropertyValueSpecification\",\"valueRequired\":true,\"valueName\":\"search_term_string\"}}],\"inLanguage\":\"de\"}]}<\/script>\n<!-- \/ Yoast SEO plugin. -->","yoast_head_json":{"title":"Lymphdrainage kosten - Lymphologie Abano Terme - Ermitage Bel Air","description":"Lymphdrainage Abano Terme. Entdecken Sie unser Medical Hotel in Abano Terme. Lymphdrainage kosten.","robots":{"index":"index","follow":"follow","max-snippet":"max-snippet:-1","max-image-preview":"max-image-preview:large","max-video-preview":"max-video-preview:-1"},"canonical":"https:\/\/www.ermitageterme.it\/de\/preisliste\/lymphologie\/","og_locale":"de_DE","og_type":"article","og_title":"Lymphdrainage kosten - Lymphologie Abano Terme - Ermitage Bel Air","og_description":"Lymphdrainage Abano Terme. Entdecken Sie unser Medical Hotel in Abano Terme. Lymphdrainage kosten.","og_url":"https:\/\/www.ermitageterme.it\/de\/preisliste\/lymphologie\/","og_site_name":"Ermitage Bel Air","article_modified_time":"2025-08-22T10:17:17+00:00","twitter_card":"summary_large_image","twitter_misc":{"Gesch\u00e4tzte Lesezeit":"3\u00a0Minuten"},"schema":{"@context":"https:\/\/schema.org","@graph":[{"@type":"WebPage","@id":"https:\/\/www.ermitageterme.it\/de\/preisliste\/lymphologie\/","url":"https:\/\/www.ermitageterme.it\/de\/preisliste\/lymphologie\/","name":"Lymphdrainage kosten - Lymphologie Abano Terme - Ermitage Bel Air","isPartOf":{"@id":"https:\/\/www.ermitageterme.it\/de\/#website"},"datePublished":"2017-02-24T14:57:27+00:00","dateModified":"2025-08-22T10:17:17+00:00","description":"Lymphdrainage Abano Terme. Entdecken Sie unser Medical Hotel in Abano Terme. Lymphdrainage kosten.","breadcrumb":{"@id":"https:\/\/www.ermitageterme.it\/de\/preisliste\/lymphologie\/#breadcrumb"},"inLanguage":"de","potentialAction":[{"@type":"ReadAction","target":["https:\/\/www.ermitageterme.it\/de\/preisliste\/lymphologie\/"]}]},{"@type":"BreadcrumbList","@id":"https:\/\/www.ermitageterme.it\/de\/preisliste\/lymphologie\/#breadcrumb","itemListElement":[{"@type":"ListItem","position":1,"name":"Home","item":"https:\/\/www.ermitageterme.it\/de\/"},{"@type":"ListItem","position":2,"name":"Preisliste","item":"https:\/\/www.ermitageterme.it\/de\/preisliste\/"},{"@type":"ListItem","position":3,"name":"Lymphologie"}]},{"@type":"WebSite","@id":"https:\/\/www.ermitageterme.it\/de\/#website","url":"https:\/\/www.ermitageterme.it\/de\/","name":"Ermitage Bel Air","description":"Un nuovo sito targato WordPress","potentialAction":[{"@type":"SearchAction","target":{"@type":"EntryPoint","urlTemplate":"https:\/\/www.ermitageterme.it\/de\/?s={search_term_string}"},"query-input":{"@type":"PropertyValueSpecification","valueRequired":true,"valueName":"search_term_string"}}],"inLanguage":"de"}]}},"_links":{"self":[{"href":"https:\/\/www.ermitageterme.it\/de\/wp-json\/wp\/v2\/pages\/3555"}],"collection":[{"href":"https:\/\/www.ermitageterme.it\/de\/wp-json\/wp\/v2\/pages"}],"about":[{"href":"https:\/\/www.ermitageterme.it\/de\/wp-json\/wp\/v2\/types\/page"}],"author":[{"embeddable":true,"href":"https:\/\/www.ermitageterme.it\/de\/wp-json\/wp\/v2\/users\/3"}],"replies":[{"embeddable":true,"href":"https:\/\/www.ermitageterme.it\/de\/wp-json\/wp\/v2\/comments?post=3555"}],"version-history":[{"count":5,"href":"https:\/\/www.ermitageterme.it\/de\/wp-json\/wp\/v2\/pages\/3555\/revisions"}],"predecessor-version":[{"id":52059,"href":"https:\/\/www.ermitageterme.it\/de\/wp-json\/wp\/v2\/pages\/3555\/revisions\/52059"}],"up":[{"embeddable":true,"href":"https:\/\/www.ermitageterme.it\/de\/wp-json\/wp\/v2\/pages\/1152"}],"wp:attachment":[{"href":"https:\/\/www.ermitageterme.it\/de\/wp-json\/wp\/v2\/media?parent=3555"}],"curies":[{"name":"wp","href":"https:\/\/api.w.org\/{rel}","templated":true}]}}