{"id":683,"date":"2015-09-15T12:55:03","date_gmt":"2015-09-15T10:55:03","guid":{"rendered":"\/\/www.ermitageterme.it\/home"},"modified":"2022-09-13T11:01:40","modified_gmt":"2022-09-13T09:01:40","slug":"home","status":"publish","type":"page","link":"https:\/\/www.ermitageterme.it\/de\/","title":{"rendered":"Home de"},"content":{"rendered":"<h1 style=\"text-align: center;\">HOTEL 4 STERNE IN ABANO TERME<\/h1>\n<p>Das <strong>Ermitage Bel Air ist ein 4-Sterne Medical Hotel<\/strong> mit Thermalbad und einem fachmedizinischen Zentrum f\u00fcr Rehabilitation und physikalische Medizin, welches sich auf dem Hotelgel\u00e4nde befindet. Das Hotel befindet sich in Monteortone einen Kilometer vom ber\u00fchmten Kurort <strong>Abano Terme<\/strong> entfernt. Das Vier-Sterne-Hotel Ermitage Bel Air bietet Aufenthalts- und Behandlungsprogramme an, bei denen klassische Spa-Behandlungen mit medizinischen Behandlungen zur Vorbeugung von <a href=\"\/de\/gesundheitsdienste\/gewichtsverlust-und-lebensstil\/\">Herz-Kreislauf-Erkrankungen<\/a> und zur k\u00f6rperlichen <a href=\"\/de\/gesundheitsdienste\/physische-rehabilitation\/\">Rehabilitation<\/a> kombiniert werden k\u00f6nnen.<\/p>\n<p style=\"text-align: center;\"><a class=\"toggler\">Lesen Sie mehr<\/a><\/p>\n<div class=\"field field-name-field-descrizione-nascosta field-type-text-with-summary field-label-hidden view-mode-full\">Alle Unterk\u00fcnfte und Wellnessangebote sind f\u00fcr Behinderte leicht und uneingeschr\u00e4nkt zug\u00e4nglich. Die k\u00f6rperliche Rehabilitation ist speziell auf die motorische <a href=\"\/de\/preise\/programme-de\/physische-rehabilitation-de\/orthopaedie\/\">Erholung bei orthop\u00e4dischen<\/a> (durch H\u00fcft- und Knieprothesen, Traumata und chirurgischer Eingriffe) oder neurologischen Erkrankungen wie Parkinson und Schlaganfall ausgerichtet. Ein weiterer Bereich ist der Behandlung von prim\u00e4ren und sekund\u00e4ren <a href=\"\/de\/preise\/programme-de\/physische-rehabilitation-de\/lymphologie-physikalische-rehabilitation-de\/\">Lymph\u00f6demen gewidmet<\/a>. Der Bereich Pr\u00e4vention widmet sich stattdessen der Vorbeugung und Reduzierung der mit einem kardiovaskul\u00e4ren Risiko verbunden Hauptfaktoren wie z. B. \u00dcbergewicht, Cholesterin, Typ-2-Diabetes und ein schlechter Lebensstil. Das Ermitage Medical Hotel ist der beste Partner f\u00fcr Ihren Gesundheitsurlaub und wurde sowohl 2017 als auch 2018 zum besten behindertengerechten Hotel in Italien gew\u00e4hlt. Au\u00dferdem steht ein <a href=\"\/de\/gesundheitsdienste\/unbeschwerte-aufenthalte-fuer-senioren-bereich\/\">Seniorenbereich<\/a> mit Programmen zur Verf\u00fcgung, die sich der Autonomie und dem aktiven Leben der Senior-G\u00e4ste widmen. Vergn\u00fcgen und Gesundheit in einem sicheren Umfeld, die ein aktives Leben in jedem Alter f\u00f6rdert.<\/div>\n<p style=\"text-align: center;\"><a class=\"toggler1\">Schlie\u00dfen<\/a><\/p>\n","protected":false},"excerpt":{"rendered":"<p>HOTEL 4 STERNE IN ABANO TERME Das Ermitage Bel Air ist ein 4-Sterne Medical Hotel mit Thermalbad und einem fachmedizinischen Zentrum f\u00fcr Rehabilitation und physikalische Medizin, welches sich auf dem Hotelgel\u00e4nde befindet. Das Hotel befindet sich in Monteortone einen Kilometer vom ber\u00fchmten Kurort Abano Terme entfernt. Das Vier-Sterne-Hotel Ermitage Bel Air bietet Aufenthalts- und Behandlungsprogramme<\/p>\n","protected":false},"author":1,"featured_media":0,"parent":0,"menu_order":37,"comment_status":"closed","ping_status":"closed","template":"","meta":{"_acf_changed":false,"footnotes":""},"acf":[],"yoast_head":"<!-- This site is optimized with the Yoast SEO plugin v23.5 - https:\/\/yoast.com\/wordpress\/plugins\/seo\/ -->\n<title>Abano Therme Hotel - 4 Sterne &amp; Spa - Ermitage Bel Air<\/title>\n<meta name=\"description\" content=\"4-Sterne-Hotel Abano Terme. Wochenende: behandlungsprogramme mit kurzen aufenthalten. Unser service: spa und integrierte medicine. Thermenhotel Abano Terme Italien.\" \/>\n<meta name=\"robots\" content=\"index, follow, max-snippet:-1, max-image-preview:large, max-video-preview:-1\" \/>\n<link rel=\"canonical\" href=\"https:\/\/www.ermitageterme.it\/de\/\" \/>\n<meta property=\"og:locale\" content=\"de_DE\" \/>\n<meta property=\"og:type\" content=\"article\" \/>\n<meta property=\"og:title\" content=\"Abano Therme Hotel - 4 Sterne &amp; Spa - Ermitage Bel Air\" \/>\n<meta property=\"og:description\" content=\"4-Sterne-Hotel Abano Terme. Wochenende: behandlungsprogramme mit kurzen aufenthalten. Unser service: spa und integrierte medicine. Thermenhotel Abano Terme Italien.\" \/>\n<meta property=\"og:url\" content=\"https:\/\/www.ermitageterme.it\/de\/\" \/>\n<meta property=\"og:site_name\" content=\"Ermitage Bel Air\" \/>\n<meta property=\"article:modified_time\" content=\"2022-09-13T09:01:40+00:00\" \/>\n<meta name=\"twitter:card\" content=\"summary_large_image\" \/>\n<meta name=\"twitter:label1\" content=\"Gesch\u00e4tzte Lesezeit\" \/>\n\t<meta name=\"twitter:data1\" content=\"1\u00a0Minute\" \/>\n<script type=\"application\/ld+json\" class=\"yoast-schema-graph\">{\"@context\":\"https:\/\/schema.org\",\"@graph\":[{\"@type\":\"WebPage\",\"@id\":\"https:\/\/www.ermitageterme.it\/de\/\",\"url\":\"https:\/\/www.ermitageterme.it\/de\/\",\"name\":\"Abano Therme Hotel - 4 Sterne & Spa - Ermitage Bel Air\",\"isPartOf\":{\"@id\":\"https:\/\/www.ermitageterme.it\/de\/#website\"},\"datePublished\":\"2015-09-15T10:55:03+00:00\",\"dateModified\":\"2022-09-13T09:01:40+00:00\",\"description\":\"4-Sterne-Hotel Abano Terme. Wochenende: behandlungsprogramme mit kurzen aufenthalten. Unser service: spa und integrierte medicine. Thermenhotel Abano Terme Italien.\",\"breadcrumb\":{\"@id\":\"https:\/\/www.ermitageterme.it\/de\/#breadcrumb\"},\"inLanguage\":\"de\",\"potentialAction\":[{\"@type\":\"ReadAction\",\"target\":[\"https:\/\/www.ermitageterme.it\/de\/\"]}]},{\"@type\":\"BreadcrumbList\",\"@id\":\"https:\/\/www.ermitageterme.it\/de\/#breadcrumb\",\"itemListElement\":[{\"@type\":\"ListItem\",\"position\":1,\"name\":\"Home\",\"item\":\"https:\/\/www.ermitageterme.it\/de\/\"},{\"@type\":\"ListItem\",\"position\":2,\"name\":\"Home de\"}]},{\"@type\":\"WebSite\",\"@id\":\"https:\/\/www.ermitageterme.it\/de\/#website\",\"url\":\"https:\/\/www.ermitageterme.it\/de\/\",\"name\":\"Ermitage Bel Air\",\"description\":\"Un nuovo sito targato WordPress\",\"potentialAction\":[{\"@type\":\"SearchAction\",\"target\":{\"@type\":\"EntryPoint\",\"urlTemplate\":\"https:\/\/www.ermitageterme.it\/de\/?s={search_term_string}\"},\"query-input\":{\"@type\":\"PropertyValueSpecification\",\"valueRequired\":true,\"valueName\":\"search_term_string\"}}],\"inLanguage\":\"de\"}]}<\/script>\n<!-- \/ Yoast SEO plugin. -->","yoast_head_json":{"title":"Abano Therme Hotel - 4 Sterne & Spa - Ermitage Bel Air","description":"4-Sterne-Hotel Abano Terme. Wochenende: behandlungsprogramme mit kurzen aufenthalten. Unser service: spa und integrierte medicine. Thermenhotel Abano Terme Italien.","robots":{"index":"index","follow":"follow","max-snippet":"max-snippet:-1","max-image-preview":"max-image-preview:large","max-video-preview":"max-video-preview:-1"},"canonical":"https:\/\/www.ermitageterme.it\/de\/","og_locale":"de_DE","og_type":"article","og_title":"Abano Therme Hotel - 4 Sterne & Spa - Ermitage Bel Air","og_description":"4-Sterne-Hotel Abano Terme. Wochenende: behandlungsprogramme mit kurzen aufenthalten. Unser service: spa und integrierte medicine. Thermenhotel Abano Terme Italien.","og_url":"https:\/\/www.ermitageterme.it\/de\/","og_site_name":"Ermitage Bel Air","article_modified_time":"2022-09-13T09:01:40+00:00","twitter_card":"summary_large_image","twitter_misc":{"Gesch\u00e4tzte Lesezeit":"1\u00a0Minute"},"schema":{"@context":"https:\/\/schema.org","@graph":[{"@type":"WebPage","@id":"https:\/\/www.ermitageterme.it\/de\/","url":"https:\/\/www.ermitageterme.it\/de\/","name":"Abano Therme Hotel - 4 Sterne & Spa - Ermitage Bel Air","isPartOf":{"@id":"https:\/\/www.ermitageterme.it\/de\/#website"},"datePublished":"2015-09-15T10:55:03+00:00","dateModified":"2022-09-13T09:01:40+00:00","description":"4-Sterne-Hotel Abano Terme. Wochenende: behandlungsprogramme mit kurzen aufenthalten. Unser service: spa und integrierte medicine. Thermenhotel Abano Terme Italien.","breadcrumb":{"@id":"https:\/\/www.ermitageterme.it\/de\/#breadcrumb"},"inLanguage":"de","potentialAction":[{"@type":"ReadAction","target":["https:\/\/www.ermitageterme.it\/de\/"]}]},{"@type":"BreadcrumbList","@id":"https:\/\/www.ermitageterme.it\/de\/#breadcrumb","itemListElement":[{"@type":"ListItem","position":1,"name":"Home","item":"https:\/\/www.ermitageterme.it\/de\/"},{"@type":"ListItem","position":2,"name":"Home de"}]},{"@type":"WebSite","@id":"https:\/\/www.ermitageterme.it\/de\/#website","url":"https:\/\/www.ermitageterme.it\/de\/","name":"Ermitage Bel Air","description":"Un nuovo sito targato WordPress","potentialAction":[{"@type":"SearchAction","target":{"@type":"EntryPoint","urlTemplate":"https:\/\/www.ermitageterme.it\/de\/?s={search_term_string}"},"query-input":{"@type":"PropertyValueSpecification","valueRequired":true,"valueName":"search_term_string"}}],"inLanguage":"de"}]}},"_links":{"self":[{"href":"https:\/\/www.ermitageterme.it\/de\/wp-json\/wp\/v2\/pages\/683"}],"collection":[{"href":"https:\/\/www.ermitageterme.it\/de\/wp-json\/wp\/v2\/pages"}],"about":[{"href":"https:\/\/www.ermitageterme.it\/de\/wp-json\/wp\/v2\/types\/page"}],"author":[{"embeddable":true,"href":"https:\/\/www.ermitageterme.it\/de\/wp-json\/wp\/v2\/users\/1"}],"replies":[{"embeddable":true,"href":"https:\/\/www.ermitageterme.it\/de\/wp-json\/wp\/v2\/comments?post=683"}],"version-history":[{"count":0,"href":"https:\/\/www.ermitageterme.it\/de\/wp-json\/wp\/v2\/pages\/683\/revisions"}],"wp:attachment":[{"href":"https:\/\/www.ermitageterme.it\/de\/wp-json\/wp\/v2\/media?parent=683"}],"curies":[{"name":"wp","href":"https:\/\/api.w.org\/{rel}","templated":true}]}}