{"id":957,"date":"2015-09-15T16:50:51","date_gmt":"2015-09-15T14:50:51","guid":{"rendered":"\/\/www.ermitageterme.it\/gewichtsverlust-und-lebensstil"},"modified":"2024-05-17T12:37:05","modified_gmt":"2024-05-17T10:37:05","slug":"gewichtsverlust-und-lebensstil","status":"publish","type":"page","link":"https:\/\/www.ermitageterme.it\/de\/gesundheitsdienste\/gewichtsverlust-und-lebensstil\/","title":{"rendered":"Kardiologische Pr\u00e4vention"},"content":{"rendered":"<section class=\"wpb-content-wrapper\">[vc_row][vc_column][vc_column_text]\n<h3><span class=\"alimentazione titolo-tariffe-supplementi1\">DAS MA\u00df AN WOHLBEFINDEN<\/span><\/h3>\n<div id=\"attachment_10033\" style=\"width: 310px\" class=\"wp-caption alignleft\"><a href=\"\/\/www.ermitageterme.it\/wp-content\/uploads\/2015\/09\/metale-project-279.jpg\"><img decoding=\"async\" aria-describedby=\"caption-attachment-10033\" class=\"wp-image-10033 size-medium\" src=\"\/\/www.ermitageterme.it\/wp-content\/uploads\/2015\/09\/metale-project-279-300x201.jpg\" alt=\"Adipositas Zentrum: abnehmen im urlaub\" width=\"300\" height=\"201\" srcset=\"https:\/\/www.ermitageterme.it\/wp-content\/uploads\/2015\/09\/metale-project-279-300x201.jpg 300w, https:\/\/www.ermitageterme.it\/wp-content\/uploads\/2015\/09\/metale-project-279-768x514.jpg 768w, https:\/\/www.ermitageterme.it\/wp-content\/uploads\/2015\/09\/metale-project-279-1024x685.jpg 1024w, https:\/\/www.ermitageterme.it\/wp-content\/uploads\/2015\/09\/metale-project-279-215x144.jpg 215w, https:\/\/www.ermitageterme.it\/wp-content\/uploads\/2015\/09\/metale-project-279-280x187.jpg 280w, https:\/\/www.ermitageterme.it\/wp-content\/uploads\/2015\/09\/metale-project-279-1366x914.jpg 1366w, https:\/\/www.ermitageterme.it\/wp-content\/uploads\/2015\/09\/metale-project-279.jpg 1600w\" sizes=\"(max-width: 300px) 100vw, 300px\" \/><\/a><p id=\"caption-attachment-10033\" class=\"wp-caption-text\">Adipositas Zentrum: abnehmen im urlaub<\/p><\/div>\n<p>Dank der Zusammenarbeit zwischen dem Rehabilitationszentrum und der Fitnessabteilung garantiert das Ermitage eine individuelle Beratung. Die di\u00e4tetische Untersuchung wird durch eine physiologische Untersuchung erg\u00e4nzt, die Folgendes umfasst: digitale Messung des Grundstoffwechsels und der aeroben Kapazit\u00e4t, Analyse der K\u00f6rperzusammensetzung samt Impedenzometrie und anthropometrischen Messungen. Falls gew\u00fcnscht steht auch ein Service zur h\u00e4matochemischen Analyse zur Verf\u00fcgung. Durch detaillierte Ma\u00dfnahmen k\u00f6nnen wir die Ern\u00e4hrung und das Trainingsprogramm jedes Gastes individuell anpassen, und stellen dem Gast den vollst\u00e4ndigen und objektive Datensatz zu den Ergebnissen, die am Ende des Aufenthalts erzielt wurden, zur Verf\u00fcgung.<\/p>\n<h3><span class=\"alimentazione titolo-tariffe-supplementi1\">ERNA\u0308HRUNG,THERMEN UND FITNESS, SYNERGIEN<\/span><\/h3>\n<p>Klinische Studien, die in Zusammenarbeit mit der Universit\u00e4t Mailand bei uns durchgef\u00fchrt wurden, zeigen eine gesunde Korrelation zwischen Schlammbalneotherapie und dem Fettstoffwechsel. Dank der F\u00e4higkeiten unserer K\u00fcche, der Unterst\u00fctzung von qualifizierten Personal Trainern und der m\u00f6glichen Integration mit thermischen Behandlungen (Balneo-Schlammtherapie und individuelle Wassergymnastik im Thermalwasser) erm\u00f6glichen es Ihnen die Ermitage-Programme, Ihre Fitness zu verbessern, ohne auf das Vergn\u00fcgen durch einen wohlschmeckenden Urlaub zu verzichten. Sie werden mit Sicherheit dauerhafte Ergebnisse erzielen, da diese auf gesunde Weise erreicht werden und sich nicht ausschlie\u00dflich auf das Gewicht, sondern auch auf das metabolische Erwachen, die Reduzierung der Fettmasse und die St\u00e4rkung der aeroben Kapazit\u00e4t auswirken. Der hohe Grad an individueller Anpassung, die Unterst\u00fctzung durch spezialisiertes Personal und die vollst\u00e4ndige Zug\u00e4nglichkeit von Fitnessstudios und Schwimmb\u00e4dern erm\u00f6glichen es \u00e4lteren G\u00e4sten oder Personen mit eingeschr\u00e4nkter Mobilit\u00e4t, mit Zufriedenheit an unseren Fitnessprogrammen teilzunehmen.<\/p>\n<h3><span class=\"alimentazione titolo-tariffe-supplementi1\">PR\u00c4VENTION<\/span><\/h3>\n<p>Bewegung und Ern\u00e4hrung, wenn sie korrekt befolgt werden und mit Alter und Lebensstil vereinbar sind, verhindern das Auftreten zahlreicher orthop\u00e4discher kardiologischer und onkologischer Erkrankungen und garantieren ein gesundes, aktives Altern.<\/p>\n<h3><span class=\"alimentazione titolo-tariffe-supplementi1\">WISSENSCHAFTLICHE LEITUNG<\/span><\/h3>\n<p>Prof. Domenion Corrade, Kardiolage und Sportmediziner an der Universit\u00e4t von Padus.<\/p>\n<p><strong style=\"color: #008c39;\">MEN\u00dc <strong>BASIL PLUS\u00a0<\/strong><br \/>\n<\/strong><span style=\"color: #008c39;\">Nach einer fach\u00e4rztlichen Untersuchung zum Preis von \u20ac 140 pro Woche genie\u00dfbar.<\/span> Es werden die Men\u00fcs der Linien Veggie und Balanced kombiniert, die auf die spezifischen Bed\u00fcrfnisse des Gastes abgestimmt werden. Individuelle Kalorienzufuhr, verteilt auf 6 Mahlzeiten, um Schwankungen des Blutzuckerspiegels zu vermeiden. Die Proteinmenge wird f\u00fcr jeden den Gast aus physiologischen oder medikament\u00f6sen Gr\u00fcnden individuell angepasst. Ideal f\u00fcr die Bed\u00fcrfnisse \u00e4lterer G\u00e4ste und G\u00e4ste, die an Fettleibigkeit oder orthop\u00e4dischen, neurologischen oder lymphatischen Pathologien leiden.<\/p>\n<p>Fachberatung Prof. Fulvio Ursini Biochemiker und Ern\u00e4hrungsspezialist der Universit\u00e4t Padua.[\/vc_column_text][\/vc_column][\/vc_row][vc_row][vc_column width=&#8220;1\/2&#8243;][vc_btn title=&#8220;Komplette Preisliste&#8220; style=&#8220;classic&#8220; size=&#8220;lg&#8220; align=&#8220;left&#8220; link=&#8220;url:https%3A%2F%2Fwww.ermitageterme.it%2Fde%2Fpreisliste%2Fernahrung-und-fitness%2F&#8220; el_id=&#8220;vedi-il-listino-prezzi-completo&#8220;][\/vc_column][vc_column width=&#8220;1\/2&#8243;][vc_btn title=&#8220;Informationen anfordern&#8220; style=&#8220;classic&#8220; color=&#8220;juicy-pink&#8220; size=&#8220;lg&#8220; align=&#8220;right&#8220; link=&#8220;url:https%3A%2F%2Fwww.ermitageterme.it%2Fde%2Fanfrage-nach-verfugbarkeit%2F|||&#8220; el_id=&#8220;richiedi-info-dettagli-soggiorno&#8220;][\/vc_column][\/vc_row][vc_row][vc_column][vc_tta_accordion c_icon=&#8220;triangle&#8220; active_section=&#8220;0&#8243; collapsible_all=&#8220;true&#8220;][vc_tta_section title=&#8220;Preisliste ErnA\u0308hrung und Fitness Vorbeugung der Kardio-GefA\u0308ss-Erkrankungen&#8220; tab_id=&#8220;1507218808734-4ffd0d18-4a74&#8243; el_class=&#8220;alimentazione&#8220;][vc_column_text]\n<h4 class=\"titolo-tariffe-supplementi\">KARDIOLOGISCHE PR\u00c4VENTION<\/h4>\n<h4 class=\"titolo-tariffe-supplementi\">PREISLISTE DER DIENSTE ZUR PR\u00c4VENTIONSBEHANDLUNG<\/h4>\n<table>\n<tbody>\n<tr>\n<td>Allgemein\u00e4rztliche Untersuchung (obligatorisch f\u00fcr die Zulassung zur Behandlung)<\/td>\n<td>&#8212;<\/td>\n<td>\u20ac 80<\/td>\n<\/tr>\n<tr>\n<td>Zweite allgemeine \u00e4rztliche Untersuchung oder Erg\u00e4nzung zur internen Beurteilung w\u00e4hrend der Aufnahmepr\u00fcfung<\/td>\n<td>&#8212;<\/td>\n<td>\u20ac 40<\/td>\n<\/tr>\n<tr>\n<td>Fach\u00e4rztliche Beratung zur Festlegung des individuellen Rehabilitationsplans erforderlich<\/td>\n<td>&#8212;<\/td>\n<td>\u20ac 140<\/td>\n<\/tr>\n<tr>\n<td>Zweite Fach\u00e4rztliche Beratung zur Kontrolle<\/td>\n<td>&#8212;<\/td>\n<td>\u20ac 70<\/td>\n<\/tr>\n<tr>\n<td>Computergest\u00fctzter Ultraschall der inneren Organe oder des Gef\u00e4\u00dfsystems<\/td>\n<td>&#8212;<\/td>\n<td>\u20ac 90<\/td>\n<\/tr>\n<tr>\n<td>Fach\u00e4rztliche Beratung und computergest\u00fctzter Ultraschall<\/td>\n<td>&#8212;<\/td>\n<td>\u20ac 180<\/td>\n<\/tr>\n<tr>\n<td>Blutchemische Basis- und Lipidanalyse<\/td>\n<td>&#8212;<\/td>\n<td>\u20ac 60<\/td>\n<\/tr>\n<tr>\n<td>Digitaler Stoffwechseltest des Sauerstoffverbrauchs<\/td>\n<td>&#8212;<\/td>\n<td>\u20ac 60<\/td>\n<\/tr>\n<tr>\n<td>Digitale Impedanz Analyse der K\u00f6rperzusammensetzung<\/td>\n<td>&#8212;<\/td>\n<td>\u20ac 30<\/td>\n<\/tr>\n<tr>\n<td>Beratung durch einen Facharzt f\u00fcr Kardiologie<\/td>\n<td>&#8212;<\/td>\n<td>\u20ac 140<\/td>\n<\/tr>\n<tr>\n<td>Kardiologische Check-up + EKG samt Befund + Echokardiographie<\/td>\n<td>&#8212;<\/td>\n<td>\u20ac 230<\/td>\n<\/tr>\n<tr>\n<td>Kardiologische Beratung + EKG samt Befund<\/td>\n<td>&#8212;<\/td>\n<td>\u20ac 180<\/td>\n<\/tr>\n<tr>\n<td>Ruhe-EKG samt Befund<\/td>\n<td>&#8212;<\/td>\n<td>\u20ac 70<\/td>\n<\/tr>\n<tr>\n<td>Beratung durch einen Facharzt f\u00fcr Pneumologie<\/td>\n<td>&#8212;<\/td>\n<td>\u20ac 140<\/td>\n<\/tr>\n<tr>\n<td>Pneumologische Check-up + Spirometrie + Gehtest<\/td>\n<td>&#8212;<\/td>\n<td>\u20ac 230<\/td>\n<\/tr>\n<tr>\n<td>Pneumologische Beratung + Spirometrie<\/td>\n<td>&#8212;<\/td>\n<td>\u20ac 180<\/td>\n<\/tr>\n<tr>\n<td>Spirometrie<\/td>\n<td>&#8212;<\/td>\n<td>\u20ac 70<\/td>\n<\/tr>\n<tr>\n<td>Gehtest<\/td>\n<td>&#8212;<\/td>\n<td>\u20ac 90<\/td>\n<\/tr>\n<tr>\n<td>Blutchemische Basis Analyse<\/td>\n<td>&#8212;<\/td>\n<td>\u20ac 60<\/td>\n<\/tr>\n<tr>\n<td>Physiotherapie zur Verbesserung Zwerchfell- und Atemwegsmuskulatur<\/td>\n<td>30\u2019<\/td>\n<td>\u20ac 60<\/td>\n<\/tr>\n<tr>\n<td>Individuelle Trainingseinheit (Personal Training oder Cardio-Fitness)<\/td>\n<td>30&#8242;<\/td>\n<td>\u20ac 60<\/td>\n<\/tr>\n<tr>\n<td>Individuelle Trainingseinheit (Personal Training oder Cardio-Fitness)<\/td>\n<td>45&#8242;<\/td>\n<td>\u20ac 90<\/td>\n<\/tr>\n<tr>\n<td>Individuelle Trainingseinheit (Personal Training oder Cardio-Fitness)<\/td>\n<td>60&#8242;<\/td>\n<td>\u20ac 120<\/td>\n<\/tr>\n<tr>\n<td>Individuelle Trainingseinheit im Thermalwasser<\/td>\n<td>30\u2019<\/td>\n<td>\u20ac 60<\/td>\n<\/tr>\n<tr>\n<td>Individuelle Trainingseinheit im Thermalwasser<\/td>\n<td>45\u2019<\/td>\n<td>\u20ac 90<\/td>\n<\/tr>\n<tr>\n<td>Individuelle Trainingseinheit im Thermalwasser<\/td>\n<td>60\u2019<\/td>\n<td>\u20ac 120<\/td>\n<\/tr>\n<tr>\n<td>Sitzung autogenes Training oder Coaching und psychologische Betreuung<\/td>\n<td>60\u2019<\/td>\n<td>\u20ac 100<\/td>\n<\/tr>\n<tr>\n<td>Pers\u00f6nliche Karte f\u00fcr den Zugang zum Cardio-Fitness-Zirkel pro Woche<\/td>\n<td>&#8212;<\/td>\n<td>\u20ac 35<\/td>\n<\/tr>\n<tr>\n<td>Der Ern\u00e4hrungsplan \u201eBasil Plus\u201c umfasst: ein optimiertes Men\u00fc, eine individuell abgestimmte Kalorienzufuhr und eine richtige Verteilung der Mahlzeiten \u00fcber den Tag, um die glyk\u00e4mische Last zu verringern, pro Woche<\/td>\n<td>&#8212;<\/td>\n<td>\u20ac 140<\/td>\n<\/tr>\n<\/tbody>\n<\/table>\n[\/vc_column_text][\/vc_tta_section][\/vc_tta_accordion][\/vc_column][\/vc_row]\n<\/section>","protected":false},"excerpt":{"rendered":"<p>[vc_row][vc_column][vc_column_text] DAS MA\u00df AN WOHLBEFINDEN Dank der Zusammenarbeit zwischen dem Rehabilitationszentrum und der Fitnessabteilung garantiert das Ermitage eine individuelle Beratung. Die di\u00e4tetische Untersuchung wird durch eine physiologische Untersuchung erg\u00e4nzt, die Folgendes umfasst: digitale Messung des Grundstoffwechsels und der aeroben Kapazit\u00e4t, Analyse der K\u00f6rperzusammensetzung samt Impedenzometrie und anthropometrischen Messungen. Falls gew\u00fcnscht steht auch ein Service zur<\/p>\n","protected":false},"author":1,"featured_media":3678,"parent":963,"menu_order":3,"comment_status":"closed","ping_status":"closed","template":"","meta":{"_acf_changed":false,"footnotes":""},"acf":[],"yoast_head":"<!-- This site is optimized with the Yoast SEO plugin v23.5 - https:\/\/yoast.com\/wordpress\/plugins\/seo\/ -->\n<title>Adipositas Zentrum, Adipositas Zentrum klinik Abano Terme Italien - Ermitage Bel Air<\/title>\n<meta name=\"description\" content=\"Adipositas Zentrum, Adipositas Zentrum, adipositas klinik. Erna\u0308hrung, Fitness,Thermen und physische Medizin fu\u0308r die Vorbeugung der kardiologischen Erkrankungen von Alterung, U\u0308bergewicht und schlechten Lebensstil.\" \/>\n<meta name=\"robots\" content=\"index, follow, max-snippet:-1, max-image-preview:large, max-video-preview:-1\" \/>\n<link rel=\"canonical\" href=\"https:\/\/www.ermitageterme.it\/de\/gesundheitsdienste\/gewichtsverlust-und-lebensstil\/\" \/>\n<meta property=\"og:locale\" content=\"de_DE\" \/>\n<meta property=\"og:type\" content=\"article\" \/>\n<meta property=\"og:title\" content=\"Adipositas Zentrum, Adipositas Zentrum klinik Abano Terme Italien - Ermitage Bel Air\" \/>\n<meta property=\"og:description\" content=\"Adipositas Zentrum, Adipositas Zentrum, adipositas klinik. Erna\u0308hrung, Fitness,Thermen und physische Medizin fu\u0308r die Vorbeugung der kardiologischen Erkrankungen von Alterung, U\u0308bergewicht und schlechten Lebensstil.\" \/>\n<meta property=\"og:url\" content=\"https:\/\/www.ermitageterme.it\/de\/gesundheitsdienste\/gewichtsverlust-und-lebensstil\/\" \/>\n<meta property=\"og:site_name\" content=\"Ermitage Bel Air\" \/>\n<meta property=\"article:modified_time\" content=\"2024-05-17T10:37:05+00:00\" \/>\n<meta property=\"og:image\" content=\"https:\/\/www.ermitageterme.it\/wp-content\/uploads\/2015\/09\/alimentazione-fitness-immagine.jpg\" \/>\n\t<meta property=\"og:image:width\" content=\"690\" \/>\n\t<meta property=\"og:image:height\" content=\"400\" \/>\n\t<meta property=\"og:image:type\" content=\"image\/jpeg\" \/>\n<meta name=\"twitter:card\" content=\"summary_large_image\" \/>\n<meta name=\"twitter:label1\" content=\"Gesch\u00e4tzte Lesezeit\" \/>\n\t<meta name=\"twitter:data1\" content=\"4\u00a0Minuten\" \/>\n<script type=\"application\/ld+json\" class=\"yoast-schema-graph\">{\"@context\":\"https:\/\/schema.org\",\"@graph\":[{\"@type\":\"WebPage\",\"@id\":\"https:\/\/www.ermitageterme.it\/de\/gesundheitsdienste\/gewichtsverlust-und-lebensstil\/\",\"url\":\"https:\/\/www.ermitageterme.it\/de\/gesundheitsdienste\/gewichtsverlust-und-lebensstil\/\",\"name\":\"Adipositas Zentrum, Adipositas Zentrum klinik Abano Terme Italien - Ermitage Bel Air\",\"isPartOf\":{\"@id\":\"https:\/\/www.ermitageterme.it\/de\/#website\"},\"primaryImageOfPage\":{\"@id\":\"https:\/\/www.ermitageterme.it\/de\/gesundheitsdienste\/gewichtsverlust-und-lebensstil\/#primaryimage\"},\"image\":{\"@id\":\"https:\/\/www.ermitageterme.it\/de\/gesundheitsdienste\/gewichtsverlust-und-lebensstil\/#primaryimage\"},\"thumbnailUrl\":\"https:\/\/www.ermitageterme.it\/wp-content\/uploads\/2015\/09\/alimentazione-fitness-immagine.jpg\",\"datePublished\":\"2015-09-15T14:50:51+00:00\",\"dateModified\":\"2024-05-17T10:37:05+00:00\",\"description\":\"Adipositas Zentrum, Adipositas Zentrum, adipositas klinik. Erna\u0308hrung, Fitness,Thermen und physische Medizin fu\u0308r die Vorbeugung der kardiologischen Erkrankungen von Alterung, U\u0308bergewicht und schlechten Lebensstil.\",\"breadcrumb\":{\"@id\":\"https:\/\/www.ermitageterme.it\/de\/gesundheitsdienste\/gewichtsverlust-und-lebensstil\/#breadcrumb\"},\"inLanguage\":\"de\",\"potentialAction\":[{\"@type\":\"ReadAction\",\"target\":[\"https:\/\/www.ermitageterme.it\/de\/gesundheitsdienste\/gewichtsverlust-und-lebensstil\/\"]}]},{\"@type\":\"ImageObject\",\"inLanguage\":\"de\",\"@id\":\"https:\/\/www.ermitageterme.it\/de\/gesundheitsdienste\/gewichtsverlust-und-lebensstil\/#primaryimage\",\"url\":\"https:\/\/www.ermitageterme.it\/wp-content\/uploads\/2015\/09\/alimentazione-fitness-immagine.jpg\",\"contentUrl\":\"https:\/\/www.ermitageterme.it\/wp-content\/uploads\/2015\/09\/alimentazione-fitness-immagine.jpg\",\"width\":690,\"height\":400},{\"@type\":\"BreadcrumbList\",\"@id\":\"https:\/\/www.ermitageterme.it\/de\/gesundheitsdienste\/gewichtsverlust-und-lebensstil\/#breadcrumb\",\"itemListElement\":[{\"@type\":\"ListItem\",\"position\":1,\"name\":\"Home\",\"item\":\"https:\/\/www.ermitageterme.it\/de\/\"},{\"@type\":\"ListItem\",\"position\":2,\"name\":\"Gesundheitsdienste\",\"item\":\"https:\/\/www.ermitageterme.it\/de\/gesundheitsdienste\/\"},{\"@type\":\"ListItem\",\"position\":3,\"name\":\"Kardiologische Pr\u00e4vention\"}]},{\"@type\":\"WebSite\",\"@id\":\"https:\/\/www.ermitageterme.it\/de\/#website\",\"url\":\"https:\/\/www.ermitageterme.it\/de\/\",\"name\":\"Ermitage Bel Air\",\"description\":\"Un nuovo sito targato WordPress\",\"potentialAction\":[{\"@type\":\"SearchAction\",\"target\":{\"@type\":\"EntryPoint\",\"urlTemplate\":\"https:\/\/www.ermitageterme.it\/de\/?s={search_term_string}\"},\"query-input\":{\"@type\":\"PropertyValueSpecification\",\"valueRequired\":true,\"valueName\":\"search_term_string\"}}],\"inLanguage\":\"de\"}]}<\/script>\n<!-- \/ Yoast SEO plugin. -->","yoast_head_json":{"title":"Adipositas Zentrum, Adipositas Zentrum klinik Abano Terme Italien - Ermitage Bel Air","description":"Adipositas Zentrum, Adipositas Zentrum, adipositas klinik. Erna\u0308hrung, Fitness,Thermen und physische Medizin fu\u0308r die Vorbeugung der kardiologischen Erkrankungen von Alterung, U\u0308bergewicht und schlechten Lebensstil.","robots":{"index":"index","follow":"follow","max-snippet":"max-snippet:-1","max-image-preview":"max-image-preview:large","max-video-preview":"max-video-preview:-1"},"canonical":"https:\/\/www.ermitageterme.it\/de\/gesundheitsdienste\/gewichtsverlust-und-lebensstil\/","og_locale":"de_DE","og_type":"article","og_title":"Adipositas Zentrum, Adipositas Zentrum klinik Abano Terme Italien - Ermitage Bel Air","og_description":"Adipositas Zentrum, Adipositas Zentrum, adipositas klinik. Erna\u0308hrung, Fitness,Thermen und physische Medizin fu\u0308r die Vorbeugung der kardiologischen Erkrankungen von Alterung, U\u0308bergewicht und schlechten Lebensstil.","og_url":"https:\/\/www.ermitageterme.it\/de\/gesundheitsdienste\/gewichtsverlust-und-lebensstil\/","og_site_name":"Ermitage Bel Air","article_modified_time":"2024-05-17T10:37:05+00:00","og_image":[{"width":690,"height":400,"url":"https:\/\/www.ermitageterme.it\/wp-content\/uploads\/2015\/09\/alimentazione-fitness-immagine.jpg","type":"image\/jpeg"}],"twitter_card":"summary_large_image","twitter_misc":{"Gesch\u00e4tzte Lesezeit":"4\u00a0Minuten"},"schema":{"@context":"https:\/\/schema.org","@graph":[{"@type":"WebPage","@id":"https:\/\/www.ermitageterme.it\/de\/gesundheitsdienste\/gewichtsverlust-und-lebensstil\/","url":"https:\/\/www.ermitageterme.it\/de\/gesundheitsdienste\/gewichtsverlust-und-lebensstil\/","name":"Adipositas Zentrum, Adipositas Zentrum klinik Abano Terme Italien - Ermitage Bel Air","isPartOf":{"@id":"https:\/\/www.ermitageterme.it\/de\/#website"},"primaryImageOfPage":{"@id":"https:\/\/www.ermitageterme.it\/de\/gesundheitsdienste\/gewichtsverlust-und-lebensstil\/#primaryimage"},"image":{"@id":"https:\/\/www.ermitageterme.it\/de\/gesundheitsdienste\/gewichtsverlust-und-lebensstil\/#primaryimage"},"thumbnailUrl":"https:\/\/www.ermitageterme.it\/wp-content\/uploads\/2015\/09\/alimentazione-fitness-immagine.jpg","datePublished":"2015-09-15T14:50:51+00:00","dateModified":"2024-05-17T10:37:05+00:00","description":"Adipositas Zentrum, Adipositas Zentrum, adipositas klinik. Erna\u0308hrung, Fitness,Thermen und physische Medizin fu\u0308r die Vorbeugung der kardiologischen Erkrankungen von Alterung, U\u0308bergewicht und schlechten Lebensstil.","breadcrumb":{"@id":"https:\/\/www.ermitageterme.it\/de\/gesundheitsdienste\/gewichtsverlust-und-lebensstil\/#breadcrumb"},"inLanguage":"de","potentialAction":[{"@type":"ReadAction","target":["https:\/\/www.ermitageterme.it\/de\/gesundheitsdienste\/gewichtsverlust-und-lebensstil\/"]}]},{"@type":"ImageObject","inLanguage":"de","@id":"https:\/\/www.ermitageterme.it\/de\/gesundheitsdienste\/gewichtsverlust-und-lebensstil\/#primaryimage","url":"https:\/\/www.ermitageterme.it\/wp-content\/uploads\/2015\/09\/alimentazione-fitness-immagine.jpg","contentUrl":"https:\/\/www.ermitageterme.it\/wp-content\/uploads\/2015\/09\/alimentazione-fitness-immagine.jpg","width":690,"height":400},{"@type":"BreadcrumbList","@id":"https:\/\/www.ermitageterme.it\/de\/gesundheitsdienste\/gewichtsverlust-und-lebensstil\/#breadcrumb","itemListElement":[{"@type":"ListItem","position":1,"name":"Home","item":"https:\/\/www.ermitageterme.it\/de\/"},{"@type":"ListItem","position":2,"name":"Gesundheitsdienste","item":"https:\/\/www.ermitageterme.it\/de\/gesundheitsdienste\/"},{"@type":"ListItem","position":3,"name":"Kardiologische Pr\u00e4vention"}]},{"@type":"WebSite","@id":"https:\/\/www.ermitageterme.it\/de\/#website","url":"https:\/\/www.ermitageterme.it\/de\/","name":"Ermitage Bel Air","description":"Un nuovo sito targato WordPress","potentialAction":[{"@type":"SearchAction","target":{"@type":"EntryPoint","urlTemplate":"https:\/\/www.ermitageterme.it\/de\/?s={search_term_string}"},"query-input":{"@type":"PropertyValueSpecification","valueRequired":true,"valueName":"search_term_string"}}],"inLanguage":"de"}]}},"_links":{"self":[{"href":"https:\/\/www.ermitageterme.it\/de\/wp-json\/wp\/v2\/pages\/957"}],"collection":[{"href":"https:\/\/www.ermitageterme.it\/de\/wp-json\/wp\/v2\/pages"}],"about":[{"href":"https:\/\/www.ermitageterme.it\/de\/wp-json\/wp\/v2\/types\/page"}],"author":[{"embeddable":true,"href":"https:\/\/www.ermitageterme.it\/de\/wp-json\/wp\/v2\/users\/1"}],"replies":[{"embeddable":true,"href":"https:\/\/www.ermitageterme.it\/de\/wp-json\/wp\/v2\/comments?post=957"}],"version-history":[{"count":6,"href":"https:\/\/www.ermitageterme.it\/de\/wp-json\/wp\/v2\/pages\/957\/revisions"}],"predecessor-version":[{"id":47199,"href":"https:\/\/www.ermitageterme.it\/de\/wp-json\/wp\/v2\/pages\/957\/revisions\/47199"}],"up":[{"embeddable":true,"href":"https:\/\/www.ermitageterme.it\/de\/wp-json\/wp\/v2\/pages\/963"}],"wp:featuredmedia":[{"embeddable":true,"href":"https:\/\/www.ermitageterme.it\/de\/wp-json\/wp\/v2\/media\/3678"}],"wp:attachment":[{"href":"https:\/\/www.ermitageterme.it\/de\/wp-json\/wp\/v2\/media?parent=957"}],"curies":[{"name":"wp","href":"https:\/\/api.w.org\/{rel}","templated":true}]}}