{"id":969,"date":"2015-09-15T16:51:21","date_gmt":"2015-09-15T14:51:21","guid":{"rendered":"\/\/www.ermitageterme.it\/physische-rehabilitation"},"modified":"2020-01-28T10:53:28","modified_gmt":"2020-01-28T09:53:28","slug":"physische-rehabilitation","status":"publish","type":"page","link":"https:\/\/www.ermitageterme.it\/de\/gesundheitsdienste\/physische-rehabilitation\/","title":{"rendered":"Physikalische Rehabilitation"},"content":{"rendered":"<section class=\"wpb-content-wrapper\">[vc_row][vc_column][vc_column_text]\n<div id=\"attachment_4986\" style=\"width: 238px\" class=\"wp-caption alignright\"><a href=\"\/\/www.ermitageterme.it\/wp-content\/uploads\/2017\/10\/riabilitazione-2.jpg\"><img decoding=\"async\" aria-describedby=\"caption-attachment-4986\" class=\"wp-image-4986 size-full\" title=\"Centro Riabilitazione Fisica\" src=\"\/\/www.ermitageterme.it\/wp-content\/uploads\/2017\/10\/riabilitazione-2.jpg\" alt=\"krankengymnastik: praxis f\u00fcr physiotherapie\" width=\"228\" height=\"168\" \/><\/a><p id=\"caption-attachment-4986\" class=\"wp-caption-text\">krankengymnastik: praxis f\u00fcr physiotherapie<\/p><\/div>\n<p><span class=\"riabilitazione titolo-tariffe-supplementi1\">Eine Dienstleistung in <strong>Rehabilitation<\/strong> und <strong>Physikalischer Medizin<\/strong>, die vollsta\u0308ndig ins <a href=\"https:\/\/www.ermitageterme.it\/de\/gesundheitsdienste\/thermae\/\">Hotel<\/a> und dieThermaleinrichtung integriert und dahingehend ausgelegt ist, die Ru\u0308ckkehr in ein aktives Leben zu begu\u0308nstigen.<\/span><\/p>\n<h3><span class=\"riabilitazione titolo-tariffe-supplementi1\">MEDIZINISCHE BETREUUNG<\/span><\/h3>\n<p>Ein komplettes medizinisches Team, bestehend aus Spezialisten f\u00fcr<\/p>\n<ul>\n<li>Orthop\u00e4die und Traumatologie,<\/li>\n<li>Rehabilitation und physikalische Medizin,<\/li>\n<li>Neurologie,<\/li>\n<li>Lymphologie und Di\u00e4tologie,<\/li>\n<\/ul>\n<p>ist in der Lage, allen G\u00e4sten mit kleinen oder schwerwiegenden Bewegungseinschr\u00e4nkungen zu betreuen. Das Team garantiert die Sicherheit, dass jederzeit qualifiziertes medizinisches Personal zur Verf\u00fcgung steht, das in der Lage ist, die spezifischen Bed\u00fcrfnisse jedes Gastes auf der Grundlage der Ursache, ob<\/p>\n<ul>\n<li>traumatisch,<\/li>\n<li>orthop\u00e4disch,<\/li>\n<li>postoperativ,<\/li>\n<li>neurologisch oder<\/li>\n<li>lymphologisch,<\/li>\n<\/ul>\n<p>des motorischen Defizits zu erkennen.<\/p>\n<h3><span class=\"riabilitazione titolo-tariffe-supplementi1\"> MOTORISCHES WIEDERERLERNEN UND PHYSIKALISCHE THERAPIE<\/span><\/h3>\n<div id=\"attachment_1273\" style=\"width: 310px\" class=\"wp-caption alignleft\"><a href=\"\/\/www.ermitageterme.it\/wp-content\/uploads\/2015\/06\/318.jpg\"><img decoding=\"async\" aria-describedby=\"caption-attachment-1273\" class=\"wp-image-1273 size-medium\" title=\"Rieducazione motoria e terapie fisiche\" src=\"\/\/www.ermitageterme.it\/wp-content\/uploads\/2015\/06\/318-300x208.jpg\" alt=\"Krankengymnastik praxis f\u00fcr physiotherapie Abano\" width=\"300\" height=\"208\" srcset=\"https:\/\/www.ermitageterme.it\/wp-content\/uploads\/2015\/06\/318-300x208.jpg 300w, https:\/\/www.ermitageterme.it\/wp-content\/uploads\/2015\/06\/318-270x187.jpg 270w, https:\/\/www.ermitageterme.it\/wp-content\/uploads\/2015\/06\/318.jpg 650w\" sizes=\"(max-width: 300px) 100vw, 300px\" \/><\/a><p id=\"caption-attachment-1273\" class=\"wp-caption-text\">Krankengymnastik, praxis f\u00fcr physiotherapie<\/p><\/div>\n<p>Dank einer ausschlie\u00dflich individuellen und betreuten Behandlungsweise, die immer ein Verh\u00e4ltnis zwischen Therapeuten und Patienten von 1:1 garantiert, erm\u00f6glicht das Rehabilitationszentrum im Hotel jedem Gast, seinen Rehabilitationskurs in vollkommener Ruhe und Autonomie zu absolvieren.<br \/>\nModerne elektromedizinische Ger\u00e4te, gro\u00dfe Sporthallen und Schwimmb\u00e4der, die f\u00fcr k\u00f6rperlich behinderte G\u00e4ste zug\u00e4nglich sind, erm\u00f6glichen, dass sich aktive und passive Phasen w\u00e4hrend der Rehabilitation abwechseln, wodurch Schmerzen und akute Entz\u00fcndungen wirksam unter Kontrolle sind.<\/p>\n<h3><span class=\"riabilitazione titolo-tariffe-supplementi1\">HYDROKINESIOTHERAPIE IM THERMALWASSER<\/span><\/h3>\n<div id=\"attachment_6527\" style=\"width: 310px\" class=\"wp-caption alignright\"><a href=\"\/\/www.ermitageterme.it\/wp-content\/uploads\/2015\/07\/active-aging.jpg\"><img decoding=\"async\" aria-describedby=\"caption-attachment-6527\" class=\"wp-image-6527 size-medium\" src=\"\/\/www.ermitageterme.it\/wp-content\/uploads\/2015\/07\/active-aging-300x200.jpg\" alt=\"Krankengymnastik: praxis f\u00fcr physiotherapie\" width=\"300\" height=\"200\" srcset=\"https:\/\/www.ermitageterme.it\/wp-content\/uploads\/2015\/07\/active-aging-300x200.jpg 300w, https:\/\/www.ermitageterme.it\/wp-content\/uploads\/2015\/07\/active-aging-215x144.jpg 215w, https:\/\/www.ermitageterme.it\/wp-content\/uploads\/2015\/07\/active-aging-280x187.jpg 280w, https:\/\/www.ermitageterme.it\/wp-content\/uploads\/2015\/07\/active-aging.jpg 700w\" sizes=\"(max-width: 300px) 100vw, 300px\" \/><\/a><p id=\"caption-attachment-6527\" class=\"wp-caption-text\">Krankengymnastik: praxis f\u00fcr physiotherapie<\/p><\/div>\n<p>Mithilfe von Physiotherapeuten und Fachleuten f\u00fcr Motorik k\u00f6nnen Sie das Rehabilitationsprotokoll in den Prozess der motorische Wiedererlernung im Wasser integrieren, ohne dass architektonische Hindernisse bestehen. Die chemisch-physikalischen Eigenschaften des Thermalwassers (Temperatur,Viskosit\u00e4t und spezifisches Gewicht) f\u00f6rdern die Muskelentspannung und erm\u00f6glichen besonders eine isokinetische Arbeitsweise, die in der ersten Phase der aktiven Rehabilitation in der es erforderlich ist etwaige Haltungsfehler zu korrigieren und den Muskeltonus mittels kontrollierter Muskelanstrengung ohne Risiken und R\u00fcckf\u00e4lle wiederherzustellen, besonders wichtig ist.<\/p>\n<h3><span class=\"riabilitazione titolo-tariffe-supplementi1\">Informationen<br \/>\n<\/span><span class=\"riabilitazione titolo-tariffe-supplementi1 bold\">GENEHMIGUNGEN<\/span><\/h3>\n<p>Fach\u00e4rztliches Zentrum f\u00fcr Rehabilitation und physikalische Medizin Gen. Nr. 18729 vom 24.10 2019<\/p>\n<h3><span class=\"riabilitazione titolo-tariffe-supplementi1 bold\">GESUNDHEITSDIREKTION UND SPEZIALMEDIZINISCHE BERATUNG<\/span><\/h3>\n<p>Dr. Simone Bernardini Facharzt f\u00fcr Physiologie, Beratung bei orthop\u00e4dischen chirurgischen Eingriffen durch Dr. Angelo Rioda, Facharzt f\u00fcr Orthop\u00e4die.<\/p>\n<h3><span class=\"riabilitazione titolo-tariffe-supplementi1 bold\">WISSENSCHAFTLICHE LEITUNG<\/span><\/h3>\n<p>Die beschriebenen Pflegeprotokolle basieren auf wissenschaftlichen Evidenzkriterien und wurden in Zusammenarbeit zwischen dem Ermitage Bel Air &#8211; Medical Hotel und der Fakult\u00e4t f\u00fcr Medizin der Universit\u00e4t Padua nach den Angaben unserer wissenschaftlichen Berater entwickelt.<br \/>\n<span class=\"riabilitazione titolo-tariffe-supplementi1\">Prof. Stefano Masiero, Physiater<br \/>\nProf. Angelo Antonini, Neurologe<br \/>\nProf. Domenico Corrado, Kardiologe und Sportmediziner<\/span><\/p>\n<h3><span class=\"riabilitazione titolo-tariffe-supplementi1 bold\">RICHTLINIEN<\/span><\/h3>\n<p>Beim Kauf eines Behandlungs-und Aufenthaltspakets ist die R\u00fcckerstattung einzelner Behandlungen, die nicht in Anspruch genommen wurden, nicht m\u00f6glich. Alle zus\u00e4tzlichen Behandlungen, die in der Beschreibung des Programmes nicht erw\u00e4hnt werden, m\u00fcssen extra bezahlt werden. Die in der Beschreibung der Programme angegebene Behandlungsdauer ist nur indikativ und dient dazu, dem Gast einer Vorstellung von der Behandlung vorgesehene durchschnittliche Intensit\u00e4t und Art des t\u00e4glichen Zeitaufwands w\u00e4hrend des Aufenthalts zu geben, ohne dabei den Preis f\u00fcr einzelnen Behandlungen oder Behandlungsprogramme anzugeben.<\/p>\n<h3><span class=\"riabilitazione titolo-tariffe-supplementi1 bold\">DIAGNOSTIK<\/span><\/h3>\n<p>Dank der direkten Zusammenarbeit mit den Partnerunternehmen kann das Ermitage Medical Hotel Ihnen einen vollst\u00e4ndigem, hochspezialisierten Diagnoseservice anbieten. .<\/p>\n<h3><span class=\"riabilitazione titolo-tariffe-supplementi1 bold\">INAPSRUCHNAHMEVON BEHANDLUNGSROGRAMMEN<\/span><\/h3>\n<p>Die Programme des Ermitage Bel Air &#8211; Medical Hotels f\u00fcr Rehabilitation und physikalische Medizin richten sich ausschlie\u00dflich an Patienten, denen es m\u00f6glich ist, w\u00e4hrend der Behandlungen zu kooperieren, sowie stabile und \/ oder klinisch stabilisierte Patienten, die bei der Klinikaufnahme keine dringliche medizinische oder notfallmedizinische Versorgung ben\u00f6tigen. Der residente Charakter der Behandlung ist ein wesentlicher Bestandteil des Behandlungsweges und wird durch die Integration der spezialisierten medizinischen Beratungs- und Rehabilitationsdienste des medizinischen Zentrums in unsere Struktur mit Hotelunterbringungsdiensten mit hoher Zug\u00e4nglichkeit erreicht.<\/p>\n<h3><span class=\"riabilitazione titolo-tariffe-supplementi1 bold\">PFLEGEHILFE UND GESUNDHEITS- UND KRANKENPFLEGE<\/span><\/h3>\n<ul>\n<li>Pflegedienste: Injektionen, Medikation, Blutdruckkontrolle und Medikamentengabe f\u00fcr eine Dauer von bis zu 30 Minuten 18 \u20ac<\/li>\n<li>Individuelle Gesundheits- und Krankenpflege tags\u00fcber: Hilfe beim Ankleiden und K\u00f6rperpflege; 1 Stunde 30 \u20ac, 3 Stunden 75 \u20ac<\/li>\n<li>N\u00e4chtliche Gesundheits- und Kranken\u00fcberwachung: Telefonate des Nachts durchgehend m\u00f6glich, \u20ac 55 pro Tag<\/li>\n<li><span class=\"riabilitazione titolo-tariffe-supplementi1\">Gesundheits- und Krankenpflege wird nur dann garantiert, wenn sie zum Zeitpunkt der Buchung reserviert wurde.<\/span><\/li>\n<\/ul>\n<h3><span class=\"riabilitazione titolo-tariffe-supplementi1 bold\">UMFASSENDE BETREUUNG<\/span><\/h3>\n<p>Im Bereich der H\u00fcft- und Knieprothetik k\u00f6nnen wir in enger Zusammenarbeit mit dem internen medizinischen Team sowohl Ihre Operation als auch die postoperative Rehabilitation organisieren und planen.<\/p>\n<h3><span class=\"riabilitazione titolo-tariffe-supplementi1 bold\">ACHTUNG<\/span><\/h3>\n<ul class=\"riabilitazione titolo-tariffe-supplementi1\">\n<li>Der Beginn eines Behandlungsprogramms ist nur nach der ersten obligatorischen \u00e4rztlichen Eingangsuntersuchung m\u00f6glich.<\/li>\n<li>Alle Kunden m\u00fcssen bei ihrem ersten Besuch die neuesten verf\u00fcgbaren Informationen hinsichtlich ihres Gesundheitszustands bereitstellen.<\/li>\n<li>Eventuelle Autonomie defizite m\u00fcssen immer vor Ankunft im Hotel mitgeteilt und beschrieben werden.<\/li>\n<li>Pflegehilfe- und Gesundheits- und Krankenpflege m\u00fcssen immer zum Zeitpunkt der Buchung angefragt und reserviert werden.<\/li>\n<li>Die Assistenzleistungen sind nicht in den Aufenthaltspreisen enthalten.<\/li>\n<\/ul>\n<p>&nbsp;<\/p>\n<\/section>","protected":false},"excerpt":{"rendered":"<p>[vc_row][vc_column][vc_column_text] Eine Dienstleistung in Rehabilitation und Physikalischer Medizin, die vollsta\u0308ndig ins Hotel und dieThermaleinrichtung integriert und dahingehend ausgelegt ist, die Ru\u0308ckkehr in ein aktives Leben zu begu\u0308nstigen. MEDIZINISCHE BETREUUNG Ein komplettes medizinisches Team, bestehend aus Spezialisten f\u00fcr Orthop\u00e4die und Traumatologie, Rehabilitation und physikalische Medizin, Neurologie, Lymphologie und Di\u00e4tologie, ist in der Lage, allen G\u00e4sten mit<\/p>\n","protected":false},"author":1,"featured_media":89,"parent":963,"menu_order":2,"comment_status":"closed","ping_status":"closed","template":"","meta":{"_acf_changed":false,"footnotes":""},"acf":[],"yoast_head":"<!-- This site is optimized with the Yoast SEO plugin v23.5 - https:\/\/yoast.com\/wordpress\/plugins\/seo\/ -->\n<title>Krankengymnastik Abano Terme Italien - praxis f\u00fcr physiotherapie Abano Physische Rehabilitation - Ermitage Bel Air<\/title>\n<meta name=\"description\" content=\"Krankengymnastik Abano. Eine Dienstleistung in Rehabilitation und Physikalischer Medizin, die vollsta\u0308ndig ins Hotel und dieThermaleinrichtung integriert und dahingehend ausgelegt ist, die Ru\u0308ckkehr in ein aktives Leben zu begu\u0308nstigen.\" \/>\n<meta name=\"robots\" content=\"index, follow, max-snippet:-1, max-image-preview:large, max-video-preview:-1\" \/>\n<link rel=\"canonical\" href=\"https:\/\/www.ermitageterme.it\/de\/gesundheitsdienste\/physische-rehabilitation\/\" \/>\n<meta property=\"og:locale\" content=\"de_DE\" \/>\n<meta property=\"og:type\" content=\"article\" \/>\n<meta property=\"og:title\" content=\"Krankengymnastik Abano Terme Italien - praxis f\u00fcr physiotherapie Abano Physische Rehabilitation - Ermitage Bel Air\" \/>\n<meta property=\"og:description\" content=\"Krankengymnastik Abano. Eine Dienstleistung in Rehabilitation und Physikalischer Medizin, die vollsta\u0308ndig ins Hotel und dieThermaleinrichtung integriert und dahingehend ausgelegt ist, die Ru\u0308ckkehr in ein aktives Leben zu begu\u0308nstigen.\" \/>\n<meta property=\"og:url\" content=\"https:\/\/www.ermitageterme.it\/de\/gesundheitsdienste\/physische-rehabilitation\/\" \/>\n<meta property=\"og:site_name\" content=\"Ermitage Bel Air\" \/>\n<meta property=\"article:modified_time\" content=\"2020-01-28T09:53:28+00:00\" \/>\n<meta property=\"og:image\" content=\"https:\/\/www.ermitageterme.it\/wp-content\/uploads\/2015\/06\/318.jpg\" \/>\n\t<meta property=\"og:image:width\" content=\"650\" \/>\n\t<meta property=\"og:image:height\" content=\"450\" \/>\n\t<meta property=\"og:image:type\" content=\"image\/jpeg\" \/>\n<meta name=\"twitter:card\" content=\"summary_large_image\" \/>\n<meta name=\"twitter:label1\" content=\"Gesch\u00e4tzte Lesezeit\" \/>\n\t<meta name=\"twitter:data1\" content=\"4\u00a0Minuten\" \/>\n<script type=\"application\/ld+json\" class=\"yoast-schema-graph\">{\"@context\":\"https:\/\/schema.org\",\"@graph\":[{\"@type\":\"WebPage\",\"@id\":\"https:\/\/www.ermitageterme.it\/de\/gesundheitsdienste\/physische-rehabilitation\/\",\"url\":\"https:\/\/www.ermitageterme.it\/de\/gesundheitsdienste\/physische-rehabilitation\/\",\"name\":\"Krankengymnastik Abano Terme Italien - praxis f\u00fcr physiotherapie Abano Physische Rehabilitation - Ermitage Bel Air\",\"isPartOf\":{\"@id\":\"https:\/\/www.ermitageterme.it\/de\/#website\"},\"primaryImageOfPage\":{\"@id\":\"https:\/\/www.ermitageterme.it\/de\/gesundheitsdienste\/physische-rehabilitation\/#primaryimage\"},\"image\":{\"@id\":\"https:\/\/www.ermitageterme.it\/de\/gesundheitsdienste\/physische-rehabilitation\/#primaryimage\"},\"thumbnailUrl\":\"https:\/\/www.ermitageterme.it\/wp-content\/uploads\/2015\/06\/318.jpg\",\"datePublished\":\"2015-09-15T14:51:21+00:00\",\"dateModified\":\"2020-01-28T09:53:28+00:00\",\"description\":\"Krankengymnastik Abano. Eine Dienstleistung in Rehabilitation und Physikalischer Medizin, die vollsta\u0308ndig ins Hotel und dieThermaleinrichtung integriert und dahingehend ausgelegt ist, die Ru\u0308ckkehr in ein aktives Leben zu begu\u0308nstigen.\",\"breadcrumb\":{\"@id\":\"https:\/\/www.ermitageterme.it\/de\/gesundheitsdienste\/physische-rehabilitation\/#breadcrumb\"},\"inLanguage\":\"de\",\"potentialAction\":[{\"@type\":\"ReadAction\",\"target\":[\"https:\/\/www.ermitageterme.it\/de\/gesundheitsdienste\/physische-rehabilitation\/\"]}]},{\"@type\":\"ImageObject\",\"inLanguage\":\"de\",\"@id\":\"https:\/\/www.ermitageterme.it\/de\/gesundheitsdienste\/physische-rehabilitation\/#primaryimage\",\"url\":\"https:\/\/www.ermitageterme.it\/wp-content\/uploads\/2015\/06\/318.jpg\",\"contentUrl\":\"https:\/\/www.ermitageterme.it\/wp-content\/uploads\/2015\/06\/318.jpg\",\"width\":650,\"height\":450},{\"@type\":\"BreadcrumbList\",\"@id\":\"https:\/\/www.ermitageterme.it\/de\/gesundheitsdienste\/physische-rehabilitation\/#breadcrumb\",\"itemListElement\":[{\"@type\":\"ListItem\",\"position\":1,\"name\":\"Home\",\"item\":\"https:\/\/www.ermitageterme.it\/de\/\"},{\"@type\":\"ListItem\",\"position\":2,\"name\":\"Gesundheitsdienste\",\"item\":\"https:\/\/www.ermitageterme.it\/de\/gesundheitsdienste\/\"},{\"@type\":\"ListItem\",\"position\":3,\"name\":\"Physikalische Rehabilitation\"}]},{\"@type\":\"WebSite\",\"@id\":\"https:\/\/www.ermitageterme.it\/de\/#website\",\"url\":\"https:\/\/www.ermitageterme.it\/de\/\",\"name\":\"Ermitage Bel Air\",\"description\":\"Un nuovo sito targato WordPress\",\"potentialAction\":[{\"@type\":\"SearchAction\",\"target\":{\"@type\":\"EntryPoint\",\"urlTemplate\":\"https:\/\/www.ermitageterme.it\/de\/?s={search_term_string}\"},\"query-input\":{\"@type\":\"PropertyValueSpecification\",\"valueRequired\":true,\"valueName\":\"search_term_string\"}}],\"inLanguage\":\"de\"}]}<\/script>\n<!-- \/ Yoast SEO plugin. -->","yoast_head_json":{"title":"Krankengymnastik Abano Terme Italien - praxis f\u00fcr physiotherapie Abano Physische Rehabilitation - Ermitage Bel Air","description":"Krankengymnastik Abano. Eine Dienstleistung in Rehabilitation und Physikalischer Medizin, die vollsta\u0308ndig ins Hotel und dieThermaleinrichtung integriert und dahingehend ausgelegt ist, die Ru\u0308ckkehr in ein aktives Leben zu begu\u0308nstigen.","robots":{"index":"index","follow":"follow","max-snippet":"max-snippet:-1","max-image-preview":"max-image-preview:large","max-video-preview":"max-video-preview:-1"},"canonical":"https:\/\/www.ermitageterme.it\/de\/gesundheitsdienste\/physische-rehabilitation\/","og_locale":"de_DE","og_type":"article","og_title":"Krankengymnastik Abano Terme Italien - praxis f\u00fcr physiotherapie Abano Physische Rehabilitation - Ermitage Bel Air","og_description":"Krankengymnastik Abano. Eine Dienstleistung in Rehabilitation und Physikalischer Medizin, die vollsta\u0308ndig ins Hotel und dieThermaleinrichtung integriert und dahingehend ausgelegt ist, die Ru\u0308ckkehr in ein aktives Leben zu begu\u0308nstigen.","og_url":"https:\/\/www.ermitageterme.it\/de\/gesundheitsdienste\/physische-rehabilitation\/","og_site_name":"Ermitage Bel Air","article_modified_time":"2020-01-28T09:53:28+00:00","og_image":[{"width":650,"height":450,"url":"https:\/\/www.ermitageterme.it\/wp-content\/uploads\/2015\/06\/318.jpg","type":"image\/jpeg"}],"twitter_card":"summary_large_image","twitter_misc":{"Gesch\u00e4tzte Lesezeit":"4\u00a0Minuten"},"schema":{"@context":"https:\/\/schema.org","@graph":[{"@type":"WebPage","@id":"https:\/\/www.ermitageterme.it\/de\/gesundheitsdienste\/physische-rehabilitation\/","url":"https:\/\/www.ermitageterme.it\/de\/gesundheitsdienste\/physische-rehabilitation\/","name":"Krankengymnastik Abano Terme Italien - praxis f\u00fcr physiotherapie Abano Physische Rehabilitation - Ermitage Bel Air","isPartOf":{"@id":"https:\/\/www.ermitageterme.it\/de\/#website"},"primaryImageOfPage":{"@id":"https:\/\/www.ermitageterme.it\/de\/gesundheitsdienste\/physische-rehabilitation\/#primaryimage"},"image":{"@id":"https:\/\/www.ermitageterme.it\/de\/gesundheitsdienste\/physische-rehabilitation\/#primaryimage"},"thumbnailUrl":"https:\/\/www.ermitageterme.it\/wp-content\/uploads\/2015\/06\/318.jpg","datePublished":"2015-09-15T14:51:21+00:00","dateModified":"2020-01-28T09:53:28+00:00","description":"Krankengymnastik Abano. Eine Dienstleistung in Rehabilitation und Physikalischer Medizin, die vollsta\u0308ndig ins Hotel und dieThermaleinrichtung integriert und dahingehend ausgelegt ist, die Ru\u0308ckkehr in ein aktives Leben zu begu\u0308nstigen.","breadcrumb":{"@id":"https:\/\/www.ermitageterme.it\/de\/gesundheitsdienste\/physische-rehabilitation\/#breadcrumb"},"inLanguage":"de","potentialAction":[{"@type":"ReadAction","target":["https:\/\/www.ermitageterme.it\/de\/gesundheitsdienste\/physische-rehabilitation\/"]}]},{"@type":"ImageObject","inLanguage":"de","@id":"https:\/\/www.ermitageterme.it\/de\/gesundheitsdienste\/physische-rehabilitation\/#primaryimage","url":"https:\/\/www.ermitageterme.it\/wp-content\/uploads\/2015\/06\/318.jpg","contentUrl":"https:\/\/www.ermitageterme.it\/wp-content\/uploads\/2015\/06\/318.jpg","width":650,"height":450},{"@type":"BreadcrumbList","@id":"https:\/\/www.ermitageterme.it\/de\/gesundheitsdienste\/physische-rehabilitation\/#breadcrumb","itemListElement":[{"@type":"ListItem","position":1,"name":"Home","item":"https:\/\/www.ermitageterme.it\/de\/"},{"@type":"ListItem","position":2,"name":"Gesundheitsdienste","item":"https:\/\/www.ermitageterme.it\/de\/gesundheitsdienste\/"},{"@type":"ListItem","position":3,"name":"Physikalische Rehabilitation"}]},{"@type":"WebSite","@id":"https:\/\/www.ermitageterme.it\/de\/#website","url":"https:\/\/www.ermitageterme.it\/de\/","name":"Ermitage Bel Air","description":"Un nuovo sito targato WordPress","potentialAction":[{"@type":"SearchAction","target":{"@type":"EntryPoint","urlTemplate":"https:\/\/www.ermitageterme.it\/de\/?s={search_term_string}"},"query-input":{"@type":"PropertyValueSpecification","valueRequired":true,"valueName":"search_term_string"}}],"inLanguage":"de"}]}},"_links":{"self":[{"href":"https:\/\/www.ermitageterme.it\/de\/wp-json\/wp\/v2\/pages\/969"}],"collection":[{"href":"https:\/\/www.ermitageterme.it\/de\/wp-json\/wp\/v2\/pages"}],"about":[{"href":"https:\/\/www.ermitageterme.it\/de\/wp-json\/wp\/v2\/types\/page"}],"author":[{"embeddable":true,"href":"https:\/\/www.ermitageterme.it\/de\/wp-json\/wp\/v2\/users\/1"}],"replies":[{"embeddable":true,"href":"https:\/\/www.ermitageterme.it\/de\/wp-json\/wp\/v2\/comments?post=969"}],"version-history":[{"count":0,"href":"https:\/\/www.ermitageterme.it\/de\/wp-json\/wp\/v2\/pages\/969\/revisions"}],"up":[{"embeddable":true,"href":"https:\/\/www.ermitageterme.it\/de\/wp-json\/wp\/v2\/pages\/963"}],"wp:featuredmedia":[{"embeddable":true,"href":"https:\/\/www.ermitageterme.it\/de\/wp-json\/wp\/v2\/media\/89"}],"wp:attachment":[{"href":"https:\/\/www.ermitageterme.it\/de\/wp-json\/wp\/v2\/media?parent=969"}],"curies":[{"name":"wp","href":"https:\/\/api.w.org\/{rel}","templated":true}]}}