{"id":971,"date":"2015-09-15T16:51:21","date_gmt":"2015-09-15T14:51:21","guid":{"rendered":"\/\/www.ermitageterme.it\/wohlbefinden"},"modified":"2024-04-24T15:47:19","modified_gmt":"2024-04-24T13:47:19","slug":"wohlbefinden","status":"publish","type":"page","link":"https:\/\/www.ermitageterme.it\/de\/gesundheitsdienste\/wohlbefinden\/","title":{"rendered":"Wellness Urlaub Italien"},"content":{"rendered":"<section class=\"wpb-content-wrapper\">[vc_row][vc_column][vc_column_text]\n<h2 class=\"benessere titolo-tariffe-supplementi1\">Wellnesshotel Abano Italien<\/h2>\n<p><span class=\"benessere titolo-tariffe-supplementi1\">Ein modernes <strong>Beauty Zentrum<\/strong> mit dem Ziel das psychisch-k\u00f6rperliche\u00a0Gleichgewicht wiederherzustellen.<\/span><\/p>\n<h3><span class=\"benessere titolo-tariffe-supplementi1 bold\">SCH\u00d6NHEIT UND WOHLBEFINDEN<\/span><\/h3>\n<p>Ermitage ist ein Kurort, der sich der Pr\u00e4vention und Rehabilitation widmet. Die nat\u00fcrliche W\u00e4rme der Therme, die angenehmen Momente der Entspannung in der Stille unserer Gartenanlage, die wechselnden Farben der umliegenden H\u00fcgel und die gro\u00dfen Swimmingpools, die Aufmerksamkeit bei den Geschm\u00e4ckern und die Authentizit\u00e4t unserer K\u00fcche machen uns auch zu einem Ort des Wohlbefindens.<\/p>\n<h3><span class=\"benessere titolo-tariffe-supplementi1 bold\">QUALIFIZIERTE ENTSPANNUNG<\/span><\/h3>\n<div id=\"attachment_11209\" style=\"width: 310px\" class=\"wp-caption alignleft\"><a href=\"\/\/www.ermitageterme.it\/wp-content\/uploads\/2015\/09\/benessere-home-600.jpg\"><img decoding=\"async\" aria-describedby=\"caption-attachment-11209\" class=\"wp-image-11209 size-medium\" src=\"\/\/www.ermitageterme.it\/wp-content\/uploads\/2015\/09\/benessere-home-600-300x219.jpg\" alt=\"Wellnesshotel Abano Terme\" width=\"300\" height=\"219\" srcset=\"https:\/\/www.ermitageterme.it\/wp-content\/uploads\/2015\/09\/benessere-home-600-300x219.jpg 300w, https:\/\/www.ermitageterme.it\/wp-content\/uploads\/2015\/09\/benessere-home-600-256x187.jpg 256w, https:\/\/www.ermitageterme.it\/wp-content\/uploads\/2015\/09\/benessere-home-600.jpg 767w\" sizes=\"(max-width: 300px) 100vw, 300px\" \/><\/a><p id=\"caption-attachment-11209\" class=\"wp-caption-text\">Wellnesshotel Abano Terme Italien<\/p><\/div>\n<p>Dieselbe Professionalit\u00e4t, die von den Betreibern des Spas und des Rehabilitationszentrums garantiert wird, bieten wir auch unseren G\u00e4sten, die nicht aus gesundheitlichen Gr\u00fcnden sondern zum Vergn\u00fcgen bei uns logieren und Ruhe suchen. Lassen Sie sich von erfahrenen H\u00e4nden und von der angenehmen W\u00e4rme unseres Thermalwassers und den Thermald\u00e4mpfen verw\u00f6hnen und probieren Sie verschiedene Massagetechniken aus oder widmen Sie sich, wenn Sie m\u00f6chten, der Verbesserung einiger kleiner Unvollkommenheiten von K\u00f6rper und Gesicht, um Ihrer Haut Wohlbefinden und Vitalit\u00e4t zu schenken. Sie werden immer von fachkundigem Personal begleitet und k\u00f6nnen Behandlungen ausschlie\u00dflich nat\u00fcrlichen Ursprungs in Anspruch nehmen.<\/p>\n<h3><span class=\"benessere titolo-tariffe-supplementi1 bold\">GENEHMIGUNGEN<\/span><\/h3>\n<p>Wellness Zentrum, Gen. Nr. 18913 vom 31\/12\/2009<\/p>\n<h3><span class=\"benessere titolo-tariffe-supplementi1 bold\">LEITUNG<\/span><\/h3>\n<p>Caterina Greggio, Fach\u00e4rztin f\u00fcr \u00c4sthetik und Massagetherapie.<\/p>\n<h3><span class=\"benessere titolo-tariffe-supplementi1 bold\">FRISEURSERVICE<\/span><\/h3>\n<p>Ein interner Friseurservice steht allen G\u00e4sten donnerstags und samstags zur Verf\u00fcgung.<\/p>\n<h3><span class=\"benessere titolo-tariffe-supplementi1 bold\">KOSMETIKPRODUKTE<\/span><\/h3>\n<p>Alle Produktlinien, die in unserem Zentrum f\u00fcr Massagetherapien und kosmetische Behandlungen verwendet werden, sind dermatologisch getestet und frei von Allergenen.<\/p>\n<h3><span class=\"benessere titolo-tariffe-supplementi1 bold\">RICHTLINIEN<\/span><\/h3>\n<p>Beim Kauf eines Behandlungs- und Aufenthaltspakets ist die R\u00fcckerstattung einzelner Behandlungen, die nicht in Anspruch genommen wurden, nicht m\u00f6glich. Alle zus\u00e4tzlichen Behandlungen, die in der Beschreibung des Programmes nicht erw\u00e4hnt werden, m\u00fcssen extra bezahlt werden.<\/p>\n[\/vc_column_text][\/vc_column][\/vc_row][vc_column width=&#8220;1\/2&#8243;][vc_btn title=&#8220;Komplette Preisliste&#8220; style=&#8220;classic&#8220; size=&#8220;lg&#8220; align=&#8220;left&#8220; el_id=&#8220;vedi-il-listino-prezzi-completo&#8220; link=&#8220;url:https%3A%2F%2Fwww.ermitageterme.it%2Fde%2Fpreisliste%2Fwohlbefinden%2F|||&#8220;][\/vc_column][vc_column width=&#8220;1\/2&#8243;][vc_btn title=&#8220;Informationen anfordern&#8220; style=&#8220;classic&#8220; color=&#8220;juicy-pink&#8220; size=&#8220;lg&#8220; align=&#8220;right&#8220; link=&#8220;url:https%3A%2F%2Fwww.ermitageterme.it%2Fde%2Fanfrage-nach-verfugbarkeit%2F|||&#8220; el_id=&#8220;richiedi-info-dettagli-soggiorno&#8220;][\/vc_column]\n<\/section>","protected":false},"excerpt":{"rendered":"<p>[vc_row][vc_column][vc_column_text] Wellnesshotel Abano Italien Ein modernes Beauty Zentrum mit dem Ziel das psychisch-k\u00f6rperliche\u00a0Gleichgewicht wiederherzustellen. SCH\u00d6NHEIT UND WOHLBEFINDEN Ermitage ist ein Kurort, der sich der Pr\u00e4vention und Rehabilitation widmet. Die nat\u00fcrliche W\u00e4rme der Therme, die angenehmen Momente der Entspannung in der Stille unserer Gartenanlage, die wechselnden Farben der umliegenden H\u00fcgel und die gro\u00dfen Swimmingpools, die Aufmerksamkeit<\/p>\n","protected":false},"author":1,"featured_media":5188,"parent":963,"menu_order":5,"comment_status":"closed","ping_status":"closed","template":"","meta":{"_acf_changed":false,"footnotes":""},"acf":[],"yoast_head":"<!-- This site is optimized with the Yoast SEO plugin v23.5 - https:\/\/yoast.com\/wordpress\/plugins\/seo\/ -->\n<title>Wellness Urlaub Italien - Ermitage Bel Air<\/title>\n<meta name=\"description\" content=\"Wellnesshotel Abano. Entdecken Sie die Wellness-Programme im Hotel Ermitage in Abano Terme. Wellness-arrangements Abano.\" \/>\n<meta name=\"robots\" content=\"index, follow, max-snippet:-1, max-image-preview:large, max-video-preview:-1\" \/>\n<link rel=\"canonical\" href=\"https:\/\/www.ermitageterme.it\/de\/gesundheitsdienste\/wohlbefinden\/\" \/>\n<meta property=\"og:locale\" content=\"de_DE\" \/>\n<meta property=\"og:type\" content=\"article\" \/>\n<meta property=\"og:title\" content=\"Wellness Urlaub Italien - Ermitage Bel Air\" \/>\n<meta property=\"og:description\" content=\"Wellnesshotel Abano. Entdecken Sie die Wellness-Programme im Hotel Ermitage in Abano Terme. Wellness-arrangements Abano.\" \/>\n<meta property=\"og:url\" content=\"https:\/\/www.ermitageterme.it\/de\/gesundheitsdienste\/wohlbefinden\/\" \/>\n<meta property=\"og:site_name\" content=\"Ermitage Bel Air\" \/>\n<meta property=\"article:modified_time\" content=\"2024-04-24T13:47:19+00:00\" \/>\n<meta property=\"og:image\" content=\"https:\/\/www.ermitageterme.it\/wp-content\/uploads\/2015\/09\/benessere-home-600.jpg\" \/>\n\t<meta property=\"og:image:width\" content=\"767\" \/>\n\t<meta property=\"og:image:height\" content=\"560\" \/>\n\t<meta property=\"og:image:type\" content=\"image\/jpeg\" \/>\n<meta name=\"twitter:card\" content=\"summary_large_image\" \/>\n<meta name=\"twitter:label1\" content=\"Gesch\u00e4tzte Lesezeit\" \/>\n\t<meta name=\"twitter:data1\" content=\"2\u00a0Minuten\" \/>\n<script type=\"application\/ld+json\" class=\"yoast-schema-graph\">{\"@context\":\"https:\/\/schema.org\",\"@graph\":[{\"@type\":\"WebPage\",\"@id\":\"https:\/\/www.ermitageterme.it\/de\/gesundheitsdienste\/wohlbefinden\/\",\"url\":\"https:\/\/www.ermitageterme.it\/de\/gesundheitsdienste\/wohlbefinden\/\",\"name\":\"Wellness Urlaub Italien - Ermitage Bel Air\",\"isPartOf\":{\"@id\":\"https:\/\/www.ermitageterme.it\/de\/#website\"},\"primaryImageOfPage\":{\"@id\":\"https:\/\/www.ermitageterme.it\/de\/gesundheitsdienste\/wohlbefinden\/#primaryimage\"},\"image\":{\"@id\":\"https:\/\/www.ermitageterme.it\/de\/gesundheitsdienste\/wohlbefinden\/#primaryimage\"},\"thumbnailUrl\":\"https:\/\/www.ermitageterme.it\/wp-content\/uploads\/2015\/09\/benessere-home-600.jpg\",\"datePublished\":\"2015-09-15T14:51:21+00:00\",\"dateModified\":\"2024-04-24T13:47:19+00:00\",\"description\":\"Wellnesshotel Abano. Entdecken Sie die Wellness-Programme im Hotel Ermitage in Abano Terme. Wellness-arrangements Abano.\",\"breadcrumb\":{\"@id\":\"https:\/\/www.ermitageterme.it\/de\/gesundheitsdienste\/wohlbefinden\/#breadcrumb\"},\"inLanguage\":\"de\",\"potentialAction\":[{\"@type\":\"ReadAction\",\"target\":[\"https:\/\/www.ermitageterme.it\/de\/gesundheitsdienste\/wohlbefinden\/\"]}]},{\"@type\":\"ImageObject\",\"inLanguage\":\"de\",\"@id\":\"https:\/\/www.ermitageterme.it\/de\/gesundheitsdienste\/wohlbefinden\/#primaryimage\",\"url\":\"https:\/\/www.ermitageterme.it\/wp-content\/uploads\/2015\/09\/benessere-home-600.jpg\",\"contentUrl\":\"https:\/\/www.ermitageterme.it\/wp-content\/uploads\/2015\/09\/benessere-home-600.jpg\",\"width\":\"767\",\"height\":\"560\",\"caption\":\"Wellnesshotel\"},{\"@type\":\"BreadcrumbList\",\"@id\":\"https:\/\/www.ermitageterme.it\/de\/gesundheitsdienste\/wohlbefinden\/#breadcrumb\",\"itemListElement\":[{\"@type\":\"ListItem\",\"position\":1,\"name\":\"Home\",\"item\":\"https:\/\/www.ermitageterme.it\/de\/\"},{\"@type\":\"ListItem\",\"position\":2,\"name\":\"Gesundheitsdienste\",\"item\":\"https:\/\/www.ermitageterme.it\/de\/gesundheitsdienste\/\"},{\"@type\":\"ListItem\",\"position\":3,\"name\":\"Wellness Urlaub Italien\"}]},{\"@type\":\"WebSite\",\"@id\":\"https:\/\/www.ermitageterme.it\/de\/#website\",\"url\":\"https:\/\/www.ermitageterme.it\/de\/\",\"name\":\"Ermitage Bel Air\",\"description\":\"Un nuovo sito targato WordPress\",\"potentialAction\":[{\"@type\":\"SearchAction\",\"target\":{\"@type\":\"EntryPoint\",\"urlTemplate\":\"https:\/\/www.ermitageterme.it\/de\/?s={search_term_string}\"},\"query-input\":{\"@type\":\"PropertyValueSpecification\",\"valueRequired\":true,\"valueName\":\"search_term_string\"}}],\"inLanguage\":\"de\"}]}<\/script>\n<!-- \/ Yoast SEO plugin. -->","yoast_head_json":{"title":"Wellness Urlaub Italien - Ermitage Bel Air","description":"Wellnesshotel Abano. Entdecken Sie die Wellness-Programme im Hotel Ermitage in Abano Terme. Wellness-arrangements Abano.","robots":{"index":"index","follow":"follow","max-snippet":"max-snippet:-1","max-image-preview":"max-image-preview:large","max-video-preview":"max-video-preview:-1"},"canonical":"https:\/\/www.ermitageterme.it\/de\/gesundheitsdienste\/wohlbefinden\/","og_locale":"de_DE","og_type":"article","og_title":"Wellness Urlaub Italien - Ermitage Bel Air","og_description":"Wellnesshotel Abano. Entdecken Sie die Wellness-Programme im Hotel Ermitage in Abano Terme. Wellness-arrangements Abano.","og_url":"https:\/\/www.ermitageterme.it\/de\/gesundheitsdienste\/wohlbefinden\/","og_site_name":"Ermitage Bel Air","article_modified_time":"2024-04-24T13:47:19+00:00","og_image":[{"width":767,"height":560,"url":"https:\/\/www.ermitageterme.it\/wp-content\/uploads\/2015\/09\/benessere-home-600.jpg","type":"image\/jpeg"}],"twitter_card":"summary_large_image","twitter_misc":{"Gesch\u00e4tzte Lesezeit":"2\u00a0Minuten"},"schema":{"@context":"https:\/\/schema.org","@graph":[{"@type":"WebPage","@id":"https:\/\/www.ermitageterme.it\/de\/gesundheitsdienste\/wohlbefinden\/","url":"https:\/\/www.ermitageterme.it\/de\/gesundheitsdienste\/wohlbefinden\/","name":"Wellness Urlaub Italien - Ermitage Bel Air","isPartOf":{"@id":"https:\/\/www.ermitageterme.it\/de\/#website"},"primaryImageOfPage":{"@id":"https:\/\/www.ermitageterme.it\/de\/gesundheitsdienste\/wohlbefinden\/#primaryimage"},"image":{"@id":"https:\/\/www.ermitageterme.it\/de\/gesundheitsdienste\/wohlbefinden\/#primaryimage"},"thumbnailUrl":"https:\/\/www.ermitageterme.it\/wp-content\/uploads\/2015\/09\/benessere-home-600.jpg","datePublished":"2015-09-15T14:51:21+00:00","dateModified":"2024-04-24T13:47:19+00:00","description":"Wellnesshotel Abano. Entdecken Sie die Wellness-Programme im Hotel Ermitage in Abano Terme. Wellness-arrangements Abano.","breadcrumb":{"@id":"https:\/\/www.ermitageterme.it\/de\/gesundheitsdienste\/wohlbefinden\/#breadcrumb"},"inLanguage":"de","potentialAction":[{"@type":"ReadAction","target":["https:\/\/www.ermitageterme.it\/de\/gesundheitsdienste\/wohlbefinden\/"]}]},{"@type":"ImageObject","inLanguage":"de","@id":"https:\/\/www.ermitageterme.it\/de\/gesundheitsdienste\/wohlbefinden\/#primaryimage","url":"https:\/\/www.ermitageterme.it\/wp-content\/uploads\/2015\/09\/benessere-home-600.jpg","contentUrl":"https:\/\/www.ermitageterme.it\/wp-content\/uploads\/2015\/09\/benessere-home-600.jpg","width":"767","height":"560","caption":"Wellnesshotel"},{"@type":"BreadcrumbList","@id":"https:\/\/www.ermitageterme.it\/de\/gesundheitsdienste\/wohlbefinden\/#breadcrumb","itemListElement":[{"@type":"ListItem","position":1,"name":"Home","item":"https:\/\/www.ermitageterme.it\/de\/"},{"@type":"ListItem","position":2,"name":"Gesundheitsdienste","item":"https:\/\/www.ermitageterme.it\/de\/gesundheitsdienste\/"},{"@type":"ListItem","position":3,"name":"Wellness Urlaub Italien"}]},{"@type":"WebSite","@id":"https:\/\/www.ermitageterme.it\/de\/#website","url":"https:\/\/www.ermitageterme.it\/de\/","name":"Ermitage Bel Air","description":"Un nuovo sito targato WordPress","potentialAction":[{"@type":"SearchAction","target":{"@type":"EntryPoint","urlTemplate":"https:\/\/www.ermitageterme.it\/de\/?s={search_term_string}"},"query-input":{"@type":"PropertyValueSpecification","valueRequired":true,"valueName":"search_term_string"}}],"inLanguage":"de"}]}},"_links":{"self":[{"href":"https:\/\/www.ermitageterme.it\/de\/wp-json\/wp\/v2\/pages\/971"}],"collection":[{"href":"https:\/\/www.ermitageterme.it\/de\/wp-json\/wp\/v2\/pages"}],"about":[{"href":"https:\/\/www.ermitageterme.it\/de\/wp-json\/wp\/v2\/types\/page"}],"author":[{"embeddable":true,"href":"https:\/\/www.ermitageterme.it\/de\/wp-json\/wp\/v2\/users\/1"}],"replies":[{"embeddable":true,"href":"https:\/\/www.ermitageterme.it\/de\/wp-json\/wp\/v2\/comments?post=971"}],"version-history":[{"count":1,"href":"https:\/\/www.ermitageterme.it\/de\/wp-json\/wp\/v2\/pages\/971\/revisions"}],"predecessor-version":[{"id":42307,"href":"https:\/\/www.ermitageterme.it\/de\/wp-json\/wp\/v2\/pages\/971\/revisions\/42307"}],"up":[{"embeddable":true,"href":"https:\/\/www.ermitageterme.it\/de\/wp-json\/wp\/v2\/pages\/963"}],"wp:featuredmedia":[{"embeddable":true,"href":"https:\/\/www.ermitageterme.it\/de\/wp-json\/wp\/v2\/media\/5188"}],"wp:attachment":[{"href":"https:\/\/www.ermitageterme.it\/de\/wp-json\/wp\/v2\/media?parent=971"}],"curies":[{"name":"wp","href":"https:\/\/api.w.org\/{rel}","templated":true}]}}