{"id":2235,"date":"2015-12-18T11:06:15","date_gmt":"2015-12-18T10:06:15","guid":{"rendered":"\/\/www.ermitageterme.it\/hotel"},"modified":"2025-08-08T11:12:56","modified_gmt":"2025-08-08T09:12:56","slug":"hotel","status":"publish","type":"page","link":"https:\/\/www.ermitageterme.it\/en\/hotel\/","title":{"rendered":"Hotel"},"content":{"rendered":"<section class=\"wpb-content-wrapper\"><h4>Rates per person full board, per day, in double room, without treatments<\/h4>\n<h4 class=\"titolo-tariffe-supplementi\" style=\"color: #6b2a30;\">DAILY RATES &#8211; HOTEL PRICES<\/h4>\n<table class=\"table-bordered camere\">\n<thead>\n<tr>\n<th style=\"color: #ffffff; text-align: left;\">HOTEL PRICES PER DAY<br \/>\nHotel stay only, without health and wellness treatments<\/th>\n<th style=\"text-align: center; color: #ffffff;\"><strong>Special Season<\/strong><\/th>\n<th style=\"text-align: center; color: #ffffff;\"><strong>Season<\/strong><\/th>\n<th style=\"text-align: center; color: #ffffff;\"><strong>High Season<br \/>\n<\/strong><\/th>\n<\/tr>\n<\/thead>\n<tbody>\n<tr>\n<td style=\"text-align: left;\">1-night full board, in double room classic. Price per person<\/td>\n<td style=\"text-align: center;\">\u20ac 135<\/td>\n<td style=\"text-align: center;\">\u20ac 140<\/td>\n<td style=\"text-align: center;\">\u20ac 145<\/td>\n<\/tr>\n<\/tbody>\n<\/table>\n<h4 style=\"color: #6b2a30;\"><strong>Surcharges and reduction per day<\/strong><\/h4>\n<p style=\"text-align: left;\"><span style=\"color: #6b2a30;\">Extra charges per day per room type:<\/span> Junior Suite: \u20ac 5, Suite: \u20ac 10, Panoramic Suite: \u20ac 25<br \/>\n<span style=\"color: #6b2a30;\">Extra charges per day, single occupancy of double room:<\/span> Classic: \u20ac 10, Junior Suite and Suite \u20ac 15, Panoramic Suite: \u20ac 25.<br \/>\n<span style=\"color: #6b2a30;\">Daily board price reductions:<\/span> half-board &#8211; breakfast and dinner: \u20ac 15, bed &amp; breakfast: \u20ac 20.<\/p>\n\t\t<div class=\"vc_row wpb_row vc_row-fluid box-home\">\n\t\t\t<div class=\"vc_col-sm-12 wpb_column  \">\n\t\t\t\t<div class=\"wpb_wrapper\">\n\t\t\t\t\t<h4 class=\"titolo-tariffe-supplementi\">Season 2026<\/h4>\n\t\t\t\t\t<div id=\"tabella_stagionalita\">\n\t\t\t\t\t<table class=\"table-bordered gray no-first\">\n<thead>\n<tr>\n<th><strong>Special Season<\/strong><\/th>\n<th><strong>Season<\/strong><\/th>\n<th><strong>High Season<\/strong><\/th>\n<\/tr>\n<\/thead>\n<tbody>\n<tr>\n<td style=\"text-align: center;\">from 04\/03 to 18\/03<br \/>\nfrom 03\/06 to 01\/07<br \/>\nfrom 28\/10 to 16\/12<\/td>\n<td style=\"text-align: center;\">from 18\/03 to 01\/04<br \/>\nfrom 22\/04 to 03\/06<br \/>\nfrom 01\/07 to 05\/08<br \/>\nfrom 26\/08 to 28\/10<\/td>\n<td style=\"text-align: center;\">from 01\/04 to 22\/04<br \/>\nfrom 05\/08 to 26\/08<br \/>\nfrom 16\/12 to 08\/01\/2024<\/td>\n<\/tr>\n<\/tbody>\n<\/table>\n\t\t\t\t\t<\/div>\n\t\t\t\t<\/div> \n\t\t\t<\/div> \n\t\t<\/div>\n\t\t\n<p>&nbsp;<\/p>\n<h4 class=\"titolo-tariffe-supplementi\" style=\"color: #6b2a30;\">WEEKLY RATES TERME AND RELAX<\/h4>\n<table class=\"table-bordered camere\">\n<thead>\n<tr>\n<th style=\"color: #ffffff; text-align: left;\">7 DAYS THERME &amp; RELAX<br \/>\nHotel stay only, without health and wellness treatments<\/th>\n<th style=\"text-align: center; color: #ffffff;\"><strong>Special Season<\/strong><\/th>\n<th style=\"text-align: center; color: #ffffff;\"><strong>Season<\/strong><\/th>\n<th style=\"text-align: center; color: #ffffff;\"><strong>High Season<br \/>\n<\/strong><\/th>\n<\/tr>\n<\/thead>\n<tbody>\n<tr>\n<td style=\"text-align: left;\">7-nights full board, in double room classic. Price per person<\/td>\n<td style=\"text-align: center;\">\u20ac 910<\/td>\n<td style=\"text-align: center;\">\u20ac 945<\/td>\n<td style=\"text-align: center;\">\u20ac 980<\/td>\n<\/tr>\n<\/tbody>\n<\/table>\n<h4 class=\"titolo-tariffe-supplementi\" style=\"color: #6b2a30;\">WEEKLY RATES LONG STAY \u2013 Starting from the 3rd week<\/h4>\n<table class=\"table-bordered camere\">\n<thead>\n<tr>\n<th style=\"color: #ffffff; text-align: left;\">7 DAYS CAREGIVER &amp; LONG STAY<br \/>\nFor a family member accompanying a guest who booked a rehab programme or for stays after the third week, without health and wellness treatments. We will apply always the special season rates.<\/th>\n<th style=\"text-align: center; color: #ffffff;\">One Season<\/th>\n<\/tr>\n<\/thead>\n<tbody>\n<tr>\n<td style=\"text-align: left;\">7-nights full board, in double room classic. Price per person<\/td>\n<td style=\"text-align: center;\">\u20ac 910<\/td>\n<\/tr>\n<\/tbody>\n<\/table>\n<p style=\"text-align: left;\"><span style=\"color: #6b2a30;\">Extra charges per week per room type:<\/span> Junior Suite: \u20ac 35, Suite: \u20ac 70, Panoramic Suite: \u20ac 175<br \/>\n<span style=\"color: #6b2a30;\">Extra charges per week, single occupancy of double room:<\/span> Classic: \u20ac 70, Junior Suite and Suite \u20ac 105, Panoramic Suite: \u20ac 175<br \/>\n<span style=\"color: #6b2a30;\">Weekly board price reductions:<\/span> half-board &#8211; breakfast and dinner: \u20ac 105, bed &amp; breakfast: \u20ac 140<\/p>\n<h4 class=\"titolo-tariffe-supplementi\" style=\"color: #6b2a30;\">RATES A MONTH WITHOUT THOUGHTS &#8211; hotel 28 days<\/h4>\n<table class=\"table-bordered camere\">\n<thead>\n<tr>\n<th style=\"color: #ffffff; text-align: left;\">28 DAYS A MONTH WITHOUT WORRIES<br \/>\nFor stays of four consecutive weeks without health and wellness treatments<\/th>\n<th style=\"color: #fff;\">One Season<\/th>\n<\/tr>\n<\/thead>\n<tbody>\n<tr>\n<td>4 weeks full board, in double room classic. Price per person:<\/td>\n<td style=\"text-align: center;\">\u20ac 3480<\/td>\n<\/tr>\n<\/tbody>\n<\/table>\n<p>Includes free water supply at the restaurant, 1 Internal medicine general evaluation to assess the guest\u2019s health needs.<br \/>\nValue of the health care services included in the total price of the programme: \u20ac 120<\/p>\n<h4 class=\"titolo-tariffe-supplementi\" style=\"color: #6b2a30;\">RATES\u00a0A HEALTHY MONTH &#8211; hotel 28 days<\/h4>\n<table class=\"table-bordered camere\">\n<thead>\n<tr>\n<th style=\"color: #ffffff; text-align: left;\">28 DAYS A HEALTHY MONTH<br \/>\nFor stays of four consecutive weeks with health and wellness treatments<\/th>\n<th style=\"color: #fff;\">One Season<\/th>\n<\/tr>\n<\/thead>\n<tbody>\n<tr>\n<td>4 weeks full board, in double room classic. Price per person:<\/td>\n<td style=\"text-align: center;\">\u20ac 4830<\/td>\n<\/tr>\n<\/tbody>\n<\/table>\n<p>Includes free water supply at the restaurant, 1 Internal medicine general evaluation to assess the guest\u2019s health needs, 1 specialist examination, 20 mas\u0002so-physyio therapies 30\u2019.<br \/>\nValue of the health care services included in the total price of the programme: \u20ac 1470<\/p>\n<p><span style=\"color: #6b2a30;\">Extra charges per month per room type:<\/span> Junior Suite:\u20ac 140, Suite:\u20ac 280<br \/>\n<span style=\"color: #6b2a30;\">Extra charges per month, single occupancy of double room:<\/span> Classic:\u20ac 280, Junior Suite and Suite \u20ac 420<br \/>\n<span style=\"color: #6b2a30;\">Board price reductions, monthly:<\/span> half-board &#8211; breakfast and dinner: \u20ac 420<\/p>\n<p><span style=\"color: #6b2a30;\">How to book monthly stays:<\/span> Monthly-rate programmes cannot be requested after arrival at the hotel. Reservations are required at least 2 weeks prior to arrival with a deposit of \u20ac 520 per person.<\/p>\n<p><span style=\"color: #6b2a30;\">FREE SERVICES INCLUDED IN THE HOTEL RATES:<\/span><\/p>\n<ul>\n<li><strong>Wellness<\/strong>: access to the Sauna and Spa Pools with relax circuit and waterfalls.<\/li>\n<li><strong>One Spa Kit at Arrival:<\/strong>\u00a0bathrobe, pool towel and swimming cap for the entire stay.<\/li>\n<li><strong>Fitness<\/strong>: Daily Stretching, Aqua Gym and Pilates courses (from Monday to Friday).<\/li>\n<li><strong>Hospitality<\/strong>: Car parking, Tennis Court, Golf green fees and reservations.<\/li>\n<li><strong>Comfort<\/strong>: High speed internet wi-fi and TV Sat in every room. SKY Sport in the reading room.<\/li>\n<li><strong>Accesibility<\/strong>: Barrier free rooms &amp; SPA services.<\/li>\n<li><strong>Entertainment<\/strong>: Welcome Drinks, Gala Dinner, Gourmet Food and Wine Evening.<\/li>\n<\/ul>\n<p><span style=\"color: #6b2a30;\">PAY SERVICES:<\/span><\/p>\n<ul>\n<li><strong>Late check-out<\/strong>\u00a0\u20ac 50.<\/li>\n<li><strong>Room change<\/strong> \u20ac 50.<\/li>\n<li><strong>Spa Kit change &#8211; Bathrobe<\/strong>: \u20ac 15.<\/li>\n<li><strong>Spa Kit change &#8211; Pool towel<\/strong>: \u20ac 5.<\/li>\n<li><strong>Private garage<\/strong>\u00a0\u20ac 20 a day.<\/li>\n<li><strong>Extra meals<\/strong> \u20ac 40.<\/li>\n<li><strong>Room service, Packed lunch<\/strong>\u00a0\u20ac 15.<\/li>\n<li><strong>Car and bike rental<\/strong><\/li>\n<li><strong>Trips<\/strong>: Private shuttle service to and from Padua (Saturday afternoon)\u00a0\u20ac 5.<\/li>\n<li><strong>Cardiofitness Personal Card<\/strong>: \u20ac 5 per day.<\/li>\n<li><strong>Minibus Price per person, Return Trips<\/strong>: Venice Airport &#8211; Hotel \u20ac 120.<\/li>\n<li><strong>Private taxi costs per car Return Trips<\/strong>: Venice Airport &#8211; Hotel \u20ac 260, Treviso Airport &#8211; Hotel \u20ac 290.<\/li>\n<\/ul>\n<p><span style=\"color: #6b2a30;\">NURSING OR SOCIAL AND HEALTH CARE SERVICES UPON REQUEST:<\/span><\/p>\n<ul>\n<li><strong>Customised day care assistance service on call<\/strong>: \u20ac 40 for 60\u2019; \u20ac10 for 15\u2019.<br \/>\nAvailable from 8.00 am to 8.00 pm. Non included in the hotel rates. Must be requested at the time of booking.<\/li>\n<li><strong>Customised continuous or night care assistance service<\/strong>: Customised quote upon request.<\/li>\n<li><strong>Walking aids and electronic bed<\/strong>: Free if requested at least 2 weeks prior to arrival.<\/li>\n<li><strong><span style=\"color: #6b2a30;\">The needs of customers with limited autonomy must always be communicated at the time of booking!!!!<\/span><\/strong><\/li>\n<\/ul>\n<p><span style=\"color: #6b2a30;\"><strong>WARNING<\/strong>:<br \/>\nSocial and Health Care services can be guaranteed only if requested at the time of booking.<\/span><\/p>\n<h4 style=\"color: #6b2a30;\">Room availability:<\/h4>\n<ul>\n<li>Check-in: from 2.30 p.m.<\/li>\n<li>Check out: not later than 10.30 a.m.<\/li>\n<\/ul>\n<h4 style=\"color: #6b2a30;\">Price reduction for children:<\/h4>\n<ul>\n<li>0-3 years old &#8211; 90%<\/li>\n<li>4-6 years old &#8211; 50%<\/li>\n<li>7-14 years old &#8211; 30%<\/li>\n<\/ul>\n<h4><span style=\"color: #6b2a30;\">Pets:<\/span><\/h4>\n<p>Without meals \u20ac 15 per day only in ground floor Suites, with garden access.<\/p>\n<\/section>","protected":false},"excerpt":{"rendered":"<p>Rates per person full board, per day, in double room, without treatments DAILY RATES &#8211; HOTEL PRICES HOTEL PRICES PER DAY Hotel stay only, without health and wellness treatments Special Season Season High Season 1-night full board, in double room classic. Price per person \u20ac 135 \u20ac 140 \u20ac 145 Surcharges and reduction per day<\/p>\n","protected":false},"author":1,"featured_media":0,"parent":0,"menu_order":0,"comment_status":"closed","ping_status":"closed","template":"","meta":{"_acf_changed":false,"footnotes":""},"acf":[],"yoast_head":"<!-- This site is optimized with the Yoast SEO plugin v23.5 - https:\/\/yoast.com\/wordpress\/plugins\/seo\/ -->\n<title>H\u00f4tel 4 \u00e9toiles \u00e0 Abano Terme - ermitageterme.it<\/title>\n<meta name=\"description\" content=\"H\u00f4tel 4 \u00e9toiles \u00e0 Abano Terme: Offres Spa et Bien-\u00eatre avec Spa. La tranquillit\u00e9 d\u2019un grand h\u00f4tel entour\u00e9 du vert de ses jardins. Le calme des collines avoisinantes. L\u2019accueil attentif et personnel de la famille Maggia.\" \/>\n<meta name=\"robots\" content=\"index, follow, max-snippet:-1, max-image-preview:large, max-video-preview:-1\" \/>\n<link rel=\"canonical\" href=\"https:\/\/www.ermitageterme.it\/en\/hotel\/\" \/>\n<meta property=\"og:locale\" content=\"en_US\" \/>\n<meta property=\"og:type\" content=\"article\" \/>\n<meta property=\"og:title\" content=\"H\u00f4tel 4 \u00e9toiles \u00e0 Abano Terme - ermitageterme.it\" \/>\n<meta property=\"og:description\" content=\"H\u00f4tel 4 \u00e9toiles \u00e0 Abano Terme: Offres Spa et Bien-\u00eatre avec Spa. La tranquillit\u00e9 d\u2019un grand h\u00f4tel entour\u00e9 du vert de ses jardins. Le calme des collines avoisinantes. L\u2019accueil attentif et personnel de la famille Maggia.\" \/>\n<meta property=\"og:url\" content=\"https:\/\/www.ermitageterme.it\/en\/hotel\/\" \/>\n<meta property=\"og:site_name\" content=\"ermitageterme.it\" \/>\n<meta property=\"article:modified_time\" content=\"2025-08-08T09:12:56+00:00\" \/>\n<meta name=\"twitter:card\" content=\"summary_large_image\" \/>\n<meta name=\"twitter:label1\" content=\"Est. reading time\" \/>\n\t<meta name=\"twitter:data1\" content=\"5 minutes\" \/>\n<script type=\"application\/ld+json\" class=\"yoast-schema-graph\">{\"@context\":\"https:\/\/schema.org\",\"@graph\":[{\"@type\":\"WebPage\",\"@id\":\"https:\/\/www.ermitageterme.it\/en\/hotel\/\",\"url\":\"https:\/\/www.ermitageterme.it\/en\/hotel\/\",\"name\":\"H\u00f4tel 4 \u00e9toiles \u00e0 Abano Terme - ermitageterme.it\",\"isPartOf\":{\"@id\":\"https:\/\/www.ermitageterme.it\/en\/#website\"},\"datePublished\":\"2015-12-18T10:06:15+00:00\",\"dateModified\":\"2025-08-08T09:12:56+00:00\",\"description\":\"H\u00f4tel 4 \u00e9toiles \u00e0 Abano Terme: Offres Spa et Bien-\u00eatre avec Spa. La tranquillit\u00e9 d\u2019un grand h\u00f4tel entour\u00e9 du vert de ses jardins. Le calme des collines avoisinantes. L\u2019accueil attentif et personnel de la famille Maggia.\",\"breadcrumb\":{\"@id\":\"https:\/\/www.ermitageterme.it\/en\/hotel\/#breadcrumb\"},\"inLanguage\":\"en-US\",\"potentialAction\":[{\"@type\":\"ReadAction\",\"target\":[\"https:\/\/www.ermitageterme.it\/en\/hotel\/\"]}]},{\"@type\":\"BreadcrumbList\",\"@id\":\"https:\/\/www.ermitageterme.it\/en\/hotel\/#breadcrumb\",\"itemListElement\":[{\"@type\":\"ListItem\",\"position\":1,\"name\":\"Home\",\"item\":\"https:\/\/www.ermitageterme.it\/en\/\"},{\"@type\":\"ListItem\",\"position\":2,\"name\":\"Rates\",\"item\":\"https:\/\/www.ermitageterme.it\/en\/prices\/\"},{\"@type\":\"ListItem\",\"position\":3,\"name\":\"Hotel\"}]},{\"@type\":\"WebSite\",\"@id\":\"https:\/\/www.ermitageterme.it\/en\/#website\",\"url\":\"https:\/\/www.ermitageterme.it\/en\/\",\"name\":\"ermitageterme.it\",\"description\":\"Un nuovo sito targato WordPress\",\"potentialAction\":[{\"@type\":\"SearchAction\",\"target\":{\"@type\":\"EntryPoint\",\"urlTemplate\":\"https:\/\/www.ermitageterme.it\/en\/?s={search_term_string}\"},\"query-input\":{\"@type\":\"PropertyValueSpecification\",\"valueRequired\":true,\"valueName\":\"search_term_string\"}}],\"inLanguage\":\"en-US\"}]}<\/script>\n<!-- \/ Yoast SEO plugin. -->","yoast_head_json":{"title":"H\u00f4tel 4 \u00e9toiles \u00e0 Abano Terme - ermitageterme.it","description":"H\u00f4tel 4 \u00e9toiles \u00e0 Abano Terme: Offres Spa et Bien-\u00eatre avec Spa. La tranquillit\u00e9 d\u2019un grand h\u00f4tel entour\u00e9 du vert de ses jardins. Le calme des collines avoisinantes. L\u2019accueil attentif et personnel de la famille Maggia.","robots":{"index":"index","follow":"follow","max-snippet":"max-snippet:-1","max-image-preview":"max-image-preview:large","max-video-preview":"max-video-preview:-1"},"canonical":"https:\/\/www.ermitageterme.it\/en\/hotel\/","og_locale":"en_US","og_type":"article","og_title":"H\u00f4tel 4 \u00e9toiles \u00e0 Abano Terme - ermitageterme.it","og_description":"H\u00f4tel 4 \u00e9toiles \u00e0 Abano Terme: Offres Spa et Bien-\u00eatre avec Spa. La tranquillit\u00e9 d\u2019un grand h\u00f4tel entour\u00e9 du vert de ses jardins. Le calme des collines avoisinantes. L\u2019accueil attentif et personnel de la famille Maggia.","og_url":"https:\/\/www.ermitageterme.it\/en\/hotel\/","og_site_name":"ermitageterme.it","article_modified_time":"2025-08-08T09:12:56+00:00","twitter_card":"summary_large_image","twitter_misc":{"Est. reading time":"5 minutes"},"schema":{"@context":"https:\/\/schema.org","@graph":[{"@type":"WebPage","@id":"https:\/\/www.ermitageterme.it\/en\/hotel\/","url":"https:\/\/www.ermitageterme.it\/en\/hotel\/","name":"H\u00f4tel 4 \u00e9toiles \u00e0 Abano Terme - ermitageterme.it","isPartOf":{"@id":"https:\/\/www.ermitageterme.it\/en\/#website"},"datePublished":"2015-12-18T10:06:15+00:00","dateModified":"2025-08-08T09:12:56+00:00","description":"H\u00f4tel 4 \u00e9toiles \u00e0 Abano Terme: Offres Spa et Bien-\u00eatre avec Spa. La tranquillit\u00e9 d\u2019un grand h\u00f4tel entour\u00e9 du vert de ses jardins. Le calme des collines avoisinantes. L\u2019accueil attentif et personnel de la famille Maggia.","breadcrumb":{"@id":"https:\/\/www.ermitageterme.it\/en\/hotel\/#breadcrumb"},"inLanguage":"en-US","potentialAction":[{"@type":"ReadAction","target":["https:\/\/www.ermitageterme.it\/en\/hotel\/"]}]},{"@type":"BreadcrumbList","@id":"https:\/\/www.ermitageterme.it\/en\/hotel\/#breadcrumb","itemListElement":[{"@type":"ListItem","position":1,"name":"Home","item":"https:\/\/www.ermitageterme.it\/en\/"},{"@type":"ListItem","position":2,"name":"Rates","item":"https:\/\/www.ermitageterme.it\/en\/prices\/"},{"@type":"ListItem","position":3,"name":"Hotel"}]},{"@type":"WebSite","@id":"https:\/\/www.ermitageterme.it\/en\/#website","url":"https:\/\/www.ermitageterme.it\/en\/","name":"ermitageterme.it","description":"Un nuovo sito targato WordPress","potentialAction":[{"@type":"SearchAction","target":{"@type":"EntryPoint","urlTemplate":"https:\/\/www.ermitageterme.it\/en\/?s={search_term_string}"},"query-input":{"@type":"PropertyValueSpecification","valueRequired":true,"valueName":"search_term_string"}}],"inLanguage":"en-US"}]}},"_links":{"self":[{"href":"https:\/\/www.ermitageterme.it\/en\/wp-json\/wp\/v2\/pages\/2235"}],"collection":[{"href":"https:\/\/www.ermitageterme.it\/en\/wp-json\/wp\/v2\/pages"}],"about":[{"href":"https:\/\/www.ermitageterme.it\/en\/wp-json\/wp\/v2\/types\/page"}],"author":[{"embeddable":true,"href":"https:\/\/www.ermitageterme.it\/en\/wp-json\/wp\/v2\/users\/1"}],"replies":[{"embeddable":true,"href":"https:\/\/www.ermitageterme.it\/en\/wp-json\/wp\/v2\/comments?post=2235"}],"version-history":[{"count":6,"href":"https:\/\/www.ermitageterme.it\/en\/wp-json\/wp\/v2\/pages\/2235\/revisions"}],"predecessor-version":[{"id":52014,"href":"https:\/\/www.ermitageterme.it\/en\/wp-json\/wp\/v2\/pages\/2235\/revisions\/52014"}],"wp:attachment":[{"href":"https:\/\/www.ermitageterme.it\/en\/wp-json\/wp\/v2\/media?parent=2235"}],"curies":[{"name":"wp","href":"https:\/\/api.w.org\/{rel}","templated":true}]}}