{"id":1001,"date":"2015-09-02T11:21:59","date_gmt":"2015-09-02T09:21:59","guid":{"rendered":"\/\/www.ermitageterme.it\/thermae"},"modified":"2023-03-20T11:46:01","modified_gmt":"2023-03-20T10:46:01","slug":"thermae","status":"publish","type":"page","link":"https:\/\/www.ermitageterme.it\/fr\/services-de-sante\/thermae\/","title":{"rendered":"Thermae Classiques"},"content":{"rendered":"<section class=\"wpb-content-wrapper\">[vc_row][vc_column][vc_column_text]\n<p><span class=\"terme titolo-tariffe-supplementi1\">Soigner la douleur et le vieillissement ost\u00e9oarticulaire de fa\u00e7on naturelle<\/span><\/p>\n<p><strong><span class=\"terme titolo-tariffe-supplementi1\">NOS EAUX THERMALES<\/span><\/strong><\/p>\n<div id=\"attachment_11208\" style=\"width: 259px\" class=\"wp-caption alignright\"><a href=\"\/\/www.ermitageterme.it\/wp-content\/uploads\/2015\/09\/benessere-home-600.jpg\"><img decoding=\"async\" aria-describedby=\"caption-attachment-11208\" class=\"wp-image-11208 \" src=\"\/\/www.ermitageterme.it\/wp-content\/uploads\/2015\/09\/benessere-home-600-300x219.jpg\" alt=\"Thalasso Abano Italie\" width=\"249\" height=\"181\" srcset=\"https:\/\/www.ermitageterme.it\/wp-content\/uploads\/2015\/09\/benessere-home-600-300x219.jpg 300w, https:\/\/www.ermitageterme.it\/wp-content\/uploads\/2015\/09\/benessere-home-600-256x187.jpg 256w, https:\/\/www.ermitageterme.it\/wp-content\/uploads\/2015\/09\/benessere-home-600.jpg 767w\" sizes=\"(max-width: 249px) 100vw, 249px\" \/><\/a><p id=\"caption-attachment-11208\" class=\"wp-caption-text\">Thalasso Abano Italie<\/p><\/div>\n<p>D&rsquo;origine m\u00e9t\u00e9orique, elles proviennent des Petites Dolomites. Infiltr\u00e9es \u00e0 des altitudes sup\u00e9rieures \u00e0 1500 m\u00e8tres, elles arrivent jusqu&rsquo;\u00e0 nous apr\u00e8s un voyage souterrain qui dure des milliers d&rsquo;ann\u00e9es et qui atteint des profondeurs de plus de 4000 m\u00e8tres. Des eaux antiques et tr\u00e8s pures, enrichies d&rsquo;\u00e9l\u00e9ments min\u00e9raux gr\u00e2ce \u00e0 la temp\u00e9rature et \u00e0 la pression auxquelles elles sont soumises. La conformation g\u00e9ologique des Monts Eugan\u00e9ens les contraint \u00e0 remonter, ce qui conf\u00e8re \u00e0 Abano le plus grand bassin thermal d&rsquo;Europe. Ermitage a 3 Sources thermales, d&rsquo;eaux salif\u00e8res, brom\u00e9es et iodiques, qui jaillissent naturellement \u00e0 des temp\u00e9ratures entre 72 et 82 degr\u00e9s avec un d\u00e9bit disponible \u00e9quivalent \u00e0 plus de 10.000 litres par minute.<\/p>\n<p><strong><span class=\"terme titolo-tariffe-supplementi1\">LA BOUE<\/span><\/strong><br \/>\nUn \u00e9l\u00e9ment th\u00e9rapeutique unique et inimitable.<br \/>\nAntique: la cure \u00e0 base de boue commence \u00e0 Abano \u00e0 l&rsquo;\u00e9poque romaine.<br \/>\nCompl\u00e8tement naturelle: l&rsquo;argile bio-thermale provient d&rsquo;un lac situ\u00e9 \u00e0 Arqu\u00e0 Petrarca, sur les Monts Eugan\u00e9ens.<br \/>\nCultiv\u00e9e: sa maturation dans l&rsquo;eau thermale dure au moins 60 jours, et lui conf\u00e8re sa plasticit\u00e9 et les caract\u00e9ristiques chimiques et physiques qui la rendent th\u00e9rapeutique.<br \/>\nEfficace et scientifiquement brevet\u00e9e: le principe actif antalgique et anti-inflammatoire des boues d&rsquo;Abano a \u00e9t\u00e9 isol\u00e9 au sein du centre de recherches pharmacologiques et biom\u00e9dicales de l&rsquo;Institut Mario Negri et il est aujourd&rsquo;hui prot\u00e9g\u00e9 par un brevet Europ\u00e9en.<\/p>\n<p><span class=\"terme titolo-tariffe-supplementi1 bold\">TITRES D&rsquo;AUTORISATION<\/span><br \/>\nAutorisation n\u00b015023 du 22\/08\/19. \u00c9tablissement thermal sp\u00e9cialis\u00e9 dans la fango-baln\u00e9oth\u00e9rapie et th\u00e9rapies d&rsquo;inhalation.<br \/>\nAccr\u00e9ditation aupr\u00e8s du Service Sanitaire National, Cat. 1 super. Minist\u00e8re de la sant\u00e9 italien<\/p>\n<p><span class=\"terme titolo-tariffe-supplementi1 bold\">DIRECTION SANITAIRE<\/span><br \/>\nDocteur Alberto Dattilo. Sp\u00e9cialiste en N\u00e9phrologie et Nutrition<\/p>\n<p><span class=\"terme titolo-tariffe-supplementi1 bold\">CONVENTION AVEC LE SERVICE SANITAIRE NATIONAL<\/span><br \/>\nSur les programmes Thermaux indiqu\u00e9s, r\u00e9duction de 100\u20ac par semaine sur pr\u00e9sentation d&rsquo;une Prescription du Service Sanitaire National reportant: le diagnostic et la mention: \u00abbains de boue + bains thermaux th\u00e9rapeutiques\u00bb<\/p>\n<p><span class=\"terme titolo-tariffe-supplementi1 bold\">ACC\u00c8S AUX TRAITEMENTS<\/span><br \/>\nAfin d&rsquo;obtenir un r\u00e9sultat th\u00e9rapeutique optimal, nous demandons la collaboration de nos h\u00f4tes.<br \/>\nNous vous prions d&rsquo;apporter avec vous vos \u00e9ventuels examens cliniques r\u00e9cents et la liste des m\u00e9dicaments que vous prenez.<\/p>\n<p><span class=\"terme titolo-tariffe-supplementi1 bold\">POLITIQUE<\/span><br \/>\nL&rsquo;achat d&rsquo;un forfait de cures et s\u00e9jour ne permet pas le remboursement des traitements non effectu\u00e9s. D&rsquo;\u00e9ventuels traitements suppl\u00e9mentaires non mentionn\u00e9s sont \u00e0 payer en suppl\u00e9ment\u00f2.<\/p>\n[\/vc_column_text][\/vc_column][\/vc_row]\n<\/section>","protected":false},"excerpt":{"rendered":"<p>[vc_row][vc_column][vc_column_text] Soigner la douleur et le vieillissement ost\u00e9oarticulaire de fa\u00e7on naturelle NOS EAUX THERMALES D&rsquo;origine m\u00e9t\u00e9orique, elles proviennent des Petites Dolomites. Infiltr\u00e9es \u00e0 des altitudes sup\u00e9rieures \u00e0 1500 m\u00e8tres, elles arrivent jusqu&rsquo;\u00e0 nous apr\u00e8s un voyage souterrain qui dure des milliers d&rsquo;ann\u00e9es et qui atteint des profondeurs de plus de 4000 m\u00e8tres. Des eaux antiques<\/p>\n","protected":false},"author":1,"featured_media":3660,"parent":983,"menu_order":1,"comment_status":"closed","ping_status":"closed","template":"","meta":{"_acf_changed":false,"footnotes":""},"acf":[],"yoast_head":"<!-- This site is optimized with the Yoast SEO plugin v23.5 - https:\/\/yoast.com\/wordpress\/plugins\/seo\/ -->\n<title>Thalassoth\u00e9rapie Italie Abano Thermae, Thalasso Italie du Nord<\/title>\n<meta name=\"description\" content=\"Thalasso Italie. Un don de la nature pour soigner et pre\u0301venir de fac\u0327on naturelle la douleur et le vieillissement des appareils musculo-squelettique et oste\u0301o-articulaire. Prix des Traitements Thermaux.\" \/>\n<meta name=\"robots\" content=\"index, follow, max-snippet:-1, max-image-preview:large, max-video-preview:-1\" \/>\n<link rel=\"canonical\" href=\"https:\/\/www.ermitageterme.it\/fr\/services-de-sante\/thermae\/\" \/>\n<meta property=\"og:locale\" content=\"fr_FR\" \/>\n<meta property=\"og:type\" content=\"article\" \/>\n<meta property=\"og:title\" content=\"Thalassoth\u00e9rapie Italie Abano Thermae, Thalasso Italie du Nord\" \/>\n<meta property=\"og:description\" content=\"Thalasso Italie. Un don de la nature pour soigner et pre\u0301venir de fac\u0327on naturelle la douleur et le vieillissement des appareils musculo-squelettique et oste\u0301o-articulaire. Prix des Traitements Thermaux.\" \/>\n<meta property=\"og:url\" content=\"https:\/\/www.ermitageterme.it\/fr\/services-de-sante\/thermae\/\" \/>\n<meta property=\"og:site_name\" content=\"ermitageterme.it\" \/>\n<meta property=\"article:modified_time\" content=\"2023-03-20T10:46:01+00:00\" \/>\n<meta property=\"og:image\" content=\"https:\/\/www.ermitageterme.it\/wp-content\/uploads\/2015\/06\/salute-benessere3.jpg\" \/>\n\t<meta property=\"og:image:width\" content=\"700\" \/>\n\t<meta property=\"og:image:height\" content=\"467\" \/>\n\t<meta property=\"og:image:type\" content=\"image\/jpeg\" \/>\n<meta name=\"twitter:card\" content=\"summary_large_image\" \/>\n<meta name=\"twitter:label1\" content=\"Dur\u00e9e de lecture estim\u00e9e\" \/>\n\t<meta name=\"twitter:data1\" content=\"3 minutes\" \/>\n<script type=\"application\/ld+json\" class=\"yoast-schema-graph\">{\"@context\":\"https:\/\/schema.org\",\"@graph\":[{\"@type\":\"WebPage\",\"@id\":\"https:\/\/www.ermitageterme.it\/fr\/services-de-sante\/thermae\/\",\"url\":\"https:\/\/www.ermitageterme.it\/fr\/services-de-sante\/thermae\/\",\"name\":\"Thalassoth\u00e9rapie Italie Abano Thermae, Thalasso Italie du Nord\",\"isPartOf\":{\"@id\":\"https:\/\/www.ermitageterme.it\/fr\/#website\"},\"primaryImageOfPage\":{\"@id\":\"https:\/\/www.ermitageterme.it\/fr\/services-de-sante\/thermae\/#primaryimage\"},\"image\":{\"@id\":\"https:\/\/www.ermitageterme.it\/fr\/services-de-sante\/thermae\/#primaryimage\"},\"thumbnailUrl\":\"https:\/\/www.ermitageterme.it\/wp-content\/uploads\/2015\/06\/salute-benessere3.jpg\",\"datePublished\":\"2015-09-02T09:21:59+00:00\",\"dateModified\":\"2023-03-20T10:46:01+00:00\",\"description\":\"Thalasso Italie. Un don de la nature pour soigner et pre\u0301venir de fac\u0327on naturelle la douleur et le vieillissement des appareils musculo-squelettique et oste\u0301o-articulaire. Prix des Traitements Thermaux.\",\"breadcrumb\":{\"@id\":\"https:\/\/www.ermitageterme.it\/fr\/services-de-sante\/thermae\/#breadcrumb\"},\"inLanguage\":\"fr-FR\",\"potentialAction\":[{\"@type\":\"ReadAction\",\"target\":[\"https:\/\/www.ermitageterme.it\/fr\/services-de-sante\/thermae\/\"]}]},{\"@type\":\"ImageObject\",\"inLanguage\":\"fr-FR\",\"@id\":\"https:\/\/www.ermitageterme.it\/fr\/services-de-sante\/thermae\/#primaryimage\",\"url\":\"https:\/\/www.ermitageterme.it\/wp-content\/uploads\/2015\/06\/salute-benessere3.jpg\",\"contentUrl\":\"https:\/\/www.ermitageterme.it\/wp-content\/uploads\/2015\/06\/salute-benessere3.jpg\",\"width\":700,\"height\":467},{\"@type\":\"BreadcrumbList\",\"@id\":\"https:\/\/www.ermitageterme.it\/fr\/services-de-sante\/thermae\/#breadcrumb\",\"itemListElement\":[{\"@type\":\"ListItem\",\"position\":1,\"name\":\"Home\",\"item\":\"https:\/\/www.ermitageterme.it\/fr\/\"},{\"@type\":\"ListItem\",\"position\":2,\"name\":\"Services de Sant\u00e9\",\"item\":\"https:\/\/www.ermitageterme.it\/fr\/services-de-sante\/\"},{\"@type\":\"ListItem\",\"position\":3,\"name\":\"Thermae Classiques\"}]},{\"@type\":\"WebSite\",\"@id\":\"https:\/\/www.ermitageterme.it\/fr\/#website\",\"url\":\"https:\/\/www.ermitageterme.it\/fr\/\",\"name\":\"ermitageterme.it\",\"description\":\"Ermitage Bel Air\",\"potentialAction\":[{\"@type\":\"SearchAction\",\"target\":{\"@type\":\"EntryPoint\",\"urlTemplate\":\"https:\/\/www.ermitageterme.it\/fr\/?s={search_term_string}\"},\"query-input\":{\"@type\":\"PropertyValueSpecification\",\"valueRequired\":true,\"valueName\":\"search_term_string\"}}],\"inLanguage\":\"fr-FR\"}]}<\/script>\n<!-- \/ Yoast SEO plugin. -->","yoast_head_json":{"title":"Thalassoth\u00e9rapie Italie Abano Thermae, Thalasso Italie du Nord","description":"Thalasso Italie. Un don de la nature pour soigner et pre\u0301venir de fac\u0327on naturelle la douleur et le vieillissement des appareils musculo-squelettique et oste\u0301o-articulaire. Prix des Traitements Thermaux.","robots":{"index":"index","follow":"follow","max-snippet":"max-snippet:-1","max-image-preview":"max-image-preview:large","max-video-preview":"max-video-preview:-1"},"canonical":"https:\/\/www.ermitageterme.it\/fr\/services-de-sante\/thermae\/","og_locale":"fr_FR","og_type":"article","og_title":"Thalassoth\u00e9rapie Italie Abano Thermae, Thalasso Italie du Nord","og_description":"Thalasso Italie. Un don de la nature pour soigner et pre\u0301venir de fac\u0327on naturelle la douleur et le vieillissement des appareils musculo-squelettique et oste\u0301o-articulaire. Prix des Traitements Thermaux.","og_url":"https:\/\/www.ermitageterme.it\/fr\/services-de-sante\/thermae\/","og_site_name":"ermitageterme.it","article_modified_time":"2023-03-20T10:46:01+00:00","og_image":[{"width":700,"height":467,"url":"https:\/\/www.ermitageterme.it\/wp-content\/uploads\/2015\/06\/salute-benessere3.jpg","type":"image\/jpeg"}],"twitter_card":"summary_large_image","twitter_misc":{"Dur\u00e9e de lecture estim\u00e9e":"3 minutes"},"schema":{"@context":"https:\/\/schema.org","@graph":[{"@type":"WebPage","@id":"https:\/\/www.ermitageterme.it\/fr\/services-de-sante\/thermae\/","url":"https:\/\/www.ermitageterme.it\/fr\/services-de-sante\/thermae\/","name":"Thalassoth\u00e9rapie Italie Abano Thermae, Thalasso Italie du Nord","isPartOf":{"@id":"https:\/\/www.ermitageterme.it\/fr\/#website"},"primaryImageOfPage":{"@id":"https:\/\/www.ermitageterme.it\/fr\/services-de-sante\/thermae\/#primaryimage"},"image":{"@id":"https:\/\/www.ermitageterme.it\/fr\/services-de-sante\/thermae\/#primaryimage"},"thumbnailUrl":"https:\/\/www.ermitageterme.it\/wp-content\/uploads\/2015\/06\/salute-benessere3.jpg","datePublished":"2015-09-02T09:21:59+00:00","dateModified":"2023-03-20T10:46:01+00:00","description":"Thalasso Italie. Un don de la nature pour soigner et pre\u0301venir de fac\u0327on naturelle la douleur et le vieillissement des appareils musculo-squelettique et oste\u0301o-articulaire. Prix des Traitements Thermaux.","breadcrumb":{"@id":"https:\/\/www.ermitageterme.it\/fr\/services-de-sante\/thermae\/#breadcrumb"},"inLanguage":"fr-FR","potentialAction":[{"@type":"ReadAction","target":["https:\/\/www.ermitageterme.it\/fr\/services-de-sante\/thermae\/"]}]},{"@type":"ImageObject","inLanguage":"fr-FR","@id":"https:\/\/www.ermitageterme.it\/fr\/services-de-sante\/thermae\/#primaryimage","url":"https:\/\/www.ermitageterme.it\/wp-content\/uploads\/2015\/06\/salute-benessere3.jpg","contentUrl":"https:\/\/www.ermitageterme.it\/wp-content\/uploads\/2015\/06\/salute-benessere3.jpg","width":700,"height":467},{"@type":"BreadcrumbList","@id":"https:\/\/www.ermitageterme.it\/fr\/services-de-sante\/thermae\/#breadcrumb","itemListElement":[{"@type":"ListItem","position":1,"name":"Home","item":"https:\/\/www.ermitageterme.it\/fr\/"},{"@type":"ListItem","position":2,"name":"Services de Sant\u00e9","item":"https:\/\/www.ermitageterme.it\/fr\/services-de-sante\/"},{"@type":"ListItem","position":3,"name":"Thermae Classiques"}]},{"@type":"WebSite","@id":"https:\/\/www.ermitageterme.it\/fr\/#website","url":"https:\/\/www.ermitageterme.it\/fr\/","name":"ermitageterme.it","description":"Ermitage Bel Air","potentialAction":[{"@type":"SearchAction","target":{"@type":"EntryPoint","urlTemplate":"https:\/\/www.ermitageterme.it\/fr\/?s={search_term_string}"},"query-input":{"@type":"PropertyValueSpecification","valueRequired":true,"valueName":"search_term_string"}}],"inLanguage":"fr-FR"}]}},"_links":{"self":[{"href":"https:\/\/www.ermitageterme.it\/fr\/wp-json\/wp\/v2\/pages\/1001"}],"collection":[{"href":"https:\/\/www.ermitageterme.it\/fr\/wp-json\/wp\/v2\/pages"}],"about":[{"href":"https:\/\/www.ermitageterme.it\/fr\/wp-json\/wp\/v2\/types\/page"}],"author":[{"embeddable":true,"href":"https:\/\/www.ermitageterme.it\/fr\/wp-json\/wp\/v2\/users\/1"}],"replies":[{"embeddable":true,"href":"https:\/\/www.ermitageterme.it\/fr\/wp-json\/wp\/v2\/comments?post=1001"}],"version-history":[{"count":1,"href":"https:\/\/www.ermitageterme.it\/fr\/wp-json\/wp\/v2\/pages\/1001\/revisions"}],"predecessor-version":[{"id":42454,"href":"https:\/\/www.ermitageterme.it\/fr\/wp-json\/wp\/v2\/pages\/1001\/revisions\/42454"}],"up":[{"embeddable":true,"href":"https:\/\/www.ermitageterme.it\/fr\/wp-json\/wp\/v2\/pages\/983"}],"wp:featuredmedia":[{"embeddable":true,"href":"https:\/\/www.ermitageterme.it\/fr\/wp-json\/wp\/v2\/media\/3660"}],"wp:attachment":[{"href":"https:\/\/www.ermitageterme.it\/fr\/wp-json\/wp\/v2\/media?parent=1001"}],"curies":[{"name":"wp","href":"https:\/\/api.w.org\/{rel}","templated":true}]}}