{"id":1069,"date":"2015-06-16T16:26:04","date_gmt":"2015-06-16T14:26:04","guid":{"rendered":"\/\/www.ermitageterme.it\/services-hoteliers"},"modified":"2019-02-21T15:14:24","modified_gmt":"2019-02-21T14:14:24","slug":"services-hoteliers","status":"publish","type":"page","link":"https:\/\/www.ermitageterme.it\/fr\/services-hoteliers\/","title":{"rendered":"Services h\u00f4teliers"},"content":{"rendered":"<section class=\"wpb-content-wrapper\">[vc_row][vc_column][vc_column_text]\n<h2 style=\"color: #6b2a30;\">ERMITAGE BEL AIR<\/h2>\n<p>La tranquillit\u00e9 d\u2019un grand h\u00f4tel entour\u00e9 du vert de ses jardins. Le calme\u00a0des collines avoisinantes. L\u2019accueil attentif et personnel de la famille Maggia.<br \/>\nUn lieu o\u00f9 red\u00e9couvrir la Tradition Unique et Authentique de l\u2019Hospitalit\u00e9\u00a0Italienne, en mesure de garantir l\u2019accessibilit\u00e9 et la s\u00e9curit\u00e9 \u00e0 tous ses h\u00f4tes.[\/vc_column_text][vc_column_text]\n<h2 style=\"color: #63bead;\">MEDICAL HOTEL<\/h2>\n<p>Services de thermes et bien-\u00eatre parfaitement int\u00e9gr\u00e9s avec un centre moderne de r\u00e9\u00e9ducation et m\u00e9decine Physique. Un syst\u00e8me de services complet qui r\u00e9pond aux besoins de pr\u00e9vention et de r\u00e9\u00e9ducation de chaque h\u00f4te, en personnalisant le parcours de cure selon ses besoins gr\u00e2ce \u00e0 une consultation m\u00e9dicale sp\u00e9cialis\u00e9e compl\u00e8te: Orthop\u00e9dique, Neurologique, Lymphologique et Nutritionnelle.<br \/>\nC\u2019est pourquoi les principales assurances priv\u00e9es italiennes ont d\u00e9cid\u00e9 d\u2019op\u00e9rer dans un r\u00e9gime de convention directe avec notre centre de m\u00e9decine sp\u00e9cialis\u00e9e.[\/vc_column_text][vc_images_carousel images=\u00a0\u00bb1510,1527,1532&Prime; img_size=\u00a0\u00bbslide-content\u00a0\u00bb][\/vc_column][\/vc_row]\n<\/section>","protected":false},"excerpt":{"rendered":"<p>[vc_row][vc_column][vc_column_text] ERMITAGE BEL AIR La tranquillit\u00e9 d\u2019un grand h\u00f4tel entour\u00e9 du vert de ses jardins. Le calme\u00a0des collines avoisinantes. L\u2019accueil attentif et personnel de la famille Maggia. Un lieu o\u00f9 red\u00e9couvrir la Tradition Unique et Authentique de l\u2019Hospitalit\u00e9\u00a0Italienne, en mesure de garantir l\u2019accessibilit\u00e9 et la s\u00e9curit\u00e9 \u00e0 tous ses h\u00f4tes.[\/vc_column_text][vc_column_text] MEDICAL HOTEL Services de thermes<\/p>\n","protected":false},"author":1,"featured_media":0,"parent":0,"menu_order":51,"comment_status":"closed","ping_status":"open","template":"","meta":{"_acf_changed":false,"footnotes":""},"acf":[],"yoast_head":"<!-- This site is optimized with the Yoast SEO plugin v23.5 - https:\/\/yoast.com\/wordpress\/plugins\/seo\/ -->\n<title>H\u00f4tel 4 \u00e9toiles Abano Terme Italie du Nord<\/title>\n<meta name=\"description\" content=\"H\u00f4tel 4 \u00e9toiles Ermitage Terme Bel Air, le spa et centre de bien-\u00eatre avec bien-\u00eatre, physioth\u00e9rapie et boue \u00e0 Abano Terme, \u00e0 deux pas des Collines Eugan\u00e9ennes.\" \/>\n<meta name=\"robots\" content=\"index, follow, max-snippet:-1, max-image-preview:large, max-video-preview:-1\" \/>\n<link rel=\"canonical\" href=\"https:\/\/www.ermitageterme.it\/fr\/services-hoteliers\/\" \/>\n<meta property=\"og:locale\" content=\"fr_FR\" \/>\n<meta property=\"og:type\" content=\"article\" \/>\n<meta property=\"og:title\" content=\"H\u00f4tel 4 \u00e9toiles Abano Terme Italie du Nord\" \/>\n<meta property=\"og:description\" content=\"H\u00f4tel 4 \u00e9toiles Ermitage Terme Bel Air, le spa et centre de bien-\u00eatre avec bien-\u00eatre, physioth\u00e9rapie et boue \u00e0 Abano Terme, \u00e0 deux pas des Collines Eugan\u00e9ennes.\" \/>\n<meta property=\"og:url\" content=\"https:\/\/www.ermitageterme.it\/fr\/services-hoteliers\/\" \/>\n<meta property=\"og:site_name\" content=\"ermitageterme.it\" \/>\n<meta property=\"article:modified_time\" content=\"2019-02-21T14:14:24+00:00\" \/>\n<meta name=\"twitter:card\" content=\"summary_large_image\" \/>\n<meta name=\"twitter:label1\" content=\"Dur\u00e9e de lecture estim\u00e9e\" \/>\n\t<meta name=\"twitter:data1\" content=\"1 minute\" \/>\n<script type=\"application\/ld+json\" class=\"yoast-schema-graph\">{\"@context\":\"https:\/\/schema.org\",\"@graph\":[{\"@type\":\"WebPage\",\"@id\":\"https:\/\/www.ermitageterme.it\/fr\/services-hoteliers\/\",\"url\":\"https:\/\/www.ermitageterme.it\/fr\/services-hoteliers\/\",\"name\":\"H\u00f4tel 4 \u00e9toiles Abano Terme Italie du Nord\",\"isPartOf\":{\"@id\":\"https:\/\/www.ermitageterme.it\/fr\/#website\"},\"datePublished\":\"2015-06-16T14:26:04+00:00\",\"dateModified\":\"2019-02-21T14:14:24+00:00\",\"description\":\"H\u00f4tel 4 \u00e9toiles Ermitage Terme Bel Air, le spa et centre de bien-\u00eatre avec bien-\u00eatre, physioth\u00e9rapie et boue \u00e0 Abano Terme, \u00e0 deux pas des Collines Eugan\u00e9ennes.\",\"breadcrumb\":{\"@id\":\"https:\/\/www.ermitageterme.it\/fr\/services-hoteliers\/#breadcrumb\"},\"inLanguage\":\"fr-FR\",\"potentialAction\":[{\"@type\":\"ReadAction\",\"target\":[\"https:\/\/www.ermitageterme.it\/fr\/services-hoteliers\/\"]}]},{\"@type\":\"BreadcrumbList\",\"@id\":\"https:\/\/www.ermitageterme.it\/fr\/services-hoteliers\/#breadcrumb\",\"itemListElement\":[{\"@type\":\"ListItem\",\"position\":1,\"name\":\"Home\",\"item\":\"https:\/\/www.ermitageterme.it\/fr\/\"},{\"@type\":\"ListItem\",\"position\":2,\"name\":\"Services h\u00f4teliers\"}]},{\"@type\":\"WebSite\",\"@id\":\"https:\/\/www.ermitageterme.it\/fr\/#website\",\"url\":\"https:\/\/www.ermitageterme.it\/fr\/\",\"name\":\"ermitageterme.it\",\"description\":\"Ermitage Bel Air\",\"potentialAction\":[{\"@type\":\"SearchAction\",\"target\":{\"@type\":\"EntryPoint\",\"urlTemplate\":\"https:\/\/www.ermitageterme.it\/fr\/?s={search_term_string}\"},\"query-input\":{\"@type\":\"PropertyValueSpecification\",\"valueRequired\":true,\"valueName\":\"search_term_string\"}}],\"inLanguage\":\"fr-FR\"}]}<\/script>\n<!-- \/ Yoast SEO plugin. -->","yoast_head_json":{"title":"H\u00f4tel 4 \u00e9toiles Abano Terme Italie du Nord","description":"H\u00f4tel 4 \u00e9toiles Ermitage Terme Bel Air, le spa et centre de bien-\u00eatre avec bien-\u00eatre, physioth\u00e9rapie et boue \u00e0 Abano Terme, \u00e0 deux pas des Collines Eugan\u00e9ennes.","robots":{"index":"index","follow":"follow","max-snippet":"max-snippet:-1","max-image-preview":"max-image-preview:large","max-video-preview":"max-video-preview:-1"},"canonical":"https:\/\/www.ermitageterme.it\/fr\/services-hoteliers\/","og_locale":"fr_FR","og_type":"article","og_title":"H\u00f4tel 4 \u00e9toiles Abano Terme Italie du Nord","og_description":"H\u00f4tel 4 \u00e9toiles Ermitage Terme Bel Air, le spa et centre de bien-\u00eatre avec bien-\u00eatre, physioth\u00e9rapie et boue \u00e0 Abano Terme, \u00e0 deux pas des Collines Eugan\u00e9ennes.","og_url":"https:\/\/www.ermitageterme.it\/fr\/services-hoteliers\/","og_site_name":"ermitageterme.it","article_modified_time":"2019-02-21T14:14:24+00:00","twitter_card":"summary_large_image","twitter_misc":{"Dur\u00e9e de lecture estim\u00e9e":"1 minute"},"schema":{"@context":"https:\/\/schema.org","@graph":[{"@type":"WebPage","@id":"https:\/\/www.ermitageterme.it\/fr\/services-hoteliers\/","url":"https:\/\/www.ermitageterme.it\/fr\/services-hoteliers\/","name":"H\u00f4tel 4 \u00e9toiles Abano Terme Italie du Nord","isPartOf":{"@id":"https:\/\/www.ermitageterme.it\/fr\/#website"},"datePublished":"2015-06-16T14:26:04+00:00","dateModified":"2019-02-21T14:14:24+00:00","description":"H\u00f4tel 4 \u00e9toiles Ermitage Terme Bel Air, le spa et centre de bien-\u00eatre avec bien-\u00eatre, physioth\u00e9rapie et boue \u00e0 Abano Terme, \u00e0 deux pas des Collines Eugan\u00e9ennes.","breadcrumb":{"@id":"https:\/\/www.ermitageterme.it\/fr\/services-hoteliers\/#breadcrumb"},"inLanguage":"fr-FR","potentialAction":[{"@type":"ReadAction","target":["https:\/\/www.ermitageterme.it\/fr\/services-hoteliers\/"]}]},{"@type":"BreadcrumbList","@id":"https:\/\/www.ermitageterme.it\/fr\/services-hoteliers\/#breadcrumb","itemListElement":[{"@type":"ListItem","position":1,"name":"Home","item":"https:\/\/www.ermitageterme.it\/fr\/"},{"@type":"ListItem","position":2,"name":"Services h\u00f4teliers"}]},{"@type":"WebSite","@id":"https:\/\/www.ermitageterme.it\/fr\/#website","url":"https:\/\/www.ermitageterme.it\/fr\/","name":"ermitageterme.it","description":"Ermitage Bel Air","potentialAction":[{"@type":"SearchAction","target":{"@type":"EntryPoint","urlTemplate":"https:\/\/www.ermitageterme.it\/fr\/?s={search_term_string}"},"query-input":{"@type":"PropertyValueSpecification","valueRequired":true,"valueName":"search_term_string"}}],"inLanguage":"fr-FR"}]}},"_links":{"self":[{"href":"https:\/\/www.ermitageterme.it\/fr\/wp-json\/wp\/v2\/pages\/1069"}],"collection":[{"href":"https:\/\/www.ermitageterme.it\/fr\/wp-json\/wp\/v2\/pages"}],"about":[{"href":"https:\/\/www.ermitageterme.it\/fr\/wp-json\/wp\/v2\/types\/page"}],"author":[{"embeddable":true,"href":"https:\/\/www.ermitageterme.it\/fr\/wp-json\/wp\/v2\/users\/1"}],"replies":[{"embeddable":true,"href":"https:\/\/www.ermitageterme.it\/fr\/wp-json\/wp\/v2\/comments?post=1069"}],"version-history":[{"count":0,"href":"https:\/\/www.ermitageterme.it\/fr\/wp-json\/wp\/v2\/pages\/1069\/revisions"}],"wp:attachment":[{"href":"https:\/\/www.ermitageterme.it\/fr\/wp-json\/wp\/v2\/media?parent=1069"}],"curies":[{"name":"wp","href":"https:\/\/api.w.org\/{rel}","templated":true}]}}