{"id":1073,"date":"2015-08-26T15:51:39","date_gmt":"2015-08-26T13:51:39","guid":{"rendered":"\/\/www.ermitageterme.it\/conventions"},"modified":"2024-10-10T12:45:53","modified_gmt":"2024-10-10T10:45:53","slug":"conventions","status":"publish","type":"page","link":"https:\/\/www.ermitageterme.it\/fr\/prix-2\/conventions\/","title":{"rendered":"Conventions"},"content":{"rendered":"<p><strong><span class=\"s1\">Ermitage Medical Hotel \u0153uvre en collaboration avec d\u2019importants Instituts de Pr\u00e9voyance et d\u2019Assistance aussi bien publics que priv\u00e9s, veuillez v\u00e9rifier dans la liste ci-dessous si vous pouvez profiter d\u2019importants b\u00e9n\u00e9fices et r\u00e9ductions et nous contacter pour de plus amples informations.<\/span><\/strong><\/p>\n<p class=\"p1\"><span class=\"s1\">M\u00e9decine Thermale, en convention avec le Syst\u00e8me sanitaire National, tous les citoyens italiens peuvent en b\u00e9n\u00e9ficier.<\/span><\/p>\n<p>&nbsp;<\/p>\n<p>&nbsp;<\/p>\n<table border=\"0\">\n<tbody>\n<tr>\n<td><img decoding=\"async\" src=\"\/wp-content\/uploads\/2020\/05\/AXA_Logo.png\" alt=\"\" \/><\/td>\n<td><img decoding=\"async\" src=\"\/wp-content\/uploads\/2015\/08\/generali-convenzioni.jpg\" alt=\"\" \/><\/td>\n<td><img decoding=\"async\" style=\"display: block; width: 200px; height: auto;\" src=\"\/wp-content\/uploads\/2021\/04\/Allianz.png\" alt=\"\" \/><\/td>\n<\/tr>\n<tr>\n<td><img decoding=\"async\" src=\"\/wp-content\/uploads\/2015\/08\/fasi-convenzioni.jpg\" alt=\"\" \/><\/td>\n<td><img decoding=\"async\" src=\"\/wp-content\/uploads\/2015\/08\/faschim-convenzioni.jpg\" alt=\"\" \/><\/td>\n<td><img decoding=\"async\" src=\"\/wp-content\/uploads\/2015\/08\/fasdac-convenzioni.jpg\" alt=\"\" \/><\/td>\n<\/tr>\n<tr>\n<td><img decoding=\"async\" src=\"\/wp-content\/uploads\/2024\/01\/CassaNazNot_pos_cnn.jpg\" alt=\"\" \/><\/td>\n<td><img decoding=\"async\" src=\"\/wp-content\/uploads\/2024\/01\/Logo_C-S.jpg\" alt=\"\" \/><\/td>\n<td><img decoding=\"async\" src=\"\/wp-content\/uploads\/2024\/10\/COMIPA.jpg\" alt=\"\" \/><\/td>\n<\/tr>\n<tr>\n<td><img decoding=\"async\" src=\"\/wp-content\/uploads\/2024\/10\/Carta-Mutua-salus.jpeg\" alt=\"\" width=\"30%!important\" \/><\/td>\n<\/tr>\n<\/tbody>\n<\/table>\n","protected":false},"excerpt":{"rendered":"<p>Ermitage Medical Hotel \u0153uvre en collaboration avec d\u2019importants Instituts de Pr\u00e9voyance et d\u2019Assistance aussi bien publics que priv\u00e9s, veuillez v\u00e9rifier dans la liste ci-dessous si vous pouvez profiter d\u2019importants b\u00e9n\u00e9fices et r\u00e9ductions et nous contacter pour de plus amples informations. M\u00e9decine Thermale, en convention avec le Syst\u00e8me sanitaire National, tous les citoyens italiens peuvent en<\/p>\n","protected":false},"author":1,"featured_media":0,"parent":1154,"menu_order":0,"comment_status":"closed","ping_status":"closed","template":"","meta":{"_acf_changed":false,"footnotes":""},"acf":[],"yoast_head":"<!-- This site is optimized with the Yoast SEO plugin v23.5 - https:\/\/yoast.com\/wordpress\/plugins\/seo\/ -->\n<title>Cure termali convenzionate Abano Terme - Ermitage Bel Air Hotel<\/title>\n<meta name=\"description\" content=\"Ermitage Medical Hotel offre cure termali in convenzione con importanti Istituti di Previdenza e Assistenza sia pubblici che privati. Contattaci per Info.\" \/>\n<meta name=\"robots\" content=\"index, follow, max-snippet:-1, max-image-preview:large, max-video-preview:-1\" \/>\n<link rel=\"canonical\" href=\"https:\/\/www.ermitageterme.it\/fr\/prix-2\/conventions\/\" \/>\n<meta property=\"og:locale\" content=\"fr_FR\" \/>\n<meta property=\"og:type\" content=\"article\" \/>\n<meta property=\"og:title\" content=\"Cure termali convenzionate Abano Terme - Ermitage Bel Air Hotel\" \/>\n<meta property=\"og:description\" content=\"Ermitage Medical Hotel offre cure termali in convenzione con importanti Istituti di Previdenza e Assistenza sia pubblici che privati. Contattaci per Info.\" \/>\n<meta property=\"og:url\" content=\"https:\/\/www.ermitageterme.it\/fr\/prix-2\/conventions\/\" \/>\n<meta property=\"og:site_name\" content=\"ermitageterme.it\" \/>\n<meta property=\"article:modified_time\" content=\"2024-10-10T10:45:53+00:00\" \/>\n<meta name=\"twitter:card\" content=\"summary_large_image\" \/>\n<meta name=\"twitter:label1\" content=\"Dur\u00e9e de lecture estim\u00e9e\" \/>\n\t<meta name=\"twitter:data1\" content=\"2 minutes\" \/>\n<script type=\"application\/ld+json\" class=\"yoast-schema-graph\">{\"@context\":\"https:\/\/schema.org\",\"@graph\":[{\"@type\":\"WebPage\",\"@id\":\"https:\/\/www.ermitageterme.it\/fr\/prix-2\/conventions\/\",\"url\":\"https:\/\/www.ermitageterme.it\/fr\/prix-2\/conventions\/\",\"name\":\"Cure termali convenzionate Abano Terme - Ermitage Bel Air Hotel\",\"isPartOf\":{\"@id\":\"https:\/\/www.ermitageterme.it\/fr\/#website\"},\"datePublished\":\"2015-08-26T13:51:39+00:00\",\"dateModified\":\"2024-10-10T10:45:53+00:00\",\"description\":\"Ermitage Medical Hotel offre cure termali in convenzione con importanti Istituti di Previdenza e Assistenza sia pubblici che privati. Contattaci per Info.\",\"breadcrumb\":{\"@id\":\"https:\/\/www.ermitageterme.it\/fr\/prix-2\/conventions\/#breadcrumb\"},\"inLanguage\":\"fr-FR\",\"potentialAction\":[{\"@type\":\"ReadAction\",\"target\":[\"https:\/\/www.ermitageterme.it\/fr\/prix-2\/conventions\/\"]}]},{\"@type\":\"BreadcrumbList\",\"@id\":\"https:\/\/www.ermitageterme.it\/fr\/prix-2\/conventions\/#breadcrumb\",\"itemListElement\":[{\"@type\":\"ListItem\",\"position\":1,\"name\":\"Home\",\"item\":\"https:\/\/www.ermitageterme.it\/fr\/\"},{\"@type\":\"ListItem\",\"position\":2,\"name\":\"Tarifs\",\"item\":\"https:\/\/www.ermitageterme.it\/fr\/prix-2\/\"},{\"@type\":\"ListItem\",\"position\":3,\"name\":\"Conventions\"}]},{\"@type\":\"WebSite\",\"@id\":\"https:\/\/www.ermitageterme.it\/fr\/#website\",\"url\":\"https:\/\/www.ermitageterme.it\/fr\/\",\"name\":\"ermitageterme.it\",\"description\":\"Ermitage Bel Air\",\"potentialAction\":[{\"@type\":\"SearchAction\",\"target\":{\"@type\":\"EntryPoint\",\"urlTemplate\":\"https:\/\/www.ermitageterme.it\/fr\/?s={search_term_string}\"},\"query-input\":{\"@type\":\"PropertyValueSpecification\",\"valueRequired\":true,\"valueName\":\"search_term_string\"}}],\"inLanguage\":\"fr-FR\"}]}<\/script>\n<!-- \/ Yoast SEO plugin. -->","yoast_head_json":{"title":"Cure termali convenzionate Abano Terme - Ermitage Bel Air Hotel","description":"Ermitage Medical Hotel offre cure termali in convenzione con importanti Istituti di Previdenza e Assistenza sia pubblici che privati. Contattaci per Info.","robots":{"index":"index","follow":"follow","max-snippet":"max-snippet:-1","max-image-preview":"max-image-preview:large","max-video-preview":"max-video-preview:-1"},"canonical":"https:\/\/www.ermitageterme.it\/fr\/prix-2\/conventions\/","og_locale":"fr_FR","og_type":"article","og_title":"Cure termali convenzionate Abano Terme - Ermitage Bel Air Hotel","og_description":"Ermitage Medical Hotel offre cure termali in convenzione con importanti Istituti di Previdenza e Assistenza sia pubblici che privati. Contattaci per Info.","og_url":"https:\/\/www.ermitageterme.it\/fr\/prix-2\/conventions\/","og_site_name":"ermitageterme.it","article_modified_time":"2024-10-10T10:45:53+00:00","twitter_card":"summary_large_image","twitter_misc":{"Dur\u00e9e de lecture estim\u00e9e":"2 minutes"},"schema":{"@context":"https:\/\/schema.org","@graph":[{"@type":"WebPage","@id":"https:\/\/www.ermitageterme.it\/fr\/prix-2\/conventions\/","url":"https:\/\/www.ermitageterme.it\/fr\/prix-2\/conventions\/","name":"Cure termali convenzionate Abano Terme - Ermitage Bel Air Hotel","isPartOf":{"@id":"https:\/\/www.ermitageterme.it\/fr\/#website"},"datePublished":"2015-08-26T13:51:39+00:00","dateModified":"2024-10-10T10:45:53+00:00","description":"Ermitage Medical Hotel offre cure termali in convenzione con importanti Istituti di Previdenza e Assistenza sia pubblici che privati. Contattaci per Info.","breadcrumb":{"@id":"https:\/\/www.ermitageterme.it\/fr\/prix-2\/conventions\/#breadcrumb"},"inLanguage":"fr-FR","potentialAction":[{"@type":"ReadAction","target":["https:\/\/www.ermitageterme.it\/fr\/prix-2\/conventions\/"]}]},{"@type":"BreadcrumbList","@id":"https:\/\/www.ermitageterme.it\/fr\/prix-2\/conventions\/#breadcrumb","itemListElement":[{"@type":"ListItem","position":1,"name":"Home","item":"https:\/\/www.ermitageterme.it\/fr\/"},{"@type":"ListItem","position":2,"name":"Tarifs","item":"https:\/\/www.ermitageterme.it\/fr\/prix-2\/"},{"@type":"ListItem","position":3,"name":"Conventions"}]},{"@type":"WebSite","@id":"https:\/\/www.ermitageterme.it\/fr\/#website","url":"https:\/\/www.ermitageterme.it\/fr\/","name":"ermitageterme.it","description":"Ermitage Bel Air","potentialAction":[{"@type":"SearchAction","target":{"@type":"EntryPoint","urlTemplate":"https:\/\/www.ermitageterme.it\/fr\/?s={search_term_string}"},"query-input":{"@type":"PropertyValueSpecification","valueRequired":true,"valueName":"search_term_string"}}],"inLanguage":"fr-FR"}]}},"_links":{"self":[{"href":"https:\/\/www.ermitageterme.it\/fr\/wp-json\/wp\/v2\/pages\/1073"}],"collection":[{"href":"https:\/\/www.ermitageterme.it\/fr\/wp-json\/wp\/v2\/pages"}],"about":[{"href":"https:\/\/www.ermitageterme.it\/fr\/wp-json\/wp\/v2\/types\/page"}],"author":[{"embeddable":true,"href":"https:\/\/www.ermitageterme.it\/fr\/wp-json\/wp\/v2\/users\/1"}],"replies":[{"embeddable":true,"href":"https:\/\/www.ermitageterme.it\/fr\/wp-json\/wp\/v2\/comments?post=1073"}],"version-history":[{"count":3,"href":"https:\/\/www.ermitageterme.it\/fr\/wp-json\/wp\/v2\/pages\/1073\/revisions"}],"predecessor-version":[{"id":49154,"href":"https:\/\/www.ermitageterme.it\/fr\/wp-json\/wp\/v2\/pages\/1073\/revisions\/49154"}],"up":[{"embeddable":true,"href":"https:\/\/www.ermitageterme.it\/fr\/wp-json\/wp\/v2\/pages\/1154"}],"wp:attachment":[{"href":"https:\/\/www.ermitageterme.it\/fr\/wp-json\/wp\/v2\/media?parent=1073"}],"curies":[{"name":"wp","href":"https:\/\/api.w.org\/{rel}","templated":true}]}}