{"id":1075,"date":"2015-08-26T15:44:47","date_gmt":"2015-08-26T13:44:47","guid":{"rendered":"\/\/www.ermitageterme.it\/parc-et-les-piscines"},"modified":"2019-02-21T15:16:21","modified_gmt":"2019-02-21T14:16:21","slug":"parc-et-les-piscines","status":"publish","type":"page","link":"https:\/\/www.ermitageterme.it\/fr\/services-hoteliers\/parc-et-les-piscines\/","title":{"rendered":"Parc et les Piscines"},"content":{"rendered":"<section class=\"wpb-content-wrapper\">[vc_row][vc_column][vc_column_text]\nGr\u00e2ce \u00e0 une extension de 45000 m2, dans une zone particuli\u00e8rement tranquille \u00e0 1 km du centre d&rsquo;<strong>Abano Terme<\/strong>, le <strong>Parc d&rsquo;Ermitage Bel Air<\/strong>, peut offrir \u00e0 tous ses h\u00f4tes des moments de grande s\u00e9r\u00e9nit\u00e9 gr\u00e2ce \u00e0 des panoramas qui alternent les couleurs des floraisons saisonni\u00e8res, le bleu de ses grandes piscines <em><a href=\"\/\/www.ermitageterme.it\/hotel\/piscine\/\">piscine<\/a><\/em> et le vert des collines qui l&rsquo;entourent.<\/p>\n<p>Les <strong>coins bar<\/strong>, les terrasses meubl\u00e9es et le jardin tout autour permettent \u00e0 tous les h\u00f4tes de pouvoir choisir quand ils souhaitent profiter de moments de convivialit\u00e9 ou au contraire se retirer en toute r\u00e9serve et s\u00e9r\u00e9nit\u00e9.<\/p>\n[\/vc_column_text][vc_images_carousel images=\u00a0\u00bb3665,3666,3746,2843,2834,1938,1528,1527,1505,1276&Prime; img_size=\u00a0\u00bbslide-content\u00a0\u00bb hide_pagination_control=\u00a0\u00bbyes\u00a0\u00bb][\/vc_column][\/vc_row][vc_row][vc_column][vc_column_text]\n<h2 class=\"page-title\">Piscines thermales<\/h2>\n<p>Les grandes <strong>piscines thermales<\/strong>, dot\u00e9es de circuit de relaxation, garantissent paix et d\u00e9tente \u00e0 n&rsquo;importe quel moment de l&rsquo;ann\u00e9e.[\/vc_column_text][vc_images_carousel images=\u00a0\u00bb1530,1532,1533,2701,1535,5017,3914,3727,3742,2829,2826,2496,1536,1529&Prime; img_size=\u00a0\u00bbslide-content\u00a0\u00bb hide_pagination_control=\u00a0\u00bbyes\u00a0\u00bb][\/vc_column][\/vc_row]\n<\/section>","protected":false},"excerpt":{"rendered":"<p>[vc_row][vc_column][vc_column_text] Gr\u00e2ce \u00e0 une extension de 45000 m2, dans une zone particuli\u00e8rement tranquille \u00e0 1 km du centre d&rsquo;Abano Terme, le Parc d&rsquo;Ermitage Bel Air, peut offrir \u00e0 tous ses h\u00f4tes des moments de grande s\u00e9r\u00e9nit\u00e9 gr\u00e2ce \u00e0 des panoramas qui alternent les couleurs des floraisons saisonni\u00e8res, le bleu de ses grandes piscines piscine et<\/p>\n","protected":false},"author":1,"featured_media":1848,"parent":1069,"menu_order":5,"comment_status":"closed","ping_status":"closed","template":"","meta":{"_acf_changed":false,"footnotes":""},"acf":[],"yoast_head":"<!-- This site is optimized with the Yoast SEO plugin v23.5 - https:\/\/yoast.com\/wordpress\/plugins\/seo\/ -->\n<title>Piscines thermales Abano Italie du Nord - h\u00f4tel 4 \u00e9toiles avec parc et piscines thermales \u00e0 Abano Terme<\/title>\n<meta name=\"description\" content=\"Ermitage Bel Air est un h\u00f4tel 4 \u00e9toiles \u00e0 Abano Terme dot\u00e9 d\u2019un grand parc propice aux promenades paisibles \u00e0 l\u2019ombre des monts Eugan\u00e9ens.\" \/>\n<meta name=\"robots\" content=\"index, follow, max-snippet:-1, max-image-preview:large, max-video-preview:-1\" \/>\n<link rel=\"canonical\" href=\"https:\/\/www.ermitageterme.it\/fr\/services-hoteliers\/parc-et-les-piscines\/\" \/>\n<meta property=\"og:locale\" content=\"fr_FR\" \/>\n<meta property=\"og:type\" content=\"article\" \/>\n<meta property=\"og:title\" content=\"Piscines thermales Abano Italie du Nord - h\u00f4tel 4 \u00e9toiles avec parc et piscines thermales \u00e0 Abano Terme\" \/>\n<meta property=\"og:description\" content=\"Ermitage Bel Air est un h\u00f4tel 4 \u00e9toiles \u00e0 Abano Terme dot\u00e9 d\u2019un grand parc propice aux promenades paisibles \u00e0 l\u2019ombre des monts Eugan\u00e9ens.\" \/>\n<meta property=\"og:url\" content=\"https:\/\/www.ermitageterme.it\/fr\/services-hoteliers\/parc-et-les-piscines\/\" \/>\n<meta property=\"og:site_name\" content=\"ermitageterme.it\" \/>\n<meta property=\"article:modified_time\" content=\"2019-02-21T14:16:21+00:00\" \/>\n<meta property=\"og:image\" content=\"https:\/\/www.ermitageterme.it\/wp-content\/uploads\/2015\/08\/ErmitageBelAir-Campanella-8336.jpg\" \/>\n\t<meta property=\"og:image:width\" content=\"1500\" \/>\n\t<meta property=\"og:image:height\" content=\"1000\" \/>\n\t<meta property=\"og:image:type\" content=\"image\/jpeg\" \/>\n<meta name=\"twitter:card\" content=\"summary_large_image\" \/>\n<meta name=\"twitter:label1\" content=\"Dur\u00e9e de lecture estim\u00e9e\" \/>\n\t<meta name=\"twitter:data1\" content=\"1 minute\" \/>\n<script type=\"application\/ld+json\" class=\"yoast-schema-graph\">{\"@context\":\"https:\/\/schema.org\",\"@graph\":[{\"@type\":\"WebPage\",\"@id\":\"https:\/\/www.ermitageterme.it\/fr\/services-hoteliers\/parc-et-les-piscines\/\",\"url\":\"https:\/\/www.ermitageterme.it\/fr\/services-hoteliers\/parc-et-les-piscines\/\",\"name\":\"Piscines thermales Abano Italie du Nord - h\u00f4tel 4 \u00e9toiles avec parc et piscines thermales \u00e0 Abano Terme\",\"isPartOf\":{\"@id\":\"https:\/\/www.ermitageterme.it\/fr\/#website\"},\"primaryImageOfPage\":{\"@id\":\"https:\/\/www.ermitageterme.it\/fr\/services-hoteliers\/parc-et-les-piscines\/#primaryimage\"},\"image\":{\"@id\":\"https:\/\/www.ermitageterme.it\/fr\/services-hoteliers\/parc-et-les-piscines\/#primaryimage\"},\"thumbnailUrl\":\"https:\/\/www.ermitageterme.it\/wp-content\/uploads\/2015\/08\/ErmitageBelAir-Campanella-8336.jpg\",\"datePublished\":\"2015-08-26T13:44:47+00:00\",\"dateModified\":\"2019-02-21T14:16:21+00:00\",\"description\":\"Ermitage Bel Air est un h\u00f4tel 4 \u00e9toiles \u00e0 Abano Terme dot\u00e9 d\u2019un grand parc propice aux promenades paisibles \u00e0 l\u2019ombre des monts Eugan\u00e9ens.\",\"breadcrumb\":{\"@id\":\"https:\/\/www.ermitageterme.it\/fr\/services-hoteliers\/parc-et-les-piscines\/#breadcrumb\"},\"inLanguage\":\"fr-FR\",\"potentialAction\":[{\"@type\":\"ReadAction\",\"target\":[\"https:\/\/www.ermitageterme.it\/fr\/services-hoteliers\/parc-et-les-piscines\/\"]}]},{\"@type\":\"ImageObject\",\"inLanguage\":\"fr-FR\",\"@id\":\"https:\/\/www.ermitageterme.it\/fr\/services-hoteliers\/parc-et-les-piscines\/#primaryimage\",\"url\":\"https:\/\/www.ermitageterme.it\/wp-content\/uploads\/2015\/08\/ErmitageBelAir-Campanella-8336.jpg\",\"contentUrl\":\"https:\/\/www.ermitageterme.it\/wp-content\/uploads\/2015\/08\/ErmitageBelAir-Campanella-8336.jpg\",\"width\":1500,\"height\":1000,\"caption\":\"Parco\"},{\"@type\":\"BreadcrumbList\",\"@id\":\"https:\/\/www.ermitageterme.it\/fr\/services-hoteliers\/parc-et-les-piscines\/#breadcrumb\",\"itemListElement\":[{\"@type\":\"ListItem\",\"position\":1,\"name\":\"Home\",\"item\":\"https:\/\/www.ermitageterme.it\/fr\/\"},{\"@type\":\"ListItem\",\"position\":2,\"name\":\"Services h\u00f4teliers\",\"item\":\"https:\/\/www.ermitageterme.it\/fr\/services-hoteliers\/\"},{\"@type\":\"ListItem\",\"position\":3,\"name\":\"Parc et les Piscines\"}]},{\"@type\":\"WebSite\",\"@id\":\"https:\/\/www.ermitageterme.it\/fr\/#website\",\"url\":\"https:\/\/www.ermitageterme.it\/fr\/\",\"name\":\"ermitageterme.it\",\"description\":\"Ermitage Bel Air\",\"potentialAction\":[{\"@type\":\"SearchAction\",\"target\":{\"@type\":\"EntryPoint\",\"urlTemplate\":\"https:\/\/www.ermitageterme.it\/fr\/?s={search_term_string}\"},\"query-input\":{\"@type\":\"PropertyValueSpecification\",\"valueRequired\":true,\"valueName\":\"search_term_string\"}}],\"inLanguage\":\"fr-FR\"}]}<\/script>\n<!-- \/ Yoast SEO plugin. -->","yoast_head_json":{"title":"Piscines thermales Abano Italie du Nord - h\u00f4tel 4 \u00e9toiles avec parc et piscines thermales \u00e0 Abano Terme","description":"Ermitage Bel Air est un h\u00f4tel 4 \u00e9toiles \u00e0 Abano Terme dot\u00e9 d\u2019un grand parc propice aux promenades paisibles \u00e0 l\u2019ombre des monts Eugan\u00e9ens.","robots":{"index":"index","follow":"follow","max-snippet":"max-snippet:-1","max-image-preview":"max-image-preview:large","max-video-preview":"max-video-preview:-1"},"canonical":"https:\/\/www.ermitageterme.it\/fr\/services-hoteliers\/parc-et-les-piscines\/","og_locale":"fr_FR","og_type":"article","og_title":"Piscines thermales Abano Italie du Nord - h\u00f4tel 4 \u00e9toiles avec parc et piscines thermales \u00e0 Abano Terme","og_description":"Ermitage Bel Air est un h\u00f4tel 4 \u00e9toiles \u00e0 Abano Terme dot\u00e9 d\u2019un grand parc propice aux promenades paisibles \u00e0 l\u2019ombre des monts Eugan\u00e9ens.","og_url":"https:\/\/www.ermitageterme.it\/fr\/services-hoteliers\/parc-et-les-piscines\/","og_site_name":"ermitageterme.it","article_modified_time":"2019-02-21T14:16:21+00:00","og_image":[{"width":1500,"height":1000,"url":"https:\/\/www.ermitageterme.it\/wp-content\/uploads\/2015\/08\/ErmitageBelAir-Campanella-8336.jpg","type":"image\/jpeg"}],"twitter_card":"summary_large_image","twitter_misc":{"Dur\u00e9e de lecture estim\u00e9e":"1 minute"},"schema":{"@context":"https:\/\/schema.org","@graph":[{"@type":"WebPage","@id":"https:\/\/www.ermitageterme.it\/fr\/services-hoteliers\/parc-et-les-piscines\/","url":"https:\/\/www.ermitageterme.it\/fr\/services-hoteliers\/parc-et-les-piscines\/","name":"Piscines thermales Abano Italie du Nord - h\u00f4tel 4 \u00e9toiles avec parc et piscines thermales \u00e0 Abano Terme","isPartOf":{"@id":"https:\/\/www.ermitageterme.it\/fr\/#website"},"primaryImageOfPage":{"@id":"https:\/\/www.ermitageterme.it\/fr\/services-hoteliers\/parc-et-les-piscines\/#primaryimage"},"image":{"@id":"https:\/\/www.ermitageterme.it\/fr\/services-hoteliers\/parc-et-les-piscines\/#primaryimage"},"thumbnailUrl":"https:\/\/www.ermitageterme.it\/wp-content\/uploads\/2015\/08\/ErmitageBelAir-Campanella-8336.jpg","datePublished":"2015-08-26T13:44:47+00:00","dateModified":"2019-02-21T14:16:21+00:00","description":"Ermitage Bel Air est un h\u00f4tel 4 \u00e9toiles \u00e0 Abano Terme dot\u00e9 d\u2019un grand parc propice aux promenades paisibles \u00e0 l\u2019ombre des monts Eugan\u00e9ens.","breadcrumb":{"@id":"https:\/\/www.ermitageterme.it\/fr\/services-hoteliers\/parc-et-les-piscines\/#breadcrumb"},"inLanguage":"fr-FR","potentialAction":[{"@type":"ReadAction","target":["https:\/\/www.ermitageterme.it\/fr\/services-hoteliers\/parc-et-les-piscines\/"]}]},{"@type":"ImageObject","inLanguage":"fr-FR","@id":"https:\/\/www.ermitageterme.it\/fr\/services-hoteliers\/parc-et-les-piscines\/#primaryimage","url":"https:\/\/www.ermitageterme.it\/wp-content\/uploads\/2015\/08\/ErmitageBelAir-Campanella-8336.jpg","contentUrl":"https:\/\/www.ermitageterme.it\/wp-content\/uploads\/2015\/08\/ErmitageBelAir-Campanella-8336.jpg","width":1500,"height":1000,"caption":"Parco"},{"@type":"BreadcrumbList","@id":"https:\/\/www.ermitageterme.it\/fr\/services-hoteliers\/parc-et-les-piscines\/#breadcrumb","itemListElement":[{"@type":"ListItem","position":1,"name":"Home","item":"https:\/\/www.ermitageterme.it\/fr\/"},{"@type":"ListItem","position":2,"name":"Services h\u00f4teliers","item":"https:\/\/www.ermitageterme.it\/fr\/services-hoteliers\/"},{"@type":"ListItem","position":3,"name":"Parc et les Piscines"}]},{"@type":"WebSite","@id":"https:\/\/www.ermitageterme.it\/fr\/#website","url":"https:\/\/www.ermitageterme.it\/fr\/","name":"ermitageterme.it","description":"Ermitage Bel Air","potentialAction":[{"@type":"SearchAction","target":{"@type":"EntryPoint","urlTemplate":"https:\/\/www.ermitageterme.it\/fr\/?s={search_term_string}"},"query-input":{"@type":"PropertyValueSpecification","valueRequired":true,"valueName":"search_term_string"}}],"inLanguage":"fr-FR"}]}},"_links":{"self":[{"href":"https:\/\/www.ermitageterme.it\/fr\/wp-json\/wp\/v2\/pages\/1075"}],"collection":[{"href":"https:\/\/www.ermitageterme.it\/fr\/wp-json\/wp\/v2\/pages"}],"about":[{"href":"https:\/\/www.ermitageterme.it\/fr\/wp-json\/wp\/v2\/types\/page"}],"author":[{"embeddable":true,"href":"https:\/\/www.ermitageterme.it\/fr\/wp-json\/wp\/v2\/users\/1"}],"replies":[{"embeddable":true,"href":"https:\/\/www.ermitageterme.it\/fr\/wp-json\/wp\/v2\/comments?post=1075"}],"version-history":[{"count":0,"href":"https:\/\/www.ermitageterme.it\/fr\/wp-json\/wp\/v2\/pages\/1075\/revisions"}],"up":[{"embeddable":true,"href":"https:\/\/www.ermitageterme.it\/fr\/wp-json\/wp\/v2\/pages\/1069"}],"wp:featuredmedia":[{"embeddable":true,"href":"https:\/\/www.ermitageterme.it\/fr\/wp-json\/wp\/v2\/media\/1848"}],"wp:attachment":[{"href":"https:\/\/www.ermitageterme.it\/fr\/wp-json\/wp\/v2\/media?parent=1075"}],"curies":[{"name":"wp","href":"https:\/\/api.w.org\/{rel}","templated":true}]}}