{"id":1077,"date":"2015-07-07T15:09:01","date_gmt":"2015-07-07T13:09:01","guid":{"rendered":"\/\/www.ermitageterme.it\/restaurant"},"modified":"2020-01-24T13:07:43","modified_gmt":"2020-01-24T12:07:43","slug":"restaurant","status":"publish","type":"page","link":"https:\/\/www.ermitageterme.it\/fr\/services-hoteliers\/restaurant\/","title":{"rendered":"Restaurant"},"content":{"rendered":"<section class=\"wpb-content-wrapper\">[vc_row][vc_column][vc_column_text]\n<h3 style=\"color: #6b2a30;\">Choisissez votre menu consciemment.<\/h3>\n<h4 style=\"color: #6b2a30;\">Les meilleurs produits du terroir choisis en valorisant nos petits producteurs; la recherche continue de nos chefs et de nos conseillers scientifiques pour une cuisine sachant conjuguer sant\u00e9 et plaisir.<\/h4>\n<p><strong style=\"color: #eca783;\"><br \/>\nMENU\u00a0<\/strong><strong style=\"color: #eca783;\">ENJOY\u00a0<\/strong><br \/>\nConsacr\u00e9 uniquement au plaisir et au go\u00fbt sans aucune restriction calorique. Inspir\u00e9 de la cuisine du terroir, il est indiqu\u00e9 pour les plus jeunes et devrait \u00eatre associ\u00e9 \u00e0 un style de vie particuli\u00e8rement actif et non s\u00e9dentaire.<\/p>\n<p><span style=\"color: #81b2cb;\"><strong>MENU <\/strong><\/span><strong style=\"color: #81b2cb;\">BALANCED\u00a0<\/strong><br \/>\nPour une alimentation plus consciente et salutaire. Adapt\u00e9 \u00e0 tous les h\u00f4tes ind\u00e9pendamment de leur \u00e2ge et de leur style de vie, il r\u00e9pond aux recommandations les plus r\u00e9centes en mati\u00e8re d&rsquo;alimentation et de m\u00e9decine pr\u00e9ventive: \u00e9quilibre correct entre lipides, glucides, prot\u00e9ines et fibres. L\u00e9g\u00e8rement hypocalorique, 1600 calories par jour, pain et assaisonnements ajout\u00e9s exclus. Utilisation limit\u00e9e de viandes rouges, de graisses d&rsquo;origine animale, de sucres et de farines raffin\u00e9es.<\/p>\n<p><strong style=\"color: #5cbc5b;\">MENU\u00a0<\/strong><strong style=\"color: #5cbc5b;\">VEGGIE<\/strong><span style=\"color: #5cbc5b;\">\u00a0<\/span><br \/>\nN\u00e9 pour satisfaire le go\u00fbt et les besoins physiologiques de certains de nos h\u00f4tes, il n&rsquo;utilise aucun d\u00e9riv\u00e9 d&rsquo;origine animale. Il pourra m\u00eame satisfaire le go\u00fbt des h\u00f4tes les plus sceptiques car il est li\u00e9 \u00e0 des saveurs et \u00e0 des ingr\u00e9dients antiques, au temps o\u00f9 le poisson, la viande, le lait et les oeufs \u00e9taient un luxe que peu de personnes pouvaient se permettre et qu&rsquo;il fallait valoriser les l\u00e9gumes, les l\u00e9gumes secs et les c\u00e9r\u00e9ales souvent oubli\u00e9s de nos jours.<\/p>\n<p><strong style=\"color: #008c39;\">MENU <strong>BASIL PLUS\u00a0<\/strong><br \/>\n<\/strong><br \/>\n<span style=\"color: #008c39;\">Disponible apr\u00e8s une visite sp\u00e9cialis\u00e9e pour un montant de 100\u20ac par semaine. <\/span>Il utilise les menus des lignes Veggie et Balanced r\u00e9adapt\u00e9es selon les besoins sp\u00e9cifiques du client. R\u00e9gime calorique individuel, r\u00e9parti sur 6 repas pour \u00e9viter des baisses et des pics de glyc\u00e9mie. La Charge prot\u00e9ique est personnalis\u00e9e pour les besoins physiologiques ou pour des raisons li\u00e9es \u00e0 la prise de m\u00e9dicaments. Consacr\u00e9 aux besoins de la personne \u00e2g\u00e9e, du sujet ob\u00e8se, du patient orthop\u00e9dique, neurologique ou lymphologique.<\/p>\n<p>&nbsp;<\/p>\n<p>Conseiller Scientifique: Prof. Fulvio Ursini Biochimiste Universit\u00e9 de Padoue<\/p>\n[\/vc_column_text][vc_images_carousel images=\u00a0\u00bb2694,5289,1542,1540,1541,1526,1543&Prime; img_size=\u00a0\u00bbslide-content\u00a0\u00bb hide_pagination_control=\u00a0\u00bbyes\u00a0\u00bb][\/vc_column][\/vc_row]\n<\/section>","protected":false},"excerpt":{"rendered":"<p>[vc_row][vc_column][vc_column_text] Choisissez votre menu consciemment. Les meilleurs produits du terroir choisis en valorisant nos petits producteurs; la recherche continue de nos chefs et de nos conseillers scientifiques pour une cuisine sachant conjuguer sant\u00e9 et plaisir. MENU\u00a0ENJOY\u00a0 Consacr\u00e9 uniquement au plaisir et au go\u00fbt sans aucune restriction calorique. Inspir\u00e9 de la cuisine du terroir, il est<\/p>\n","protected":false},"author":1,"featured_media":1842,"parent":1069,"menu_order":1,"comment_status":"closed","ping_status":"open","template":"","meta":{"_acf_changed":false,"footnotes":""},"acf":[],"yoast_head":"<!-- This site is optimized with the Yoast SEO plugin v23.5 - https:\/\/yoast.com\/wordpress\/plugins\/seo\/ -->\n<title>Restaurant Hotel Abano Terme Italie du Nord -<\/title>\n<meta name=\"description\" content=\"Les meilleurs produits, les me\u0301thodes de cuisson les plus avance\u0301es, la collaboration directe avec les chercheurs des Universite\u0301s de Milan et de Padoue pour re\u0301aliser un menu salutaire qui accompagne chaque ho\u0302te selon ses besoins gra\u0302ce aux diffe\u0301rents parcours nutritionnels disponibles:\u00a0Enjoy, Balanced, Veggie &amp; Basil Plus.\" \/>\n<meta name=\"robots\" content=\"index, follow, max-snippet:-1, max-image-preview:large, max-video-preview:-1\" \/>\n<link rel=\"canonical\" href=\"https:\/\/www.ermitageterme.it\/fr\/services-hoteliers\/restaurant\/\" \/>\n<meta property=\"og:locale\" content=\"fr_FR\" \/>\n<meta property=\"og:type\" content=\"article\" \/>\n<meta property=\"og:title\" content=\"Restaurant Hotel Abano Terme Italie du Nord -\" \/>\n<meta property=\"og:description\" content=\"Les meilleurs produits, les me\u0301thodes de cuisson les plus avance\u0301es, la collaboration directe avec les chercheurs des Universite\u0301s de Milan et de Padoue pour re\u0301aliser un menu salutaire qui accompagne chaque ho\u0302te selon ses besoins gra\u0302ce aux diffe\u0301rents parcours nutritionnels disponibles:\u00a0Enjoy, Balanced, Veggie &amp; Basil Plus.\" \/>\n<meta property=\"og:url\" content=\"https:\/\/www.ermitageterme.it\/fr\/services-hoteliers\/restaurant\/\" \/>\n<meta property=\"og:site_name\" content=\"ermitageterme.it\" \/>\n<meta property=\"article:modified_time\" content=\"2020-01-24T12:07:43+00:00\" \/>\n<meta property=\"og:image\" content=\"https:\/\/www.ermitageterme.it\/wp-content\/uploads\/2015\/07\/ErmitageBelAir-Campanella-8251.jpg\" \/>\n\t<meta property=\"og:image:width\" content=\"1500\" \/>\n\t<meta property=\"og:image:height\" content=\"1000\" \/>\n\t<meta property=\"og:image:type\" content=\"image\/jpeg\" \/>\n<meta name=\"twitter:card\" content=\"summary_large_image\" \/>\n<meta name=\"twitter:label1\" content=\"Dur\u00e9e de lecture estim\u00e9e\" \/>\n\t<meta name=\"twitter:data1\" content=\"2 minutes\" \/>\n<script type=\"application\/ld+json\" class=\"yoast-schema-graph\">{\"@context\":\"https:\/\/schema.org\",\"@graph\":[{\"@type\":\"WebPage\",\"@id\":\"https:\/\/www.ermitageterme.it\/fr\/services-hoteliers\/restaurant\/\",\"url\":\"https:\/\/www.ermitageterme.it\/fr\/services-hoteliers\/restaurant\/\",\"name\":\"Restaurant Hotel Abano Terme Italie du Nord -\",\"isPartOf\":{\"@id\":\"https:\/\/www.ermitageterme.it\/fr\/#website\"},\"primaryImageOfPage\":{\"@id\":\"https:\/\/www.ermitageterme.it\/fr\/services-hoteliers\/restaurant\/#primaryimage\"},\"image\":{\"@id\":\"https:\/\/www.ermitageterme.it\/fr\/services-hoteliers\/restaurant\/#primaryimage\"},\"thumbnailUrl\":\"https:\/\/www.ermitageterme.it\/wp-content\/uploads\/2015\/07\/ErmitageBelAir-Campanella-8251.jpg\",\"datePublished\":\"2015-07-07T13:09:01+00:00\",\"dateModified\":\"2020-01-24T12:07:43+00:00\",\"description\":\"Les meilleurs produits, les me\u0301thodes de cuisson les plus avance\u0301es, la collaboration directe avec les chercheurs des Universite\u0301s de Milan et de Padoue pour re\u0301aliser un menu salutaire qui accompagne chaque ho\u0302te selon ses besoins gra\u0302ce aux diffe\u0301rents parcours nutritionnels disponibles:\u00a0Enjoy, Balanced, Veggie & Basil Plus.\",\"breadcrumb\":{\"@id\":\"https:\/\/www.ermitageterme.it\/fr\/services-hoteliers\/restaurant\/#breadcrumb\"},\"inLanguage\":\"fr-FR\",\"potentialAction\":[{\"@type\":\"ReadAction\",\"target\":[\"https:\/\/www.ermitageterme.it\/fr\/services-hoteliers\/restaurant\/\"]}]},{\"@type\":\"ImageObject\",\"inLanguage\":\"fr-FR\",\"@id\":\"https:\/\/www.ermitageterme.it\/fr\/services-hoteliers\/restaurant\/#primaryimage\",\"url\":\"https:\/\/www.ermitageterme.it\/wp-content\/uploads\/2015\/07\/ErmitageBelAir-Campanella-8251.jpg\",\"contentUrl\":\"https:\/\/www.ermitageterme.it\/wp-content\/uploads\/2015\/07\/ErmitageBelAir-Campanella-8251.jpg\",\"width\":1500,\"height\":1000,\"caption\":\"Ristorante\"},{\"@type\":\"BreadcrumbList\",\"@id\":\"https:\/\/www.ermitageterme.it\/fr\/services-hoteliers\/restaurant\/#breadcrumb\",\"itemListElement\":[{\"@type\":\"ListItem\",\"position\":1,\"name\":\"Home\",\"item\":\"https:\/\/www.ermitageterme.it\/fr\/\"},{\"@type\":\"ListItem\",\"position\":2,\"name\":\"Services h\u00f4teliers\",\"item\":\"https:\/\/www.ermitageterme.it\/fr\/services-hoteliers\/\"},{\"@type\":\"ListItem\",\"position\":3,\"name\":\"Restaurant\"}]},{\"@type\":\"WebSite\",\"@id\":\"https:\/\/www.ermitageterme.it\/fr\/#website\",\"url\":\"https:\/\/www.ermitageterme.it\/fr\/\",\"name\":\"ermitageterme.it\",\"description\":\"Ermitage Bel Air\",\"potentialAction\":[{\"@type\":\"SearchAction\",\"target\":{\"@type\":\"EntryPoint\",\"urlTemplate\":\"https:\/\/www.ermitageterme.it\/fr\/?s={search_term_string}\"},\"query-input\":{\"@type\":\"PropertyValueSpecification\",\"valueRequired\":true,\"valueName\":\"search_term_string\"}}],\"inLanguage\":\"fr-FR\"}]}<\/script>\n<!-- \/ Yoast SEO plugin. -->","yoast_head_json":{"title":"Restaurant Hotel Abano Terme Italie du Nord -","description":"Les meilleurs produits, les me\u0301thodes de cuisson les plus avance\u0301es, la collaboration directe avec les chercheurs des Universite\u0301s de Milan et de Padoue pour re\u0301aliser un menu salutaire qui accompagne chaque ho\u0302te selon ses besoins gra\u0302ce aux diffe\u0301rents parcours nutritionnels disponibles:\u00a0Enjoy, Balanced, Veggie & Basil Plus.","robots":{"index":"index","follow":"follow","max-snippet":"max-snippet:-1","max-image-preview":"max-image-preview:large","max-video-preview":"max-video-preview:-1"},"canonical":"https:\/\/www.ermitageterme.it\/fr\/services-hoteliers\/restaurant\/","og_locale":"fr_FR","og_type":"article","og_title":"Restaurant Hotel Abano Terme Italie du Nord -","og_description":"Les meilleurs produits, les me\u0301thodes de cuisson les plus avance\u0301es, la collaboration directe avec les chercheurs des Universite\u0301s de Milan et de Padoue pour re\u0301aliser un menu salutaire qui accompagne chaque ho\u0302te selon ses besoins gra\u0302ce aux diffe\u0301rents parcours nutritionnels disponibles:\u00a0Enjoy, Balanced, Veggie & Basil Plus.","og_url":"https:\/\/www.ermitageterme.it\/fr\/services-hoteliers\/restaurant\/","og_site_name":"ermitageterme.it","article_modified_time":"2020-01-24T12:07:43+00:00","og_image":[{"width":1500,"height":1000,"url":"https:\/\/www.ermitageterme.it\/wp-content\/uploads\/2015\/07\/ErmitageBelAir-Campanella-8251.jpg","type":"image\/jpeg"}],"twitter_card":"summary_large_image","twitter_misc":{"Dur\u00e9e de lecture estim\u00e9e":"2 minutes"},"schema":{"@context":"https:\/\/schema.org","@graph":[{"@type":"WebPage","@id":"https:\/\/www.ermitageterme.it\/fr\/services-hoteliers\/restaurant\/","url":"https:\/\/www.ermitageterme.it\/fr\/services-hoteliers\/restaurant\/","name":"Restaurant Hotel Abano Terme Italie du Nord -","isPartOf":{"@id":"https:\/\/www.ermitageterme.it\/fr\/#website"},"primaryImageOfPage":{"@id":"https:\/\/www.ermitageterme.it\/fr\/services-hoteliers\/restaurant\/#primaryimage"},"image":{"@id":"https:\/\/www.ermitageterme.it\/fr\/services-hoteliers\/restaurant\/#primaryimage"},"thumbnailUrl":"https:\/\/www.ermitageterme.it\/wp-content\/uploads\/2015\/07\/ErmitageBelAir-Campanella-8251.jpg","datePublished":"2015-07-07T13:09:01+00:00","dateModified":"2020-01-24T12:07:43+00:00","description":"Les meilleurs produits, les me\u0301thodes de cuisson les plus avance\u0301es, la collaboration directe avec les chercheurs des Universite\u0301s de Milan et de Padoue pour re\u0301aliser un menu salutaire qui accompagne chaque ho\u0302te selon ses besoins gra\u0302ce aux diffe\u0301rents parcours nutritionnels disponibles:\u00a0Enjoy, Balanced, Veggie & Basil Plus.","breadcrumb":{"@id":"https:\/\/www.ermitageterme.it\/fr\/services-hoteliers\/restaurant\/#breadcrumb"},"inLanguage":"fr-FR","potentialAction":[{"@type":"ReadAction","target":["https:\/\/www.ermitageterme.it\/fr\/services-hoteliers\/restaurant\/"]}]},{"@type":"ImageObject","inLanguage":"fr-FR","@id":"https:\/\/www.ermitageterme.it\/fr\/services-hoteliers\/restaurant\/#primaryimage","url":"https:\/\/www.ermitageterme.it\/wp-content\/uploads\/2015\/07\/ErmitageBelAir-Campanella-8251.jpg","contentUrl":"https:\/\/www.ermitageterme.it\/wp-content\/uploads\/2015\/07\/ErmitageBelAir-Campanella-8251.jpg","width":1500,"height":1000,"caption":"Ristorante"},{"@type":"BreadcrumbList","@id":"https:\/\/www.ermitageterme.it\/fr\/services-hoteliers\/restaurant\/#breadcrumb","itemListElement":[{"@type":"ListItem","position":1,"name":"Home","item":"https:\/\/www.ermitageterme.it\/fr\/"},{"@type":"ListItem","position":2,"name":"Services h\u00f4teliers","item":"https:\/\/www.ermitageterme.it\/fr\/services-hoteliers\/"},{"@type":"ListItem","position":3,"name":"Restaurant"}]},{"@type":"WebSite","@id":"https:\/\/www.ermitageterme.it\/fr\/#website","url":"https:\/\/www.ermitageterme.it\/fr\/","name":"ermitageterme.it","description":"Ermitage Bel Air","potentialAction":[{"@type":"SearchAction","target":{"@type":"EntryPoint","urlTemplate":"https:\/\/www.ermitageterme.it\/fr\/?s={search_term_string}"},"query-input":{"@type":"PropertyValueSpecification","valueRequired":true,"valueName":"search_term_string"}}],"inLanguage":"fr-FR"}]}},"_links":{"self":[{"href":"https:\/\/www.ermitageterme.it\/fr\/wp-json\/wp\/v2\/pages\/1077"}],"collection":[{"href":"https:\/\/www.ermitageterme.it\/fr\/wp-json\/wp\/v2\/pages"}],"about":[{"href":"https:\/\/www.ermitageterme.it\/fr\/wp-json\/wp\/v2\/types\/page"}],"author":[{"embeddable":true,"href":"https:\/\/www.ermitageterme.it\/fr\/wp-json\/wp\/v2\/users\/1"}],"replies":[{"embeddable":true,"href":"https:\/\/www.ermitageterme.it\/fr\/wp-json\/wp\/v2\/comments?post=1077"}],"version-history":[{"count":0,"href":"https:\/\/www.ermitageterme.it\/fr\/wp-json\/wp\/v2\/pages\/1077\/revisions"}],"up":[{"embeddable":true,"href":"https:\/\/www.ermitageterme.it\/fr\/wp-json\/wp\/v2\/pages\/1069"}],"wp:featuredmedia":[{"embeddable":true,"href":"https:\/\/www.ermitageterme.it\/fr\/wp-json\/wp\/v2\/media\/1842"}],"wp:attachment":[{"href":"https:\/\/www.ermitageterme.it\/fr\/wp-json\/wp\/v2\/media?parent=1077"}],"curies":[{"name":"wp","href":"https:\/\/api.w.org\/{rel}","templated":true}]}}