{"id":1081,"date":"2015-06-16T17:40:22","date_gmt":"2015-06-16T15:40:22","guid":{"rendered":"\/\/www.ermitageterme.it\/chambres"},"modified":"2019-02-21T15:15:56","modified_gmt":"2019-02-21T14:15:56","slug":"chambres","status":"publish","type":"page","link":"https:\/\/www.ermitageterme.it\/fr\/services-hoteliers\/chambres\/","title":{"rendered":"Chambres"},"content":{"rendered":"<p style=\"text-align: justify;\">L&rsquo;h\u00f4tel Hermitage est le vert d&rsquo;un grand jardin, entour\u00e9 par le cadre naturel du parc des Monts. Les cinq types de chambres, toutes r\u00e9cemment r\u00e9nov\u00e9es, sont \u00e9quip\u00e9es de TV satellite, air conditionn\u00e9, balcon et coffre-fort.<\/p>\n","protected":false},"excerpt":{"rendered":"<p>L&rsquo;h\u00f4tel Hermitage est le vert d&rsquo;un grand jardin, entour\u00e9 par le cadre naturel du parc des Monts. Les cinq types de chambres, toutes r\u00e9cemment r\u00e9nov\u00e9es, sont \u00e9quip\u00e9es de TV satellite, air conditionn\u00e9, balcon et coffre-fort.<\/p>\n","protected":false},"author":1,"featured_media":6946,"parent":1069,"menu_order":2,"comment_status":"closed","ping_status":"open","template":"","meta":{"_acf_changed":false,"footnotes":""},"acf":[],"yoast_head":"<!-- This site is optimized with the Yoast SEO plugin v23.5 - https:\/\/yoast.com\/wordpress\/plugins\/seo\/ -->\n<title>Nos chambres H\u00f4tel 4 \u00e9toiles Abano Terme Italie du Nord<\/title>\n<meta name=\"description\" content=\"L\u2019H\u00f4tel Ermitage est situ\u00e9 dans la verdure d\u2019un grand jardin entour\u00e9 du parc naturel des Monts Eugan\u00e9ens\" \/>\n<meta name=\"robots\" content=\"index, follow, max-snippet:-1, max-image-preview:large, max-video-preview:-1\" \/>\n<link rel=\"canonical\" href=\"https:\/\/www.ermitageterme.it\/fr\/services-hoteliers\/chambres\/\" \/>\n<meta property=\"og:locale\" content=\"fr_FR\" \/>\n<meta property=\"og:type\" content=\"article\" \/>\n<meta property=\"og:title\" content=\"Nos chambres H\u00f4tel 4 \u00e9toiles Abano Terme Italie du Nord\" \/>\n<meta property=\"og:description\" content=\"L\u2019H\u00f4tel Ermitage est situ\u00e9 dans la verdure d\u2019un grand jardin entour\u00e9 du parc naturel des Monts Eugan\u00e9ens\" \/>\n<meta property=\"og:url\" content=\"https:\/\/www.ermitageterme.it\/fr\/services-hoteliers\/chambres\/\" \/>\n<meta property=\"og:site_name\" content=\"ermitageterme.it\" \/>\n<meta property=\"article:modified_time\" content=\"2019-02-21T14:15:56+00:00\" \/>\n<meta property=\"og:image\" content=\"https:\/\/www.ermitageterme.it\/wp-content\/uploads\/2015\/06\/DSC4727-junior-suite-1.jpg\" \/>\n\t<meta property=\"og:image:width\" content=\"1948\" \/>\n\t<meta property=\"og:image:height\" content=\"1094\" \/>\n\t<meta property=\"og:image:type\" content=\"image\/jpeg\" \/>\n<meta name=\"twitter:card\" content=\"summary_large_image\" \/>\n<script type=\"application\/ld+json\" class=\"yoast-schema-graph\">{\"@context\":\"https:\/\/schema.org\",\"@graph\":[{\"@type\":\"WebPage\",\"@id\":\"https:\/\/www.ermitageterme.it\/fr\/services-hoteliers\/chambres\/\",\"url\":\"https:\/\/www.ermitageterme.it\/fr\/services-hoteliers\/chambres\/\",\"name\":\"Nos chambres H\u00f4tel 4 \u00e9toiles Abano Terme Italie du Nord\",\"isPartOf\":{\"@id\":\"https:\/\/www.ermitageterme.it\/fr\/#website\"},\"primaryImageOfPage\":{\"@id\":\"https:\/\/www.ermitageterme.it\/fr\/services-hoteliers\/chambres\/#primaryimage\"},\"image\":{\"@id\":\"https:\/\/www.ermitageterme.it\/fr\/services-hoteliers\/chambres\/#primaryimage\"},\"thumbnailUrl\":\"https:\/\/www.ermitageterme.it\/wp-content\/uploads\/2015\/06\/DSC4727-junior-suite-1.jpg\",\"datePublished\":\"2015-06-16T15:40:22+00:00\",\"dateModified\":\"2019-02-21T14:15:56+00:00\",\"description\":\"L\u2019H\u00f4tel Ermitage est situ\u00e9 dans la verdure d\u2019un grand jardin entour\u00e9 du parc naturel des Monts Eugan\u00e9ens\",\"breadcrumb\":{\"@id\":\"https:\/\/www.ermitageterme.it\/fr\/services-hoteliers\/chambres\/#breadcrumb\"},\"inLanguage\":\"fr-FR\",\"potentialAction\":[{\"@type\":\"ReadAction\",\"target\":[\"https:\/\/www.ermitageterme.it\/fr\/services-hoteliers\/chambres\/\"]}]},{\"@type\":\"ImageObject\",\"inLanguage\":\"fr-FR\",\"@id\":\"https:\/\/www.ermitageterme.it\/fr\/services-hoteliers\/chambres\/#primaryimage\",\"url\":\"https:\/\/www.ermitageterme.it\/wp-content\/uploads\/2015\/06\/DSC4727-junior-suite-1.jpg\",\"contentUrl\":\"https:\/\/www.ermitageterme.it\/wp-content\/uploads\/2015\/06\/DSC4727-junior-suite-1.jpg\",\"width\":1948,\"height\":1094},{\"@type\":\"BreadcrumbList\",\"@id\":\"https:\/\/www.ermitageterme.it\/fr\/services-hoteliers\/chambres\/#breadcrumb\",\"itemListElement\":[{\"@type\":\"ListItem\",\"position\":1,\"name\":\"Home\",\"item\":\"https:\/\/www.ermitageterme.it\/fr\/\"},{\"@type\":\"ListItem\",\"position\":2,\"name\":\"Services h\u00f4teliers\",\"item\":\"https:\/\/www.ermitageterme.it\/fr\/services-hoteliers\/\"},{\"@type\":\"ListItem\",\"position\":3,\"name\":\"Chambres\"}]},{\"@type\":\"WebSite\",\"@id\":\"https:\/\/www.ermitageterme.it\/fr\/#website\",\"url\":\"https:\/\/www.ermitageterme.it\/fr\/\",\"name\":\"ermitageterme.it\",\"description\":\"Ermitage Bel Air\",\"potentialAction\":[{\"@type\":\"SearchAction\",\"target\":{\"@type\":\"EntryPoint\",\"urlTemplate\":\"https:\/\/www.ermitageterme.it\/fr\/?s={search_term_string}\"},\"query-input\":{\"@type\":\"PropertyValueSpecification\",\"valueRequired\":true,\"valueName\":\"search_term_string\"}}],\"inLanguage\":\"fr-FR\"}]}<\/script>\n<!-- \/ Yoast SEO plugin. -->","yoast_head_json":{"title":"Nos chambres H\u00f4tel 4 \u00e9toiles Abano Terme Italie du Nord","description":"L\u2019H\u00f4tel Ermitage est situ\u00e9 dans la verdure d\u2019un grand jardin entour\u00e9 du parc naturel des Monts Eugan\u00e9ens","robots":{"index":"index","follow":"follow","max-snippet":"max-snippet:-1","max-image-preview":"max-image-preview:large","max-video-preview":"max-video-preview:-1"},"canonical":"https:\/\/www.ermitageterme.it\/fr\/services-hoteliers\/chambres\/","og_locale":"fr_FR","og_type":"article","og_title":"Nos chambres H\u00f4tel 4 \u00e9toiles Abano Terme Italie du Nord","og_description":"L\u2019H\u00f4tel Ermitage est situ\u00e9 dans la verdure d\u2019un grand jardin entour\u00e9 du parc naturel des Monts Eugan\u00e9ens","og_url":"https:\/\/www.ermitageterme.it\/fr\/services-hoteliers\/chambres\/","og_site_name":"ermitageterme.it","article_modified_time":"2019-02-21T14:15:56+00:00","og_image":[{"width":1948,"height":1094,"url":"https:\/\/www.ermitageterme.it\/wp-content\/uploads\/2015\/06\/DSC4727-junior-suite-1.jpg","type":"image\/jpeg"}],"twitter_card":"summary_large_image","schema":{"@context":"https:\/\/schema.org","@graph":[{"@type":"WebPage","@id":"https:\/\/www.ermitageterme.it\/fr\/services-hoteliers\/chambres\/","url":"https:\/\/www.ermitageterme.it\/fr\/services-hoteliers\/chambres\/","name":"Nos chambres H\u00f4tel 4 \u00e9toiles Abano Terme Italie du Nord","isPartOf":{"@id":"https:\/\/www.ermitageterme.it\/fr\/#website"},"primaryImageOfPage":{"@id":"https:\/\/www.ermitageterme.it\/fr\/services-hoteliers\/chambres\/#primaryimage"},"image":{"@id":"https:\/\/www.ermitageterme.it\/fr\/services-hoteliers\/chambres\/#primaryimage"},"thumbnailUrl":"https:\/\/www.ermitageterme.it\/wp-content\/uploads\/2015\/06\/DSC4727-junior-suite-1.jpg","datePublished":"2015-06-16T15:40:22+00:00","dateModified":"2019-02-21T14:15:56+00:00","description":"L\u2019H\u00f4tel Ermitage est situ\u00e9 dans la verdure d\u2019un grand jardin entour\u00e9 du parc naturel des Monts Eugan\u00e9ens","breadcrumb":{"@id":"https:\/\/www.ermitageterme.it\/fr\/services-hoteliers\/chambres\/#breadcrumb"},"inLanguage":"fr-FR","potentialAction":[{"@type":"ReadAction","target":["https:\/\/www.ermitageterme.it\/fr\/services-hoteliers\/chambres\/"]}]},{"@type":"ImageObject","inLanguage":"fr-FR","@id":"https:\/\/www.ermitageterme.it\/fr\/services-hoteliers\/chambres\/#primaryimage","url":"https:\/\/www.ermitageterme.it\/wp-content\/uploads\/2015\/06\/DSC4727-junior-suite-1.jpg","contentUrl":"https:\/\/www.ermitageterme.it\/wp-content\/uploads\/2015\/06\/DSC4727-junior-suite-1.jpg","width":1948,"height":1094},{"@type":"BreadcrumbList","@id":"https:\/\/www.ermitageterme.it\/fr\/services-hoteliers\/chambres\/#breadcrumb","itemListElement":[{"@type":"ListItem","position":1,"name":"Home","item":"https:\/\/www.ermitageterme.it\/fr\/"},{"@type":"ListItem","position":2,"name":"Services h\u00f4teliers","item":"https:\/\/www.ermitageterme.it\/fr\/services-hoteliers\/"},{"@type":"ListItem","position":3,"name":"Chambres"}]},{"@type":"WebSite","@id":"https:\/\/www.ermitageterme.it\/fr\/#website","url":"https:\/\/www.ermitageterme.it\/fr\/","name":"ermitageterme.it","description":"Ermitage Bel Air","potentialAction":[{"@type":"SearchAction","target":{"@type":"EntryPoint","urlTemplate":"https:\/\/www.ermitageterme.it\/fr\/?s={search_term_string}"},"query-input":{"@type":"PropertyValueSpecification","valueRequired":true,"valueName":"search_term_string"}}],"inLanguage":"fr-FR"}]}},"_links":{"self":[{"href":"https:\/\/www.ermitageterme.it\/fr\/wp-json\/wp\/v2\/pages\/1081"}],"collection":[{"href":"https:\/\/www.ermitageterme.it\/fr\/wp-json\/wp\/v2\/pages"}],"about":[{"href":"https:\/\/www.ermitageterme.it\/fr\/wp-json\/wp\/v2\/types\/page"}],"author":[{"embeddable":true,"href":"https:\/\/www.ermitageterme.it\/fr\/wp-json\/wp\/v2\/users\/1"}],"replies":[{"embeddable":true,"href":"https:\/\/www.ermitageterme.it\/fr\/wp-json\/wp\/v2\/comments?post=1081"}],"version-history":[{"count":0,"href":"https:\/\/www.ermitageterme.it\/fr\/wp-json\/wp\/v2\/pages\/1081\/revisions"}],"up":[{"embeddable":true,"href":"https:\/\/www.ermitageterme.it\/fr\/wp-json\/wp\/v2\/pages\/1069"}],"wp:featuredmedia":[{"embeddable":true,"href":"https:\/\/www.ermitageterme.it\/fr\/wp-json\/wp\/v2\/media\/6946"}],"wp:attachment":[{"href":"https:\/\/www.ermitageterme.it\/fr\/wp-json\/wp\/v2\/media?parent=1081"}],"curies":[{"name":"wp","href":"https:\/\/api.w.org\/{rel}","templated":true}]}}