{"id":1123,"date":"2015-09-15T17:22:51","date_gmt":"2015-09-15T15:22:51","guid":{"rendered":"\/\/www.ermitageterme.it\/ou-sommes-nous"},"modified":"2020-01-24T12:44:41","modified_gmt":"2020-01-24T11:44:41","slug":"ou-sommes-nous","status":"publish","type":"page","link":"https:\/\/www.ermitageterme.it\/fr\/qui-sommes-nous\/ou-sommes-nous\/","title":{"rendered":"Ou sommes-nous"},"content":{"rendered":"<p><iframe loading=\"lazy\" style=\"border: 0;\" src=\"https:\/\/www.google.com\/maps\/embed?pb=!1m18!1m12!1m3!1d2803.8985564238965!2d11.758959999999991!3d45.35086!2m3!1f0!2f0!3f0!3m2!1i1024!2i768!4f13.1!3m3!1m2!1s0x477edf196bfe7c91%3A0xd099c402b3e16fbe!2sErmitage+Bel+Air!5e0!3m2!1sit!2sit!4v1434451357230\" width=\"100%\" height=\"450\" frameborder=\"0\"><\/iframe><\/p>\n<div class=\"page\" title=\"Page 19\">\n<div class=\"layoutArea\">\n<div class=\"column\">\n<h3 style=\"color: #6b2a30; font-weight: bold;\">Entre des villes d&rsquo;art enchanteresses \u00e0 seulement 45 km de Venise.<\/h3>\n<p>Entour\u00e9 de la verdure d&rsquo;un grand jardin priv\u00e9, l&rsquo;h\u00f4tel est situ\u00e9 aux pieds du Parc Naturel des Monts Eugan\u00e9ens, dans la localit\u00e9 tranquille de Monteortone \u00e0 1 km environ du centre pi\u00e9ton de la c\u00e9l\u00e8bre localit\u00e9 thermale d&rsquo;Abano Terme. L&rsquo;H\u00f4tel est \u00e0 15 km du centre historique de la ville voisine de Padoue, tandis qu&rsquo;en moins d&rsquo;une heure de voiture, gr\u00e2ce aux liaisons autorouti\u00e8res A4 et A13 on peut rejoindre les villes de Venise, V\u00e9rone, Tr\u00e9vise, Vicence et Bologne.<\/p>\n<\/div>\n<\/div>\n<\/div>\n<h3 style=\"color: #6b2a30; font-weight: bold;\">COMMENT ARRIVER<\/h3>\n<p><span style=\"color: #6b2a30; font-weight: bold;\">EN VOITURE<\/span>:Sortie de l&rsquo;autoroute A4: Padova-Ovest ou sortie de l&rsquo;autoroute A13: Terme Euganee suivre les indications pour Terme Euganee &#8211; Abano Terme, d&rsquo;Abano continuer vers la localit\u00e9 Monteortone.<br \/>\nL&rsquo;H\u00f4tel se trouve 150 m\u00e8tres apr\u00e8s le Sanctuaire de la Madonna della Salute.<\/p>\n<p><span style=\"color: #6b2a30; font-weight: bold;\">GPS<\/span>: lat 45.35128948765311 &#8211; long. 11.758412718772888<\/p>\n<p><span style=\"color: #6b2a30; font-weight: bold;\">GPS ADRESSE<\/span>: Via Santuario, 75 &#8211; 35031 Abano Terme<\/p>\n<p><span style=\"color: #6b2a30; font-weight: bold;\">EN AVION<\/span>: L&rsquo;h\u00f4tel est reli\u00e9 aux A\u00e9roports de Venise et Tr\u00e9vise par transfert Minibus Co\u00fbts par personne Aller\/Retour:<br \/>\nA\u00e9roport de Venise &#8211; H\u00f4tel 80\u20ac<br \/>\nA\u00e9roport de Tr\u00e9vise &#8211; H\u00f4tel 100\u20ac<\/p>\n<p>A\u00e9roports de V\u00e9rone, Bologne et Brescia:<br \/>\nTarifs Transfert \u00e0 la demande du client.<\/p>\n","protected":false},"excerpt":{"rendered":"<p>Entre des villes d&rsquo;art enchanteresses \u00e0 seulement 45 km de Venise. Entour\u00e9 de la verdure d&rsquo;un grand jardin priv\u00e9, l&rsquo;h\u00f4tel est situ\u00e9 aux pieds du Parc Naturel des Monts Eugan\u00e9ens, dans la localit\u00e9 tranquille de Monteortone \u00e0 1 km environ du centre pi\u00e9ton de la c\u00e9l\u00e8bre localit\u00e9 thermale d&rsquo;Abano Terme. L&rsquo;H\u00f4tel est \u00e0 15 km<\/p>\n","protected":false},"author":1,"featured_media":0,"parent":1246,"menu_order":66,"comment_status":"closed","ping_status":"closed","template":"","meta":{"_acf_changed":false,"footnotes":""},"acf":[],"yoast_head":"<!-- This site is optimized with the Yoast SEO plugin v23.5 - https:\/\/yoast.com\/wordpress\/plugins\/seo\/ -->\n<title>Ou sommes-nous - ermitageterme.it<\/title>\n<meta name=\"robots\" content=\"noindex, follow\" \/>\n<meta property=\"og:locale\" content=\"fr_FR\" \/>\n<meta property=\"og:type\" content=\"article\" \/>\n<meta property=\"og:title\" content=\"Ou sommes-nous - ermitageterme.it\" \/>\n<meta property=\"og:description\" content=\"Entre des villes d&rsquo;art enchanteresses \u00e0 seulement 45 km de Venise. Entour\u00e9 de la verdure d&rsquo;un grand jardin priv\u00e9, l&rsquo;h\u00f4tel est situ\u00e9 aux pieds du Parc Naturel des Monts Eugan\u00e9ens, dans la localit\u00e9 tranquille de Monteortone \u00e0 1 km environ du centre pi\u00e9ton de la c\u00e9l\u00e8bre localit\u00e9 thermale d&rsquo;Abano Terme. L&rsquo;H\u00f4tel est \u00e0 15 km\" \/>\n<meta property=\"og:url\" content=\"https:\/\/www.ermitageterme.it\/fr\/qui-sommes-nous\/ou-sommes-nous\/\" \/>\n<meta property=\"og:site_name\" content=\"ermitageterme.it\" \/>\n<meta property=\"article:modified_time\" content=\"2020-01-24T11:44:41+00:00\" \/>\n<meta name=\"twitter:card\" content=\"summary_large_image\" \/>\n<meta name=\"twitter:label1\" content=\"Dur\u00e9e de lecture estim\u00e9e\" \/>\n\t<meta name=\"twitter:data1\" content=\"1 minute\" \/>\n<script type=\"application\/ld+json\" class=\"yoast-schema-graph\">{\"@context\":\"https:\/\/schema.org\",\"@graph\":[{\"@type\":\"WebPage\",\"@id\":\"https:\/\/www.ermitageterme.it\/fr\/qui-sommes-nous\/ou-sommes-nous\/\",\"url\":\"https:\/\/www.ermitageterme.it\/fr\/qui-sommes-nous\/ou-sommes-nous\/\",\"name\":\"Ou sommes-nous - ermitageterme.it\",\"isPartOf\":{\"@id\":\"https:\/\/www.ermitageterme.it\/fr\/#website\"},\"datePublished\":\"2015-09-15T15:22:51+00:00\",\"dateModified\":\"2020-01-24T11:44:41+00:00\",\"breadcrumb\":{\"@id\":\"https:\/\/www.ermitageterme.it\/fr\/qui-sommes-nous\/ou-sommes-nous\/#breadcrumb\"},\"inLanguage\":\"fr-FR\",\"potentialAction\":[{\"@type\":\"ReadAction\",\"target\":[\"https:\/\/www.ermitageterme.it\/fr\/qui-sommes-nous\/ou-sommes-nous\/\"]}]},{\"@type\":\"BreadcrumbList\",\"@id\":\"https:\/\/www.ermitageterme.it\/fr\/qui-sommes-nous\/ou-sommes-nous\/#breadcrumb\",\"itemListElement\":[{\"@type\":\"ListItem\",\"position\":1,\"name\":\"Home\",\"item\":\"https:\/\/www.ermitageterme.it\/fr\/\"},{\"@type\":\"ListItem\",\"position\":2,\"name\":\"Qui Sommes-Nous\",\"item\":\"https:\/\/www.ermitageterme.it\/fr\/qui-sommes-nous\/\"},{\"@type\":\"ListItem\",\"position\":3,\"name\":\"Ou sommes-nous\"}]},{\"@type\":\"WebSite\",\"@id\":\"https:\/\/www.ermitageterme.it\/fr\/#website\",\"url\":\"https:\/\/www.ermitageterme.it\/fr\/\",\"name\":\"ermitageterme.it\",\"description\":\"Ermitage Bel Air\",\"potentialAction\":[{\"@type\":\"SearchAction\",\"target\":{\"@type\":\"EntryPoint\",\"urlTemplate\":\"https:\/\/www.ermitageterme.it\/fr\/?s={search_term_string}\"},\"query-input\":{\"@type\":\"PropertyValueSpecification\",\"valueRequired\":true,\"valueName\":\"search_term_string\"}}],\"inLanguage\":\"fr-FR\"}]}<\/script>\n<!-- \/ Yoast SEO plugin. -->","yoast_head_json":{"title":"Ou sommes-nous - ermitageterme.it","robots":{"index":"noindex","follow":"follow"},"og_locale":"fr_FR","og_type":"article","og_title":"Ou sommes-nous - ermitageterme.it","og_description":"Entre des villes d&rsquo;art enchanteresses \u00e0 seulement 45 km de Venise. Entour\u00e9 de la verdure d&rsquo;un grand jardin priv\u00e9, l&rsquo;h\u00f4tel est situ\u00e9 aux pieds du Parc Naturel des Monts Eugan\u00e9ens, dans la localit\u00e9 tranquille de Monteortone \u00e0 1 km environ du centre pi\u00e9ton de la c\u00e9l\u00e8bre localit\u00e9 thermale d&rsquo;Abano Terme. L&rsquo;H\u00f4tel est \u00e0 15 km","og_url":"https:\/\/www.ermitageterme.it\/fr\/qui-sommes-nous\/ou-sommes-nous\/","og_site_name":"ermitageterme.it","article_modified_time":"2020-01-24T11:44:41+00:00","twitter_card":"summary_large_image","twitter_misc":{"Dur\u00e9e de lecture estim\u00e9e":"1 minute"},"schema":{"@context":"https:\/\/schema.org","@graph":[{"@type":"WebPage","@id":"https:\/\/www.ermitageterme.it\/fr\/qui-sommes-nous\/ou-sommes-nous\/","url":"https:\/\/www.ermitageterme.it\/fr\/qui-sommes-nous\/ou-sommes-nous\/","name":"Ou sommes-nous - ermitageterme.it","isPartOf":{"@id":"https:\/\/www.ermitageterme.it\/fr\/#website"},"datePublished":"2015-09-15T15:22:51+00:00","dateModified":"2020-01-24T11:44:41+00:00","breadcrumb":{"@id":"https:\/\/www.ermitageterme.it\/fr\/qui-sommes-nous\/ou-sommes-nous\/#breadcrumb"},"inLanguage":"fr-FR","potentialAction":[{"@type":"ReadAction","target":["https:\/\/www.ermitageterme.it\/fr\/qui-sommes-nous\/ou-sommes-nous\/"]}]},{"@type":"BreadcrumbList","@id":"https:\/\/www.ermitageterme.it\/fr\/qui-sommes-nous\/ou-sommes-nous\/#breadcrumb","itemListElement":[{"@type":"ListItem","position":1,"name":"Home","item":"https:\/\/www.ermitageterme.it\/fr\/"},{"@type":"ListItem","position":2,"name":"Qui Sommes-Nous","item":"https:\/\/www.ermitageterme.it\/fr\/qui-sommes-nous\/"},{"@type":"ListItem","position":3,"name":"Ou sommes-nous"}]},{"@type":"WebSite","@id":"https:\/\/www.ermitageterme.it\/fr\/#website","url":"https:\/\/www.ermitageterme.it\/fr\/","name":"ermitageterme.it","description":"Ermitage Bel Air","potentialAction":[{"@type":"SearchAction","target":{"@type":"EntryPoint","urlTemplate":"https:\/\/www.ermitageterme.it\/fr\/?s={search_term_string}"},"query-input":{"@type":"PropertyValueSpecification","valueRequired":true,"valueName":"search_term_string"}}],"inLanguage":"fr-FR"}]}},"_links":{"self":[{"href":"https:\/\/www.ermitageterme.it\/fr\/wp-json\/wp\/v2\/pages\/1123"}],"collection":[{"href":"https:\/\/www.ermitageterme.it\/fr\/wp-json\/wp\/v2\/pages"}],"about":[{"href":"https:\/\/www.ermitageterme.it\/fr\/wp-json\/wp\/v2\/types\/page"}],"author":[{"embeddable":true,"href":"https:\/\/www.ermitageterme.it\/fr\/wp-json\/wp\/v2\/users\/1"}],"replies":[{"embeddable":true,"href":"https:\/\/www.ermitageterme.it\/fr\/wp-json\/wp\/v2\/comments?post=1123"}],"version-history":[{"count":0,"href":"https:\/\/www.ermitageterme.it\/fr\/wp-json\/wp\/v2\/pages\/1123\/revisions"}],"up":[{"embeddable":true,"href":"https:\/\/www.ermitageterme.it\/fr\/wp-json\/wp\/v2\/pages\/1246"}],"wp:attachment":[{"href":"https:\/\/www.ermitageterme.it\/fr\/wp-json\/wp\/v2\/media?parent=1123"}],"curies":[{"name":"wp","href":"https:\/\/api.w.org\/{rel}","templated":true}]}}