{"id":1126,"date":"2015-09-02T15:17:51","date_gmt":"2015-09-02T13:17:51","guid":{"rendered":"\/\/www.ermitageterme.it\/abano-et-ses-environs"},"modified":"2019-04-05T14:47:32","modified_gmt":"2019-04-05T12:47:32","slug":"abano-et-ses-environs","status":"publish","type":"page","link":"https:\/\/www.ermitageterme.it\/fr\/demande-de-disponibilite\/abano-et-ses-environs\/","title":{"rendered":"Abano et ses environs"},"content":{"rendered":"<h4 style=\"color: #6b2a30;\">Les Collines Eugan\u00e9ennes<\/h4>\n<p>Le temps semble s\u2019arr\u00eater avec <strong>le charme naturel des Collines Eugan\u00e9ennes<\/strong>: des bois, du maquis et des vignes et fruitiers en terrasses cr\u00e9ent un paysage qui r\u00e9g\u00e9n\u00e8re l\u2019esprit. D\u2019antiques bourgades, des ch\u00e2teaux, de vieux monast\u00e8res et l\u2019architecture raffin\u00e9e des Villas v\u00e9nitiennes nous racontent leurs si\u00e8cles d\u2019histoire, d\u2019art et de tradition. Des architectes comme Andrea Palladio, Gian Maria Falconetto et Andrea della Valle ont cr\u00e9\u00e9 ici les maisons de campagne des familles v\u00e9nitiennes les plus puissantes de l\u2019\u00e9poque, comme Villa Capodilista, Villa Selvatico, Villa Mocenigo Mainardi, Villa Barbarigo, Villa dei Vescovi, de v\u00e9ritables joyaux d\u2019architecture aux fa\u00e7ades majestueuses et aux jardins f\u00e9eriques.<\/p>\n<p>Le calme de ce territoire et l\u2019enchantement de ses paysages ont abrit\u00e9 et inspir\u00e9 des po\u00e8tes comme P\u00e9trarque, Foscolo, Byron e Shelley. Le Parc R\u00e9gional s\u2019\u00e9tend sur une zone de collines d\u2019origine vulcanique d\u2019environ 19 hectares, et on peut le parcourir en auto, \u00e0 pied ou en v\u00e9lo en choisissant entre les diff\u00e9rentes routes panoramiques et plus de 20 chemins am\u00e9nag\u00e9s qui en gravissent les flancs.<\/p>\n<h4 style=\"color: #6b2a30;\">L&rsquo; amour pour la tradition<\/h4>\n<p>Les plaisirs de la table sont une antique tradition sur nos terres: <strong>les saveurs authentiques des produits de la nature<\/strong>, comme l\u2019huile, le miel et surtout le vin D.O.C. \u00ab\u00a0Colli Euganei\u00a0\u00bb produit gr\u00e2ce au climat favorable et \u00e0 la morphologie du terroir, se marient aux plats locaux typiques, en particulier aux viandes et au gibier.<\/p>\n<h4 style=\"color: #6b2a30;\">\u00c0 un saut de puce des Villes d\u2019Art<\/h4>\n<p>Les Thermes Eugan\u00e9ennes b\u00e9n\u00e9ficient d\u2019une <strong>position unique et privil\u00e9gi\u00e9e <\/strong>au carrefour des villes les plus belles de l\u2019Italie du Nord:<\/p>\n<ul>\n<li><strong>Padoue<\/strong>, \u201cla ville du Saint\u201d avec sa basilique de Saint Antoine du XIV\u00b0, son centre historique m\u00e9di\u00e9val tout en places suggestives, comme Prato della Valle, remontant au XVII\u00b0, et avec la magnifique Chappelle des Scrovegni, abritant les fresques consid\u00e9r\u00e9es comme le chef d\u2019\u0153uvre de Giotto.<\/li>\n<li><strong>Venise<\/strong>, ville unique au monde, suspendue sur l\u2019eau comme par magie, enchanteresse, myst\u00e9rieuse et riche d\u2019art avec tous ses mus\u00e9es et ses innombrables initiatives culturelles.<\/li>\n<li><strong>V\u00e9rone<\/strong>, la ville symbole de l\u2019amour, gr\u00e2ce \u00e0 \u201cRom\u00e9o et Juliette\u201d de Shakespeare, avec ses superbes vestiges de la grandeur romaine, les Ar\u00e8nes, o\u00f9 se tient une des saisons lyriques internationales les plus prestigieuses.<\/li>\n<li><strong>Vicence<\/strong>, au pied des magnifiques Monts Berici, o\u00f9 se rencontrent les grandioses architectures palladiennes et la gr\u00e2ce gothique.<\/li>\n<li><strong>Ferrare<\/strong>, ville d\u2019art de la renaissance, indissolublement li\u00e9e au P\u00f4 qui s\u2019y pr\u00e9lasse, aux m\u00e9c\u00e8nes, la famille d\u2019Este, avec son Palais des Diamants, si raffin\u00e9 et l\u2019imposant ch\u00e2teau des Este.<\/li>\n<li><strong>Mantoue<\/strong>, ville pr\u00e9cieuse et accueillante, terroir de l\u2019antique famille des Gonzaga.<\/li>\n<\/ul>\n","protected":false},"excerpt":{"rendered":"<p>Les Collines Eugan\u00e9ennes Le temps semble s\u2019arr\u00eater avec le charme naturel des Collines Eugan\u00e9ennes: des bois, du maquis et des vignes et fruitiers en terrasses cr\u00e9ent un paysage qui r\u00e9g\u00e9n\u00e8re l\u2019esprit. D\u2019antiques bourgades, des ch\u00e2teaux, de vieux monast\u00e8res et l\u2019architecture raffin\u00e9e des Villas v\u00e9nitiennes nous racontent leurs si\u00e8cles d\u2019histoire, d\u2019art et de tradition. Des architectes<\/p>\n","protected":false},"author":1,"featured_media":0,"parent":742,"menu_order":0,"comment_status":"closed","ping_status":"open","template":"","meta":{"_acf_changed":false,"footnotes":""},"acf":[],"yoast_head":"<!-- This site is optimized with the Yoast SEO plugin v23.5 - https:\/\/yoast.com\/wordpress\/plugins\/seo\/ -->\n<title>Abano Terme Italie du Nord - ermitageterme.it<\/title>\n<meta name=\"description\" content=\"Abano Terme Italie du Nord. Le charme naturel des Collines Eugan\u00e9ennes: des bois, du maquis et des vignes et fruitiers en terrasses cr\u00e9ent un paysage qui r\u00e9g\u00e9n\u00e8re l\u2019esprit.\" \/>\n<meta name=\"robots\" content=\"index, follow, max-snippet:-1, max-image-preview:large, max-video-preview:-1\" \/>\n<link rel=\"canonical\" href=\"https:\/\/www.ermitageterme.it\/fr\/demande-de-disponibilite\/abano-et-ses-environs\/\" \/>\n<meta property=\"og:locale\" content=\"fr_FR\" \/>\n<meta property=\"og:type\" content=\"article\" \/>\n<meta property=\"og:title\" content=\"Abano Terme Italie du Nord - ermitageterme.it\" \/>\n<meta property=\"og:description\" content=\"Abano Terme Italie du Nord. Le charme naturel des Collines Eugan\u00e9ennes: des bois, du maquis et des vignes et fruitiers en terrasses cr\u00e9ent un paysage qui r\u00e9g\u00e9n\u00e8re l\u2019esprit.\" \/>\n<meta property=\"og:url\" content=\"https:\/\/www.ermitageterme.it\/fr\/demande-de-disponibilite\/abano-et-ses-environs\/\" \/>\n<meta property=\"og:site_name\" content=\"ermitageterme.it\" \/>\n<meta property=\"article:modified_time\" content=\"2019-04-05T12:47:32+00:00\" \/>\n<meta name=\"twitter:card\" content=\"summary_large_image\" \/>\n<meta name=\"twitter:label1\" content=\"Dur\u00e9e de lecture estim\u00e9e\" \/>\n\t<meta name=\"twitter:data1\" content=\"2 minutes\" \/>\n<script type=\"application\/ld+json\" class=\"yoast-schema-graph\">{\"@context\":\"https:\/\/schema.org\",\"@graph\":[{\"@type\":\"WebPage\",\"@id\":\"https:\/\/www.ermitageterme.it\/fr\/demande-de-disponibilite\/abano-et-ses-environs\/\",\"url\":\"https:\/\/www.ermitageterme.it\/fr\/demande-de-disponibilite\/abano-et-ses-environs\/\",\"name\":\"Abano Terme Italie du Nord - ermitageterme.it\",\"isPartOf\":{\"@id\":\"https:\/\/www.ermitageterme.it\/fr\/#website\"},\"datePublished\":\"2015-09-02T13:17:51+00:00\",\"dateModified\":\"2019-04-05T12:47:32+00:00\",\"description\":\"Abano Terme Italie du Nord. Le charme naturel des Collines Eugan\u00e9ennes: des bois, du maquis et des vignes et fruitiers en terrasses cr\u00e9ent un paysage qui r\u00e9g\u00e9n\u00e8re l\u2019esprit.\",\"breadcrumb\":{\"@id\":\"https:\/\/www.ermitageterme.it\/fr\/demande-de-disponibilite\/abano-et-ses-environs\/#breadcrumb\"},\"inLanguage\":\"fr-FR\",\"potentialAction\":[{\"@type\":\"ReadAction\",\"target\":[\"https:\/\/www.ermitageterme.it\/fr\/demande-de-disponibilite\/abano-et-ses-environs\/\"]}]},{\"@type\":\"BreadcrumbList\",\"@id\":\"https:\/\/www.ermitageterme.it\/fr\/demande-de-disponibilite\/abano-et-ses-environs\/#breadcrumb\",\"itemListElement\":[{\"@type\":\"ListItem\",\"position\":1,\"name\":\"Home\",\"item\":\"https:\/\/www.ermitageterme.it\/fr\/\"},{\"@type\":\"ListItem\",\"position\":2,\"name\":\"Demande de disponibilit\u00e9\",\"item\":\"https:\/\/www.ermitageterme.it\/fr\/demande-de-disponibilite\/\"},{\"@type\":\"ListItem\",\"position\":3,\"name\":\"Abano et ses environs\"}]},{\"@type\":\"WebSite\",\"@id\":\"https:\/\/www.ermitageterme.it\/fr\/#website\",\"url\":\"https:\/\/www.ermitageterme.it\/fr\/\",\"name\":\"ermitageterme.it\",\"description\":\"Ermitage Bel Air\",\"potentialAction\":[{\"@type\":\"SearchAction\",\"target\":{\"@type\":\"EntryPoint\",\"urlTemplate\":\"https:\/\/www.ermitageterme.it\/fr\/?s={search_term_string}\"},\"query-input\":{\"@type\":\"PropertyValueSpecification\",\"valueRequired\":true,\"valueName\":\"search_term_string\"}}],\"inLanguage\":\"fr-FR\"}]}<\/script>\n<!-- \/ Yoast SEO plugin. -->","yoast_head_json":{"title":"Abano Terme Italie du Nord - ermitageterme.it","description":"Abano Terme Italie du Nord. Le charme naturel des Collines Eugan\u00e9ennes: des bois, du maquis et des vignes et fruitiers en terrasses cr\u00e9ent un paysage qui r\u00e9g\u00e9n\u00e8re l\u2019esprit.","robots":{"index":"index","follow":"follow","max-snippet":"max-snippet:-1","max-image-preview":"max-image-preview:large","max-video-preview":"max-video-preview:-1"},"canonical":"https:\/\/www.ermitageterme.it\/fr\/demande-de-disponibilite\/abano-et-ses-environs\/","og_locale":"fr_FR","og_type":"article","og_title":"Abano Terme Italie du Nord - ermitageterme.it","og_description":"Abano Terme Italie du Nord. Le charme naturel des Collines Eugan\u00e9ennes: des bois, du maquis et des vignes et fruitiers en terrasses cr\u00e9ent un paysage qui r\u00e9g\u00e9n\u00e8re l\u2019esprit.","og_url":"https:\/\/www.ermitageterme.it\/fr\/demande-de-disponibilite\/abano-et-ses-environs\/","og_site_name":"ermitageterme.it","article_modified_time":"2019-04-05T12:47:32+00:00","twitter_card":"summary_large_image","twitter_misc":{"Dur\u00e9e de lecture estim\u00e9e":"2 minutes"},"schema":{"@context":"https:\/\/schema.org","@graph":[{"@type":"WebPage","@id":"https:\/\/www.ermitageterme.it\/fr\/demande-de-disponibilite\/abano-et-ses-environs\/","url":"https:\/\/www.ermitageterme.it\/fr\/demande-de-disponibilite\/abano-et-ses-environs\/","name":"Abano Terme Italie du Nord - ermitageterme.it","isPartOf":{"@id":"https:\/\/www.ermitageterme.it\/fr\/#website"},"datePublished":"2015-09-02T13:17:51+00:00","dateModified":"2019-04-05T12:47:32+00:00","description":"Abano Terme Italie du Nord. Le charme naturel des Collines Eugan\u00e9ennes: des bois, du maquis et des vignes et fruitiers en terrasses cr\u00e9ent un paysage qui r\u00e9g\u00e9n\u00e8re l\u2019esprit.","breadcrumb":{"@id":"https:\/\/www.ermitageterme.it\/fr\/demande-de-disponibilite\/abano-et-ses-environs\/#breadcrumb"},"inLanguage":"fr-FR","potentialAction":[{"@type":"ReadAction","target":["https:\/\/www.ermitageterme.it\/fr\/demande-de-disponibilite\/abano-et-ses-environs\/"]}]},{"@type":"BreadcrumbList","@id":"https:\/\/www.ermitageterme.it\/fr\/demande-de-disponibilite\/abano-et-ses-environs\/#breadcrumb","itemListElement":[{"@type":"ListItem","position":1,"name":"Home","item":"https:\/\/www.ermitageterme.it\/fr\/"},{"@type":"ListItem","position":2,"name":"Demande de disponibilit\u00e9","item":"https:\/\/www.ermitageterme.it\/fr\/demande-de-disponibilite\/"},{"@type":"ListItem","position":3,"name":"Abano et ses environs"}]},{"@type":"WebSite","@id":"https:\/\/www.ermitageterme.it\/fr\/#website","url":"https:\/\/www.ermitageterme.it\/fr\/","name":"ermitageterme.it","description":"Ermitage Bel Air","potentialAction":[{"@type":"SearchAction","target":{"@type":"EntryPoint","urlTemplate":"https:\/\/www.ermitageterme.it\/fr\/?s={search_term_string}"},"query-input":{"@type":"PropertyValueSpecification","valueRequired":true,"valueName":"search_term_string"}}],"inLanguage":"fr-FR"}]}},"_links":{"self":[{"href":"https:\/\/www.ermitageterme.it\/fr\/wp-json\/wp\/v2\/pages\/1126"}],"collection":[{"href":"https:\/\/www.ermitageterme.it\/fr\/wp-json\/wp\/v2\/pages"}],"about":[{"href":"https:\/\/www.ermitageterme.it\/fr\/wp-json\/wp\/v2\/types\/page"}],"author":[{"embeddable":true,"href":"https:\/\/www.ermitageterme.it\/fr\/wp-json\/wp\/v2\/users\/1"}],"replies":[{"embeddable":true,"href":"https:\/\/www.ermitageterme.it\/fr\/wp-json\/wp\/v2\/comments?post=1126"}],"version-history":[{"count":0,"href":"https:\/\/www.ermitageterme.it\/fr\/wp-json\/wp\/v2\/pages\/1126\/revisions"}],"up":[{"embeddable":true,"href":"https:\/\/www.ermitageterme.it\/fr\/wp-json\/wp\/v2\/pages\/742"}],"wp:attachment":[{"href":"https:\/\/www.ermitageterme.it\/fr\/wp-json\/wp\/v2\/media?parent=1126"}],"curies":[{"name":"wp","href":"https:\/\/api.w.org\/{rel}","templated":true}]}}