{"id":1156,"date":"2015-09-15T17:27:25","date_gmt":"2015-09-15T15:27:25","guid":{"rendered":"\/\/www.ermitageterme.it\/prix"},"modified":"2026-01-14T11:09:34","modified_gmt":"2026-01-14T10:09:34","slug":"prix","status":"publish","type":"page","link":"https:\/\/www.ermitageterme.it\/fr\/prix\/","title":{"rendered":"Prix"},"content":{"rendered":"<h4 style=\"color: #6b2a30; font-size: 16px;\">Qualit\u00e9 et transparence pour la Sant\u00e9 et le bien-\u00eatre<\/h4>\n<p><img decoding=\"async\" class=\"aligncenter wp-image-2847 size-full\" src=\"\/wp-content\/uploads\/2015\/09\/idromassaggio.jpg\" width=\"2000\" height=\"500\" \/><\/p>\n<div class=\"row-fluid zn-row-0 \">\n<div class=\"default-style\">\n<div>\n<div class=\"row-personal personal-price-list\">\n<div class=\"price-list\"><a style=\"color: #fff;\" href=\"https:\/\/www.ermitageterme.it\/wp-content\/uploads\/2026\/01\/LISTINO-FRANCESE-2026.pdf\" target=\"_blank\" rel=\"noopener noreferrer\">Liste de prix 2026<\/a><\/div>\n<div class=\"download-pdf\"><a href=\"https:\/\/www.ermitageterme.it\/wp-content\/uploads\/2026\/01\/LISTINO-FRANCESE-2026.pdf\" target=\"_blank\" rel=\"noopener noreferrer\">T\u00e9l\u00e9chargez la liste de prix pdf<\/a><br \/>\nOuverture saisonni\u00e8re \u00e0 partir du 28 F\u00c9VRIER 2026<\/div>\n<\/div>\n<p>&nbsp;<\/p>\n<\/div>\n<\/div>\n<\/div>\n<p><!--\n\n\n<div class=\"row-fluid zn-row-0 \">\n\n\n<div class=\"default-style\">\n\n\n<div>\n\n\n<div class=\"row-personal personal-price-list\">\n\n\n<div class=\"price-list\"><a style=\"color: #fff;\" href=\"\/wp-content\/uploads\/2017\/10\/carta_servizi_EN.pdf\">Medical Service Charter 2018<\/a><\/div>\n\n\n\n\n<div class=\"download-pdf\">T\u00e9l\u00e9chargez \"Medical Service Charter\" pdf<\/div>\n\n\n<\/div>\n\n\n&nbsp;\n\n<\/div>\n\n\n<\/div>\n\n\n<\/div>\n\n\n--><\/p>\n","protected":false},"excerpt":{"rendered":"<p>Qualit\u00e9 et transparence pour la Sant\u00e9 et le bien-\u00eatre Liste de prix 2026 T\u00e9l\u00e9chargez la liste de prix pdf Ouverture saisonni\u00e8re \u00e0 partir du 28 F\u00c9VRIER 2026 &nbsp;<\/p>\n","protected":false},"author":1,"featured_media":3709,"parent":0,"menu_order":0,"comment_status":"closed","ping_status":"closed","template":"","meta":{"_acf_changed":false,"footnotes":""},"acf":[],"yoast_head":"<!-- This site is optimized with the Yoast SEO plugin v23.5 - https:\/\/yoast.com\/wordpress\/plugins\/seo\/ -->\n<title>Prix - ermitageterme.it<\/title>\n<meta name=\"robots\" content=\"index, follow, max-snippet:-1, max-image-preview:large, max-video-preview:-1\" \/>\n<link rel=\"canonical\" href=\"https:\/\/www.ermitageterme.it\/fr\/prix\/\" \/>\n<meta property=\"og:locale\" content=\"fr_FR\" \/>\n<meta property=\"og:type\" content=\"article\" \/>\n<meta property=\"og:title\" content=\"Prix - ermitageterme.it\" \/>\n<meta property=\"og:description\" content=\"Qualit\u00e9 et transparence pour la Sant\u00e9 et le bien-\u00eatre Liste de prix 2026 T\u00e9l\u00e9chargez la liste de prix pdf Ouverture saisonni\u00e8re \u00e0 partir du 28 F\u00c9VRIER 2026 &nbsp;\" \/>\n<meta property=\"og:url\" content=\"https:\/\/www.ermitageterme.it\/fr\/prix\/\" \/>\n<meta property=\"og:site_name\" content=\"ermitageterme.it\" \/>\n<meta property=\"article:modified_time\" content=\"2026-01-14T10:09:34+00:00\" \/>\n<meta property=\"og:image\" content=\"https:\/\/www.ermitageterme.it\/wp-content\/uploads\/2015\/09\/listino-banner.jpg\" \/>\n\t<meta property=\"og:image:width\" content=\"680\" \/>\n\t<meta property=\"og:image:height\" content=\"200\" \/>\n\t<meta property=\"og:image:type\" content=\"image\/jpeg\" \/>\n<meta name=\"twitter:card\" content=\"summary_large_image\" \/>\n<meta name=\"twitter:label1\" content=\"Dur\u00e9e de lecture estim\u00e9e\" \/>\n\t<meta name=\"twitter:data1\" content=\"1 minute\" \/>\n<script type=\"application\/ld+json\" class=\"yoast-schema-graph\">{\"@context\":\"https:\/\/schema.org\",\"@graph\":[{\"@type\":\"WebPage\",\"@id\":\"https:\/\/www.ermitageterme.it\/fr\/prix\/\",\"url\":\"https:\/\/www.ermitageterme.it\/fr\/prix\/\",\"name\":\"Prix - ermitageterme.it\",\"isPartOf\":{\"@id\":\"https:\/\/www.ermitageterme.it\/fr\/#website\"},\"primaryImageOfPage\":{\"@id\":\"https:\/\/www.ermitageterme.it\/fr\/prix\/#primaryimage\"},\"image\":{\"@id\":\"https:\/\/www.ermitageterme.it\/fr\/prix\/#primaryimage\"},\"thumbnailUrl\":\"https:\/\/www.ermitageterme.it\/wp-content\/uploads\/2015\/09\/listino-banner.jpg\",\"datePublished\":\"2015-09-15T15:27:25+00:00\",\"dateModified\":\"2026-01-14T10:09:34+00:00\",\"breadcrumb\":{\"@id\":\"https:\/\/www.ermitageterme.it\/fr\/prix\/#breadcrumb\"},\"inLanguage\":\"fr-FR\",\"potentialAction\":[{\"@type\":\"ReadAction\",\"target\":[\"https:\/\/www.ermitageterme.it\/fr\/prix\/\"]}]},{\"@type\":\"ImageObject\",\"inLanguage\":\"fr-FR\",\"@id\":\"https:\/\/www.ermitageterme.it\/fr\/prix\/#primaryimage\",\"url\":\"https:\/\/www.ermitageterme.it\/wp-content\/uploads\/2015\/09\/listino-banner.jpg\",\"contentUrl\":\"https:\/\/www.ermitageterme.it\/wp-content\/uploads\/2015\/09\/listino-banner.jpg\",\"width\":680,\"height\":200},{\"@type\":\"BreadcrumbList\",\"@id\":\"https:\/\/www.ermitageterme.it\/fr\/prix\/#breadcrumb\",\"itemListElement\":[{\"@type\":\"ListItem\",\"position\":1,\"name\":\"Home\",\"item\":\"https:\/\/www.ermitageterme.it\/fr\/\"},{\"@type\":\"ListItem\",\"position\":2,\"name\":\"Tarifs\",\"item\":\"https:\/\/www.ermitageterme.it\/fr\/prix-2\/\"},{\"@type\":\"ListItem\",\"position\":3,\"name\":\"Prix\"}]},{\"@type\":\"WebSite\",\"@id\":\"https:\/\/www.ermitageterme.it\/fr\/#website\",\"url\":\"https:\/\/www.ermitageterme.it\/fr\/\",\"name\":\"ermitageterme.it\",\"description\":\"Ermitage Bel Air\",\"potentialAction\":[{\"@type\":\"SearchAction\",\"target\":{\"@type\":\"EntryPoint\",\"urlTemplate\":\"https:\/\/www.ermitageterme.it\/fr\/?s={search_term_string}\"},\"query-input\":{\"@type\":\"PropertyValueSpecification\",\"valueRequired\":true,\"valueName\":\"search_term_string\"}}],\"inLanguage\":\"fr-FR\"}]}<\/script>\n<!-- \/ Yoast SEO plugin. -->","yoast_head_json":{"title":"Prix - ermitageterme.it","robots":{"index":"index","follow":"follow","max-snippet":"max-snippet:-1","max-image-preview":"max-image-preview:large","max-video-preview":"max-video-preview:-1"},"canonical":"https:\/\/www.ermitageterme.it\/fr\/prix\/","og_locale":"fr_FR","og_type":"article","og_title":"Prix - ermitageterme.it","og_description":"Qualit\u00e9 et transparence pour la Sant\u00e9 et le bien-\u00eatre Liste de prix 2026 T\u00e9l\u00e9chargez la liste de prix pdf Ouverture saisonni\u00e8re \u00e0 partir du 28 F\u00c9VRIER 2026 &nbsp;","og_url":"https:\/\/www.ermitageterme.it\/fr\/prix\/","og_site_name":"ermitageterme.it","article_modified_time":"2026-01-14T10:09:34+00:00","og_image":[{"width":680,"height":200,"url":"https:\/\/www.ermitageterme.it\/wp-content\/uploads\/2015\/09\/listino-banner.jpg","type":"image\/jpeg"}],"twitter_card":"summary_large_image","twitter_misc":{"Dur\u00e9e de lecture estim\u00e9e":"1 minute"},"schema":{"@context":"https:\/\/schema.org","@graph":[{"@type":"WebPage","@id":"https:\/\/www.ermitageterme.it\/fr\/prix\/","url":"https:\/\/www.ermitageterme.it\/fr\/prix\/","name":"Prix - ermitageterme.it","isPartOf":{"@id":"https:\/\/www.ermitageterme.it\/fr\/#website"},"primaryImageOfPage":{"@id":"https:\/\/www.ermitageterme.it\/fr\/prix\/#primaryimage"},"image":{"@id":"https:\/\/www.ermitageterme.it\/fr\/prix\/#primaryimage"},"thumbnailUrl":"https:\/\/www.ermitageterme.it\/wp-content\/uploads\/2015\/09\/listino-banner.jpg","datePublished":"2015-09-15T15:27:25+00:00","dateModified":"2026-01-14T10:09:34+00:00","breadcrumb":{"@id":"https:\/\/www.ermitageterme.it\/fr\/prix\/#breadcrumb"},"inLanguage":"fr-FR","potentialAction":[{"@type":"ReadAction","target":["https:\/\/www.ermitageterme.it\/fr\/prix\/"]}]},{"@type":"ImageObject","inLanguage":"fr-FR","@id":"https:\/\/www.ermitageterme.it\/fr\/prix\/#primaryimage","url":"https:\/\/www.ermitageterme.it\/wp-content\/uploads\/2015\/09\/listino-banner.jpg","contentUrl":"https:\/\/www.ermitageterme.it\/wp-content\/uploads\/2015\/09\/listino-banner.jpg","width":680,"height":200},{"@type":"BreadcrumbList","@id":"https:\/\/www.ermitageterme.it\/fr\/prix\/#breadcrumb","itemListElement":[{"@type":"ListItem","position":1,"name":"Home","item":"https:\/\/www.ermitageterme.it\/fr\/"},{"@type":"ListItem","position":2,"name":"Tarifs","item":"https:\/\/www.ermitageterme.it\/fr\/prix-2\/"},{"@type":"ListItem","position":3,"name":"Prix"}]},{"@type":"WebSite","@id":"https:\/\/www.ermitageterme.it\/fr\/#website","url":"https:\/\/www.ermitageterme.it\/fr\/","name":"ermitageterme.it","description":"Ermitage Bel Air","potentialAction":[{"@type":"SearchAction","target":{"@type":"EntryPoint","urlTemplate":"https:\/\/www.ermitageterme.it\/fr\/?s={search_term_string}"},"query-input":{"@type":"PropertyValueSpecification","valueRequired":true,"valueName":"search_term_string"}}],"inLanguage":"fr-FR"}]}},"_links":{"self":[{"href":"https:\/\/www.ermitageterme.it\/fr\/wp-json\/wp\/v2\/pages\/1156"}],"collection":[{"href":"https:\/\/www.ermitageterme.it\/fr\/wp-json\/wp\/v2\/pages"}],"about":[{"href":"https:\/\/www.ermitageterme.it\/fr\/wp-json\/wp\/v2\/types\/page"}],"author":[{"embeddable":true,"href":"https:\/\/www.ermitageterme.it\/fr\/wp-json\/wp\/v2\/users\/1"}],"replies":[{"embeddable":true,"href":"https:\/\/www.ermitageterme.it\/fr\/wp-json\/wp\/v2\/comments?post=1156"}],"version-history":[{"count":5,"href":"https:\/\/www.ermitageterme.it\/fr\/wp-json\/wp\/v2\/pages\/1156\/revisions"}],"predecessor-version":[{"id":53649,"href":"https:\/\/www.ermitageterme.it\/fr\/wp-json\/wp\/v2\/pages\/1156\/revisions\/53649"}],"wp:featuredmedia":[{"embeddable":true,"href":"https:\/\/www.ermitageterme.it\/fr\/wp-json\/wp\/v2\/media\/3709"}],"wp:attachment":[{"href":"https:\/\/www.ermitageterme.it\/fr\/wp-json\/wp\/v2\/media?parent=1156"}],"curies":[{"name":"wp","href":"https:\/\/api.w.org\/{rel}","templated":true}]}}