{"id":12417,"date":"2018-08-27T12:53:00","date_gmt":"2018-08-27T10:53:00","guid":{"rendered":"\/\/www.ermitageterme.it\/?page_id=12417"},"modified":"2019-02-21T15:37:43","modified_gmt":"2019-02-21T14:37:43","slug":"section-des-sejours-sans-souci-pour-les-seniors","status":"publish","type":"page","link":"https:\/\/www.ermitageterme.it\/fr\/services-de-sante\/section-des-sejours-sans-souci-pour-les-seniors\/","title":{"rendered":"Section des S\u00e9jours sans souci pour les S\u00e9niors"},"content":{"rendered":"<p>Prot\u00e9ger la joie de vivre en autonomie et en s\u00e9curit\u00e9 \u00e0 tout \u00e2ge<\/p>\n","protected":false},"excerpt":{"rendered":"<p>Prot\u00e9ger la joie de vivre en autonomie et en s\u00e9curit\u00e9 \u00e0 tout \u00e2ge<\/p>\n","protected":false},"author":1,"featured_media":7817,"parent":983,"menu_order":6,"comment_status":"closed","ping_status":"closed","template":"","meta":{"_acf_changed":false,"footnotes":""},"acf":[],"yoast_head":"<!-- This site is optimized with the Yoast SEO plugin v23.5 - https:\/\/yoast.com\/wordpress\/plugins\/seo\/ -->\n<title>H\u00f4tel pour Personnes \u00c2g\u00e9es Abano Terme Italie du Nord - ermitageterme.it<\/title>\n<meta name=\"description\" content=\"Prot\u00e9ger la joie de vivre en autonomie et en s\u00e9curit\u00e9 \u00e0 tout \u00e2ge.\" \/>\n<meta name=\"robots\" content=\"index, follow, max-snippet:-1, max-image-preview:large, max-video-preview:-1\" \/>\n<link rel=\"canonical\" href=\"https:\/\/www.ermitageterme.it\/fr\/services-de-sante\/section-des-sejours-sans-souci-pour-les-seniors\/\" \/>\n<meta property=\"og:locale\" content=\"fr_FR\" \/>\n<meta property=\"og:type\" content=\"article\" \/>\n<meta property=\"og:title\" content=\"H\u00f4tel pour Personnes \u00c2g\u00e9es Abano Terme Italie du Nord - ermitageterme.it\" \/>\n<meta property=\"og:description\" content=\"Prot\u00e9ger la joie de vivre en autonomie et en s\u00e9curit\u00e9 \u00e0 tout \u00e2ge.\" \/>\n<meta property=\"og:url\" content=\"https:\/\/www.ermitageterme.it\/fr\/services-de-sante\/section-des-sejours-sans-souci-pour-les-seniors\/\" \/>\n<meta property=\"og:site_name\" content=\"ermitageterme.it\" \/>\n<meta property=\"article:modified_time\" content=\"2019-02-21T14:37:43+00:00\" \/>\n<meta property=\"og:image\" content=\"https:\/\/www.ermitageterme.it\/wp-content\/uploads\/2018\/05\/APERITIVO-FISIO-1.jpg\" \/>\n\t<meta property=\"og:image:width\" content=\"1711\" \/>\n\t<meta property=\"og:image:height\" content=\"1068\" \/>\n\t<meta property=\"og:image:type\" content=\"image\/jpeg\" \/>\n<meta name=\"twitter:card\" content=\"summary_large_image\" \/>\n<script type=\"application\/ld+json\" class=\"yoast-schema-graph\">{\"@context\":\"https:\/\/schema.org\",\"@graph\":[{\"@type\":\"WebPage\",\"@id\":\"https:\/\/www.ermitageterme.it\/fr\/services-de-sante\/section-des-sejours-sans-souci-pour-les-seniors\/\",\"url\":\"https:\/\/www.ermitageterme.it\/fr\/services-de-sante\/section-des-sejours-sans-souci-pour-les-seniors\/\",\"name\":\"H\u00f4tel pour Personnes \u00c2g\u00e9es Abano Terme Italie du Nord - ermitageterme.it\",\"isPartOf\":{\"@id\":\"https:\/\/www.ermitageterme.it\/fr\/#website\"},\"primaryImageOfPage\":{\"@id\":\"https:\/\/www.ermitageterme.it\/fr\/services-de-sante\/section-des-sejours-sans-souci-pour-les-seniors\/#primaryimage\"},\"image\":{\"@id\":\"https:\/\/www.ermitageterme.it\/fr\/services-de-sante\/section-des-sejours-sans-souci-pour-les-seniors\/#primaryimage\"},\"thumbnailUrl\":\"https:\/\/www.ermitageterme.it\/wp-content\/uploads\/2018\/05\/APERITIVO-FISIO-1.jpg\",\"datePublished\":\"2018-08-27T10:53:00+00:00\",\"dateModified\":\"2019-02-21T14:37:43+00:00\",\"description\":\"Prot\u00e9ger la joie de vivre en autonomie et en s\u00e9curit\u00e9 \u00e0 tout \u00e2ge.\",\"breadcrumb\":{\"@id\":\"https:\/\/www.ermitageterme.it\/fr\/services-de-sante\/section-des-sejours-sans-souci-pour-les-seniors\/#breadcrumb\"},\"inLanguage\":\"fr-FR\",\"potentialAction\":[{\"@type\":\"ReadAction\",\"target\":[\"https:\/\/www.ermitageterme.it\/fr\/services-de-sante\/section-des-sejours-sans-souci-pour-les-seniors\/\"]}]},{\"@type\":\"ImageObject\",\"inLanguage\":\"fr-FR\",\"@id\":\"https:\/\/www.ermitageterme.it\/fr\/services-de-sante\/section-des-sejours-sans-souci-pour-les-seniors\/#primaryimage\",\"url\":\"https:\/\/www.ermitageterme.it\/wp-content\/uploads\/2018\/05\/APERITIVO-FISIO-1.jpg\",\"contentUrl\":\"https:\/\/www.ermitageterme.it\/wp-content\/uploads\/2018\/05\/APERITIVO-FISIO-1.jpg\",\"width\":1711,\"height\":1068},{\"@type\":\"BreadcrumbList\",\"@id\":\"https:\/\/www.ermitageterme.it\/fr\/services-de-sante\/section-des-sejours-sans-souci-pour-les-seniors\/#breadcrumb\",\"itemListElement\":[{\"@type\":\"ListItem\",\"position\":1,\"name\":\"Home\",\"item\":\"https:\/\/www.ermitageterme.it\/fr\/\"},{\"@type\":\"ListItem\",\"position\":2,\"name\":\"Services de Sant\u00e9\",\"item\":\"https:\/\/www.ermitageterme.it\/fr\/services-de-sante\/\"},{\"@type\":\"ListItem\",\"position\":3,\"name\":\"Section des S\u00e9jours sans souci pour les S\u00e9niors\"}]},{\"@type\":\"WebSite\",\"@id\":\"https:\/\/www.ermitageterme.it\/fr\/#website\",\"url\":\"https:\/\/www.ermitageterme.it\/fr\/\",\"name\":\"ermitageterme.it\",\"description\":\"Ermitage Bel Air\",\"potentialAction\":[{\"@type\":\"SearchAction\",\"target\":{\"@type\":\"EntryPoint\",\"urlTemplate\":\"https:\/\/www.ermitageterme.it\/fr\/?s={search_term_string}\"},\"query-input\":{\"@type\":\"PropertyValueSpecification\",\"valueRequired\":true,\"valueName\":\"search_term_string\"}}],\"inLanguage\":\"fr-FR\"}]}<\/script>\n<!-- \/ Yoast SEO plugin. -->","yoast_head_json":{"title":"H\u00f4tel pour Personnes \u00c2g\u00e9es Abano Terme Italie du Nord - ermitageterme.it","description":"Prot\u00e9ger la joie de vivre en autonomie et en s\u00e9curit\u00e9 \u00e0 tout \u00e2ge.","robots":{"index":"index","follow":"follow","max-snippet":"max-snippet:-1","max-image-preview":"max-image-preview:large","max-video-preview":"max-video-preview:-1"},"canonical":"https:\/\/www.ermitageterme.it\/fr\/services-de-sante\/section-des-sejours-sans-souci-pour-les-seniors\/","og_locale":"fr_FR","og_type":"article","og_title":"H\u00f4tel pour Personnes \u00c2g\u00e9es Abano Terme Italie du Nord - ermitageterme.it","og_description":"Prot\u00e9ger la joie de vivre en autonomie et en s\u00e9curit\u00e9 \u00e0 tout \u00e2ge.","og_url":"https:\/\/www.ermitageterme.it\/fr\/services-de-sante\/section-des-sejours-sans-souci-pour-les-seniors\/","og_site_name":"ermitageterme.it","article_modified_time":"2019-02-21T14:37:43+00:00","og_image":[{"width":1711,"height":1068,"url":"https:\/\/www.ermitageterme.it\/wp-content\/uploads\/2018\/05\/APERITIVO-FISIO-1.jpg","type":"image\/jpeg"}],"twitter_card":"summary_large_image","schema":{"@context":"https:\/\/schema.org","@graph":[{"@type":"WebPage","@id":"https:\/\/www.ermitageterme.it\/fr\/services-de-sante\/section-des-sejours-sans-souci-pour-les-seniors\/","url":"https:\/\/www.ermitageterme.it\/fr\/services-de-sante\/section-des-sejours-sans-souci-pour-les-seniors\/","name":"H\u00f4tel pour Personnes \u00c2g\u00e9es Abano Terme Italie du Nord - ermitageterme.it","isPartOf":{"@id":"https:\/\/www.ermitageterme.it\/fr\/#website"},"primaryImageOfPage":{"@id":"https:\/\/www.ermitageterme.it\/fr\/services-de-sante\/section-des-sejours-sans-souci-pour-les-seniors\/#primaryimage"},"image":{"@id":"https:\/\/www.ermitageterme.it\/fr\/services-de-sante\/section-des-sejours-sans-souci-pour-les-seniors\/#primaryimage"},"thumbnailUrl":"https:\/\/www.ermitageterme.it\/wp-content\/uploads\/2018\/05\/APERITIVO-FISIO-1.jpg","datePublished":"2018-08-27T10:53:00+00:00","dateModified":"2019-02-21T14:37:43+00:00","description":"Prot\u00e9ger la joie de vivre en autonomie et en s\u00e9curit\u00e9 \u00e0 tout \u00e2ge.","breadcrumb":{"@id":"https:\/\/www.ermitageterme.it\/fr\/services-de-sante\/section-des-sejours-sans-souci-pour-les-seniors\/#breadcrumb"},"inLanguage":"fr-FR","potentialAction":[{"@type":"ReadAction","target":["https:\/\/www.ermitageterme.it\/fr\/services-de-sante\/section-des-sejours-sans-souci-pour-les-seniors\/"]}]},{"@type":"ImageObject","inLanguage":"fr-FR","@id":"https:\/\/www.ermitageterme.it\/fr\/services-de-sante\/section-des-sejours-sans-souci-pour-les-seniors\/#primaryimage","url":"https:\/\/www.ermitageterme.it\/wp-content\/uploads\/2018\/05\/APERITIVO-FISIO-1.jpg","contentUrl":"https:\/\/www.ermitageterme.it\/wp-content\/uploads\/2018\/05\/APERITIVO-FISIO-1.jpg","width":1711,"height":1068},{"@type":"BreadcrumbList","@id":"https:\/\/www.ermitageterme.it\/fr\/services-de-sante\/section-des-sejours-sans-souci-pour-les-seniors\/#breadcrumb","itemListElement":[{"@type":"ListItem","position":1,"name":"Home","item":"https:\/\/www.ermitageterme.it\/fr\/"},{"@type":"ListItem","position":2,"name":"Services de Sant\u00e9","item":"https:\/\/www.ermitageterme.it\/fr\/services-de-sante\/"},{"@type":"ListItem","position":3,"name":"Section des S\u00e9jours sans souci pour les S\u00e9niors"}]},{"@type":"WebSite","@id":"https:\/\/www.ermitageterme.it\/fr\/#website","url":"https:\/\/www.ermitageterme.it\/fr\/","name":"ermitageterme.it","description":"Ermitage Bel Air","potentialAction":[{"@type":"SearchAction","target":{"@type":"EntryPoint","urlTemplate":"https:\/\/www.ermitageterme.it\/fr\/?s={search_term_string}"},"query-input":{"@type":"PropertyValueSpecification","valueRequired":true,"valueName":"search_term_string"}}],"inLanguage":"fr-FR"}]}},"_links":{"self":[{"href":"https:\/\/www.ermitageterme.it\/fr\/wp-json\/wp\/v2\/pages\/12417"}],"collection":[{"href":"https:\/\/www.ermitageterme.it\/fr\/wp-json\/wp\/v2\/pages"}],"about":[{"href":"https:\/\/www.ermitageterme.it\/fr\/wp-json\/wp\/v2\/types\/page"}],"author":[{"embeddable":true,"href":"https:\/\/www.ermitageterme.it\/fr\/wp-json\/wp\/v2\/users\/1"}],"replies":[{"embeddable":true,"href":"https:\/\/www.ermitageterme.it\/fr\/wp-json\/wp\/v2\/comments?post=12417"}],"version-history":[{"count":0,"href":"https:\/\/www.ermitageterme.it\/fr\/wp-json\/wp\/v2\/pages\/12417\/revisions"}],"up":[{"embeddable":true,"href":"https:\/\/www.ermitageterme.it\/fr\/wp-json\/wp\/v2\/pages\/983"}],"wp:featuredmedia":[{"embeddable":true,"href":"https:\/\/www.ermitageterme.it\/fr\/wp-json\/wp\/v2\/media\/7817"}],"wp:attachment":[{"href":"https:\/\/www.ermitageterme.it\/fr\/wp-json\/wp\/v2\/media?parent=12417"}],"curies":[{"name":"wp","href":"https:\/\/api.w.org\/{rel}","templated":true}]}}