{"id":1246,"date":"2015-09-15T17:30:39","date_gmt":"2015-09-15T15:30:39","guid":{"rendered":"\/\/www.ermitageterme.it\/qui-sommes-nous"},"modified":"2020-01-24T11:48:46","modified_gmt":"2020-01-24T10:48:46","slug":"qui-sommes-nous","status":"publish","type":"page","link":"https:\/\/www.ermitageterme.it\/fr\/qui-sommes-nous\/","title":{"rendered":"Qui Sommes-Nous"},"content":{"rendered":"<section class=\"wpb-content-wrapper\">[vc_row][vc_column][\/vc_column][vc_column_text]\n<p><strong>L&rsquo;H\u00f4tel.<\/strong> La Meilleure Tradition de l&rsquo;Hospitalit\u00e9 Italienne, dans un cadre familial et totalement accessible.<\/p>\n<p><span style=\"color: #444b4f;\"><strong>Les Thermes.<\/strong> Le Pouvoir Th\u00e9rapeutique Naturel de nos Sources Thermales.<br \/>\n<\/span><\/p>\n<p><span style=\"color: #444b4f;\"><strong>La M\u00e9decine Sp\u00e9cialis\u00e9e.<\/strong> Un centre Moderne de R\u00e9\u00e9ducation et M\u00e9decine Physique dot\u00e9 des comp\u00e9tences les plus qualifi\u00e9es dans le domaine Orthop\u00e9dique, M\u00e9tabolique, Neurologique et Lymphatique. <\/span><\/p>\n<p><span style=\"color: #444b4f;\"><strong>Le Premier H\u00f4tel M\u00e9dical Italien.<\/strong> R\u00e9alis\u00e9 pour accueillir toute Personne dans le respect total de ses besoins et garantir \u00e0 tous la possibilit\u00e9 de se soigner de fa\u00e7on efficace, selon les crit\u00e8res scientifiques, sans renoncer au plaisir de vacances confortables. <\/span><\/p>\n<p align=\"CENTER\"><strong>Hospitalit\u00e9 H\u00f4teli\u00e8re et Assistance Sanitaire. Services enti\u00e8rement int\u00e9gr\u00e9s<\/strong><\/p>\n<p align=\"CENTER\"><span style=\"color: #444b4f;\">Pour r\u00e9pondre de fa\u00e7on innovative aux besoins actuels de Pr\u00e9vention, R\u00e9cup\u00e9ration et R\u00e9\u00e9ducation Fonctionnelle:<\/span><\/p>\n<ul>\n<li>Combattre le <strong>Stress<\/strong> en \u00e9tant certains d&rsquo;\u00eatre assist\u00e9s par des op\u00e9rateurs qualifi\u00e9s<\/li>\n<li>Pr\u00e9venir et Soigner la<strong> Douleur<\/strong> li\u00e9e au vieillissement articulaire<\/li>\n<li>Corriger le <strong>Style de Vie<\/strong> pour \u00e9viter l&rsquo;apparition de maladies cardiovasculaires<\/li>\n<li>R\u00e9duire le Surpoids en am\u00e9liorant la force musculaire et la capacit\u00e9 a\u00e9robie<\/li>\n<li>R\u00e9cup\u00e9rer la fonction motrice suite \u00e0 des<strong> Traumatismes et Interventions Chirurgicales<\/strong><\/li>\n<li>Am\u00e9liorer l&rsquo;<strong>Autonomie<\/strong> compromise par des pathologies neurologiques ou lymphatiques<\/li>\n<li>Vivre des vacances <strong>Sans Barri\u00e8res<\/strong> seuls ou accompagn\u00e9s par sa propre famille<\/li>\n<\/ul>\n<p>&nbsp;<\/p>\n<p style=\"text-align: center;\"><strong>Visitez le Secteur qui vous int\u00e9resse et choisissez le S\u00e9jour qui r\u00e9pond \u00e0 Vos Besoins.<\/strong><\/p>\n<p align=\"CENTER\">Vous d\u00e9couvrirez que prendre soin de votre sant\u00e9 est une exp\u00e9rience gratifiante et que se soigner en vacances est plus efficace que ce que vous pensez.<\/p>\n<p align=\"CENTER\"><strong>Famille Maggia<\/strong><\/p>\n<p style=\"text-align: center;\">AUTORISATIONS SANITAIRES aux termes de la Loi R\u00e9gionale 22 du 16\/08\/2002 R\u00e9gion de la V\u00e9n\u00e9tie. Italie<\/p>\n<p style=\"text-align: center;\">Centre M\u00e9dical Sp\u00e9cialis\u00e9 de R\u00e9\u00e9ducation et M\u00e9decine Physique Autorisation n\u00b0 18729\/2019 du 24\/10\/2019.<\/p>\n<p style=\"text-align: center;\"><span style=\"font-weight: 400;\">\u00c9tablissement Thermal Autorisation n\u00b0 150<\/span><span style=\"font-weight: 400;\">23\/2<\/span><span style=\"font-weight: 400;\">019 du <\/span><span style=\"font-weight: 400;\">22\/<\/span><span style=\"font-weight: 400;\">08\/2019.<\/span><\/p>\n<p style=\"text-align: center;\">ISO 9001 T\u00dcV Quality Certification No. 731003087<\/p>\n<p style=\"text-align: center;\">Audit. No.43524327 from 2019-05-14 to 2022-04-28<\/p>\n[\/vc_column_text][vc_images_carousel images=\u00a0\u00bb1505,3647,3648,3649,3650&Prime; img_size=\u00a0\u00bbslide-content\u00a0\u00bb hide_pagination_control=\u00a0\u00bbyes\u00a0\u00bb][vc_column_text]\n[\/vc_column_text][\/vc_row]\n<\/section>","protected":false},"excerpt":{"rendered":"<p>[vc_row][vc_column][\/vc_column][vc_column_text] L&rsquo;H\u00f4tel. La Meilleure Tradition de l&rsquo;Hospitalit\u00e9 Italienne, dans un cadre familial et totalement accessible. Les Thermes. Le Pouvoir Th\u00e9rapeutique Naturel de nos Sources Thermales. La M\u00e9decine Sp\u00e9cialis\u00e9e. Un centre Moderne de R\u00e9\u00e9ducation et M\u00e9decine Physique dot\u00e9 des comp\u00e9tences les plus qualifi\u00e9es dans le domaine Orthop\u00e9dique, M\u00e9tabolique, Neurologique et Lymphatique. Le Premier H\u00f4tel M\u00e9dical Italien.<\/p>\n","protected":false},"author":1,"featured_media":0,"parent":0,"menu_order":28,"comment_status":"closed","ping_status":"open","template":"","meta":{"_acf_changed":false,"footnotes":""},"acf":[],"yoast_head":"<!-- This site is optimized with the Yoast SEO plugin v23.5 - https:\/\/yoast.com\/wordpress\/plugins\/seo\/ -->\n<title>Qui Sommes-Nous - ermitageterme.it<\/title>\n<meta name=\"robots\" content=\"index, follow, max-snippet:-1, max-image-preview:large, max-video-preview:-1\" \/>\n<link rel=\"canonical\" href=\"https:\/\/www.ermitageterme.it\/fr\/qui-sommes-nous\/\" \/>\n<meta property=\"og:locale\" content=\"fr_FR\" \/>\n<meta property=\"og:type\" content=\"article\" \/>\n<meta property=\"og:title\" content=\"Qui Sommes-Nous - ermitageterme.it\" \/>\n<meta property=\"og:description\" content=\"[vc_row][vc_column][\/vc_column][vc_column_text] L&rsquo;H\u00f4tel. La Meilleure Tradition de l&rsquo;Hospitalit\u00e9 Italienne, dans un cadre familial et totalement accessible. Les Thermes. Le Pouvoir Th\u00e9rapeutique Naturel de nos Sources Thermales. La M\u00e9decine Sp\u00e9cialis\u00e9e. Un centre Moderne de R\u00e9\u00e9ducation et M\u00e9decine Physique dot\u00e9 des comp\u00e9tences les plus qualifi\u00e9es dans le domaine Orthop\u00e9dique, M\u00e9tabolique, Neurologique et Lymphatique. Le Premier H\u00f4tel M\u00e9dical Italien.\" \/>\n<meta property=\"og:url\" content=\"https:\/\/www.ermitageterme.it\/fr\/qui-sommes-nous\/\" \/>\n<meta property=\"og:site_name\" content=\"ermitageterme.it\" \/>\n<meta property=\"article:modified_time\" content=\"2020-01-24T10:48:46+00:00\" \/>\n<meta name=\"twitter:card\" content=\"summary_large_image\" \/>\n<meta name=\"twitter:label1\" content=\"Dur\u00e9e de lecture estim\u00e9e\" \/>\n\t<meta name=\"twitter:data1\" content=\"2 minutes\" \/>\n<script type=\"application\/ld+json\" class=\"yoast-schema-graph\">{\"@context\":\"https:\/\/schema.org\",\"@graph\":[{\"@type\":\"WebPage\",\"@id\":\"https:\/\/www.ermitageterme.it\/fr\/qui-sommes-nous\/\",\"url\":\"https:\/\/www.ermitageterme.it\/fr\/qui-sommes-nous\/\",\"name\":\"Qui Sommes-Nous - ermitageterme.it\",\"isPartOf\":{\"@id\":\"https:\/\/www.ermitageterme.it\/fr\/#website\"},\"datePublished\":\"2015-09-15T15:30:39+00:00\",\"dateModified\":\"2020-01-24T10:48:46+00:00\",\"breadcrumb\":{\"@id\":\"https:\/\/www.ermitageterme.it\/fr\/qui-sommes-nous\/#breadcrumb\"},\"inLanguage\":\"fr-FR\",\"potentialAction\":[{\"@type\":\"ReadAction\",\"target\":[\"https:\/\/www.ermitageterme.it\/fr\/qui-sommes-nous\/\"]}]},{\"@type\":\"BreadcrumbList\",\"@id\":\"https:\/\/www.ermitageterme.it\/fr\/qui-sommes-nous\/#breadcrumb\",\"itemListElement\":[{\"@type\":\"ListItem\",\"position\":1,\"name\":\"Home\",\"item\":\"https:\/\/www.ermitageterme.it\/fr\/\"},{\"@type\":\"ListItem\",\"position\":2,\"name\":\"Qui Sommes-Nous\"}]},{\"@type\":\"WebSite\",\"@id\":\"https:\/\/www.ermitageterme.it\/fr\/#website\",\"url\":\"https:\/\/www.ermitageterme.it\/fr\/\",\"name\":\"ermitageterme.it\",\"description\":\"Ermitage Bel Air\",\"potentialAction\":[{\"@type\":\"SearchAction\",\"target\":{\"@type\":\"EntryPoint\",\"urlTemplate\":\"https:\/\/www.ermitageterme.it\/fr\/?s={search_term_string}\"},\"query-input\":{\"@type\":\"PropertyValueSpecification\",\"valueRequired\":true,\"valueName\":\"search_term_string\"}}],\"inLanguage\":\"fr-FR\"}]}<\/script>\n<!-- \/ Yoast SEO plugin. -->","yoast_head_json":{"title":"Qui Sommes-Nous - ermitageterme.it","robots":{"index":"index","follow":"follow","max-snippet":"max-snippet:-1","max-image-preview":"max-image-preview:large","max-video-preview":"max-video-preview:-1"},"canonical":"https:\/\/www.ermitageterme.it\/fr\/qui-sommes-nous\/","og_locale":"fr_FR","og_type":"article","og_title":"Qui Sommes-Nous - ermitageterme.it","og_description":"[vc_row][vc_column][\/vc_column][vc_column_text] L&rsquo;H\u00f4tel. La Meilleure Tradition de l&rsquo;Hospitalit\u00e9 Italienne, dans un cadre familial et totalement accessible. Les Thermes. Le Pouvoir Th\u00e9rapeutique Naturel de nos Sources Thermales. La M\u00e9decine Sp\u00e9cialis\u00e9e. Un centre Moderne de R\u00e9\u00e9ducation et M\u00e9decine Physique dot\u00e9 des comp\u00e9tences les plus qualifi\u00e9es dans le domaine Orthop\u00e9dique, M\u00e9tabolique, Neurologique et Lymphatique. Le Premier H\u00f4tel M\u00e9dical Italien.","og_url":"https:\/\/www.ermitageterme.it\/fr\/qui-sommes-nous\/","og_site_name":"ermitageterme.it","article_modified_time":"2020-01-24T10:48:46+00:00","twitter_card":"summary_large_image","twitter_misc":{"Dur\u00e9e de lecture estim\u00e9e":"2 minutes"},"schema":{"@context":"https:\/\/schema.org","@graph":[{"@type":"WebPage","@id":"https:\/\/www.ermitageterme.it\/fr\/qui-sommes-nous\/","url":"https:\/\/www.ermitageterme.it\/fr\/qui-sommes-nous\/","name":"Qui Sommes-Nous - ermitageterme.it","isPartOf":{"@id":"https:\/\/www.ermitageterme.it\/fr\/#website"},"datePublished":"2015-09-15T15:30:39+00:00","dateModified":"2020-01-24T10:48:46+00:00","breadcrumb":{"@id":"https:\/\/www.ermitageterme.it\/fr\/qui-sommes-nous\/#breadcrumb"},"inLanguage":"fr-FR","potentialAction":[{"@type":"ReadAction","target":["https:\/\/www.ermitageterme.it\/fr\/qui-sommes-nous\/"]}]},{"@type":"BreadcrumbList","@id":"https:\/\/www.ermitageterme.it\/fr\/qui-sommes-nous\/#breadcrumb","itemListElement":[{"@type":"ListItem","position":1,"name":"Home","item":"https:\/\/www.ermitageterme.it\/fr\/"},{"@type":"ListItem","position":2,"name":"Qui Sommes-Nous"}]},{"@type":"WebSite","@id":"https:\/\/www.ermitageterme.it\/fr\/#website","url":"https:\/\/www.ermitageterme.it\/fr\/","name":"ermitageterme.it","description":"Ermitage Bel Air","potentialAction":[{"@type":"SearchAction","target":{"@type":"EntryPoint","urlTemplate":"https:\/\/www.ermitageterme.it\/fr\/?s={search_term_string}"},"query-input":{"@type":"PropertyValueSpecification","valueRequired":true,"valueName":"search_term_string"}}],"inLanguage":"fr-FR"}]}},"_links":{"self":[{"href":"https:\/\/www.ermitageterme.it\/fr\/wp-json\/wp\/v2\/pages\/1246"}],"collection":[{"href":"https:\/\/www.ermitageterme.it\/fr\/wp-json\/wp\/v2\/pages"}],"about":[{"href":"https:\/\/www.ermitageterme.it\/fr\/wp-json\/wp\/v2\/types\/page"}],"author":[{"embeddable":true,"href":"https:\/\/www.ermitageterme.it\/fr\/wp-json\/wp\/v2\/users\/1"}],"replies":[{"embeddable":true,"href":"https:\/\/www.ermitageterme.it\/fr\/wp-json\/wp\/v2\/comments?post=1246"}],"version-history":[{"count":0,"href":"https:\/\/www.ermitageterme.it\/fr\/wp-json\/wp\/v2\/pages\/1246\/revisions"}],"wp:attachment":[{"href":"https:\/\/www.ermitageterme.it\/fr\/wp-json\/wp\/v2\/media?parent=1246"}],"curies":[{"name":"wp","href":"https:\/\/api.w.org\/{rel}","templated":true}]}}