{"id":1264,"date":"2015-07-07T15:10:03","date_gmt":"2015-07-07T13:10:03","guid":{"rendered":"\/\/www.ermitageterme.it\/accessibilite-sans-limites"},"modified":"2020-01-23T16:59:21","modified_gmt":"2020-01-23T15:59:21","slug":"accessibilite-sans-limites","status":"publish","type":"page","link":"https:\/\/www.ermitageterme.it\/fr\/services-hoteliers\/accessibilite-sans-limites\/","title":{"rendered":"Accessibilit\u00e9 sans limites"},"content":{"rendered":"<section class=\"wpb-content-wrapper\">[vc_row][vc_column][vc_column_text]\n<h3><span style=\"color: #6b2a30;\">BIEN-\u00caTRE SANS BARRI\u00c8RES<\/span><\/h3>\n<h4><span style=\"color: #6b2a30;\">L\u00e0 o\u00f9 les autres s&rsquo;arr\u00eatent, nous exprimons nos meilleures qualit\u00e9s<\/span><\/h4>\n<p>L&rsquo;accessibilit\u00e9 et le d\u00e9passement des barri\u00e8res architecturales, sont finalement en train de trouver des r\u00e9ponses dans la sensibilit\u00e9 et la conscience de tous. Ermitage Bel Air &#8211; Medical Hotel a d\u00e9cid\u00e9 d&rsquo;entreprendre son propre parcours d&rsquo;innovation par une approche originale et innovante: <\/p>\n<p><span style=\"color: #6b2a30;\"><em>l&rsquo;accessibilit\u00e9 signifie pour nous \u00e9liminer les barri\u00e8res qui s\u00e9parent les personnes des autres personnes. Pour offrir \u00e0 tous une exp\u00e9rience pleine de sant\u00e9 et bien-\u00eatre.<\/em><\/span><\/p>\n<p>L&rsquo;h\u00f4tel, le bien-\u00eatre, les thermes et nos piscines sont des lieux de cure et de socialisation consacr\u00e9s \u00e0 tous, con\u00e7us pour r\u00e9pondre de fa\u00e7on efficace aussi bien aux besoins de pr\u00e9vention de l&rsquo;h\u00f4te sans handicap qu&rsquo;aux besoins de l&rsquo;h\u00f4te porteur de handicap temporaire ou chronique. <\/p>\n<p>&nbsp;<\/p>\n<h3><span style=\"color: #800000;\">Meilleur h\u00f4tel italien du tourisme accessible<\/span><br \/>\n<span style=\"color: #800000;\">V4ALL AWARD 2017 &#8211; 2018 &#8211; 2019<\/span><br \/>\n<span style=\"color: #800000;\">Cat\u00e9gorie Mobility &#038; Senior Citizen<\/span><\/h3>\n[\/vc_column_text][vc_images_carousel images=\u00a0\u00bb1629,1631,3645,3644,1630&Prime; img_size=\u00a0\u00bbslide-content\u00a0\u00bb hide_pagination_control=\u00a0\u00bbyes\u00a0\u00bb][\/vc_column][\/vc_row]\n<\/section>","protected":false},"excerpt":{"rendered":"<p>[vc_row][vc_column][vc_column_text] BIEN-\u00caTRE SANS BARRI\u00c8RES L\u00e0 o\u00f9 les autres s&rsquo;arr\u00eatent, nous exprimons nos meilleures qualit\u00e9s L&rsquo;accessibilit\u00e9 et le d\u00e9passement des barri\u00e8res architecturales, sont finalement en train de trouver des r\u00e9ponses dans la sensibilit\u00e9 et la conscience de tous. Ermitage Bel Air &#8211; Medical Hotel a d\u00e9cid\u00e9 d&rsquo;entreprendre son propre parcours d&rsquo;innovation par une approche originale et<\/p>\n","protected":false},"author":1,"featured_media":6502,"parent":1069,"menu_order":8,"comment_status":"closed","ping_status":"closed","template":"","meta":{"_acf_changed":false,"footnotes":""},"acf":[],"yoast_head":"<!-- This site is optimized with the Yoast SEO plugin v23.5 - https:\/\/yoast.com\/wordpress\/plugins\/seo\/ -->\n<title>H\u00f4tel pour personnes \u00e0 mobilit\u00e9 r\u00e9duite Abano Terme Italie<\/title>\n<meta name=\"description\" content=\"L\u2019accessibilite\u0301 et le de\u0301passement des barrie\u0300res architecturales, trouvent lentement mais finalement des re\u0301ponses dans la sensibilite\u0301 et la conscience de tous. Dans ce secteur spe\u0301cifique e\u0301galement, Ermitage Bel Air - Medical Hotel a de\u0301cide\u0301 de suivre son propre parcours d\u2019innovation avec une approche originale et innovante.\" \/>\n<meta name=\"robots\" content=\"index, follow, max-snippet:-1, max-image-preview:large, max-video-preview:-1\" \/>\n<link rel=\"canonical\" href=\"https:\/\/www.ermitageterme.it\/fr\/services-hoteliers\/accessibilite-sans-limites\/\" \/>\n<meta property=\"og:locale\" content=\"fr_FR\" \/>\n<meta property=\"og:type\" content=\"article\" \/>\n<meta property=\"og:title\" content=\"H\u00f4tel pour personnes \u00e0 mobilit\u00e9 r\u00e9duite Abano Terme Italie\" \/>\n<meta property=\"og:description\" content=\"L\u2019accessibilite\u0301 et le de\u0301passement des barrie\u0300res architecturales, trouvent lentement mais finalement des re\u0301ponses dans la sensibilite\u0301 et la conscience de tous. Dans ce secteur spe\u0301cifique e\u0301galement, Ermitage Bel Air - Medical Hotel a de\u0301cide\u0301 de suivre son propre parcours d\u2019innovation avec une approche originale et innovante.\" \/>\n<meta property=\"og:url\" content=\"https:\/\/www.ermitageterme.it\/fr\/services-hoteliers\/accessibilite-sans-limites\/\" \/>\n<meta property=\"og:site_name\" content=\"ermitageterme.it\" \/>\n<meta property=\"article:modified_time\" content=\"2020-01-23T15:59:21+00:00\" \/>\n<meta property=\"og:image\" content=\"https:\/\/www.ermitageterme.it\/wp-content\/uploads\/2017\/02\/reha2.jpg\" \/>\n\t<meta property=\"og:image:width\" content=\"700\" \/>\n\t<meta property=\"og:image:height\" content=\"450\" \/>\n\t<meta property=\"og:image:type\" content=\"image\/jpeg\" \/>\n<meta name=\"twitter:card\" content=\"summary_large_image\" \/>\n<meta name=\"twitter:label1\" content=\"Dur\u00e9e de lecture estim\u00e9e\" \/>\n\t<meta name=\"twitter:data1\" content=\"1 minute\" \/>\n<script type=\"application\/ld+json\" class=\"yoast-schema-graph\">{\"@context\":\"https:\/\/schema.org\",\"@graph\":[{\"@type\":\"WebPage\",\"@id\":\"https:\/\/www.ermitageterme.it\/fr\/services-hoteliers\/accessibilite-sans-limites\/\",\"url\":\"https:\/\/www.ermitageterme.it\/fr\/services-hoteliers\/accessibilite-sans-limites\/\",\"name\":\"H\u00f4tel pour personnes \u00e0 mobilit\u00e9 r\u00e9duite Abano Terme Italie\",\"isPartOf\":{\"@id\":\"https:\/\/www.ermitageterme.it\/fr\/#website\"},\"primaryImageOfPage\":{\"@id\":\"https:\/\/www.ermitageterme.it\/fr\/services-hoteliers\/accessibilite-sans-limites\/#primaryimage\"},\"image\":{\"@id\":\"https:\/\/www.ermitageterme.it\/fr\/services-hoteliers\/accessibilite-sans-limites\/#primaryimage\"},\"thumbnailUrl\":\"https:\/\/www.ermitageterme.it\/wp-content\/uploads\/2017\/02\/reha2.jpg\",\"datePublished\":\"2015-07-07T13:10:03+00:00\",\"dateModified\":\"2020-01-23T15:59:21+00:00\",\"description\":\"L\u2019accessibilite\u0301 et le de\u0301passement des barrie\u0300res architecturales, trouvent lentement mais finalement des re\u0301ponses dans la sensibilite\u0301 et la conscience de tous. Dans ce secteur spe\u0301cifique e\u0301galement, Ermitage Bel Air - Medical Hotel a de\u0301cide\u0301 de suivre son propre parcours d\u2019innovation avec une approche originale et innovante.\",\"breadcrumb\":{\"@id\":\"https:\/\/www.ermitageterme.it\/fr\/services-hoteliers\/accessibilite-sans-limites\/#breadcrumb\"},\"inLanguage\":\"fr-FR\",\"potentialAction\":[{\"@type\":\"ReadAction\",\"target\":[\"https:\/\/www.ermitageterme.it\/fr\/services-hoteliers\/accessibilite-sans-limites\/\"]}]},{\"@type\":\"ImageObject\",\"inLanguage\":\"fr-FR\",\"@id\":\"https:\/\/www.ermitageterme.it\/fr\/services-hoteliers\/accessibilite-sans-limites\/#primaryimage\",\"url\":\"https:\/\/www.ermitageterme.it\/wp-content\/uploads\/2017\/02\/reha2.jpg\",\"contentUrl\":\"https:\/\/www.ermitageterme.it\/wp-content\/uploads\/2017\/02\/reha2.jpg\",\"width\":\"700\",\"height\":\"450\"},{\"@type\":\"BreadcrumbList\",\"@id\":\"https:\/\/www.ermitageterme.it\/fr\/services-hoteliers\/accessibilite-sans-limites\/#breadcrumb\",\"itemListElement\":[{\"@type\":\"ListItem\",\"position\":1,\"name\":\"Home\",\"item\":\"https:\/\/www.ermitageterme.it\/fr\/\"},{\"@type\":\"ListItem\",\"position\":2,\"name\":\"Services h\u00f4teliers\",\"item\":\"https:\/\/www.ermitageterme.it\/fr\/services-hoteliers\/\"},{\"@type\":\"ListItem\",\"position\":3,\"name\":\"Accessibilit\u00e9 sans limites\"}]},{\"@type\":\"WebSite\",\"@id\":\"https:\/\/www.ermitageterme.it\/fr\/#website\",\"url\":\"https:\/\/www.ermitageterme.it\/fr\/\",\"name\":\"ermitageterme.it\",\"description\":\"Ermitage Bel Air\",\"potentialAction\":[{\"@type\":\"SearchAction\",\"target\":{\"@type\":\"EntryPoint\",\"urlTemplate\":\"https:\/\/www.ermitageterme.it\/fr\/?s={search_term_string}\"},\"query-input\":{\"@type\":\"PropertyValueSpecification\",\"valueRequired\":true,\"valueName\":\"search_term_string\"}}],\"inLanguage\":\"fr-FR\"}]}<\/script>\n<!-- \/ Yoast SEO plugin. -->","yoast_head_json":{"title":"H\u00f4tel pour personnes \u00e0 mobilit\u00e9 r\u00e9duite Abano Terme Italie","description":"L\u2019accessibilite\u0301 et le de\u0301passement des barrie\u0300res architecturales, trouvent lentement mais finalement des re\u0301ponses dans la sensibilite\u0301 et la conscience de tous. Dans ce secteur spe\u0301cifique e\u0301galement, Ermitage Bel Air - Medical Hotel a de\u0301cide\u0301 de suivre son propre parcours d\u2019innovation avec une approche originale et innovante.","robots":{"index":"index","follow":"follow","max-snippet":"max-snippet:-1","max-image-preview":"max-image-preview:large","max-video-preview":"max-video-preview:-1"},"canonical":"https:\/\/www.ermitageterme.it\/fr\/services-hoteliers\/accessibilite-sans-limites\/","og_locale":"fr_FR","og_type":"article","og_title":"H\u00f4tel pour personnes \u00e0 mobilit\u00e9 r\u00e9duite Abano Terme Italie","og_description":"L\u2019accessibilite\u0301 et le de\u0301passement des barrie\u0300res architecturales, trouvent lentement mais finalement des re\u0301ponses dans la sensibilite\u0301 et la conscience de tous. Dans ce secteur spe\u0301cifique e\u0301galement, Ermitage Bel Air - Medical Hotel a de\u0301cide\u0301 de suivre son propre parcours d\u2019innovation avec une approche originale et innovante.","og_url":"https:\/\/www.ermitageterme.it\/fr\/services-hoteliers\/accessibilite-sans-limites\/","og_site_name":"ermitageterme.it","article_modified_time":"2020-01-23T15:59:21+00:00","og_image":[{"width":700,"height":450,"url":"https:\/\/www.ermitageterme.it\/wp-content\/uploads\/2017\/02\/reha2.jpg","type":"image\/jpeg"}],"twitter_card":"summary_large_image","twitter_misc":{"Dur\u00e9e de lecture estim\u00e9e":"1 minute"},"schema":{"@context":"https:\/\/schema.org","@graph":[{"@type":"WebPage","@id":"https:\/\/www.ermitageterme.it\/fr\/services-hoteliers\/accessibilite-sans-limites\/","url":"https:\/\/www.ermitageterme.it\/fr\/services-hoteliers\/accessibilite-sans-limites\/","name":"H\u00f4tel pour personnes \u00e0 mobilit\u00e9 r\u00e9duite Abano Terme Italie","isPartOf":{"@id":"https:\/\/www.ermitageterme.it\/fr\/#website"},"primaryImageOfPage":{"@id":"https:\/\/www.ermitageterme.it\/fr\/services-hoteliers\/accessibilite-sans-limites\/#primaryimage"},"image":{"@id":"https:\/\/www.ermitageterme.it\/fr\/services-hoteliers\/accessibilite-sans-limites\/#primaryimage"},"thumbnailUrl":"https:\/\/www.ermitageterme.it\/wp-content\/uploads\/2017\/02\/reha2.jpg","datePublished":"2015-07-07T13:10:03+00:00","dateModified":"2020-01-23T15:59:21+00:00","description":"L\u2019accessibilite\u0301 et le de\u0301passement des barrie\u0300res architecturales, trouvent lentement mais finalement des re\u0301ponses dans la sensibilite\u0301 et la conscience de tous. Dans ce secteur spe\u0301cifique e\u0301galement, Ermitage Bel Air - Medical Hotel a de\u0301cide\u0301 de suivre son propre parcours d\u2019innovation avec une approche originale et innovante.","breadcrumb":{"@id":"https:\/\/www.ermitageterme.it\/fr\/services-hoteliers\/accessibilite-sans-limites\/#breadcrumb"},"inLanguage":"fr-FR","potentialAction":[{"@type":"ReadAction","target":["https:\/\/www.ermitageterme.it\/fr\/services-hoteliers\/accessibilite-sans-limites\/"]}]},{"@type":"ImageObject","inLanguage":"fr-FR","@id":"https:\/\/www.ermitageterme.it\/fr\/services-hoteliers\/accessibilite-sans-limites\/#primaryimage","url":"https:\/\/www.ermitageterme.it\/wp-content\/uploads\/2017\/02\/reha2.jpg","contentUrl":"https:\/\/www.ermitageterme.it\/wp-content\/uploads\/2017\/02\/reha2.jpg","width":"700","height":"450"},{"@type":"BreadcrumbList","@id":"https:\/\/www.ermitageterme.it\/fr\/services-hoteliers\/accessibilite-sans-limites\/#breadcrumb","itemListElement":[{"@type":"ListItem","position":1,"name":"Home","item":"https:\/\/www.ermitageterme.it\/fr\/"},{"@type":"ListItem","position":2,"name":"Services h\u00f4teliers","item":"https:\/\/www.ermitageterme.it\/fr\/services-hoteliers\/"},{"@type":"ListItem","position":3,"name":"Accessibilit\u00e9 sans limites"}]},{"@type":"WebSite","@id":"https:\/\/www.ermitageterme.it\/fr\/#website","url":"https:\/\/www.ermitageterme.it\/fr\/","name":"ermitageterme.it","description":"Ermitage Bel Air","potentialAction":[{"@type":"SearchAction","target":{"@type":"EntryPoint","urlTemplate":"https:\/\/www.ermitageterme.it\/fr\/?s={search_term_string}"},"query-input":{"@type":"PropertyValueSpecification","valueRequired":true,"valueName":"search_term_string"}}],"inLanguage":"fr-FR"}]}},"_links":{"self":[{"href":"https:\/\/www.ermitageterme.it\/fr\/wp-json\/wp\/v2\/pages\/1264"}],"collection":[{"href":"https:\/\/www.ermitageterme.it\/fr\/wp-json\/wp\/v2\/pages"}],"about":[{"href":"https:\/\/www.ermitageterme.it\/fr\/wp-json\/wp\/v2\/types\/page"}],"author":[{"embeddable":true,"href":"https:\/\/www.ermitageterme.it\/fr\/wp-json\/wp\/v2\/users\/1"}],"replies":[{"embeddable":true,"href":"https:\/\/www.ermitageterme.it\/fr\/wp-json\/wp\/v2\/comments?post=1264"}],"version-history":[{"count":0,"href":"https:\/\/www.ermitageterme.it\/fr\/wp-json\/wp\/v2\/pages\/1264\/revisions"}],"up":[{"embeddable":true,"href":"https:\/\/www.ermitageterme.it\/fr\/wp-json\/wp\/v2\/pages\/1069"}],"wp:featuredmedia":[{"embeddable":true,"href":"https:\/\/www.ermitageterme.it\/fr\/wp-json\/wp\/v2\/media\/6502"}],"wp:attachment":[{"href":"https:\/\/www.ermitageterme.it\/fr\/wp-json\/wp\/v2\/media?parent=1264"}],"curies":[{"name":"wp","href":"https:\/\/api.w.org\/{rel}","templated":true}]}}