{"id":1266,"date":"2015-07-07T14:51:55","date_gmt":"2015-07-07T12:51:55","guid":{"rendered":"\/\/www.ermitageterme.it\/la-responsabilite-social"},"modified":"2020-01-24T12:18:16","modified_gmt":"2020-01-24T11:18:16","slug":"la-responsabilite-social","status":"publish","type":"page","link":"https:\/\/www.ermitageterme.it\/fr\/qui-sommes-nous\/la-responsabilite-social\/","title":{"rendered":"La responsabilit\u00e9 social"},"content":{"rendered":"<section class=\"wpb-content-wrapper\">[vc_row][vc_column][vc_column_text]\n<div class=\"page\" title=\"Page 18\">\n<div class=\"layoutArea\">\n<div class=\"column\">\n<h4><span style=\"color: #6b2a30;\">PROJET ELEONORA<\/span><\/h4>\n<\/div>\n<\/div>\n<\/div>\n<h4 style=\"color: #6b2a30;\"><strong>Le r\u00eave d&rsquo;Eleonora: \u00abune vie normale\u00bb<\/strong><\/h4>\n<p>Depuis la saison 2014, gr\u00e2ce \u00e0 la collaboration directe avec certains centres sanitaires et associations \u00e0 but non lucratif, Ermitage Bel Air &#8211; Medical Hotel met \u00e0 titre compl\u00e8tement gratuit une chambre de type suite avec une tr\u00e8s grande accessibilit\u00e9 \u00e0 la disposition de personnes atteintes de graves handicaps moteurs et de leurs familles.<br \/>\nLes objectifs du projet sont:<\/p>\n<ul>\n<li>Fournir aux personnes assist\u00e9es un service de haut niveau d&rsquo;assistance et de r\u00e9\u00e9ducation compl\u00e8tement gratuit<\/li>\n<li>Permettre aux familles de b\u00e9n\u00e9ficier d&rsquo;une p\u00e9riode de r\u00e9pit de la charge familiale quotidienne auxquelles elles sont soumises pendant l&rsquo;ann\u00e9e<\/li>\n<li>Permettre aux familles et aux personnes assist\u00e9es de Vivre des Vacances agr\u00e9ables ensemble!<\/li>\n<\/ul>\n<p><span style=\"color: #6b2a30;\"><strong><br \/>\nEn collaboration directe avec l&rsquo;Hospice P\u00e9diatrique de l&rsquo;H\u00f4pital de Padoue.<br \/>\nPour infos: <span style=\"color: #000000;\"><a href=\"\/\/www.ilsognodieleonora.it\" target=\"_blank\" rel=\"nofollow noopener noreferrer\">www.ilsognodieleonora.it<\/a><\/span><\/strong><\/span><br \/>\n[\/vc_column_text][vc_images_carousel images=\u00a0\u00bb3652&Prime; img_size=\u00a0\u00bbslide-content\u00a0\u00bb hide_pagination_control=\u00a0\u00bbyes\u00a0\u00bb][\/vc_column][\/vc_row]\n<\/section>","protected":false},"excerpt":{"rendered":"<p>[vc_row][vc_column][vc_column_text] PROJET ELEONORA Le r\u00eave d&rsquo;Eleonora: \u00abune vie normale\u00bb Depuis la saison 2014, gr\u00e2ce \u00e0 la collaboration directe avec certains centres sanitaires et associations \u00e0 but non lucratif, Ermitage Bel Air &#8211; Medical Hotel met \u00e0 titre compl\u00e8tement gratuit une chambre de type suite avec une tr\u00e8s grande accessibilit\u00e9 \u00e0 la disposition de personnes atteintes<\/p>\n","protected":false},"author":1,"featured_media":1642,"parent":1246,"menu_order":7,"comment_status":"closed","ping_status":"open","template":"","meta":{"_acf_changed":false,"footnotes":""},"acf":[],"yoast_head":"<!-- This site is optimized with the Yoast SEO plugin v23.5 - https:\/\/yoast.com\/wordpress\/plugins\/seo\/ -->\n<title>La responsabilit\u00e9 social<\/title>\n<meta name=\"description\" content=\"L&#039; Hotel Ermitage Bel Air dispone di ambienti senza barriere architettoniche ideale quindi per le vacanze di persone disabili all&#039;insegna di salute e benessere.\" \/>\n<meta name=\"robots\" content=\"index, follow, max-snippet:-1, max-image-preview:large, max-video-preview:-1\" \/>\n<link rel=\"canonical\" href=\"https:\/\/www.ermitageterme.it\/fr\/qui-sommes-nous\/la-responsabilite-social\/\" \/>\n<meta property=\"og:locale\" content=\"fr_FR\" \/>\n<meta property=\"og:type\" content=\"article\" \/>\n<meta property=\"og:title\" content=\"La responsabilit\u00e9 social\" \/>\n<meta property=\"og:description\" content=\"L&#039; Hotel Ermitage Bel Air dispone di ambienti senza barriere architettoniche ideale quindi per le vacanze di persone disabili all&#039;insegna di salute e benessere.\" \/>\n<meta property=\"og:url\" content=\"https:\/\/www.ermitageterme.it\/fr\/qui-sommes-nous\/la-responsabilite-social\/\" \/>\n<meta property=\"og:site_name\" content=\"ermitageterme.it\" \/>\n<meta property=\"article:modified_time\" content=\"2020-01-24T11:18:16+00:00\" \/>\n<meta property=\"og:image\" content=\"https:\/\/www.ermitageterme.it\/wp-content\/uploads\/2015\/07\/ErmitageBelAir-Campanella-8369.jpg\" \/>\n\t<meta property=\"og:image:width\" content=\"1500\" \/>\n\t<meta property=\"og:image:height\" content=\"1000\" \/>\n\t<meta property=\"og:image:type\" content=\"image\/jpeg\" \/>\n<meta name=\"twitter:card\" content=\"summary_large_image\" \/>\n<meta name=\"twitter:label1\" content=\"Dur\u00e9e de lecture estim\u00e9e\" \/>\n\t<meta name=\"twitter:data1\" content=\"1 minute\" \/>\n<script type=\"application\/ld+json\" class=\"yoast-schema-graph\">{\"@context\":\"https:\/\/schema.org\",\"@graph\":[{\"@type\":\"WebPage\",\"@id\":\"https:\/\/www.ermitageterme.it\/fr\/qui-sommes-nous\/la-responsabilite-social\/\",\"url\":\"https:\/\/www.ermitageterme.it\/fr\/qui-sommes-nous\/la-responsabilite-social\/\",\"name\":\"La responsabilit\u00e9 social\",\"isPartOf\":{\"@id\":\"https:\/\/www.ermitageterme.it\/fr\/#website\"},\"primaryImageOfPage\":{\"@id\":\"https:\/\/www.ermitageterme.it\/fr\/qui-sommes-nous\/la-responsabilite-social\/#primaryimage\"},\"image\":{\"@id\":\"https:\/\/www.ermitageterme.it\/fr\/qui-sommes-nous\/la-responsabilite-social\/#primaryimage\"},\"thumbnailUrl\":\"https:\/\/www.ermitageterme.it\/wp-content\/uploads\/2015\/07\/ErmitageBelAir-Campanella-8369.jpg\",\"datePublished\":\"2015-07-07T12:51:55+00:00\",\"dateModified\":\"2020-01-24T11:18:16+00:00\",\"description\":\"L' Hotel Ermitage Bel Air dispone di ambienti senza barriere architettoniche ideale quindi per le vacanze di persone disabili all'insegna di salute e benessere.\",\"breadcrumb\":{\"@id\":\"https:\/\/www.ermitageterme.it\/fr\/qui-sommes-nous\/la-responsabilite-social\/#breadcrumb\"},\"inLanguage\":\"fr-FR\",\"potentialAction\":[{\"@type\":\"ReadAction\",\"target\":[\"https:\/\/www.ermitageterme.it\/fr\/qui-sommes-nous\/la-responsabilite-social\/\"]}]},{\"@type\":\"ImageObject\",\"inLanguage\":\"fr-FR\",\"@id\":\"https:\/\/www.ermitageterme.it\/fr\/qui-sommes-nous\/la-responsabilite-social\/#primaryimage\",\"url\":\"https:\/\/www.ermitageterme.it\/wp-content\/uploads\/2015\/07\/ErmitageBelAir-Campanella-8369.jpg\",\"contentUrl\":\"https:\/\/www.ermitageterme.it\/wp-content\/uploads\/2015\/07\/ErmitageBelAir-Campanella-8369.jpg\",\"width\":1500,\"height\":1000,\"caption\":\"Responsabilit\u00e0 sociale 2\"},{\"@type\":\"BreadcrumbList\",\"@id\":\"https:\/\/www.ermitageterme.it\/fr\/qui-sommes-nous\/la-responsabilite-social\/#breadcrumb\",\"itemListElement\":[{\"@type\":\"ListItem\",\"position\":1,\"name\":\"Home\",\"item\":\"https:\/\/www.ermitageterme.it\/fr\/\"},{\"@type\":\"ListItem\",\"position\":2,\"name\":\"Qui Sommes-Nous\",\"item\":\"https:\/\/www.ermitageterme.it\/fr\/qui-sommes-nous\/\"},{\"@type\":\"ListItem\",\"position\":3,\"name\":\"La responsabilit\u00e9 social\"}]},{\"@type\":\"WebSite\",\"@id\":\"https:\/\/www.ermitageterme.it\/fr\/#website\",\"url\":\"https:\/\/www.ermitageterme.it\/fr\/\",\"name\":\"ermitageterme.it\",\"description\":\"Ermitage Bel Air\",\"potentialAction\":[{\"@type\":\"SearchAction\",\"target\":{\"@type\":\"EntryPoint\",\"urlTemplate\":\"https:\/\/www.ermitageterme.it\/fr\/?s={search_term_string}\"},\"query-input\":{\"@type\":\"PropertyValueSpecification\",\"valueRequired\":true,\"valueName\":\"search_term_string\"}}],\"inLanguage\":\"fr-FR\"}]}<\/script>\n<!-- \/ Yoast SEO plugin. -->","yoast_head_json":{"title":"La responsabilit\u00e9 social","description":"L' Hotel Ermitage Bel Air dispone di ambienti senza barriere architettoniche ideale quindi per le vacanze di persone disabili all'insegna di salute e benessere.","robots":{"index":"index","follow":"follow","max-snippet":"max-snippet:-1","max-image-preview":"max-image-preview:large","max-video-preview":"max-video-preview:-1"},"canonical":"https:\/\/www.ermitageterme.it\/fr\/qui-sommes-nous\/la-responsabilite-social\/","og_locale":"fr_FR","og_type":"article","og_title":"La responsabilit\u00e9 social","og_description":"L' Hotel Ermitage Bel Air dispone di ambienti senza barriere architettoniche ideale quindi per le vacanze di persone disabili all'insegna di salute e benessere.","og_url":"https:\/\/www.ermitageterme.it\/fr\/qui-sommes-nous\/la-responsabilite-social\/","og_site_name":"ermitageterme.it","article_modified_time":"2020-01-24T11:18:16+00:00","og_image":[{"width":1500,"height":1000,"url":"https:\/\/www.ermitageterme.it\/wp-content\/uploads\/2015\/07\/ErmitageBelAir-Campanella-8369.jpg","type":"image\/jpeg"}],"twitter_card":"summary_large_image","twitter_misc":{"Dur\u00e9e de lecture estim\u00e9e":"1 minute"},"schema":{"@context":"https:\/\/schema.org","@graph":[{"@type":"WebPage","@id":"https:\/\/www.ermitageterme.it\/fr\/qui-sommes-nous\/la-responsabilite-social\/","url":"https:\/\/www.ermitageterme.it\/fr\/qui-sommes-nous\/la-responsabilite-social\/","name":"La responsabilit\u00e9 social","isPartOf":{"@id":"https:\/\/www.ermitageterme.it\/fr\/#website"},"primaryImageOfPage":{"@id":"https:\/\/www.ermitageterme.it\/fr\/qui-sommes-nous\/la-responsabilite-social\/#primaryimage"},"image":{"@id":"https:\/\/www.ermitageterme.it\/fr\/qui-sommes-nous\/la-responsabilite-social\/#primaryimage"},"thumbnailUrl":"https:\/\/www.ermitageterme.it\/wp-content\/uploads\/2015\/07\/ErmitageBelAir-Campanella-8369.jpg","datePublished":"2015-07-07T12:51:55+00:00","dateModified":"2020-01-24T11:18:16+00:00","description":"L' Hotel Ermitage Bel Air dispone di ambienti senza barriere architettoniche ideale quindi per le vacanze di persone disabili all'insegna di salute e benessere.","breadcrumb":{"@id":"https:\/\/www.ermitageterme.it\/fr\/qui-sommes-nous\/la-responsabilite-social\/#breadcrumb"},"inLanguage":"fr-FR","potentialAction":[{"@type":"ReadAction","target":["https:\/\/www.ermitageterme.it\/fr\/qui-sommes-nous\/la-responsabilite-social\/"]}]},{"@type":"ImageObject","inLanguage":"fr-FR","@id":"https:\/\/www.ermitageterme.it\/fr\/qui-sommes-nous\/la-responsabilite-social\/#primaryimage","url":"https:\/\/www.ermitageterme.it\/wp-content\/uploads\/2015\/07\/ErmitageBelAir-Campanella-8369.jpg","contentUrl":"https:\/\/www.ermitageterme.it\/wp-content\/uploads\/2015\/07\/ErmitageBelAir-Campanella-8369.jpg","width":1500,"height":1000,"caption":"Responsabilit\u00e0 sociale 2"},{"@type":"BreadcrumbList","@id":"https:\/\/www.ermitageterme.it\/fr\/qui-sommes-nous\/la-responsabilite-social\/#breadcrumb","itemListElement":[{"@type":"ListItem","position":1,"name":"Home","item":"https:\/\/www.ermitageterme.it\/fr\/"},{"@type":"ListItem","position":2,"name":"Qui Sommes-Nous","item":"https:\/\/www.ermitageterme.it\/fr\/qui-sommes-nous\/"},{"@type":"ListItem","position":3,"name":"La responsabilit\u00e9 social"}]},{"@type":"WebSite","@id":"https:\/\/www.ermitageterme.it\/fr\/#website","url":"https:\/\/www.ermitageterme.it\/fr\/","name":"ermitageterme.it","description":"Ermitage Bel Air","potentialAction":[{"@type":"SearchAction","target":{"@type":"EntryPoint","urlTemplate":"https:\/\/www.ermitageterme.it\/fr\/?s={search_term_string}"},"query-input":{"@type":"PropertyValueSpecification","valueRequired":true,"valueName":"search_term_string"}}],"inLanguage":"fr-FR"}]}},"_links":{"self":[{"href":"https:\/\/www.ermitageterme.it\/fr\/wp-json\/wp\/v2\/pages\/1266"}],"collection":[{"href":"https:\/\/www.ermitageterme.it\/fr\/wp-json\/wp\/v2\/pages"}],"about":[{"href":"https:\/\/www.ermitageterme.it\/fr\/wp-json\/wp\/v2\/types\/page"}],"author":[{"embeddable":true,"href":"https:\/\/www.ermitageterme.it\/fr\/wp-json\/wp\/v2\/users\/1"}],"replies":[{"embeddable":true,"href":"https:\/\/www.ermitageterme.it\/fr\/wp-json\/wp\/v2\/comments?post=1266"}],"version-history":[{"count":0,"href":"https:\/\/www.ermitageterme.it\/fr\/wp-json\/wp\/v2\/pages\/1266\/revisions"}],"up":[{"embeddable":true,"href":"https:\/\/www.ermitageterme.it\/fr\/wp-json\/wp\/v2\/pages\/1246"}],"wp:featuredmedia":[{"embeddable":true,"href":"https:\/\/www.ermitageterme.it\/fr\/wp-json\/wp\/v2\/media\/1642"}],"wp:attachment":[{"href":"https:\/\/www.ermitageterme.it\/fr\/wp-json\/wp\/v2\/media?parent=1266"}],"curies":[{"name":"wp","href":"https:\/\/api.w.org\/{rel}","templated":true}]}}