{"id":1268,"date":"2015-07-07T14:49:37","date_gmt":"2015-07-07T12:49:37","guid":{"rendered":"\/\/www.ermitageterme.it\/la-recherche-scientifique"},"modified":"2024-05-21T10:21:16","modified_gmt":"2024-05-21T08:21:16","slug":"ricerca-scientifica","status":"publish","type":"page","link":"https:\/\/www.ermitageterme.it\/fr\/qui-sommes-nous\/la-recherche-scientifique\/","title":{"rendered":"La recherche scientifique"},"content":{"rendered":"<section class=\"wpb-content-wrapper\">[vc_row][vc_column][vc_column_text]\n<h2 style=\"text-align: left;\"><span style=\"color: #263286;\"><strong>Ermitage Medical Hotel\u00ae<\/strong><\/span><\/h2>\n<p><em>Ne vous contentez pas du Bien-\u00eatre, D\u00e9couvrez l\u2019efficacit\u00e9 de : Thermes et M\u00e9decine int\u00e9gr\u00e9e<\/em><\/p>\n<ul>\n<li><em><strong>UN S\u00c9JOUR H\u00d4TELIER <\/strong>.<br \/>\nDans la meilleure tradition de l\u2019hospitalit\u00e9 italienne<\/em><\/li>\n<li><em><strong>D\u2019AUTHENTIQUES SOURCES THERMALES <\/strong>.<br \/>\nAu pouvoir th\u00e9rapeutique naturel<\/em><\/li>\n<li><em><strong>UN CENTRE M\u00c9DICAL SP\u00c9CIALIS\u00c9 DE R\u00c9\u00c9DUCATION ET M\u00c9DECINE PHYSIQUE<\/strong>.<br \/>\nDot\u00e9 des technologies les plus avanc\u00e9es en mati\u00e8re de pr\u00e9vention et r\u00e9\u00e9ducation<\/em><\/li>\n<\/ul>\n<p><em>NDans le premier h\u00f4tel m\u00e9dical italien, partenaire des meilleures assurances europ\u00e9ennes, Thermes, Bien-\u00eatre et M\u00e9decine Sp\u00e9cialis\u00e9e sont compl\u00e8tement int\u00e9gr\u00e9es, pour promouvoir la sant\u00e9 et la vie active, de fa\u00e7on efficace et innovante, sans fronti\u00e8res et confortablement en vacances.<\/em><\/p>\n<h3><span style=\"color: #263286;\"><strong>LES S\u00c9MINAIRES DE RECHERCHE SCIENTIFIQUE 2024 d\u2019ERMITAGE MEDICAL HOTEL<\/strong><\/span><\/h3>\n<p><em>Programmes de cure et s\u00e9jour en milieu thermal consacr\u00e9s sp\u00e9cifiquement \u00e0 l\u2019am\u00e9lioration de l\u2019\u00e9quilibre physiologique et \u00e0 la r\u00e9\u00e9ducation fonctionnelle. Fournis sous contr\u00f4le m\u00e9dical sp\u00e9cialis\u00e9 et \u00e9tudi\u00e9s en collaboration avec des consultants experts de l\u2019Universit\u00e9 de Padoue, les s\u00e9minaires de recherche scientifique d\u2019Ermitage Medical Hotel sont un moment important d\u2019\u00e9ducation aux styles de vie corrects, ils garantissent aux participants une forte r\u00e9duction de co\u00fbt et des protocoles de cure efficaces bas\u00e9s exclusivement sur des crit\u00e8res de preuve scientifique<\/em><\/p>\n<p><em>Le co\u00fbt des traitements sanitaires inclus dans les programmes est d\u00e9ductible de votre d\u00e9claration des revenus. Les S\u00e9minaires incluent S\u00e9jour H\u00f4telier. Assistance M\u00e9dicale sp\u00e9cialis\u00e9e. Check-up physiologique Avant\/Apr\u00e8s. Programme personnalis\u00e9 de traitements. Tarifs r\u00e9duits pour les participants \u00e0 la recherche. Aux fins de recherche scientifique, il est demand\u00e9 d\u2019adh\u00e9rer de fa\u00e7on int\u00e9grale au protocole de cure offert.<\/em><\/p>\n<h3 style=\"text-align: center;\"><span style=\"color: #263286;\"><strong><br \/>\nS\u00c9MINAIRES RECHERCHE SCIENTIFIQUE 2024 PLACES LIMIT\u00c9ES!<\/strong><\/span><\/h3>\n<h3 style=\"text-align: center;\"><strong>3 Sessions 2024: 9 mars \u2013 8 juin \u2013 26 octobre <\/strong><\/h3>\n<h3 style=\"text-align: left;\"><span style=\"color: #263286;\"><strong><br \/>\nDESCRIPTION DU PROGRAMME<\/strong><\/span><\/h3>\n<p><em>Pour la r\u00e9duction des facteurs de risques cardiovasculaires li\u00e9s \u00e0 la s\u00e9dentarit\u00e9 et au surpoids consacr\u00e9 \u00e0 l\u2019am\u00e9lioration de la fonction m\u00e9tabolique du niveau de fitness et de la r\u00e9ponse cardio cardiopulmonaire<\/em><\/p>\n<h4><span style=\"color: #263286;\"><strong>I S\u00e9minaire: Du 8 juin au 22 juin 2024<\/strong><\/span><\/h4>\n<table>\n<tbody>\n<tr>\n<td width=\"326\"><span style=\"color: #000000;\"><strong>Programme \u00ab Dolce \u00bb 7 nuits<br \/>\n<\/strong><\/span><span style=\"color: #000000;\">Le Programme \u00ab Dolce \u00bb comprend:1535\u20ac de prestations sanitaires d\u00e9ductibles + 255\u20ac de participation s\u00e9jour en chambre suite. Sans suppl\u00e9ment pour chambre double a usage single <\/span><\/td>\n<td width=\"326\">\n<p style=\"text-align: center;\"><span style=\"color: #263286;\"><strong><span style=\"font-size: 20px;\">\u20ac 1790<\/span> <span style=\"font-size: 18px;\">au lieu de \u20ac 2535<\/span>*<\/strong><\/span><\/p>\n<\/td>\n<\/tr>\n<\/tbody>\n<\/table>\n<p><span style=\"color: #263286;\"><strong>Possibilit\u00e9 de prolonger le s\u00e9jour pour obtenir des r\u00e9sultats plus ambitieux:<\/strong><\/span><\/p>\n<table>\n<tbody>\n<tr>\n<td width=\"326\"><span style=\"color: #000000;\"><strong>Programme \u00ab Intenso \u00bb 14 nuits<br \/>\n<\/strong>Le Programme \u00ab Intenso \u00bb comprend:2530\u20ac de prestations sanitaires d\u00e9ductibles + 510\u20ac de participation s\u00e9jour en chambre suite. Sans suppl\u00e9ment pour chambre double a usage single <\/span><\/td>\n<td width=\"326\">\n<p style=\"text-align: center;\"><span style=\"color: #263286;\"><strong><span style=\"font-size: 20px;\">\u20ac 3040<\/span> <span style=\"font-size: 18px;\">au lieu de \u20ac 4600<\/span>*<\/strong><\/span><\/p>\n<\/td>\n<\/tr>\n<\/tbody>\n<\/table>\n<p><em>*List de Prix 2024<\/em><\/p>\n<p style=\"text-align: center;\"><a href=\"https:\/\/www.ermitageterme.it\/wp-content\/uploads\/2024\/01\/LES-SEMINAIRES-DE-RECHERCHE-SCIENTIFIQUE-2024-1.pdf\">Download the programme<\/a><\/p>\n<h4 style=\"text-align: left;\"><span style=\"color: #263286;\"><strong>OBJECTIF: PROMOUVOIR LA SANTE PAR DE NOUVEAUX STYLES DE VIE POUR:<\/strong><\/span><\/h4>\n<ul>\n<li><strong>R\u00e9duire<\/strong>: Surpoids, Masse graisseuse, Risque cardiovasculaire. \u00c2ge biologique.<\/li>\n<li><strong>Augmenter<\/strong>: Masse maigre, Force musculaire, Capacit\u00e9 a\u00e9robie<\/li>\n<li><strong>Am\u00e9liorer<\/strong>: R\u00e9ponse cardiopulmonaire et D\u00e9fenses Immunitaires<\/li>\n<\/ul>\n<p>Au cours de ces dix derni\u00e8res ann\u00e9es <strong>Plus de 2 000 personnes trait\u00e9es selon des crit\u00e8res de preuve scientifique<\/strong>, , r\u00e9sultats durables et mesurables d\u00e8s la premi\u00e8re semaine!<\/p>\n<h4 style=\"text-align: left;\"><span style=\"color: #263286;\"><strong>D\u00c9TAILS DE L\u2019OFFRE<\/strong><\/span><\/h4>\n<ul>\n<li><strong><em>LA CONSULTATION DIRECTE DES CHERCHEURS DE L\u2019UNIVERSIT\u00c9 DE PADOUE. <\/em><\/strong><\/li>\n<\/ul>\n[\/vc_column_text][\/vc_column][\/vc_row][vc_row][vc_column width=\u00a0\u00bb1\/2&Prime;][vc_single_image image=\u00a0\u00bb7916&Prime; img_size=\u00a0\u00bbfull\u00a0\u00bb alignment=\u00a0\u00bbcenter\u00a0\u00bb][vc_column_text]\n<p style=\"text-align: center;\">Prof. Fulvio Ursini,<br \/>\nBiochimica e Nutrizione<br \/>\nUniversit\u00e0 di Padova<\/p>\n[\/vc_column_text][\/vc_column][vc_column width=\u00a0\u00bb1\/2&Prime;][vc_single_image image=\u00a0\u00bb7917&Prime; img_size=\u00a0\u00bbfull\u00a0\u00bb alignment=\u00a0\u00bbcenter\u00a0\u00bb][vc_column_text]\n<p style=\"text-align: center;\">Prof. Domenico Corrado<br \/>\nCardiologo e Medico sportivo<br \/>\nUniversit\u00e0 di Padova<\/p>\n[\/vc_column_text][\/vc_column][\/vc_row][vc_row][vc_column][vc_column_text]\n<ul>\n<li><strong><em>L\u2019EFFICACIT\u00c9 D\u2019UN PROTOCOLE VALID\u00c9 DU POINT DE VUE SCIENTIFIQUE QUI VOUS SOIGNE ET VOUS \u00c9DUQUE \u00c0 UN NOUVEAU STYLE DE VIE CONFORTABLEMENT EN VACANCES<\/em><\/strong><\/li>\n<li><strong><em>UN PROGRAMME RENOUVEL\u00c9 QUI, EN PLUS DU PROGRAMME R\u00c9GIME THERMES ET FITNESS PERSONNALIS\u00c9 COMPREND CHECK-UP PHYSIOLOGIQUE ET CARDIOVASCULAIRE ECG AU REPOS ET CYCLE DE MASSOTHERAPIE LYMPHATIQUE.<\/em><\/strong><\/li>\n<\/ul>\n<h3><span style=\"color: #263286;\"><strong><br \/>\nPERSONNES QUE NE POUVENT PAS PARTECIPER AU PROGRAMME SONT:<\/strong><\/span><\/h3>\n<h4><span style=\"color: #263286;\"><strong>DES SUJETS AVEC:<\/strong><\/span><\/h4>\n<ul>\n<li>DES L\u00c9SIONS CUTAN\u00c9ES DE TOUTE ORIGINE OU NATURE<\/li>\n<\/ul>\n<ul>\n<li>INSTABILIT\u00c9 CARDIOVASCULAIRE ET\/OU CARDIOPULMONAIRE<\/li>\n<\/ul>\n<h4><span style=\"color: #263286;\"><strong>OU QUI SONT TRAIT\u00c9S POUR:<\/strong><\/span><\/h4>\n<ul>\n<li>MALADIES ONCOLOGIQUES ET CARDIO-PULMONAIRES<\/li>\n<\/ul>\n<h4><span style=\"color: #263286;\"><strong>OU QUI:<\/strong><\/span><\/h4>\n<ul>\n<li>N&rsquo;ONT PAS UN \u00c9TAT DE SANT\u00c9 COMPATIBLE AVEC UN EXERCICE PHYSIQUE MOD\u00c9R\u00c9 ET NON COMP\u00c9TITIF!<\/li>\n<\/ul>\n<p>&nbsp;<\/p>\n<h3 style=\"text-align: left;\"><span style=\"color: #263286;\"><strong>AMAIGRISSEMENT ET PR\u00c9VENTION CARDIOVASCULAIRE:<\/strong><br \/>\n<\/span><\/h3>\n<p style=\"text-align: center;\"><span style=\"color: #263286;\">\u201cStrat\u00e9gies et styles de vie, pour un amaigrissement sain, pr\u00e9vention des maladies cardiovasculaires et r\u00e9cup\u00e9ration de la forme physique compl\u00e8te \u201d.<\/span><\/p>\n<h4><span style=\"color: #263286;\"><strong>Services Inclus et Conditions pour les Participants au programme de recherche 2024: <\/strong><\/span><\/h4>\n<ul>\n<li><strong>S\u00e9jour de 7 ou 14 nuits en pension compl\u00e8te<\/strong>, chambre type Suite, libre acc\u00e8s aux piscines thermales et au circuit cardio fitness, KIT SPA (peignoir de bain, pantoufles et drap de bain pour la piscine).<\/li>\n<li><strong>Programme de cure Individuel<\/strong>, sous la supervision des sp\u00e9cialistes en m\u00e9decine thermale r\u00e9\u00e9ducation et m\u00e9decine physique d\u2019Ermitage Medical Hotel, pour favoriser un amaigrissement \u00e9quilibr\u00e9 et une am\u00e9lioration objective des principaux param\u00e8tres physiologiques.<em>Check-up physiologique. R\u00e9gime calorique individuel et menu optimis\u00e9 selon les lignes directrices les plus r\u00e9centes en mati\u00e8re d\u2019alimentation correcte et pr\u00e9vention des maladies cardiovasculaires. Programme cardio fitness personnalis\u00e9 avec coach particulier 5 ou 10 s\u00e9ances. Cycle complet de 5 ou 10 cures thermales (applications de boue, bains thermaux \u00e0 l\u2019ozone, massages de r\u00e9action). Cycle de 3 ou 6 s\u00e9ances de 30 minutes de massage manuel drainant lymphatique avec un op\u00e9rateur Vodder Original Method. Visite m\u00e9dicale finale avec \u00e9valuation des r\u00e9sultats.<\/em><\/li>\n<li><strong>Check-up physiologique et cardiologique Avant\/Apr\u00e8s<\/strong> avec des informations pr\u00e9cises et imm\u00e9diates sur les r\u00e9sultats obtenus:<br \/>\n&#8211; Mesures Anthropom\u00e9triques,<br \/>\n&#8211; Examens du sang,<br \/>\n&#8211; Mesure directe du M\u00e9tabolisme Basal,<br \/>\n&#8211; Mesure de la Capacit\u00e9 A\u00e9robie et de la Composition Corporelle<br \/>\n&#8211; \u00c9lectrocardiogramme au repos r\u00e9sultat<\/li>\n<\/ul>\n<h4><span style=\"color: #263286;\"><strong>Services sanitaires compl\u00e9mentaires payants disponibles sur r\u00e9servation: <\/strong><\/span><\/h4>\n<ul>\n<li>Consultation Cardiologique avec ECO Cardiographie.<\/li>\n<li>Consultation Pneumologique avec \u00e9valuation de la physiologie de la respiration.<\/li>\n<li>Training Autog\u00e8ne et\/ou support psychologique (s\u00e9ances individuelles).<\/li>\n<\/ul>\n<p>&nbsp;<\/p>\n<h4><strong>INFORMATIONS IMPORTANTES<br \/>\nCONDITIONS POUR POUVOIR PARTICIPER:<\/strong><\/h4>\n<p><span style=\"color: #263286;\"><strong>N.B. 1<\/strong><\/span> Nombre maximum de participants par S\u00e9minaire: 20 Personnes. En cas de demandes plus nombreuses, la priorit\u00e9 sera donn\u00e9e aux nouveaux sujets participants et \u00e0 ceux qui r\u00e9servent le programme \u00ab Intenso \u00bb de 14 jours.<\/p>\n<p><span style=\"color: #263286;\"><strong>N.B. 2<\/strong><\/span> IL FAUT: A) <span style=\"text-decoration: underline;\"><strong>Un \u00e9tat de sant\u00e9 compatible avec un exercice physique mod\u00e9r\u00e9 (NON COMP\u00c9TITIF) attest\u00e9 par un certificat de votre m\u00e9decin traitant pour l\u2019aptitude \u00e0 une activit\u00e9 ludique de type a\u00e9robie en salle.<\/strong><\/span> B)L\u2019enti\u00e8re disponibilit\u00e9 \u00e0 adh\u00e9rer rigoureusement aux indications th\u00e9rapeutiques et alimentaires pr\u00e9vues par le programme (\u00e0 l\u2019exception seulement d\u2019\u00e9ventuelles intol\u00e9rances et\/ou allergies alimentaires) afin de ne pas compromettre les r\u00e9sultats de la recherche. C) Se rappeler d\u2019emporter une tenue adapt\u00e9e \u00e0 l\u2019activit\u00e9 physique en salle et \u00e0 la piscine.<\/p>\n<p><span style=\"color: #263286;\"><strong>N.B. 3<\/strong><\/span> Nous rappelons \u00e0 tous nos h\u00f4tes potentiels qu\u2019il est possible de b\u00e9n\u00e9ficier des m\u00eames programmes d\u00e9crits, mais au plein tarif des prix, \u00e0 toutes les p\u00e9riodes de l\u2019ann\u00e9e. Il est possible de r\u00e9duire le co\u00fbt pour les h\u00f4tes seulement \u00e0 l\u2019occasion des s\u00e9minaires ayant pour but la recherche et aux dates indiqu\u00e9es. Pendant le s\u00e9minaire, pour ne pas compromettre les activit\u00e9s de recherche, il est demand\u00e9 aux participants leur enti\u00e8re disponibilit\u00e9 \u00e0 adh\u00e9rer aux indications du protocole d\u00e9crit, aux \u00e9ventuelles indications m\u00e9dicales d\u00e9rivant de la visite d\u2019admission ainsi que l\u2019adh\u00e9sion au programme nutritionnel d\u00e9fini.<\/p>\n<p><span style=\"color: #263286;\"><strong>N.B. 4<\/strong><\/span> Les personnes voulant suivre les programmes d\u00e9crits sans adh\u00e9rer aux indications alimentaires pr\u00e9vues par la recherche sont pri\u00e9es de contacter l\u2019h\u00f4tel pendant la saison pour r\u00e9server leur s\u00e9jour en h\u00f4te priv\u00e9 et individuel en dehors des dates consacr\u00e9es \u00e0 la recherche<\/p>\n<p><span style=\"color: #263286;\"><strong>N.B. 5<\/strong><\/span> Les tarifs indiqu\u00e9s excluent: les \u00e9ventuelles consommations bar restaurant et les \u00e9ventuels traitements ajout\u00e9s par l\u2019h\u00f4te et non mentionn\u00e9s dans le protocole.<\/p>\n<p>&nbsp;<\/p>\n<p><span style=\"color: #263286;\"><strong>Prochains s\u00e9minaires pendant la Saison 2024:<\/strong><\/span><\/p>\n<p><strong><em>III S\u00e9minaire: dal 26 octobre au 9 novembre<br \/>\n<\/em><\/strong><\/p>\n<p>&nbsp;<\/p>\n<p style=\"text-align: center;\"><a class=\"vc_gitem-link vc_general vc_btn3 vc_btn3-size-md vc_btn3-shape-rounded vc_btn3-style-flat vc_btn3-color-juicy-pink\" href=\"https:\/\/www.ermitageterme.it\/fr\/demande-de-disponibilite\/\" target=\"_blank\" rel=\"noopener noreferrer\">INFOS ET R\u00c9SERVATIONS<\/a><\/p>\n[\/vc_column_text][\/vc_column][\/vc_row]\n<\/section>","protected":false},"excerpt":{"rendered":"<p>[vc_row][vc_column][vc_column_text] Ermitage Medical Hotel\u00ae Ne vous contentez pas du Bien-\u00eatre, D\u00e9couvrez l\u2019efficacit\u00e9 de : Thermes et M\u00e9decine int\u00e9gr\u00e9e UN S\u00c9JOUR H\u00d4TELIER . Dans la meilleure tradition de l\u2019hospitalit\u00e9 italienne D\u2019AUTHENTIQUES SOURCES THERMALES . Au pouvoir th\u00e9rapeutique naturel UN CENTRE M\u00c9DICAL SP\u00c9CIALIS\u00c9 DE R\u00c9\u00c9DUCATION ET M\u00c9DECINE PHYSIQUE. Dot\u00e9 des technologies les plus avanc\u00e9es en mati\u00e8re de<\/p>\n","protected":false},"author":1,"featured_media":40945,"parent":1246,"menu_order":6,"comment_status":"closed","ping_status":"closed","template":"","meta":{"_acf_changed":false,"footnotes":""},"acf":[],"yoast_head":"<!-- This site is optimized with the Yoast SEO plugin v23.5 - https:\/\/yoast.com\/wordpress\/plugins\/seo\/ -->\n<title>Terme e Ricerca Scientifica - Hotel 4 Stelle Ermitage Bel Air<\/title>\n<meta name=\"description\" content=\"Hotel Ermitage Bel Air in collaborazione con L&#039;universit\u00e0 di Milano sta sviluppando una ricerca scientifica per dimostrate i benefici psicofisici delle Terme.\" \/>\n<meta name=\"robots\" content=\"index, follow, max-snippet:-1, max-image-preview:large, max-video-preview:-1\" \/>\n<link rel=\"canonical\" href=\"https:\/\/www.ermitageterme.it\/fr\/qui-sommes-nous\/la-recherche-scientifique\/\" \/>\n<meta property=\"og:locale\" content=\"fr_FR\" \/>\n<meta property=\"og:type\" content=\"article\" \/>\n<meta property=\"og:title\" content=\"Terme e Ricerca Scientifica - Hotel 4 Stelle Ermitage Bel Air\" \/>\n<meta property=\"og:description\" content=\"Hotel Ermitage Bel Air in collaborazione con L&#039;universit\u00e0 di Milano sta sviluppando una ricerca scientifica per dimostrate i benefici psicofisici delle Terme.\" \/>\n<meta property=\"og:url\" content=\"https:\/\/www.ermitageterme.it\/fr\/qui-sommes-nous\/la-recherche-scientifique\/\" \/>\n<meta property=\"og:site_name\" content=\"ermitageterme.it\" \/>\n<meta property=\"article:modified_time\" content=\"2024-05-21T08:21:16+00:00\" \/>\n<meta property=\"og:image\" content=\"https:\/\/www.ermitageterme.it\/wp-content\/uploads\/2022\/11\/APERTURA-1-1-1-1-1-1-1-1-1-1-1-2-1-1-1-1-1-1-1-1-1-1-1-1-1-1-1-1-1-1-1-1-1-1-1-1.jpg\" \/>\n\t<meta property=\"og:image:width\" content=\"1900\" \/>\n\t<meta property=\"og:image:height\" content=\"1266\" \/>\n\t<meta property=\"og:image:type\" content=\"image\/jpeg\" \/>\n<meta name=\"twitter:card\" content=\"summary_large_image\" \/>\n<meta name=\"twitter:label1\" content=\"Dur\u00e9e de lecture estim\u00e9e\" \/>\n\t<meta name=\"twitter:data1\" content=\"7 minutes\" \/>\n<script type=\"application\/ld+json\" class=\"yoast-schema-graph\">{\"@context\":\"https:\/\/schema.org\",\"@graph\":[{\"@type\":\"WebPage\",\"@id\":\"https:\/\/www.ermitageterme.it\/fr\/qui-sommes-nous\/la-recherche-scientifique\/\",\"url\":\"https:\/\/www.ermitageterme.it\/fr\/qui-sommes-nous\/la-recherche-scientifique\/\",\"name\":\"Terme e Ricerca Scientifica - Hotel 4 Stelle Ermitage Bel Air\",\"isPartOf\":{\"@id\":\"https:\/\/www.ermitageterme.it\/fr\/#website\"},\"primaryImageOfPage\":{\"@id\":\"https:\/\/www.ermitageterme.it\/fr\/qui-sommes-nous\/la-recherche-scientifique\/#primaryimage\"},\"image\":{\"@id\":\"https:\/\/www.ermitageterme.it\/fr\/qui-sommes-nous\/la-recherche-scientifique\/#primaryimage\"},\"thumbnailUrl\":\"https:\/\/www.ermitageterme.it\/wp-content\/uploads\/2022\/11\/APERTURA-1-1-1-1-1-1-1-1-1-1-1-2-1-1-1-1-1-1-1-1-1-1-1-1-1-1-1-1-1-1-1-1-1-1-1-1.jpg\",\"datePublished\":\"2015-07-07T12:49:37+00:00\",\"dateModified\":\"2024-05-21T08:21:16+00:00\",\"description\":\"Hotel Ermitage Bel Air in collaborazione con L'universit\u00e0 di Milano sta sviluppando una ricerca scientifica per dimostrate i benefici psicofisici delle Terme.\",\"breadcrumb\":{\"@id\":\"https:\/\/www.ermitageterme.it\/fr\/qui-sommes-nous\/la-recherche-scientifique\/#breadcrumb\"},\"inLanguage\":\"fr-FR\",\"potentialAction\":[{\"@type\":\"ReadAction\",\"target\":[\"https:\/\/www.ermitageterme.it\/fr\/qui-sommes-nous\/la-recherche-scientifique\/\"]}]},{\"@type\":\"ImageObject\",\"inLanguage\":\"fr-FR\",\"@id\":\"https:\/\/www.ermitageterme.it\/fr\/qui-sommes-nous\/la-recherche-scientifique\/#primaryimage\",\"url\":\"https:\/\/www.ermitageterme.it\/wp-content\/uploads\/2022\/11\/APERTURA-1-1-1-1-1-1-1-1-1-1-1-2-1-1-1-1-1-1-1-1-1-1-1-1-1-1-1-1-1-1-1-1-1-1-1-1.jpg\",\"contentUrl\":\"https:\/\/www.ermitageterme.it\/wp-content\/uploads\/2022\/11\/APERTURA-1-1-1-1-1-1-1-1-1-1-1-2-1-1-1-1-1-1-1-1-1-1-1-1-1-1-1-1-1-1-1-1-1-1-1-1.jpg\",\"width\":1900,\"height\":1266},{\"@type\":\"BreadcrumbList\",\"@id\":\"https:\/\/www.ermitageterme.it\/fr\/qui-sommes-nous\/la-recherche-scientifique\/#breadcrumb\",\"itemListElement\":[{\"@type\":\"ListItem\",\"position\":1,\"name\":\"Home\",\"item\":\"https:\/\/www.ermitageterme.it\/fr\/\"},{\"@type\":\"ListItem\",\"position\":2,\"name\":\"Qui Sommes-Nous\",\"item\":\"https:\/\/www.ermitageterme.it\/fr\/qui-sommes-nous\/\"},{\"@type\":\"ListItem\",\"position\":3,\"name\":\"La recherche scientifique\"}]},{\"@type\":\"WebSite\",\"@id\":\"https:\/\/www.ermitageterme.it\/fr\/#website\",\"url\":\"https:\/\/www.ermitageterme.it\/fr\/\",\"name\":\"ermitageterme.it\",\"description\":\"Ermitage Bel Air\",\"potentialAction\":[{\"@type\":\"SearchAction\",\"target\":{\"@type\":\"EntryPoint\",\"urlTemplate\":\"https:\/\/www.ermitageterme.it\/fr\/?s={search_term_string}\"},\"query-input\":{\"@type\":\"PropertyValueSpecification\",\"valueRequired\":true,\"valueName\":\"search_term_string\"}}],\"inLanguage\":\"fr-FR\"}]}<\/script>\n<!-- \/ Yoast SEO plugin. -->","yoast_head_json":{"title":"Terme e Ricerca Scientifica - Hotel 4 Stelle Ermitage Bel Air","description":"Hotel Ermitage Bel Air in collaborazione con L'universit\u00e0 di Milano sta sviluppando una ricerca scientifica per dimostrate i benefici psicofisici delle Terme.","robots":{"index":"index","follow":"follow","max-snippet":"max-snippet:-1","max-image-preview":"max-image-preview:large","max-video-preview":"max-video-preview:-1"},"canonical":"https:\/\/www.ermitageterme.it\/fr\/qui-sommes-nous\/la-recherche-scientifique\/","og_locale":"fr_FR","og_type":"article","og_title":"Terme e Ricerca Scientifica - Hotel 4 Stelle Ermitage Bel Air","og_description":"Hotel Ermitage Bel Air in collaborazione con L'universit\u00e0 di Milano sta sviluppando una ricerca scientifica per dimostrate i benefici psicofisici delle Terme.","og_url":"https:\/\/www.ermitageterme.it\/fr\/qui-sommes-nous\/la-recherche-scientifique\/","og_site_name":"ermitageterme.it","article_modified_time":"2024-05-21T08:21:16+00:00","og_image":[{"width":1900,"height":1266,"url":"https:\/\/www.ermitageterme.it\/wp-content\/uploads\/2022\/11\/APERTURA-1-1-1-1-1-1-1-1-1-1-1-2-1-1-1-1-1-1-1-1-1-1-1-1-1-1-1-1-1-1-1-1-1-1-1-1.jpg","type":"image\/jpeg"}],"twitter_card":"summary_large_image","twitter_misc":{"Dur\u00e9e de lecture estim\u00e9e":"7 minutes"},"schema":{"@context":"https:\/\/schema.org","@graph":[{"@type":"WebPage","@id":"https:\/\/www.ermitageterme.it\/fr\/qui-sommes-nous\/la-recherche-scientifique\/","url":"https:\/\/www.ermitageterme.it\/fr\/qui-sommes-nous\/la-recherche-scientifique\/","name":"Terme e Ricerca Scientifica - Hotel 4 Stelle Ermitage Bel Air","isPartOf":{"@id":"https:\/\/www.ermitageterme.it\/fr\/#website"},"primaryImageOfPage":{"@id":"https:\/\/www.ermitageterme.it\/fr\/qui-sommes-nous\/la-recherche-scientifique\/#primaryimage"},"image":{"@id":"https:\/\/www.ermitageterme.it\/fr\/qui-sommes-nous\/la-recherche-scientifique\/#primaryimage"},"thumbnailUrl":"https:\/\/www.ermitageterme.it\/wp-content\/uploads\/2022\/11\/APERTURA-1-1-1-1-1-1-1-1-1-1-1-2-1-1-1-1-1-1-1-1-1-1-1-1-1-1-1-1-1-1-1-1-1-1-1-1.jpg","datePublished":"2015-07-07T12:49:37+00:00","dateModified":"2024-05-21T08:21:16+00:00","description":"Hotel Ermitage Bel Air in collaborazione con L'universit\u00e0 di Milano sta sviluppando una ricerca scientifica per dimostrate i benefici psicofisici delle Terme.","breadcrumb":{"@id":"https:\/\/www.ermitageterme.it\/fr\/qui-sommes-nous\/la-recherche-scientifique\/#breadcrumb"},"inLanguage":"fr-FR","potentialAction":[{"@type":"ReadAction","target":["https:\/\/www.ermitageterme.it\/fr\/qui-sommes-nous\/la-recherche-scientifique\/"]}]},{"@type":"ImageObject","inLanguage":"fr-FR","@id":"https:\/\/www.ermitageterme.it\/fr\/qui-sommes-nous\/la-recherche-scientifique\/#primaryimage","url":"https:\/\/www.ermitageterme.it\/wp-content\/uploads\/2022\/11\/APERTURA-1-1-1-1-1-1-1-1-1-1-1-2-1-1-1-1-1-1-1-1-1-1-1-1-1-1-1-1-1-1-1-1-1-1-1-1.jpg","contentUrl":"https:\/\/www.ermitageterme.it\/wp-content\/uploads\/2022\/11\/APERTURA-1-1-1-1-1-1-1-1-1-1-1-2-1-1-1-1-1-1-1-1-1-1-1-1-1-1-1-1-1-1-1-1-1-1-1-1.jpg","width":1900,"height":1266},{"@type":"BreadcrumbList","@id":"https:\/\/www.ermitageterme.it\/fr\/qui-sommes-nous\/la-recherche-scientifique\/#breadcrumb","itemListElement":[{"@type":"ListItem","position":1,"name":"Home","item":"https:\/\/www.ermitageterme.it\/fr\/"},{"@type":"ListItem","position":2,"name":"Qui Sommes-Nous","item":"https:\/\/www.ermitageterme.it\/fr\/qui-sommes-nous\/"},{"@type":"ListItem","position":3,"name":"La recherche scientifique"}]},{"@type":"WebSite","@id":"https:\/\/www.ermitageterme.it\/fr\/#website","url":"https:\/\/www.ermitageterme.it\/fr\/","name":"ermitageterme.it","description":"Ermitage Bel Air","potentialAction":[{"@type":"SearchAction","target":{"@type":"EntryPoint","urlTemplate":"https:\/\/www.ermitageterme.it\/fr\/?s={search_term_string}"},"query-input":{"@type":"PropertyValueSpecification","valueRequired":true,"valueName":"search_term_string"}}],"inLanguage":"fr-FR"}]}},"_links":{"self":[{"href":"https:\/\/www.ermitageterme.it\/fr\/wp-json\/wp\/v2\/pages\/1268"}],"collection":[{"href":"https:\/\/www.ermitageterme.it\/fr\/wp-json\/wp\/v2\/pages"}],"about":[{"href":"https:\/\/www.ermitageterme.it\/fr\/wp-json\/wp\/v2\/types\/page"}],"author":[{"embeddable":true,"href":"https:\/\/www.ermitageterme.it\/fr\/wp-json\/wp\/v2\/users\/1"}],"replies":[{"embeddable":true,"href":"https:\/\/www.ermitageterme.it\/fr\/wp-json\/wp\/v2\/comments?post=1268"}],"version-history":[{"count":10,"href":"https:\/\/www.ermitageterme.it\/fr\/wp-json\/wp\/v2\/pages\/1268\/revisions"}],"predecessor-version":[{"id":47215,"href":"https:\/\/www.ermitageterme.it\/fr\/wp-json\/wp\/v2\/pages\/1268\/revisions\/47215"}],"up":[{"embeddable":true,"href":"https:\/\/www.ermitageterme.it\/fr\/wp-json\/wp\/v2\/pages\/1246"}],"wp:featuredmedia":[{"embeddable":true,"href":"https:\/\/www.ermitageterme.it\/fr\/wp-json\/wp\/v2\/media\/40945"}],"wp:attachment":[{"href":"https:\/\/www.ermitageterme.it\/fr\/wp-json\/wp\/v2\/media?parent=1268"}],"curies":[{"name":"wp","href":"https:\/\/api.w.org\/{rel}","templated":true}]}}