{"id":1288,"date":"2015-06-16T15:03:19","date_gmt":"2015-06-16T13:03:19","guid":{"rendered":"\/\/www.ermitageterme.it\/video"},"modified":"2020-07-21T09:49:26","modified_gmt":"2020-07-21T07:49:26","slug":"video","status":"publish","type":"page","link":"https:\/\/www.ermitageterme.it\/fr\/galerie-et-telechargement\/video\/","title":{"rendered":"Vid\u00e9o"},"content":{"rendered":"<section class=\"wpb-content-wrapper\">[vc_row el_id=\u00a0\u00bbvideo-quadrato\u00a0\u00bb][vc_column][vc_column_text]\n<h4 class=\"m_title\" style=\"text-align: center;\">Le s\u00e9curit\u00e9 sans renoncer<\/h4>\n<div class=\"videoWrapper\"><iframe loading=\"lazy\" src=\"https:\/\/player.vimeo.com\/video\/440240629\" width=\"100%\" height=\"100%\" frameborder=\"0\" allowfullscreen=\"allowfullscreen\"><\/iframe><\/div>\n[\/vc_column_text][\/vc_column][\/vc_row]\n[vc_row][vc_column][vc_column_text]\n<div class=\"videoWrapper\"><iframe loading=\"lazy\" src=\"https:\/\/player.vimeo.com\/video\/390933967\" width=\"100%\" height=\"300\" frameborder=\"0\" allowfullscreen=\"allowfullscreen\"><\/iframe><\/div>\n[\/vc_column_text][\/vc_column][\/vc_row][vc_row full_width=\u00a0\u00bbstretch_row_content\u00a0\u00bb content_placement=\u00a0\u00bbmiddle\u00a0\u00bb][vc_column width=\u00a0\u00bb1\/2&Prime;][vc_column_text]\n<h4 class=\"m_title\" style=\"text-align: center;\">Thermae<\/h4>\n<div class=\"videoWrapper\"><iframe loading=\"lazy\" src=\"https:\/\/player.vimeo.com\/video\/390930851\" width=\"100%\" height=\"300\" frameborder=\"0\" allowfullscreen=\"allowfullscreen\"><\/iframe><\/div>\n[\/vc_column_text][vc_column_text]\n<h4 class=\"m_title\" style=\"text-align: center;\">Fisio<\/h4>\n<div class=\"videoWrapper\"><iframe loading=\"lazy\" src=\"https:\/\/player.vimeo.com\/video\/390928035\" width=\"100%\" height=\"300\" frameborder=\"0\" allowfullscreen=\"allowfullscreen\"><\/iframe><\/div>\n[\/vc_column_text][\/vc_column][vc_column width=\u00a0\u00bb1\/2&Prime;][vc_column_text]\n<h4 class=\"m_title\" style=\"text-align: center;\">Sport &#038; fitness<\/h4>\n<div class=\"videoWrapper\"><iframe loading=\"lazy\" src=\"https:\/\/player.vimeo.com\/video\/390927423\" width=\"100%\" height=\"300\" frameborder=\"0\" allowfullscreen=\"allowfullscreen\"><\/iframe><\/div>\n[\/vc_column_text][vc_column_text]\n<h4 class=\"m_title\" style=\"text-align: center;\">Wellness<\/h4>\n<div class=\"videoWrapper\"><iframe loading=\"lazy\" src=\"https:\/\/player.vimeo.com\/video\/390930435\" width=\"100%\" height=\"300\" frameborder=\"0\" allowfullscreen=\"allowfullscreen\"><\/iframe><\/div>\n[\/vc_column_text][\/vc_column][\/vc_row]\n<\/section>","protected":false},"excerpt":{"rendered":"<p>[vc_row el_id=\u00a0\u00bbvideo-quadrato\u00a0\u00bb][vc_column][vc_column_text] Le s\u00e9curit\u00e9 sans renoncer [\/vc_column_text][\/vc_column][\/vc_row] [vc_row][vc_column][vc_column_text] [\/vc_column_text][\/vc_column][\/vc_row][vc_row full_width=\u00a0\u00bbstretch_row_content\u00a0\u00bb content_placement=\u00a0\u00bbmiddle\u00a0\u00bb][vc_column width=\u00a0\u00bb1\/2&Prime;][vc_column_text] Thermae [\/vc_column_text][vc_column_text] Fisio [\/vc_column_text][\/vc_column][vc_column width=\u00a0\u00bb1\/2&Prime;][vc_column_text] Sport &#038; fitness [\/vc_column_text][vc_column_text] Wellness [\/vc_column_text][\/vc_column][\/vc_row]<\/p>\n","protected":false},"author":1,"featured_media":6373,"parent":7128,"menu_order":11,"comment_status":"closed","ping_status":"closed","template":"","meta":{"_acf_changed":false,"footnotes":""},"acf":[],"yoast_head":"<!-- This site is optimized with the Yoast SEO plugin v23.5 - https:\/\/yoast.com\/wordpress\/plugins\/seo\/ -->\n<title>Vid\u00e9o Hotel Ermitage Bel Air<\/title>\n<meta name=\"description\" content=\"Avec ces deux visites virtuelles, vous pourrez litt\u00e9ralement vous immerger dans le cadre enchanteur et dans l\u2019atmosph\u00e8re agr\u00e9able des espaces int\u00e9rieurs du Medical Hotel Ermitage Bel Air.\" \/>\n<meta name=\"robots\" content=\"noindex, follow\" \/>\n<meta property=\"og:locale\" content=\"fr_FR\" \/>\n<meta property=\"og:type\" content=\"article\" \/>\n<meta property=\"og:title\" content=\"Vid\u00e9o Hotel Ermitage Bel Air\" \/>\n<meta property=\"og:description\" content=\"Avec ces deux visites virtuelles, vous pourrez litt\u00e9ralement vous immerger dans le cadre enchanteur et dans l\u2019atmosph\u00e8re agr\u00e9able des espaces int\u00e9rieurs du Medical Hotel Ermitage Bel Air.\" \/>\n<meta property=\"og:url\" content=\"https:\/\/www.ermitageterme.it\/fr\/galerie-et-telechargement\/video\/\" \/>\n<meta property=\"og:site_name\" content=\"ermitageterme.it\" \/>\n<meta property=\"article:modified_time\" content=\"2020-07-21T07:49:26+00:00\" \/>\n<meta property=\"og:image\" content=\"https:\/\/www.ermitageterme.it\/wp-content\/uploads\/2015\/06\/thermal1.jpg\" \/>\n\t<meta property=\"og:image:width\" content=\"797\" \/>\n\t<meta property=\"og:image:height\" content=\"270\" \/>\n\t<meta property=\"og:image:type\" content=\"image\/jpeg\" \/>\n<meta name=\"twitter:card\" content=\"summary_large_image\" \/>\n<script type=\"application\/ld+json\" class=\"yoast-schema-graph\">{\"@context\":\"https:\/\/schema.org\",\"@graph\":[{\"@type\":\"WebPage\",\"@id\":\"https:\/\/www.ermitageterme.it\/fr\/galerie-et-telechargement\/video\/\",\"url\":\"https:\/\/www.ermitageterme.it\/fr\/galerie-et-telechargement\/video\/\",\"name\":\"Vid\u00e9o Hotel Ermitage Bel Air\",\"isPartOf\":{\"@id\":\"https:\/\/www.ermitageterme.it\/fr\/#website\"},\"primaryImageOfPage\":{\"@id\":\"https:\/\/www.ermitageterme.it\/fr\/galerie-et-telechargement\/video\/#primaryimage\"},\"image\":{\"@id\":\"https:\/\/www.ermitageterme.it\/fr\/galerie-et-telechargement\/video\/#primaryimage\"},\"thumbnailUrl\":\"https:\/\/www.ermitageterme.it\/wp-content\/uploads\/2015\/06\/thermal1.jpg\",\"datePublished\":\"2015-06-16T13:03:19+00:00\",\"dateModified\":\"2020-07-21T07:49:26+00:00\",\"description\":\"Avec ces deux visites virtuelles, vous pourrez litt\u00e9ralement vous immerger dans le cadre enchanteur et dans l\u2019atmosph\u00e8re agr\u00e9able des espaces int\u00e9rieurs du Medical Hotel Ermitage Bel Air.\",\"breadcrumb\":{\"@id\":\"https:\/\/www.ermitageterme.it\/fr\/galerie-et-telechargement\/video\/#breadcrumb\"},\"inLanguage\":\"fr-FR\",\"potentialAction\":[{\"@type\":\"ReadAction\",\"target\":[\"https:\/\/www.ermitageterme.it\/fr\/galerie-et-telechargement\/video\/\"]}]},{\"@type\":\"ImageObject\",\"inLanguage\":\"fr-FR\",\"@id\":\"https:\/\/www.ermitageterme.it\/fr\/galerie-et-telechargement\/video\/#primaryimage\",\"url\":\"https:\/\/www.ermitageterme.it\/wp-content\/uploads\/2015\/06\/thermal1.jpg\",\"contentUrl\":\"https:\/\/www.ermitageterme.it\/wp-content\/uploads\/2015\/06\/thermal1.jpg\",\"width\":\"797\",\"height\":\"270\"},{\"@type\":\"BreadcrumbList\",\"@id\":\"https:\/\/www.ermitageterme.it\/fr\/galerie-et-telechargement\/video\/#breadcrumb\",\"itemListElement\":[{\"@type\":\"ListItem\",\"position\":1,\"name\":\"Home\",\"item\":\"https:\/\/www.ermitageterme.it\/fr\/\"},{\"@type\":\"ListItem\",\"position\":2,\"name\":\"Galerie et t\u00e9l\u00e9chargement\",\"item\":\"https:\/\/www.ermitageterme.it\/fr\/galerie-et-telechargement\/\"},{\"@type\":\"ListItem\",\"position\":3,\"name\":\"Vid\u00e9o\"}]},{\"@type\":\"WebSite\",\"@id\":\"https:\/\/www.ermitageterme.it\/fr\/#website\",\"url\":\"https:\/\/www.ermitageterme.it\/fr\/\",\"name\":\"ermitageterme.it\",\"description\":\"Ermitage Bel Air\",\"potentialAction\":[{\"@type\":\"SearchAction\",\"target\":{\"@type\":\"EntryPoint\",\"urlTemplate\":\"https:\/\/www.ermitageterme.it\/fr\/?s={search_term_string}\"},\"query-input\":{\"@type\":\"PropertyValueSpecification\",\"valueRequired\":true,\"valueName\":\"search_term_string\"}}],\"inLanguage\":\"fr-FR\"}]}<\/script>\n<!-- \/ Yoast SEO plugin. -->","yoast_head_json":{"title":"Vid\u00e9o Hotel Ermitage Bel Air","description":"Avec ces deux visites virtuelles, vous pourrez litt\u00e9ralement vous immerger dans le cadre enchanteur et dans l\u2019atmosph\u00e8re agr\u00e9able des espaces int\u00e9rieurs du Medical Hotel Ermitage Bel Air.","robots":{"index":"noindex","follow":"follow"},"og_locale":"fr_FR","og_type":"article","og_title":"Vid\u00e9o Hotel Ermitage Bel Air","og_description":"Avec ces deux visites virtuelles, vous pourrez litt\u00e9ralement vous immerger dans le cadre enchanteur et dans l\u2019atmosph\u00e8re agr\u00e9able des espaces int\u00e9rieurs du Medical Hotel Ermitage Bel Air.","og_url":"https:\/\/www.ermitageterme.it\/fr\/galerie-et-telechargement\/video\/","og_site_name":"ermitageterme.it","article_modified_time":"2020-07-21T07:49:26+00:00","og_image":[{"width":797,"height":270,"url":"https:\/\/www.ermitageterme.it\/wp-content\/uploads\/2015\/06\/thermal1.jpg","type":"image\/jpeg"}],"twitter_card":"summary_large_image","schema":{"@context":"https:\/\/schema.org","@graph":[{"@type":"WebPage","@id":"https:\/\/www.ermitageterme.it\/fr\/galerie-et-telechargement\/video\/","url":"https:\/\/www.ermitageterme.it\/fr\/galerie-et-telechargement\/video\/","name":"Vid\u00e9o Hotel Ermitage Bel Air","isPartOf":{"@id":"https:\/\/www.ermitageterme.it\/fr\/#website"},"primaryImageOfPage":{"@id":"https:\/\/www.ermitageterme.it\/fr\/galerie-et-telechargement\/video\/#primaryimage"},"image":{"@id":"https:\/\/www.ermitageterme.it\/fr\/galerie-et-telechargement\/video\/#primaryimage"},"thumbnailUrl":"https:\/\/www.ermitageterme.it\/wp-content\/uploads\/2015\/06\/thermal1.jpg","datePublished":"2015-06-16T13:03:19+00:00","dateModified":"2020-07-21T07:49:26+00:00","description":"Avec ces deux visites virtuelles, vous pourrez litt\u00e9ralement vous immerger dans le cadre enchanteur et dans l\u2019atmosph\u00e8re agr\u00e9able des espaces int\u00e9rieurs du Medical Hotel Ermitage Bel Air.","breadcrumb":{"@id":"https:\/\/www.ermitageterme.it\/fr\/galerie-et-telechargement\/video\/#breadcrumb"},"inLanguage":"fr-FR","potentialAction":[{"@type":"ReadAction","target":["https:\/\/www.ermitageterme.it\/fr\/galerie-et-telechargement\/video\/"]}]},{"@type":"ImageObject","inLanguage":"fr-FR","@id":"https:\/\/www.ermitageterme.it\/fr\/galerie-et-telechargement\/video\/#primaryimage","url":"https:\/\/www.ermitageterme.it\/wp-content\/uploads\/2015\/06\/thermal1.jpg","contentUrl":"https:\/\/www.ermitageterme.it\/wp-content\/uploads\/2015\/06\/thermal1.jpg","width":"797","height":"270"},{"@type":"BreadcrumbList","@id":"https:\/\/www.ermitageterme.it\/fr\/galerie-et-telechargement\/video\/#breadcrumb","itemListElement":[{"@type":"ListItem","position":1,"name":"Home","item":"https:\/\/www.ermitageterme.it\/fr\/"},{"@type":"ListItem","position":2,"name":"Galerie et t\u00e9l\u00e9chargement","item":"https:\/\/www.ermitageterme.it\/fr\/galerie-et-telechargement\/"},{"@type":"ListItem","position":3,"name":"Vid\u00e9o"}]},{"@type":"WebSite","@id":"https:\/\/www.ermitageterme.it\/fr\/#website","url":"https:\/\/www.ermitageterme.it\/fr\/","name":"ermitageterme.it","description":"Ermitage Bel Air","potentialAction":[{"@type":"SearchAction","target":{"@type":"EntryPoint","urlTemplate":"https:\/\/www.ermitageterme.it\/fr\/?s={search_term_string}"},"query-input":{"@type":"PropertyValueSpecification","valueRequired":true,"valueName":"search_term_string"}}],"inLanguage":"fr-FR"}]}},"_links":{"self":[{"href":"https:\/\/www.ermitageterme.it\/fr\/wp-json\/wp\/v2\/pages\/1288"}],"collection":[{"href":"https:\/\/www.ermitageterme.it\/fr\/wp-json\/wp\/v2\/pages"}],"about":[{"href":"https:\/\/www.ermitageterme.it\/fr\/wp-json\/wp\/v2\/types\/page"}],"author":[{"embeddable":true,"href":"https:\/\/www.ermitageterme.it\/fr\/wp-json\/wp\/v2\/users\/1"}],"replies":[{"embeddable":true,"href":"https:\/\/www.ermitageterme.it\/fr\/wp-json\/wp\/v2\/comments?post=1288"}],"version-history":[{"count":0,"href":"https:\/\/www.ermitageterme.it\/fr\/wp-json\/wp\/v2\/pages\/1288\/revisions"}],"up":[{"embeddable":true,"href":"https:\/\/www.ermitageterme.it\/fr\/wp-json\/wp\/v2\/pages\/7128"}],"wp:featuredmedia":[{"embeddable":true,"href":"https:\/\/www.ermitageterme.it\/fr\/wp-json\/wp\/v2\/media\/6373"}],"wp:attachment":[{"href":"https:\/\/www.ermitageterme.it\/fr\/wp-json\/wp\/v2\/media?parent=1288"}],"curies":[{"name":"wp","href":"https:\/\/api.w.org\/{rel}","templated":true}]}}