{"id":1995,"date":"2015-12-18T11:06:15","date_gmt":"2015-12-18T10:06:15","guid":{"rendered":"\/\/www.ermitageterme.it\/hotel"},"modified":"2025-08-08T11:15:58","modified_gmt":"2025-08-08T09:15:58","slug":"hotel","status":"publish","type":"page","link":"https:\/\/www.ermitageterme.it\/fr\/hotel\/","title":{"rendered":"Hotel"},"content":{"rendered":"<section class=\"wpb-content-wrapper\"><h4 class=\"titolo-tariffe-supplementi\" style=\"color: #6b2a30;\"><strong>Prix par personne, par jour, en chambre double, en pension comple\u0300te:<\/strong><\/h4>\n<table class=\"table-bordered camere\">\n<thead>\n<tr>\n<th style=\"color: #ffffff; text-align: left;\"><strong>PRIX H\u00d4TEL PAR JOUR<br \/>\nPour le seul s\u00e9jour sans traitements sant\u00e9 et bien-\u00eatre.<\/strong><\/th>\n<th style=\"text-align: center; color: #ffffff;\"><strong>Saison Sp\u00e9ciale<\/strong><\/th>\n<th style=\"text-align: center; color: #ffffff;\"><strong>Saison<\/strong><\/th>\n<th style=\"text-align: center; color: #ffffff;\"><strong>Haute Saison<\/strong><\/th>\n<\/tr>\n<\/thead>\n<tbody>\n<tr>\n<td style=\"text-align: left;\">1 Nuit en pension compl\u00e8te en chambre double classic. Prix par personne:<\/td>\n<td style=\"text-align: center;\">\u20ac 135<\/td>\n<td style=\"text-align: center;\">\u20ac 140<\/td>\n<td style=\"text-align: center;\">\u20ac 145<\/td>\n<\/tr>\n<\/tbody>\n<\/table>\n<h4 style=\"color: #6b2a30;\"><strong>Suppl\u00e9ments et r\u00e9ductions<\/strong><\/h4>\n<p><span style=\"color: #6b2a30;\">Suppl\u00e9ments par jour par cat\u00e9gorie de chambres:<\/span> Junior Suite: 5\u20ac, Suite: 10\u20ac, Panoramic Suite: 25\u20ac,<br \/>\n<span style=\"color: #6b2a30;\">Suppl\u00e9ments chambre single:<\/span> Classic: 10\u20ac, Junior Suite et Suite 15\u20ac, Panoramic Suite: 25\u20ac.<br \/>\n<span style=\"color: #6b2a30;\">R\u00e9ductions par jour sur la pension:<\/span> demi-pension petit d\u00e9jeuner et d\u00eener: 15\u20ac, B&amp;B h\u00e9bergement et petit d\u00e9jeuner: 20\u20ac.<\/p>\n\t\t<div class=\"vc_row wpb_row vc_row-fluid box-home\">\n\t\t\t<div class=\"vc_col-sm-12 wpb_column  \">\n\t\t\t\t<div class=\"wpb_wrapper\">\n\t\t\t\t\t<h4 class=\"titolo-tariffe-supplementi\">Season 2026<\/h4>\n\t\t\t\t\t<div id=\"tabella_stagionalita\">\n\t\t\t\t\t<p>&nbsp;<\/p>\n<table class=\"table-bordered gray no-first\">\n<thead>\n<tr>\n<th><strong>Saison Sp\u00e9ciale<\/strong><\/th>\n<th><strong>Saison\u00a0<\/strong><\/th>\n<th><strong>Haute Saison\u00a0<\/strong><\/th>\n<\/tr>\n<\/thead>\n<tbody>\n<tr>\n<td>de 04\/03 au 18\/03<br \/>\nde 03\/06 au 01\/07<br \/>\nde 28\/10 au 16\/12<\/td>\n<td>de 18\/03 au 01\/04<br \/>\nde 22\/04 au 03\/06<br \/>\nde 01\/07 au 05\/08<br \/>\nde 26\/08 au 28\/10<\/td>\n<td>de 01\/04 au 22\/04<br \/>\nde 05\/08 au 26\/08<br \/>\nde 16\/12 au 08\/01\/2024<\/td>\n<\/tr>\n<\/tbody>\n<\/table>\n\t\t\t\t\t<\/div>\n\t\t\t\t<\/div> \n\t\t\t<\/div> \n\t\t<\/div>\n\t\t\n<p>&nbsp;<\/p>\n<h4 class=\"titolo-tariffe-supplementi\" style=\"color: #6b2a30;\">TARIFS H\u00c9BDOMADAIRES-\u00a0 THERMAE RELAX<\/h4>\n<table class=\"table-bordered camere\">\n<thead>\n<tr>\n<th style=\"color: #ffffff; text-align: left;\"><strong>7 JOURS THERMES &amp; RELAX<br \/>\nPour le seul s\u00e9jour sans les traitements sant\u00e9 et bien-\u00eatre<\/strong><\/th>\n<th style=\"text-align: center; color: #ffffff;\"><strong>Saison Sp\u00e9ciale<\/strong><\/th>\n<th style=\"text-align: center; color: #ffffff;\"><strong>Saison<\/strong><\/th>\n<th style=\"text-align: center; color: #ffffff;\"><strong>Haute Saison<\/strong><\/th>\n<\/tr>\n<\/thead>\n<tbody>\n<tr>\n<td style=\"text-align: left;\">1 semaine en pension compl\u00e8te en chambre double classic. Prix par personne:<\/td>\n<td style=\"text-align: center;\">\u20ac 910<\/td>\n<td style=\"text-align: center;\">\u20ac 945<\/td>\n<td style=\"text-align: center;\">\u20ac 980<\/td>\n<\/tr>\n<\/tbody>\n<\/table>\n<h4 class=\"titolo-tariffe-supplementi\" style=\"color: #6b2a30;\">LONG STAY &#8211; troisieme semaine<\/h4>\n<table class=\"table-bordered camere\">\n<thead>\n<tr>\n<th style=\"color: #ffffff; text-align: left;\"><strong>7 JOURS CARE GIVER et LONG STAY<br \/>\nPour l\u2019accompagnant d\u2019un h\u00f4te en cure ou pour des s\u00e9jours \u00e0 partir de la troisi\u00e8me semaine, sans traitements sant\u00e9 et bien-\u00eatre<br \/>\nTarifs par semaine en saison sp\u00e9cial toute l\u2019ann\u00e9e.<\/strong><\/th>\n<th style=\"color: #fff;\"><strong>Saison Unique<\/strong><\/th>\n<\/tr>\n<\/thead>\n<tbody>\n<tr>\n<td>1 semaine en pension compl\u00e8te en chambre double classic. Prix par personne:<\/td>\n<td style=\"text-align: center;\">\u20ac 910<\/td>\n<\/tr>\n<\/tbody>\n<\/table>\n<h4 class=\"titolo-tariffe-supplementi\" style=\"color: #6b2a30;\">Pour la troisi\u00e8me semaine cons\u00e9cutive associ\u00e9e \u00e0 n&rsquo;importe quel autre programme de s\u00e9jour.<\/h4>\n<h4 style=\"color: #6b2a30;\"><strong>Suppl\u00e9ments et r\u00e9ductions<\/strong><\/h4>\n<p><span style=\"color: #6b2a30;\">Suppl\u00e9ments par semaine par cat\u00e9gorie de chambre:<\/span> Junior Suite: 35\u20ac, Suite: 70\u20ac, Panoramic Suite: 175\u20ac.<br \/>\n<span style=\"color: #6b2a30;\">Suppl\u00e9ments par semaine chambre single:<\/span> Classic: 70\u20ac, Junior Suite et Suite 105\u20ac, Panoramic Suite: 175\u20ac.<br \/>\n<span style=\"color: #6b2a30;\">R\u00e9ductions par semaine sur la pension:<\/span> demi-pension petit d\u00e9jeuner et d\u00eener: 105\u20ac, B&amp;B h\u00e9bergement et petit d\u00e9jeuner: 140\u20ac<\/p>\n<h4 class=\"titolo-tariffe-supplementi\" style=\"color: #6b2a30;\">UN MOIS SANS ESPRIT PAR MOIS &#8211; hotel 28 nuits<\/h4>\n<table class=\"table-bordered camere\">\n<thead>\n<tr>\n<th style=\"color: #ffffff; text-align: left;\"><strong>28 JOURS UN MOIS SANS SOUCIS<br \/>\nPour des s\u00e9jours de quatre semaines d\u2019affil\u00e9e sans traitements<br \/>\n<\/strong><\/th>\n<th style=\"color: #fff;\">Saison Unique<\/th>\n<\/tr>\n<\/thead>\n<tbody>\n<tr>\n<td>4 semaines en pension compl\u00e8te en chambre double classic. Prix par personne:<\/td>\n<td style=\"text-align: center;\">\u20ac 3480<\/td>\n<\/tr>\n<\/tbody>\n<\/table>\n<h4 class=\"titolo-tariffe-supplementi\" style=\"color: #6b2a30;\">Pour quatre semaines cons\u00e9cutives, 28 nuits en pension compl\u00e8te.<\/h4>\n<p>Comprend la fourniture d\u2019eau au restaurant, 1 Visite de m\u00e9decine interne pour \u00e9valuer les \u00e9ventuels besoins sanitaires du client.<br \/>\nValeur des services sanitaires inclus dans le co\u00fbt total du programme: \u20ac 120<\/p>\n<h4 class=\"titolo-tariffe-supplementi\" style=\"color: #6b2a30;\">UN MOIS DE SANT\u00c9 PAR MOIS &#8211; hotel 28 nuits<\/h4>\n<table class=\"table-bordered camere\">\n<thead>\n<tr>\n<th style=\"color: #ffffff; text-align: left;\"><strong>28 JOURSUN MOIS DE SANT\u00c9<br \/>\nPour des s\u00e9jours de quatre semaines d\u2019affil\u00e9e avec traitements<br \/>\n<\/strong><\/th>\n<th style=\"color: #fff;\">Saison Unique<\/th>\n<\/tr>\n<\/thead>\n<tbody>\n<tr>\n<td>4 semaines en pension compl\u00e8te en chambre double classic. Prix par personne:<\/td>\n<td style=\"text-align: center;\">\u20ac 4830<\/td>\n<\/tr>\n<\/tbody>\n<\/table>\n<h4 class=\"titolo-tariffe-supplementi\" style=\"color: #6b2a30;\">Pour quatre semaines cons\u00e9cutives, 28 nuits en pension compl\u00e8te.<\/h4>\n<p>Comprend la fourniture d\u2019eau au restaurant, 1 Visite de m\u00e9decine interne, 1 visite sp\u00e9cialis\u00e9e, 20 S\u00e9ances de physioth\u00e9rapie ou massage th\u00e9rapeutique 30\u2019.<br \/>\nValeur des services sanitaires inclus dans le co\u00fbt total du programme: \u20ac 1470<\/p>\n<h4 style=\"color: #6b2a30;\"><strong>Suppl\u00e9ments et r\u00e9ductions<\/strong><\/h4>\n<p><span style=\"color: #6b2a30;\">Suppl\u00e9ments par mois par cat\u00e9gorie de chambre:<\/span> Junior Suite: 140\u20ac, Suite: 280\u20ac<br \/>\n<span style=\"color: #6b2a30;\">Suppl\u00e9ments par mois chambre single:<\/span> Classic: 280\u20ac, Junior Suite et Suite 420\u20ac<br \/>\n<span style=\"color: #6b2a30;\">R\u00e9ductions par mois sur la pension<\/span>: demi-pension petit d\u00e9jeuner et d\u00eener: 420\u20ac<\/p>\n<p><span style=\"color: #6b2a30;\"><strong>Modalit\u00e9 de r\u00e9servation des s\u00e9jours mensuels<\/strong><\/span>: Les programmes \u00e0 tarif mensuel ne peuvent pas \u00eatre demand\u00e9s apr\u00e8s l\u2019arriv\u00e9e \u00e0 l\u2019h\u00f4tel. La r\u00e9servation est n\u00e9cessaire au moins deux semaines avant l\u2019arriv\u00e9e en versant un acompte de 520\u20ac par personne.<\/p>\n<h4 style=\"color: #6b2a30;\">SERVICES GRATUITS INCLUS DANS LES TARIFS DU S\u00c9JOUR<\/h4>\n<ul>\n<li><strong>Bien-\u00eatre<\/strong>: acc\u00e8s au Sauna et PiscinesThermales dot\u00e9es de circuit relax et jeux d\u2019eau.<\/li>\n<li><strong>Un kit spa:<\/strong>\u00a0Peignoir, drap de bain et bonnet de bain pour la dur\u00e9edus\u00e9jour.<\/li>\n<li><strong>Fitness<\/strong>:CoursquotidiensdeStretching,Aquagymet Pilates (du lundi au vendredi).<\/li>\n<li><strong>H\u00e9bergement<\/strong>: Place de voiture,Court de Tennis.<\/li>\n<li><strong>Confort<\/strong>: Connexion Wi-Fi Haut d\u00e9bit et TV Satellite dans les chambres. SKY Sport en salle de lecture.<\/li>\n<li><strong>Accessibilit\u00e9<\/strong>: chambres sans barri\u00e8res.<\/li>\n<li><strong>Divertissements<\/strong>: Ap\u00e9ritif de bienvenue, D\u00eener de Gala, Soir\u00e9e Vin &amp; Gastronomie.<\/li>\n<\/ul>\n<h4 style=\"color: #6b2a30;\">SERVICES PAYANTS:<\/h4>\n<ul>\n<li><strong>D\u00e9part tardif<\/strong>\u00a0\u20ac 50.<\/li>\n<li><strong>Changement de chambre<\/strong> \u20ac 50.<\/li>\n<li><strong>Kit SPA changement<\/strong> &#8211; Peignoir \u20ac 15.<\/li>\n<li><strong>Kit SPA changement<\/strong> &#8211; Drap de bain \u20ac 5.<\/li>\n<li>Garage priv\u00e9 \u20ac 20.<\/li>\n<li>Repars hors pension \u20ac 40.<\/li>\n<li>Service de chambre, Panier voyage \u20ac 15.<\/li>\n<li>Location de voiture et v\u00e9lo, Golf Green Fee.<\/li>\n<li><strong>Territoire<\/strong>: Transfert priv\u00e9 Padoue Aller\/Retour (samedi apr\u00e8s-midi) \u20ac 5<\/li>\n<li><strong>Fitnes Card<\/strong>\u00a0\u20ac 5 par jour.<\/li>\n<li><strong>Minibus Co\u00fbts par personne Aller\/Retour<\/strong>: A\u00e9roport de Venise &#8211; Hotel \u20ac 120<\/li>\n<li><strong>Taxi priv\u00e9 Co\u00fbts Aller\/Retou<\/strong>r: A\u00e9roport de Venise &#8211; Hotel \u20ac 260, A\u00e9roport de Tr\u00e9vise: &#8211; Hotel \u20ac 290<\/li>\n<\/ul>\n<h4 style=\"color: #6b2a30;\">ASSISTANCE SOINS INFIRMIERS OU SOCIO-SANITAIRE:<\/h4>\n<ul>\n<li><strong>Service d\u2019Assistance individuelle de jour \u00e0 la demande<\/strong>:<br \/>\n60 minutes, 40 \u20ac, 15 minutes 10 \u20ac. Disponible de 8h00 \u00e0 20h00.<br \/>\nService non inclus. Il doit \u00eatre demand\u00e9 au moment de la r\u00e9servation.<\/li>\n<li><strong>Service d\u2019Assistance individuelle continue ou de nuit<\/strong>:<br \/>\nDevis personnalis\u00e9 \u00e0 la demande.<\/li>\n<li><strong>Aides \u00e0 la mobilit\u00e9 et lit m\u00e9dicalis\u00e9<\/strong>:<br \/>\nGratuits si la demande est faite deux semaines avant l\u2019arriv\u00e9e.<\/li>\n<\/ul>\n<p><strong><span style=\"color: #6b2a30;\">Les besoins de clients dont l\u2019autonomie est limit\u00e9e doivent toujours \u00eatre communiqu\u00e9s au moment de la r\u00e9servation!<\/span><\/strong><\/p>\n<p>&nbsp;<\/p>\n<p><strong><span style=\"color: #6b2a30;\">ATTENZION<\/span><\/strong><br \/>\n<span style=\"color: #6b2a30;\">Les besoins des clients li\u00e9s \u00e0 une faible autonomie fonctionnelle doivent toujours \u00eatre express\u00e9ment communiqu\u00e9s \u00e0 notre structure d\u00e8s la phase de demande de r\u00e9servation afin de v\u00e9rifier que le s\u00e9jour soit appropri\u00e9!<\/span><\/p>\n<h4><span style=\"color: #6b2a30;\">DISPONIBILIT\u00c9 DES CHAMBRES<\/span><\/h4>\n<ul>\n<li>Arriv\u00e9e \u00e0 partir de 14h30<\/li>\n<li>D\u00e9part avant 10h30<\/li>\n<\/ul>\n<h4><span style=\"color: #6b2a30;\">R\u00c9DUCTIONS POUR ENFANTS:<\/span><\/h4>\n<ul>\n<li>0-3 ans &#8211; 90%<\/li>\n<li>4-6 ans- 50%<\/li>\n<li>7-14 ans- 30%<\/li>\n<\/ul>\n<h4><span style=\"color: #6b2a30;\">ANIMAUX DOMESTIQUES<\/span><\/h4>\n<p>Sans les repas 15\u20ac par jour seulement en chambre Suite rez-de-chauss\u00e9e avec acc\u00e8s au jardin<\/p>\n<\/section>","protected":false},"excerpt":{"rendered":"<p>Prix par personne, par jour, en chambre double, en pension comple\u0300te: PRIX H\u00d4TEL PAR JOUR Pour le seul s\u00e9jour sans traitements sant\u00e9 et bien-\u00eatre. Saison Sp\u00e9ciale Saison Haute Saison 1 Nuit en pension compl\u00e8te en chambre double classic. Prix par personne: \u20ac 135 \u20ac 140 \u20ac 145 Suppl\u00e9ments et r\u00e9ductions Suppl\u00e9ments par jour par cat\u00e9gorie<\/p>\n","protected":false},"author":1,"featured_media":0,"parent":0,"menu_order":0,"comment_status":"closed","ping_status":"closed","template":"","meta":{"_acf_changed":false,"footnotes":""},"acf":[],"yoast_head":"<!-- This site is optimized with the Yoast SEO plugin v23.5 - https:\/\/yoast.com\/wordpress\/plugins\/seo\/ -->\n<title>H\u00f4tel 4 \u00e9toiles Abano Italie du nord prix - ermitageterme.it<\/title>\n<meta name=\"description\" content=\"H\u00f4tel 4 \u00e9toiles Abano Italie du nord prix par personne, par jour, en chambre double, en pension comple\u0300te.\" \/>\n<meta name=\"robots\" content=\"index, follow, max-snippet:-1, max-image-preview:large, max-video-preview:-1\" \/>\n<link rel=\"canonical\" href=\"https:\/\/www.ermitageterme.it\/fr\/hotel\/\" \/>\n<meta property=\"og:locale\" content=\"fr_FR\" \/>\n<meta property=\"og:type\" content=\"article\" \/>\n<meta property=\"og:title\" content=\"H\u00f4tel 4 \u00e9toiles Abano Italie du nord prix - ermitageterme.it\" \/>\n<meta property=\"og:description\" content=\"H\u00f4tel 4 \u00e9toiles Abano Italie du nord prix par personne, par jour, en chambre double, en pension comple\u0300te.\" \/>\n<meta property=\"og:url\" content=\"https:\/\/www.ermitageterme.it\/fr\/hotel\/\" \/>\n<meta property=\"og:site_name\" content=\"ermitageterme.it\" \/>\n<meta property=\"article:modified_time\" content=\"2025-08-08T09:15:58+00:00\" \/>\n<meta name=\"twitter:card\" content=\"summary_large_image\" \/>\n<meta name=\"twitter:label1\" content=\"Dur\u00e9e de lecture estim\u00e9e\" \/>\n\t<meta name=\"twitter:data1\" content=\"5 minutes\" \/>\n<script type=\"application\/ld+json\" class=\"yoast-schema-graph\">{\"@context\":\"https:\/\/schema.org\",\"@graph\":[{\"@type\":\"WebPage\",\"@id\":\"https:\/\/www.ermitageterme.it\/fr\/hotel\/\",\"url\":\"https:\/\/www.ermitageterme.it\/fr\/hotel\/\",\"name\":\"H\u00f4tel 4 \u00e9toiles Abano Italie du nord prix - ermitageterme.it\",\"isPartOf\":{\"@id\":\"https:\/\/www.ermitageterme.it\/fr\/#website\"},\"datePublished\":\"2015-12-18T10:06:15+00:00\",\"dateModified\":\"2025-08-08T09:15:58+00:00\",\"description\":\"H\u00f4tel 4 \u00e9toiles Abano Italie du nord prix par personne, par jour, en chambre double, en pension comple\u0300te.\",\"breadcrumb\":{\"@id\":\"https:\/\/www.ermitageterme.it\/fr\/hotel\/#breadcrumb\"},\"inLanguage\":\"fr-FR\",\"potentialAction\":[{\"@type\":\"ReadAction\",\"target\":[\"https:\/\/www.ermitageterme.it\/fr\/hotel\/\"]}]},{\"@type\":\"BreadcrumbList\",\"@id\":\"https:\/\/www.ermitageterme.it\/fr\/hotel\/#breadcrumb\",\"itemListElement\":[{\"@type\":\"ListItem\",\"position\":1,\"name\":\"Home\",\"item\":\"https:\/\/www.ermitageterme.it\/fr\/\"},{\"@type\":\"ListItem\",\"position\":2,\"name\":\"Tarifs\",\"item\":\"https:\/\/www.ermitageterme.it\/fr\/prix-2\/\"},{\"@type\":\"ListItem\",\"position\":3,\"name\":\"Hotel\"}]},{\"@type\":\"WebSite\",\"@id\":\"https:\/\/www.ermitageterme.it\/fr\/#website\",\"url\":\"https:\/\/www.ermitageterme.it\/fr\/\",\"name\":\"ermitageterme.it\",\"description\":\"Ermitage Bel Air\",\"potentialAction\":[{\"@type\":\"SearchAction\",\"target\":{\"@type\":\"EntryPoint\",\"urlTemplate\":\"https:\/\/www.ermitageterme.it\/fr\/?s={search_term_string}\"},\"query-input\":{\"@type\":\"PropertyValueSpecification\",\"valueRequired\":true,\"valueName\":\"search_term_string\"}}],\"inLanguage\":\"fr-FR\"}]}<\/script>\n<!-- \/ Yoast SEO plugin. -->","yoast_head_json":{"title":"H\u00f4tel 4 \u00e9toiles Abano Italie du nord prix - ermitageterme.it","description":"H\u00f4tel 4 \u00e9toiles Abano Italie du nord prix par personne, par jour, en chambre double, en pension comple\u0300te.","robots":{"index":"index","follow":"follow","max-snippet":"max-snippet:-1","max-image-preview":"max-image-preview:large","max-video-preview":"max-video-preview:-1"},"canonical":"https:\/\/www.ermitageterme.it\/fr\/hotel\/","og_locale":"fr_FR","og_type":"article","og_title":"H\u00f4tel 4 \u00e9toiles Abano Italie du nord prix - ermitageterme.it","og_description":"H\u00f4tel 4 \u00e9toiles Abano Italie du nord prix par personne, par jour, en chambre double, en pension comple\u0300te.","og_url":"https:\/\/www.ermitageterme.it\/fr\/hotel\/","og_site_name":"ermitageterme.it","article_modified_time":"2025-08-08T09:15:58+00:00","twitter_card":"summary_large_image","twitter_misc":{"Dur\u00e9e de lecture estim\u00e9e":"5 minutes"},"schema":{"@context":"https:\/\/schema.org","@graph":[{"@type":"WebPage","@id":"https:\/\/www.ermitageterme.it\/fr\/hotel\/","url":"https:\/\/www.ermitageterme.it\/fr\/hotel\/","name":"H\u00f4tel 4 \u00e9toiles Abano Italie du nord prix - ermitageterme.it","isPartOf":{"@id":"https:\/\/www.ermitageterme.it\/fr\/#website"},"datePublished":"2015-12-18T10:06:15+00:00","dateModified":"2025-08-08T09:15:58+00:00","description":"H\u00f4tel 4 \u00e9toiles Abano Italie du nord prix par personne, par jour, en chambre double, en pension comple\u0300te.","breadcrumb":{"@id":"https:\/\/www.ermitageterme.it\/fr\/hotel\/#breadcrumb"},"inLanguage":"fr-FR","potentialAction":[{"@type":"ReadAction","target":["https:\/\/www.ermitageterme.it\/fr\/hotel\/"]}]},{"@type":"BreadcrumbList","@id":"https:\/\/www.ermitageterme.it\/fr\/hotel\/#breadcrumb","itemListElement":[{"@type":"ListItem","position":1,"name":"Home","item":"https:\/\/www.ermitageterme.it\/fr\/"},{"@type":"ListItem","position":2,"name":"Tarifs","item":"https:\/\/www.ermitageterme.it\/fr\/prix-2\/"},{"@type":"ListItem","position":3,"name":"Hotel"}]},{"@type":"WebSite","@id":"https:\/\/www.ermitageterme.it\/fr\/#website","url":"https:\/\/www.ermitageterme.it\/fr\/","name":"ermitageterme.it","description":"Ermitage Bel Air","potentialAction":[{"@type":"SearchAction","target":{"@type":"EntryPoint","urlTemplate":"https:\/\/www.ermitageterme.it\/fr\/?s={search_term_string}"},"query-input":{"@type":"PropertyValueSpecification","valueRequired":true,"valueName":"search_term_string"}}],"inLanguage":"fr-FR"}]}},"_links":{"self":[{"href":"https:\/\/www.ermitageterme.it\/fr\/wp-json\/wp\/v2\/pages\/1995"}],"collection":[{"href":"https:\/\/www.ermitageterme.it\/fr\/wp-json\/wp\/v2\/pages"}],"about":[{"href":"https:\/\/www.ermitageterme.it\/fr\/wp-json\/wp\/v2\/types\/page"}],"author":[{"embeddable":true,"href":"https:\/\/www.ermitageterme.it\/fr\/wp-json\/wp\/v2\/users\/1"}],"replies":[{"embeddable":true,"href":"https:\/\/www.ermitageterme.it\/fr\/wp-json\/wp\/v2\/comments?post=1995"}],"version-history":[{"count":8,"href":"https:\/\/www.ermitageterme.it\/fr\/wp-json\/wp\/v2\/pages\/1995\/revisions"}],"predecessor-version":[{"id":52016,"href":"https:\/\/www.ermitageterme.it\/fr\/wp-json\/wp\/v2\/pages\/1995\/revisions\/52016"}],"wp:attachment":[{"href":"https:\/\/www.ermitageterme.it\/fr\/wp-json\/wp\/v2\/media?parent=1995"}],"curies":[{"name":"wp","href":"https:\/\/api.w.org\/{rel}","templated":true}]}}