{"id":2321,"date":"2015-12-18T12:17:51","date_gmt":"2015-12-18T11:17:51","guid":{"rendered":"\/\/www.ermitageterme.it\/alimentation-et-fitness"},"modified":"2024-05-17T12:40:15","modified_gmt":"2024-05-17T10:40:15","slug":"alimentation-et-fitness","status":"publish","type":"page","link":"https:\/\/www.ermitageterme.it\/fr\/prix\/alimentation-et-fitness\/","title":{"rendered":"Alimentation et Fitness"},"content":{"rendered":"<section class=\"wpb-content-wrapper\">[vc_row][vc_column][vc_column_text]\n<h4 style=\"color: #6b2a30;\">Amaigrissement &#8211; Pre\u0301vention des Maladies Cardiovasculaires<\/h4>\n<p>Prof. Arsenio Veicsteinas. Cardiologue et Me\u0301decin du Sport. Universite\u0301 de Milan.<\/p>\n<h4 style=\"color: #6b2a30;\">Acc\u00e8s aux Traitements<\/h4>\n<p>Afin d\u2019obtenir un re\u0301sultat the\u0301rapeutique optimal, nous demandons la collaboration de nos ho\u0302tes. Nous vous prions d\u2019apporter avec vous vos e\u0301ventuels examens cliniques et radiologiques re\u0301cents ainsi que la liste des me\u0301dicaments que vous prenez.<\/p>\n<h4 style=\"color: #6b2a30;\">Prix de Pr\u00e9vention Cardiovasculaire:<\/h4>\n<table>\n<tbody>\n<tr>\n<td>Visite de m\u00e9decine g\u00e9n\u00e9rale (obligatoire pour l\u2019orientation clinique et l\u2019admission aux cures)<\/td>\n<td>&#8212;<\/td>\n<td>\u20ac 80<\/td>\n<\/tr>\n<tr>\n<td>Deuxi\u00e8me visite de m\u00e9decine g\u00e9n\u00e9rale ou suppl\u00e9ment pour l\u2019\u00e9valuation de m\u00e9decine interne<\/td>\n<td>&#8212;<\/td>\n<td>\u20ac 40<\/td>\n<\/tr>\n<tr>\n<td>Consultation m\u00e9dicale sp\u00e9cialis\u00e9e (pour l\u2019\u00e9laboration du programme th\u00e9rapeutique individuel)<\/td>\n<td>&#8212;<\/td>\n<td>\u20ac 140<\/td>\n<\/tr>\n<tr>\n<td>Deuxi\u00e8me consultation m\u00e9dicale sp\u00e9cialis\u00e9e (dans les 3 mois suivant la visite)<\/td>\n<td>&#8212;<\/td>\n<td>\u20ac 70<\/td>\n<\/tr>\n<tr>\n<td>\u00c9chographie informatis\u00e9e organes internes ou syst\u00e8me vasculaire<\/td>\n<td>&#8212;<\/td>\n<td>\u20ac 90<\/td>\n<\/tr>\n<tr>\n<td>Consultation m\u00e9dicale sp\u00e9cialis\u00e9e + \u00e9chographie informatis\u00e9e<\/td>\n<td>&#8212;<\/td>\n<td>\u20ac 180<\/td>\n<\/tr>\n<tr>\n<td>Analyses h\u00e9matologiques de base et bilan lipidique<\/td>\n<td>&#8212;<\/td>\n<td>\u20ac 60<\/td>\n<\/tr>\n<tr>\n<td>Test m\u00e9tabolique num\u00e9rique avec mesure directe de la consommation d\u2019oxyg\u00e8ne<\/td>\n<td>&#8212;<\/td>\n<td>\u20ac 60<\/td>\n<\/tr>\n<tr>\n<td>Analyse num\u00e9rique d\u2019imp\u00e9dancem\u00e9trie de la composition corporelle<\/td>\n<td>&#8212;<\/td>\n<td>\u20ac 30<\/td>\n<\/tr>\n<tr>\n<td>Consultation m\u00e9dicale sp\u00e9cialis\u00e9e cardiologique<\/td>\n<td>&#8212;<\/td>\n<td>\u20ac 140<\/td>\n<\/tr>\n<tr>\n<td>Consultation cardiologique + ECG avec compte rendu + \u00c9chocardiographie<\/td>\n<td>&#8212;<\/td>\n<td>\u20ac 230<\/td>\n<\/tr>\n<tr>\n<td>Consultation cardiologique + ECG<\/td>\n<td>&#8212;<\/td>\n<td>\u20ac 180<\/td>\n<\/tr>\n<tr>\n<td>ECG avec compte rendu<\/td>\n<td>&#8212;<\/td>\n<td>\u20ac 70<\/td>\n<\/tr>\n<tr>\n<td>Consultation m\u00e9dicale sp\u00e9cialis\u00e9e pneumologique<\/td>\n<td>&#8212;<\/td>\n<td>\u20ac 140<\/td>\n<\/tr>\n<tr>\n<td>Consultation pneumologique + Spirom\u00e9trie + Walking Test<\/td>\n<td>&#8212;<\/td>\n<td>\u20ac 230<\/td>\n<\/tr>\n<tr>\n<td>Consultation pneumologique + Spirom\u00e9trie<\/td>\n<td>&#8212;<\/td>\n<td>\u20ac 180<\/td>\n<\/tr>\n<tr>\n<td>Spirom\u00e9trie<\/td>\n<td>&#8212;<\/td>\n<td>\u20ac 70<\/td>\n<\/tr>\n<tr>\n<td>Walking Test<\/td>\n<td>&#8212;<\/td>\n<td>\u20ac 90<\/td>\n<\/tr>\n<tr>\n<td>Analyses de sang<\/td>\n<td>&#8212;<\/td>\n<td>\u20ac 60<\/td>\n<\/tr>\n<tr>\n<td>S\u00e9ance de r\u00e9\u00e9ducation diaphragmatique et respiratoire<\/td>\n<td>30\u2019<\/td>\n<td>\u20ac 60<\/td>\n<\/tr>\n<tr>\n<td>S\u00e9ance individuelle d\u2019Exercice Physique (Personal Training ou Cardio-Fitness)<\/td>\n<td>30\u2019<\/td>\n<td>\u20ac 60<\/td>\n<\/tr>\n<tr>\n<td>S\u00e9ance individuelle d\u2019Exercice Physique (Personal Training ou Cardio-Fitness)<\/td>\n<td>45\u2019<\/td>\n<td>\u20ac 90<\/td>\n<\/tr>\n<tr>\n<td>S\u00e9ance individuelle d\u2019Exercice Physique (Personal Training ou Cardio-Fitness)<\/td>\n<td>60\u2019<\/td>\n<td>\u20ac 120<\/td>\n<\/tr>\n<tr>\n<td>S\u00e9ance individuelle d\u2019Exercice Physique en eau thermale<\/td>\n<td>30\u2019<\/td>\n<td>\u20ac 60<\/td>\n<\/tr>\n<tr>\n<td>S\u00e9ance individuelle d\u2019Exercice Physique en eau thermale<\/td>\n<td>45\u2019<\/td>\n<td>\u20ac 90<\/td>\n<\/tr>\n<tr>\n<td>S\u00e9ance individuelle d\u2019Exercice Physique en eau thermale<\/td>\n<td>60\u2019<\/td>\n<td>\u20ac 120<\/td>\n<\/tr>\n<tr>\n<td>Training autog\u00e8ne ou S\u00e9ance de coaching et soutien psychologique<\/td>\n<td>60\u2019<\/td>\n<td>\u20ac 100<\/td>\n<\/tr>\n<tr>\n<td>Carte individuelle pour l\u2019acc\u00e8s au circuit cardio-fittness par semaine<\/td>\n<td>&#8212;<\/td>\n<td>\u20ac 35<\/td>\n<\/tr>\n<tr>\n<td>Service aux repas \u00ab Basil Plus \u00bb comprend: menu optimis\u00e9, apport calorique personnalis\u00e9 et r\u00e9partition correcte des repas pour la r\u00e9duction des apports glyc\u00e9miques par semaine (\u20ac 20 par jour)<\/td>\n<td>&#8212;<\/td>\n<td>\u20ac 140<\/td>\n<\/tr>\n<\/tbody>\n<\/table>\n[\/vc_column_text][\/vc_column][\/vc_row][vc_row][vc_column width=\u00a0\u00bb1\/2&Prime;][vc_btn title=\u00a0\u00bbVoir les d\u00e9tails du s\u00e9jour\u00a0\u00bb style=\u00a0\u00bbclassic\u00a0\u00bb size=\u00a0\u00bblg\u00a0\u00bb align=\u00a0\u00bbleft\u00a0\u00bb link=\u00a0\u00bburl:http%3A%2F%2Fwww.ermitageterme.it%2Ffr%2Fservices-de-sante%2Fperte-de-poids-et-style-de-vie%2F|title:Pr%C3%A9vention%20Cardiovasculaire||\u00a0\u00bb el_id=\u00a0\u00bbvedi-i-dettagli-del-soggiorno\u00a0\u00bb][\/vc_column][vc_column width=\u00a0\u00bb1\/2&Prime;][vc_btn title=\u00a0\u00bbDemande d&rsquo;information\u00a0\u00bb style=\u00a0\u00bbclassic\u00a0\u00bb color=\u00a0\u00bbjuicy-pink\u00a0\u00bb size=\u00a0\u00bblg\u00a0\u00bb align=\u00a0\u00bbright\u00a0\u00bb link=\u00a0\u00bburl:http%3A%2F%2Fwww.ermitageterme.it%2Ffr%2Fdemande-de-disponibilite%2F|title:Pr%C3%A9vention%20Cardiovasculaire||\u00a0\u00bb el_id=\u00a0\u00bbrichiedi-info-dettagli-soggiorno\u00a0\u00bb][\/vc_column][\/vc_row][vc_row][vc_column][vc_column_text]\n<h4><span style=\"color: #6b2a30;\">SERVICES GRATUITS INCLUS DANS LES TARIFS DU S\u00c9JOUR<\/span><\/h4>\n<ul>\n<li><strong>Bien-\u00eatre<\/strong>: acc\u00e8s au Sauna et PiscinesThermales dot\u00e9es de circuit relax et jeux d\u2019eau.<\/li>\n<li><strong>Kit Spa:<\/strong>\u00a0Peignoir, drap de bain et bonnet de bain pour la dur\u00e9edus\u00e9jour.<\/li>\n<li><strong>Fitness<\/strong>: Cours quotidiens de Stretching, Aquagym et Pilates (du lundi au vendredi).<\/li>\n<li><strong>H\u00e9bergement<\/strong>: Place de voiture,Court de Tennis.<\/li>\n<li><strong>Confort<\/strong>: Connexion Wi-Fi Haut d\u00e9bit et TV Satellite dans les chambres. SKY Sport en salle de lecture.<\/li>\n<li><strong>Accessibilit\u00e9<\/strong>: chambres sans barri\u00e8res.<\/li>\n<li><strong>Divertissements<\/strong>: Ap\u00e9ritif de bienvenue, D\u00eener de Gala, Soir\u00e9e Vin &amp; Gastronomie.<\/li>\n<\/ul>\n<h4><span style=\"color: #6b2a30;\">SERVICES PAYANTS:<\/span><\/h4>\n<ul>\n<li><strong>D\u00e9part tardif<\/strong> \u20ac 50<\/li>\n<li><strong>Changement de chambre<\/strong> \u20ac 50<\/li>\n<li>Kit SPA changement \u2013 Peignoir \u20ac 15<\/li>\n<li>Kit SPA changement \u2013 Drap de bain \u20ac 5<\/li>\n<li><strong>Garage priv\u00e9<\/strong> \u20ac 20<\/li>\n<li><strong>Repars hors pension<\/strong> \u20ac 40<\/li>\n<li><strong>Service de chambre, Panier voyage<\/strong> \u20ac 15<\/li>\n<li><strong>Location de voiture et v\u00e9lo, Golf Green Fee<\/strong><\/li>\n<li><strong>Territoire<\/strong>: Transfert priv\u00e9 Padoue Aller\/Retour (samedi apr\u00e8s-midi) \u20ac 5<\/li>\n<li><strong>Fitnes Card<\/strong>\u00a0\u20ac 5 par jour.<\/li>\n<\/ul>\n<h4><span style=\"color: #6b2a30;\">ANIMAUX DOMESTIQUES<\/span><\/h4>\n<p>Sans les repas 15\u20ac par jour seulement en chambre Suite avec acc\u00e8s au jardin.<\/p>\n[\/vc_column_text][\/vc_column][\/vc_row]\n<\/section>","protected":false},"excerpt":{"rendered":"<p>[vc_row][vc_column][vc_column_text] Amaigrissement &#8211; Pre\u0301vention des Maladies Cardiovasculaires Prof. Arsenio Veicsteinas. Cardiologue et Me\u0301decin du Sport. Universite\u0301 de Milan. Acc\u00e8s aux Traitements Afin d\u2019obtenir un re\u0301sultat the\u0301rapeutique optimal, nous demandons la collaboration de nos ho\u0302tes. Nous vous prions d\u2019apporter avec vous vos e\u0301ventuels examens cliniques et radiologiques re\u0301cents ainsi que la liste des me\u0301dicaments que vous<\/p>\n","protected":false},"author":1,"featured_media":0,"parent":1156,"menu_order":0,"comment_status":"closed","ping_status":"closed","template":"","meta":{"_acf_changed":false,"footnotes":""},"acf":[],"yoast_head":"<!-- This site is optimized with the Yoast SEO plugin v23.5 - https:\/\/yoast.com\/wordpress\/plugins\/seo\/ -->\n<title>Prix de Amaigrissement - Pre\u0301vention des Maladies Cardiovasculaires<\/title>\n<meta name=\"description\" content=\"Prix de Adipositas Zentrum, Pr\u00e9vention Cardiovasculaire et Services inclus dans les tarifs du se\u0301jour.\" \/>\n<meta name=\"robots\" content=\"index, follow, max-snippet:-1, max-image-preview:large, max-video-preview:-1\" \/>\n<link rel=\"canonical\" href=\"https:\/\/www.ermitageterme.it\/fr\/prix\/alimentation-et-fitness\/\" \/>\n<meta property=\"og:locale\" content=\"fr_FR\" \/>\n<meta property=\"og:type\" content=\"article\" \/>\n<meta property=\"og:title\" content=\"Prix de Amaigrissement - Pre\u0301vention des Maladies Cardiovasculaires\" \/>\n<meta property=\"og:description\" content=\"Prix de Adipositas Zentrum, Pr\u00e9vention Cardiovasculaire et Services inclus dans les tarifs du se\u0301jour.\" \/>\n<meta property=\"og:url\" content=\"https:\/\/www.ermitageterme.it\/fr\/prix\/alimentation-et-fitness\/\" \/>\n<meta property=\"og:site_name\" content=\"ermitageterme.it\" \/>\n<meta property=\"article:modified_time\" content=\"2024-05-17T10:40:15+00:00\" \/>\n<meta name=\"twitter:card\" content=\"summary_large_image\" \/>\n<meta name=\"twitter:label1\" content=\"Dur\u00e9e de lecture estim\u00e9e\" \/>\n\t<meta name=\"twitter:data1\" content=\"3 minutes\" \/>\n<script type=\"application\/ld+json\" class=\"yoast-schema-graph\">{\"@context\":\"https:\/\/schema.org\",\"@graph\":[{\"@type\":\"WebPage\",\"@id\":\"https:\/\/www.ermitageterme.it\/fr\/prix\/alimentation-et-fitness\/\",\"url\":\"https:\/\/www.ermitageterme.it\/fr\/prix\/alimentation-et-fitness\/\",\"name\":\"Prix de Amaigrissement - Pre\u0301vention des Maladies Cardiovasculaires\",\"isPartOf\":{\"@id\":\"https:\/\/www.ermitageterme.it\/fr\/#website\"},\"datePublished\":\"2015-12-18T11:17:51+00:00\",\"dateModified\":\"2024-05-17T10:40:15+00:00\",\"description\":\"Prix de Adipositas Zentrum, Pr\u00e9vention Cardiovasculaire et Services inclus dans les tarifs du se\u0301jour.\",\"breadcrumb\":{\"@id\":\"https:\/\/www.ermitageterme.it\/fr\/prix\/alimentation-et-fitness\/#breadcrumb\"},\"inLanguage\":\"fr-FR\",\"potentialAction\":[{\"@type\":\"ReadAction\",\"target\":[\"https:\/\/www.ermitageterme.it\/fr\/prix\/alimentation-et-fitness\/\"]}]},{\"@type\":\"BreadcrumbList\",\"@id\":\"https:\/\/www.ermitageterme.it\/fr\/prix\/alimentation-et-fitness\/#breadcrumb\",\"itemListElement\":[{\"@type\":\"ListItem\",\"position\":1,\"name\":\"Home\",\"item\":\"https:\/\/www.ermitageterme.it\/fr\/\"},{\"@type\":\"ListItem\",\"position\":2,\"name\":\"Prix\",\"item\":\"https:\/\/www.ermitageterme.it\/fr\/prix\/\"},{\"@type\":\"ListItem\",\"position\":3,\"name\":\"Alimentation et Fitness\"}]},{\"@type\":\"WebSite\",\"@id\":\"https:\/\/www.ermitageterme.it\/fr\/#website\",\"url\":\"https:\/\/www.ermitageterme.it\/fr\/\",\"name\":\"ermitageterme.it\",\"description\":\"Ermitage Bel Air\",\"potentialAction\":[{\"@type\":\"SearchAction\",\"target\":{\"@type\":\"EntryPoint\",\"urlTemplate\":\"https:\/\/www.ermitageterme.it\/fr\/?s={search_term_string}\"},\"query-input\":{\"@type\":\"PropertyValueSpecification\",\"valueRequired\":true,\"valueName\":\"search_term_string\"}}],\"inLanguage\":\"fr-FR\"}]}<\/script>\n<!-- \/ Yoast SEO plugin. -->","yoast_head_json":{"title":"Prix de Amaigrissement - Pre\u0301vention des Maladies Cardiovasculaires","description":"Prix de Adipositas Zentrum, Pr\u00e9vention Cardiovasculaire et Services inclus dans les tarifs du se\u0301jour.","robots":{"index":"index","follow":"follow","max-snippet":"max-snippet:-1","max-image-preview":"max-image-preview:large","max-video-preview":"max-video-preview:-1"},"canonical":"https:\/\/www.ermitageterme.it\/fr\/prix\/alimentation-et-fitness\/","og_locale":"fr_FR","og_type":"article","og_title":"Prix de Amaigrissement - Pre\u0301vention des Maladies Cardiovasculaires","og_description":"Prix de Adipositas Zentrum, Pr\u00e9vention Cardiovasculaire et Services inclus dans les tarifs du se\u0301jour.","og_url":"https:\/\/www.ermitageterme.it\/fr\/prix\/alimentation-et-fitness\/","og_site_name":"ermitageterme.it","article_modified_time":"2024-05-17T10:40:15+00:00","twitter_card":"summary_large_image","twitter_misc":{"Dur\u00e9e de lecture estim\u00e9e":"3 minutes"},"schema":{"@context":"https:\/\/schema.org","@graph":[{"@type":"WebPage","@id":"https:\/\/www.ermitageterme.it\/fr\/prix\/alimentation-et-fitness\/","url":"https:\/\/www.ermitageterme.it\/fr\/prix\/alimentation-et-fitness\/","name":"Prix de Amaigrissement - Pre\u0301vention des Maladies Cardiovasculaires","isPartOf":{"@id":"https:\/\/www.ermitageterme.it\/fr\/#website"},"datePublished":"2015-12-18T11:17:51+00:00","dateModified":"2024-05-17T10:40:15+00:00","description":"Prix de Adipositas Zentrum, Pr\u00e9vention Cardiovasculaire et Services inclus dans les tarifs du se\u0301jour.","breadcrumb":{"@id":"https:\/\/www.ermitageterme.it\/fr\/prix\/alimentation-et-fitness\/#breadcrumb"},"inLanguage":"fr-FR","potentialAction":[{"@type":"ReadAction","target":["https:\/\/www.ermitageterme.it\/fr\/prix\/alimentation-et-fitness\/"]}]},{"@type":"BreadcrumbList","@id":"https:\/\/www.ermitageterme.it\/fr\/prix\/alimentation-et-fitness\/#breadcrumb","itemListElement":[{"@type":"ListItem","position":1,"name":"Home","item":"https:\/\/www.ermitageterme.it\/fr\/"},{"@type":"ListItem","position":2,"name":"Prix","item":"https:\/\/www.ermitageterme.it\/fr\/prix\/"},{"@type":"ListItem","position":3,"name":"Alimentation et Fitness"}]},{"@type":"WebSite","@id":"https:\/\/www.ermitageterme.it\/fr\/#website","url":"https:\/\/www.ermitageterme.it\/fr\/","name":"ermitageterme.it","description":"Ermitage Bel Air","potentialAction":[{"@type":"SearchAction","target":{"@type":"EntryPoint","urlTemplate":"https:\/\/www.ermitageterme.it\/fr\/?s={search_term_string}"},"query-input":{"@type":"PropertyValueSpecification","valueRequired":true,"valueName":"search_term_string"}}],"inLanguage":"fr-FR"}]}},"_links":{"self":[{"href":"https:\/\/www.ermitageterme.it\/fr\/wp-json\/wp\/v2\/pages\/2321"}],"collection":[{"href":"https:\/\/www.ermitageterme.it\/fr\/wp-json\/wp\/v2\/pages"}],"about":[{"href":"https:\/\/www.ermitageterme.it\/fr\/wp-json\/wp\/v2\/types\/page"}],"author":[{"embeddable":true,"href":"https:\/\/www.ermitageterme.it\/fr\/wp-json\/wp\/v2\/users\/1"}],"replies":[{"embeddable":true,"href":"https:\/\/www.ermitageterme.it\/fr\/wp-json\/wp\/v2\/comments?post=2321"}],"version-history":[{"count":5,"href":"https:\/\/www.ermitageterme.it\/fr\/wp-json\/wp\/v2\/pages\/2321\/revisions"}],"predecessor-version":[{"id":47201,"href":"https:\/\/www.ermitageterme.it\/fr\/wp-json\/wp\/v2\/pages\/2321\/revisions\/47201"}],"up":[{"embeddable":true,"href":"https:\/\/www.ermitageterme.it\/fr\/wp-json\/wp\/v2\/pages\/1156"}],"wp:attachment":[{"href":"https:\/\/www.ermitageterme.it\/fr\/wp-json\/wp\/v2\/media?parent=2321"}],"curies":[{"name":"wp","href":"https:\/\/api.w.org\/{rel}","templated":true}]}}