{"id":2360,"date":"2015-12-18T12:39:02","date_gmt":"2015-12-18T11:39:02","guid":{"rendered":"\/\/www.ermitageterme.it\/bien-e%cc%82tre"},"modified":"2023-03-20T12:36:05","modified_gmt":"2023-03-20T11:36:05","slug":"bien-e%cc%82tre","status":"publish","type":"page","link":"https:\/\/www.ermitageterme.it\/fr\/prix\/bien-etre\/","title":{"rendered":"Bien-e\u0302tre"},"content":{"rendered":"<section class=\"wpb-content-wrapper\">[vc_row][vc_column][vc_column_text]\n<h4><span style=\"color: #6b2a30;\">Beaute\u0301 &#8211; Relaxation<\/span><\/h4>\n<p><strong>Centre de Bien-e\u0302tre, Aut. N\u00b0 18913 du 31\/12\/2009.<br \/>\nDirection: Caterina Greggio, Spe\u0301cialiste en Esthe\u0301tique et Massage<\/strong><\/p>\n<h4 style=\"color: #6b2a30;\">Bien-E\u0302tre:<\/h4>\n<h4 style=\"color: #6b2a30;\">Prix de traitments Bien-E\u0302tre<\/h4>\n<table>\n<tbody>\n<tr>\n<td>Massage complet du corps esth\u00e9tique ou antistress aux huiles<\/td>\n<td>60&prime;<\/td>\n<td>\u20ac 100<\/td>\n<\/tr>\n<tr>\n<td>Massage partiel du corps esth\u00e9tique ou antistress aux huiles<\/td>\n<td>30&prime;<\/td>\n<td>\u20ac 55<\/td>\n<\/tr>\n<tr>\n<td>Drainage lymphatique complet du corps esth\u00e9tique<\/td>\n<td>60&prime;<\/td>\n<td>\u20ac 100<\/td>\n<\/tr>\n<tr>\n<td>Drainage lymphatique complet du visage ou partiel du corps<\/td>\n<td>30&prime;<\/td>\n<td>\u20ac 55<\/td>\n<\/tr>\n<tr>\n<td>Drainage lymphatique visage avec masque personnalis\u00e9<\/td>\n<td>60&prime;<\/td>\n<td>\u20ac 80<\/td>\n<\/tr>\n<tr>\n<td>S\u00e9ance individuelle antistress de Water Shiatsu en Eau Thermale<\/td>\n<td>30\u2019<\/td>\n<td>\u20ac 55<\/td>\n<\/tr>\n<tr>\n<td>Parcours Vapeurs Individuel: Inhalation + bain turc + Douche \u00c9motionnelle<\/td>\n<td>60&prime;<\/td>\n<td>\u20ac 50<\/td>\n<\/tr>\n<tr>\n<td>Programme visage \u00ab Principi \u00bb<\/td>\n<td>60&prime;<\/td>\n<td>\u20ac 80<\/td>\n<\/tr>\n<tr>\n<td>Programme visage anti\u00e2ge \u00ab Feeling Time \u00bb<\/td>\n<td>60&prime;<\/td>\n<td>\u20ac 80<\/td>\n<\/tr>\n<tr>\n<td>Peeling complet du corps<\/td>\n<td>60&prime;<\/td>\n<td>\u20ac 90<\/td>\n<\/tr>\n<tr>\n<td>Traitement tonifiant complet du corps \u00ab M.S.B. \u00bb<\/td>\n<td>60&prime;<\/td>\n<td>\u20ac 90<\/td>\n<\/tr>\n<tr>\n<td>Programme tonifiant seins \u00ab Cristalli \u00bb<\/td>\n<td>60&prime;<\/td>\n<td>\u20ac 90<\/td>\n<\/tr>\n<tr>\n<td>Manicure ou p\u00e9dicure curatif<\/td>\n<td>60&prime;<\/td>\n<td>\u20ac 50<\/td>\n<\/tr>\n<tr>\n<td>Service coiffeur<\/td>\n<td>&#8212;<\/td>\n<td><\/td>\n<\/tr>\n<tr>\n<td>Peeling Hammam<\/td>\n<td>90&prime;<\/td>\n<td>\u20ac 100<\/td>\n<\/tr>\n<tr>\n<td>Dermo pure Lift<\/td>\n<td>90&prime;<\/td>\n<td>\u20ac 100<\/td>\n<\/tr>\n<tr>\n<td>Massage dermopurifiant<\/td>\n<td>90&prime;<\/td>\n<td>\u20ac 100<\/td>\n<\/tr>\n<\/tbody>\n<\/table>\n[\/vc_column_text][\/vc_column][\/vc_row][vc_row][vc_column width=\u00a0\u00bb1\/2&Prime;][vc_btn title=\u00a0\u00bbVoir les d\u00e9tails du s\u00e9jour\u00a0\u00bb style=\u00a0\u00bbclassic\u00a0\u00bb size=\u00a0\u00bblg\u00a0\u00bb align=\u00a0\u00bbleft\u00a0\u00bb link=\u00a0\u00bburl:https%3A%2F%2Fwww.ermitageterme.it%2Ffr%2Fservices-de-sante%2Fbien-e%25cc%2582tre%2F|||\u00a0\u00bb el_id=\u00a0\u00bbvedi-i-dettagli-del-soggiorno\u00a0\u00bb][\/vc_column][vc_column width=\u00a0\u00bb1\/2&Prime;][vc_btn title=\u00a0\u00bbDemande d&rsquo;information\u00a0\u00bb style=\u00a0\u00bbclassic\u00a0\u00bb color=\u00a0\u00bbjuicy-pink\u00a0\u00bb size=\u00a0\u00bblg\u00a0\u00bb align=\u00a0\u00bbright\u00a0\u00bb link=\u00a0\u00bburl:http%3A%2F%2Fwww.ermitageterme.it%2Ffr%2Fdemande-de-disponibilite%2F|title:Pr%C3%A9vention%20Cardiovasculaire||\u00a0\u00bb el_id=\u00a0\u00bbrichiedi-info-dettagli-soggiorno\u00a0\u00bb][\/vc_column][\/vc_row][vc_row][vc_column][vc_column_text]\n<h4><span style=\"color: #6b2a30;\">SERVICES GRATUITS INCLUS DANS LES TARIFS DU S\u00c9JOUR<\/span><\/h4>\n<ul>\n<li><strong>Bien-\u00eatre<\/strong>: acc\u00e8s au Sauna et PiscinesThermales dot\u00e9es de circuit relax et jeux d\u2019eau.<\/li>\n<li><strong>Kit Spa:<\/strong>\u00a0Peignoir, drap de bain et bonnet de bain pour la dur\u00e9edus\u00e9jour.<\/li>\n<li><strong>Fitness<\/strong>: Cours quotidiens de Stretching, Aquagym et Pilates (du lundi au vendredi).<\/li>\n<li><strong>H\u00e9bergement<\/strong>: Place de voiture,Court de Tennis.<\/li>\n<li><strong>Confort<\/strong>: Connexion Wi-Fi Haut d\u00e9bit et TV Satellite dans les chambres. SKY Sport en salle de lecture.<\/li>\n<li><strong>Accessibilit\u00e9<\/strong>: chambres sans barri\u00e8res.<\/li>\n<li><strong>Divertissements<\/strong>: Ap\u00e9ritif de bienvenue, D\u00eener de Gala, Soir\u00e9e Vin &amp; Gastronomie.<\/li>\n<\/ul>\n<h4><span style=\"color: #6b2a30;\">SERVICES PAYANTS:<\/span><\/h4>\n<ul>\n<li><strong>D\u00e9part tardif<\/strong>\u00a0\u20ac 50.<\/li>\n<li><strong>Changement de chambre<\/strong>\u00a0\u20ac 30.<\/li>\n<li>Garage priv\u00e9 \u20ac 20.<\/li>\n<li>Repars hors pension \u20ac 38.<\/li>\n<li>Service de chambre, Panier voyage \u20ac 15.<\/li>\n<li>Location de voiture et v\u00e9lo, Golf Green Fee.<\/li>\n<li><strong>Territoire<\/strong>: Transfert priv\u00e9 Padoue Aller\/Retour (samedi apr\u00e8s-midi) \u20ac 5<\/li>\n<li><strong>Fitnes Card<\/strong>\u00a0\u20ac 5 par jour.<\/li>\n<\/ul>\n[\/vc_column_text][\/vc_column][\/vc_row]\n<\/section>","protected":false},"excerpt":{"rendered":"<p>[vc_row][vc_column][vc_column_text] Beaute\u0301 &#8211; Relaxation Centre de Bien-e\u0302tre, Aut. N\u00b0 18913 du 31\/12\/2009. Direction: Caterina Greggio, Spe\u0301cialiste en Esthe\u0301tique et Massage Bien-E\u0302tre: Prix de traitments Bien-E\u0302tre Massage complet du corps esth\u00e9tique ou antistress aux huiles 60&prime; \u20ac 100 Massage partiel du corps esth\u00e9tique ou antistress aux huiles 30&prime; \u20ac 55 Drainage lymphatique complet du corps esth\u00e9tique<\/p>\n","protected":false},"author":1,"featured_media":0,"parent":1156,"menu_order":0,"comment_status":"closed","ping_status":"closed","template":"","meta":{"_acf_changed":false,"footnotes":""},"acf":[],"yoast_head":"<!-- This site is optimized with the Yoast SEO plugin v23.5 - https:\/\/yoast.com\/wordpress\/plugins\/seo\/ -->\n<title>Prix Bien-e\u0302tre Abano Terme spa Italie du Nord<\/title>\n<meta name=\"description\" content=\"Un centre de beaut\u00e9 moderne dans le but de r\u00e9tablir l&#039;\u00e9quilibre mental et physique; Ceci est obtenu gr\u00e2ce \u00e0 une s\u00e9lection optimale de traitements holistiques et de cosm\u00e9tiques naturels. D\u00e9couvrez le prix.\" \/>\n<meta name=\"robots\" content=\"index, follow, max-snippet:-1, max-image-preview:large, max-video-preview:-1\" \/>\n<link rel=\"canonical\" href=\"https:\/\/www.ermitageterme.it\/fr\/prix\/bien-etre\/\" \/>\n<meta property=\"og:locale\" content=\"fr_FR\" \/>\n<meta property=\"og:type\" content=\"article\" \/>\n<meta property=\"og:title\" content=\"Prix Bien-e\u0302tre Abano Terme spa Italie du Nord\" \/>\n<meta property=\"og:description\" content=\"Un centre de beaut\u00e9 moderne dans le but de r\u00e9tablir l&#039;\u00e9quilibre mental et physique; Ceci est obtenu gr\u00e2ce \u00e0 une s\u00e9lection optimale de traitements holistiques et de cosm\u00e9tiques naturels. D\u00e9couvrez le prix.\" \/>\n<meta property=\"og:url\" content=\"https:\/\/www.ermitageterme.it\/fr\/prix\/bien-etre\/\" \/>\n<meta property=\"og:site_name\" content=\"ermitageterme.it\" \/>\n<meta property=\"article:modified_time\" content=\"2023-03-20T11:36:05+00:00\" \/>\n<meta name=\"twitter:card\" content=\"summary_large_image\" \/>\n<meta name=\"twitter:label1\" content=\"Dur\u00e9e de lecture estim\u00e9e\" \/>\n\t<meta name=\"twitter:data1\" content=\"2 minutes\" \/>\n<script type=\"application\/ld+json\" class=\"yoast-schema-graph\">{\"@context\":\"https:\/\/schema.org\",\"@graph\":[{\"@type\":\"WebPage\",\"@id\":\"https:\/\/www.ermitageterme.it\/fr\/prix\/bien-etre\/\",\"url\":\"https:\/\/www.ermitageterme.it\/fr\/prix\/bien-etre\/\",\"name\":\"Prix Bien-e\u0302tre Abano Terme spa Italie du Nord\",\"isPartOf\":{\"@id\":\"https:\/\/www.ermitageterme.it\/fr\/#website\"},\"datePublished\":\"2015-12-18T11:39:02+00:00\",\"dateModified\":\"2023-03-20T11:36:05+00:00\",\"description\":\"Un centre de beaut\u00e9 moderne dans le but de r\u00e9tablir l'\u00e9quilibre mental et physique; Ceci est obtenu gr\u00e2ce \u00e0 une s\u00e9lection optimale de traitements holistiques et de cosm\u00e9tiques naturels. D\u00e9couvrez le prix.\",\"breadcrumb\":{\"@id\":\"https:\/\/www.ermitageterme.it\/fr\/prix\/bien-etre\/#breadcrumb\"},\"inLanguage\":\"fr-FR\",\"potentialAction\":[{\"@type\":\"ReadAction\",\"target\":[\"https:\/\/www.ermitageterme.it\/fr\/prix\/bien-etre\/\"]}]},{\"@type\":\"BreadcrumbList\",\"@id\":\"https:\/\/www.ermitageterme.it\/fr\/prix\/bien-etre\/#breadcrumb\",\"itemListElement\":[{\"@type\":\"ListItem\",\"position\":1,\"name\":\"Home\",\"item\":\"https:\/\/www.ermitageterme.it\/fr\/\"},{\"@type\":\"ListItem\",\"position\":2,\"name\":\"Prix\",\"item\":\"https:\/\/www.ermitageterme.it\/fr\/prix\/\"},{\"@type\":\"ListItem\",\"position\":3,\"name\":\"Bien-e\u0302tre\"}]},{\"@type\":\"WebSite\",\"@id\":\"https:\/\/www.ermitageterme.it\/fr\/#website\",\"url\":\"https:\/\/www.ermitageterme.it\/fr\/\",\"name\":\"ermitageterme.it\",\"description\":\"Ermitage Bel Air\",\"potentialAction\":[{\"@type\":\"SearchAction\",\"target\":{\"@type\":\"EntryPoint\",\"urlTemplate\":\"https:\/\/www.ermitageterme.it\/fr\/?s={search_term_string}\"},\"query-input\":{\"@type\":\"PropertyValueSpecification\",\"valueRequired\":true,\"valueName\":\"search_term_string\"}}],\"inLanguage\":\"fr-FR\"}]}<\/script>\n<!-- \/ Yoast SEO plugin. -->","yoast_head_json":{"title":"Prix Bien-e\u0302tre Abano Terme spa Italie du Nord","description":"Un centre de beaut\u00e9 moderne dans le but de r\u00e9tablir l'\u00e9quilibre mental et physique; Ceci est obtenu gr\u00e2ce \u00e0 une s\u00e9lection optimale de traitements holistiques et de cosm\u00e9tiques naturels. D\u00e9couvrez le prix.","robots":{"index":"index","follow":"follow","max-snippet":"max-snippet:-1","max-image-preview":"max-image-preview:large","max-video-preview":"max-video-preview:-1"},"canonical":"https:\/\/www.ermitageterme.it\/fr\/prix\/bien-etre\/","og_locale":"fr_FR","og_type":"article","og_title":"Prix Bien-e\u0302tre Abano Terme spa Italie du Nord","og_description":"Un centre de beaut\u00e9 moderne dans le but de r\u00e9tablir l'\u00e9quilibre mental et physique; Ceci est obtenu gr\u00e2ce \u00e0 une s\u00e9lection optimale de traitements holistiques et de cosm\u00e9tiques naturels. D\u00e9couvrez le prix.","og_url":"https:\/\/www.ermitageterme.it\/fr\/prix\/bien-etre\/","og_site_name":"ermitageterme.it","article_modified_time":"2023-03-20T11:36:05+00:00","twitter_card":"summary_large_image","twitter_misc":{"Dur\u00e9e de lecture estim\u00e9e":"2 minutes"},"schema":{"@context":"https:\/\/schema.org","@graph":[{"@type":"WebPage","@id":"https:\/\/www.ermitageterme.it\/fr\/prix\/bien-etre\/","url":"https:\/\/www.ermitageterme.it\/fr\/prix\/bien-etre\/","name":"Prix Bien-e\u0302tre Abano Terme spa Italie du Nord","isPartOf":{"@id":"https:\/\/www.ermitageterme.it\/fr\/#website"},"datePublished":"2015-12-18T11:39:02+00:00","dateModified":"2023-03-20T11:36:05+00:00","description":"Un centre de beaut\u00e9 moderne dans le but de r\u00e9tablir l'\u00e9quilibre mental et physique; Ceci est obtenu gr\u00e2ce \u00e0 une s\u00e9lection optimale de traitements holistiques et de cosm\u00e9tiques naturels. D\u00e9couvrez le prix.","breadcrumb":{"@id":"https:\/\/www.ermitageterme.it\/fr\/prix\/bien-etre\/#breadcrumb"},"inLanguage":"fr-FR","potentialAction":[{"@type":"ReadAction","target":["https:\/\/www.ermitageterme.it\/fr\/prix\/bien-etre\/"]}]},{"@type":"BreadcrumbList","@id":"https:\/\/www.ermitageterme.it\/fr\/prix\/bien-etre\/#breadcrumb","itemListElement":[{"@type":"ListItem","position":1,"name":"Home","item":"https:\/\/www.ermitageterme.it\/fr\/"},{"@type":"ListItem","position":2,"name":"Prix","item":"https:\/\/www.ermitageterme.it\/fr\/prix\/"},{"@type":"ListItem","position":3,"name":"Bien-e\u0302tre"}]},{"@type":"WebSite","@id":"https:\/\/www.ermitageterme.it\/fr\/#website","url":"https:\/\/www.ermitageterme.it\/fr\/","name":"ermitageterme.it","description":"Ermitage Bel Air","potentialAction":[{"@type":"SearchAction","target":{"@type":"EntryPoint","urlTemplate":"https:\/\/www.ermitageterme.it\/fr\/?s={search_term_string}"},"query-input":{"@type":"PropertyValueSpecification","valueRequired":true,"valueName":"search_term_string"}}],"inLanguage":"fr-FR"}]}},"_links":{"self":[{"href":"https:\/\/www.ermitageterme.it\/fr\/wp-json\/wp\/v2\/pages\/2360"}],"collection":[{"href":"https:\/\/www.ermitageterme.it\/fr\/wp-json\/wp\/v2\/pages"}],"about":[{"href":"https:\/\/www.ermitageterme.it\/fr\/wp-json\/wp\/v2\/types\/page"}],"author":[{"embeddable":true,"href":"https:\/\/www.ermitageterme.it\/fr\/wp-json\/wp\/v2\/users\/1"}],"replies":[{"embeddable":true,"href":"https:\/\/www.ermitageterme.it\/fr\/wp-json\/wp\/v2\/comments?post=2360"}],"version-history":[{"count":3,"href":"https:\/\/www.ermitageterme.it\/fr\/wp-json\/wp\/v2\/pages\/2360\/revisions"}],"predecessor-version":[{"id":42468,"href":"https:\/\/www.ermitageterme.it\/fr\/wp-json\/wp\/v2\/pages\/2360\/revisions\/42468"}],"up":[{"embeddable":true,"href":"https:\/\/www.ermitageterme.it\/fr\/wp-json\/wp\/v2\/pages\/1156"}],"wp:attachment":[{"href":"https:\/\/www.ermitageterme.it\/fr\/wp-json\/wp\/v2\/media?parent=2360"}],"curies":[{"name":"wp","href":"https:\/\/api.w.org\/{rel}","templated":true}]}}