{"id":3510,"date":"2017-02-24T12:14:03","date_gmt":"2017-02-24T11:14:03","guid":{"rendered":"\/\/www.ermitageterme.it\/neurologie"},"modified":"2025-08-22T11:36:49","modified_gmt":"2025-08-22T09:36:49","slug":"neurologie","status":"publish","type":"page","link":"https:\/\/www.ermitageterme.it\/fr\/prix\/neurologie\/","title":{"rendered":"Neurologie"},"content":{"rendered":"<h4 style=\"color: #6b2a30;\">Neurologie:<\/h4>\n<p><b>Cabinet Spe\u0301cialise\u0301 de Re\u0301e\u0301ducation et Me\u0301decine Physique. Auto. N\u00b0 4067 du 16\/08\/2002. Centre Me\u0301dical spe\u0301cialise\u0301 de re\u0301e\u0301ducation et de Me\u0301decine Physique.<br \/>\n<\/b><b><br \/>\nDIRECTION SCIENTIFIQUE<\/b><br \/>\nDr. Simone Bernardini Spe\u0301cialiste en Physioth\u00e9rapie<b><\/b><\/p>\n<p><strong>SCIENTIFIC COMMITTEE<\/strong><br \/>\nProf. Angelo Antonini. Neurologue Universit\u00e9 de Padoue<\/p>\n<p>&nbsp;<\/p>\n<h4 style=\"color: #6b2a30;\">Neurologie:<\/h4>\n<h4 style=\"color: #6b2a30;\">Prix de r\u00e9habilitation neurologique<\/h4>\n<p>&nbsp;<\/p>\n<table>\n<tbody>\n<tr>\n<td>Consultation de r\u00e9adaptation avec un m\u00e9decin sp\u00e9cialis\u00e9 en m\u00e9decine physique de r\u00e9\u00e9ducation. (Obligatoire pour l\u2019\u00e9laboration du projet de r\u00e9\u00e9ducation individuelle)<\/td>\n<td>&#8212;<\/td>\n<td>\u20ac 150<\/td>\n<\/tr>\n<tr>\n<td>Deuxi\u00e8me consultation m\u00e9dicale sp\u00e9cialis\u00e9e de contr\u00f4le (dans les 3 mois suivant la premi\u00e8re visite)<\/td>\n<td>&#8212;<\/td>\n<td>\u20ac 70<\/td>\n<\/tr>\n<tr>\n<td>\u00c9chographie informatis\u00e9e de l\u2019appareil musculosquelettique<\/td>\n<td>&#8212;<\/td>\n<td>\u20ac 90<\/td>\n<\/tr>\n<tr>\n<td>Consultation m\u00e9dicale sp\u00e9cialis\u00e9e + \u00e9chographie informatis\u00e9e<\/td>\n<td>&#8212;<\/td>\n<td>\u20ac 190<\/td>\n<\/tr>\n<tr>\n<td>\u00c9valuation Robotique de la fonction Motrice et Neuromotrice avec le syst\u00e8me de Haute Technologie Hunova\u00ae \u00ab Movendo Tecnology \u00bb<\/td>\n<td>&#8212;<\/td>\n<td>\u20ac 60<\/td>\n<\/tr>\n<tr>\n<td>Consultation m\u00e9dicale sp\u00e9cialis\u00e9e neurologique<\/td>\n<td>&#8212;<\/td>\n<td>\u20ac 150<\/td>\n<\/tr>\n<tr>\n<td>Stimulation neurocognitive \/ soutien psychologique<\/td>\n<td>60\u2019<\/td>\n<td>\u20ac 100<\/td>\n<\/tr>\n<tr>\n<td>S\u00e9ance d\u2019orthophonie<\/td>\n<td>60&prime;<\/td>\n<td>\u20ac 100<\/td>\n<\/tr>\n<tr>\n<td>Physioth\u00e9rapie individuelle et assist\u00e9e en eau thermale<\/td>\n<td>30&prime;<\/td>\n<td>\u20ac\u00a060<\/td>\n<\/tr>\n<tr>\n<td>Physioth\u00e9rapie individuelle et assist\u00e9e en eau thermale<\/td>\n<td>45&prime;<\/td>\n<td>\u20ac 90<\/td>\n<\/tr>\n<tr>\n<td>Physioth\u00e9rapie individuelle et assist\u00e9e en eau thermale<\/td>\n<td>60&prime;<\/td>\n<td>\u20ac 120<\/td>\n<\/tr>\n<tr>\n<td>S\u00e9ance de physioth\u00e9rapie individuelle et assist\u00e9e<\/td>\n<td>30\u2019<\/td>\n<td>\u20ac 60<\/td>\n<\/tr>\n<tr>\n<td>S\u00e9ance de physioth\u00e9rapie individuelle et assist\u00e9e<\/td>\n<td>45&prime;<\/td>\n<td>\u20ac 90<\/td>\n<\/tr>\n<tr>\n<td>S\u00e9ance de physioth\u00e9rapie individuelle et assist\u00e9e<\/td>\n<td>60&prime;<\/td>\n<td>\u20ac 120<\/td>\n<\/tr>\n<tr>\n<td>Th\u00e9rapies physiques: th\u00e9rapie Laser, \u00c9lectroth\u00e9rapie, Crio, Ultrasons, Ionophor\u00e8se, Kinetec, Magneto, T\u00e9carth\u00e9rapie, Bemer<\/td>\n<td>15\u2019<\/td>\n<td>\u20ac 30<\/td>\n<\/tr>\n<tr>\n<td>Th\u00e9rapies physiques: th\u00e9rapie Laser, \u00c9lectroth\u00e9rapie, Crio, Ultrasons, Ionophor\u00e8se, Kinetec, Magneto, T\u00e9carth\u00e9rapie, Bemer<\/td>\n<td>30\u2019<\/td>\n<td>\u20ac 60<\/td>\n<\/tr>\n<\/tbody>\n<\/table>\n<h4><span style=\"color: #6b2a30;\">SERVICES GRATUITS INCLUS DANS LES TARIFS DU S\u00c9JOUR<\/span><\/h4>\n<ul>\n<li><strong>Bien-\u00eatre<\/strong>: acc\u00e8s au Sauna et PiscinesThermales dot\u00e9es de circuit relax et jeux d\u2019eau.<\/li>\n<li><strong>Un kit spa:<\/strong>\u00a0Peignoir, drap de bain et bonnet de bain pour la dur\u00e9edus\u00e9jour.<\/li>\n<li><strong>Fitness<\/strong>:CoursquotidiensdeStretching,Aquagymet Pilates (du lundi au vendredi).<\/li>\n<li><strong>H\u00e9bergement<\/strong>: Place de voiture,Court de Tennis.<\/li>\n<li><strong>Confort<\/strong>: Connexion Wi-Fi Haut d\u00e9bit et TV Satellite dans les chambres. SKY Sport en salle de lecture.<\/li>\n<li><strong>Accessibilit\u00e9<\/strong>: chambres sans barri\u00e8res.<\/li>\n<li><strong>Divertissements<\/strong>: Ap\u00e9ritif de bienvenue, D\u00eener de Gala, Soir\u00e9e Vin &amp; Gastronomie.<\/li>\n<\/ul>\n<h4><span style=\"color: #6b2a30;\">SERVICES PAYANTS:<\/span><\/h4>\n<ul>\n<li><strong>D\u00e9part tardif<\/strong>\u00a0\u20ac 50.<\/li>\n<li><strong>Changement de chambre<\/strong>\u00a0\u20ac 50.<\/li>\n<li><strong>Kit SPA changement<\/strong>\u00a0\u2013 Peignoir \u20ac 15.<\/li>\n<li><strong>Kit SPA changement<\/strong>\u00a0\u2013 Drap de bain \u20ac 5.<\/li>\n<li>Garage priv\u00e9 \u20ac 20.<\/li>\n<li>Repars hors pension \u20ac 40.<\/li>\n<li>Service de chambre, Panier voyage \u20ac 15.<\/li>\n<li>Location de voiture et v\u00e9lo, Golf Green Fee.<\/li>\n<li><strong>Territoire<\/strong>: Transfert priv\u00e9 Padoue Aller\/Retour (samedi apr\u00e8s-midi) \u20ac 5<\/li>\n<li><strong>Fitnes Card<\/strong>\u00a0\u20ac 5 par jour.<\/li>\n<li><strong>Minibus Co\u00fbts par personne Aller\/Retour<\/strong>: A\u00e9roport de Venise \u2013 Hotel \u20ac 120<\/li>\n<li><strong>Taxi priv\u00e9 Co\u00fbts Aller\/Retou<\/strong>r: A\u00e9roport de Venise \u2013 Hotel \u20ac 260, A\u00e9roport de Tr\u00e9vise: \u2013 Hotel \u20ac 290<\/li>\n<\/ul>\n<h4><span style=\"color: #6b2a30;\">ANIMAUX DOMESTIQUES:<\/span><\/h4>\n<p>Sans les repas 15\u20ac par jour seulement en chambre Suite avec acc\u00e8s au jardin.<\/p>\n","protected":false},"excerpt":{"rendered":"<p>Neurologie: Cabinet Spe\u0301cialise\u0301 de Re\u0301e\u0301ducation et Me\u0301decine Physique. Auto. N\u00b0 4067 du 16\/08\/2002. Centre Me\u0301dical spe\u0301cialise\u0301 de re\u0301e\u0301ducation et de Me\u0301decine Physique. DIRECTION SCIENTIFIQUE Dr. Simone Bernardini Spe\u0301cialiste en Physioth\u00e9rapie SCIENTIFIC COMMITTEE Prof. Angelo Antonini. Neurologue Universit\u00e9 de Padoue &nbsp; Neurologie: Prix de r\u00e9habilitation neurologique &nbsp; Consultation de r\u00e9adaptation avec un m\u00e9decin sp\u00e9cialis\u00e9 en m\u00e9decine<\/p>\n","protected":false},"author":3,"featured_media":0,"parent":1156,"menu_order":0,"comment_status":"closed","ping_status":"closed","template":"","meta":{"_acf_changed":false,"footnotes":""},"acf":[],"yoast_head":"<!-- This site is optimized with the Yoast SEO plugin v23.5 - https:\/\/yoast.com\/wordpress\/plugins\/seo\/ -->\n<title>Prix neurologisches rehabilitationszentrum Abano Terme Italie du Nord - ermitageterme.it<\/title>\n<meta name=\"description\" content=\"Prix neurologisches rehabilitationszentrum Abano. Cabinet Spe\u0301cialise\u0301 de Re\u0301e\u0301ducation et Me\u0301decine Physique. Auto. N\u00b0 4067 du 16\/08\/2002. Centre Me\u0301dical spe\u0301cialise\u0301 de re\u0301e\u0301ducation et de Me\u0301decine Physique.\" \/>\n<meta name=\"robots\" content=\"index, follow, max-snippet:-1, max-image-preview:large, max-video-preview:-1\" \/>\n<link rel=\"canonical\" href=\"https:\/\/www.ermitageterme.it\/fr\/prix\/neurologie\/\" \/>\n<meta property=\"og:locale\" content=\"fr_FR\" \/>\n<meta property=\"og:type\" content=\"article\" \/>\n<meta property=\"og:title\" content=\"Prix neurologisches rehabilitationszentrum Abano Terme Italie du Nord - ermitageterme.it\" \/>\n<meta property=\"og:description\" content=\"Prix neurologisches rehabilitationszentrum Abano. Cabinet Spe\u0301cialise\u0301 de Re\u0301e\u0301ducation et Me\u0301decine Physique. Auto. N\u00b0 4067 du 16\/08\/2002. Centre Me\u0301dical spe\u0301cialise\u0301 de re\u0301e\u0301ducation et de Me\u0301decine Physique.\" \/>\n<meta property=\"og:url\" content=\"https:\/\/www.ermitageterme.it\/fr\/prix\/neurologie\/\" \/>\n<meta property=\"og:site_name\" content=\"ermitageterme.it\" \/>\n<meta property=\"article:modified_time\" content=\"2025-08-22T09:36:49+00:00\" \/>\n<meta name=\"twitter:card\" content=\"summary_large_image\" \/>\n<meta name=\"twitter:label1\" content=\"Dur\u00e9e de lecture estim\u00e9e\" \/>\n\t<meta name=\"twitter:data1\" content=\"3 minutes\" \/>\n<script type=\"application\/ld+json\" class=\"yoast-schema-graph\">{\"@context\":\"https:\/\/schema.org\",\"@graph\":[{\"@type\":\"WebPage\",\"@id\":\"https:\/\/www.ermitageterme.it\/fr\/prix\/neurologie\/\",\"url\":\"https:\/\/www.ermitageterme.it\/fr\/prix\/neurologie\/\",\"name\":\"Prix neurologisches rehabilitationszentrum Abano Terme Italie du Nord - ermitageterme.it\",\"isPartOf\":{\"@id\":\"https:\/\/www.ermitageterme.it\/fr\/#website\"},\"datePublished\":\"2017-02-24T11:14:03+00:00\",\"dateModified\":\"2025-08-22T09:36:49+00:00\",\"description\":\"Prix neurologisches rehabilitationszentrum Abano. Cabinet Spe\u0301cialise\u0301 de Re\u0301e\u0301ducation et Me\u0301decine Physique. Auto. N\u00b0 4067 du 16\/08\/2002. Centre Me\u0301dical spe\u0301cialise\u0301 de re\u0301e\u0301ducation et de Me\u0301decine Physique.\",\"breadcrumb\":{\"@id\":\"https:\/\/www.ermitageterme.it\/fr\/prix\/neurologie\/#breadcrumb\"},\"inLanguage\":\"fr-FR\",\"potentialAction\":[{\"@type\":\"ReadAction\",\"target\":[\"https:\/\/www.ermitageterme.it\/fr\/prix\/neurologie\/\"]}]},{\"@type\":\"BreadcrumbList\",\"@id\":\"https:\/\/www.ermitageterme.it\/fr\/prix\/neurologie\/#breadcrumb\",\"itemListElement\":[{\"@type\":\"ListItem\",\"position\":1,\"name\":\"Home\",\"item\":\"https:\/\/www.ermitageterme.it\/fr\/\"},{\"@type\":\"ListItem\",\"position\":2,\"name\":\"Prix\",\"item\":\"https:\/\/www.ermitageterme.it\/fr\/prix\/\"},{\"@type\":\"ListItem\",\"position\":3,\"name\":\"Neurologie\"}]},{\"@type\":\"WebSite\",\"@id\":\"https:\/\/www.ermitageterme.it\/fr\/#website\",\"url\":\"https:\/\/www.ermitageterme.it\/fr\/\",\"name\":\"ermitageterme.it\",\"description\":\"Ermitage Bel Air\",\"potentialAction\":[{\"@type\":\"SearchAction\",\"target\":{\"@type\":\"EntryPoint\",\"urlTemplate\":\"https:\/\/www.ermitageterme.it\/fr\/?s={search_term_string}\"},\"query-input\":{\"@type\":\"PropertyValueSpecification\",\"valueRequired\":true,\"valueName\":\"search_term_string\"}}],\"inLanguage\":\"fr-FR\"}]}<\/script>\n<!-- \/ Yoast SEO plugin. -->","yoast_head_json":{"title":"Prix neurologisches rehabilitationszentrum Abano Terme Italie du Nord - ermitageterme.it","description":"Prix neurologisches rehabilitationszentrum Abano. Cabinet Spe\u0301cialise\u0301 de Re\u0301e\u0301ducation et Me\u0301decine Physique. Auto. N\u00b0 4067 du 16\/08\/2002. Centre Me\u0301dical spe\u0301cialise\u0301 de re\u0301e\u0301ducation et de Me\u0301decine Physique.","robots":{"index":"index","follow":"follow","max-snippet":"max-snippet:-1","max-image-preview":"max-image-preview:large","max-video-preview":"max-video-preview:-1"},"canonical":"https:\/\/www.ermitageterme.it\/fr\/prix\/neurologie\/","og_locale":"fr_FR","og_type":"article","og_title":"Prix neurologisches rehabilitationszentrum Abano Terme Italie du Nord - ermitageterme.it","og_description":"Prix neurologisches rehabilitationszentrum Abano. Cabinet Spe\u0301cialise\u0301 de Re\u0301e\u0301ducation et Me\u0301decine Physique. Auto. N\u00b0 4067 du 16\/08\/2002. Centre Me\u0301dical spe\u0301cialise\u0301 de re\u0301e\u0301ducation et de Me\u0301decine Physique.","og_url":"https:\/\/www.ermitageterme.it\/fr\/prix\/neurologie\/","og_site_name":"ermitageterme.it","article_modified_time":"2025-08-22T09:36:49+00:00","twitter_card":"summary_large_image","twitter_misc":{"Dur\u00e9e de lecture estim\u00e9e":"3 minutes"},"schema":{"@context":"https:\/\/schema.org","@graph":[{"@type":"WebPage","@id":"https:\/\/www.ermitageterme.it\/fr\/prix\/neurologie\/","url":"https:\/\/www.ermitageterme.it\/fr\/prix\/neurologie\/","name":"Prix neurologisches rehabilitationszentrum Abano Terme Italie du Nord - ermitageterme.it","isPartOf":{"@id":"https:\/\/www.ermitageterme.it\/fr\/#website"},"datePublished":"2017-02-24T11:14:03+00:00","dateModified":"2025-08-22T09:36:49+00:00","description":"Prix neurologisches rehabilitationszentrum Abano. Cabinet Spe\u0301cialise\u0301 de Re\u0301e\u0301ducation et Me\u0301decine Physique. Auto. N\u00b0 4067 du 16\/08\/2002. Centre Me\u0301dical spe\u0301cialise\u0301 de re\u0301e\u0301ducation et de Me\u0301decine Physique.","breadcrumb":{"@id":"https:\/\/www.ermitageterme.it\/fr\/prix\/neurologie\/#breadcrumb"},"inLanguage":"fr-FR","potentialAction":[{"@type":"ReadAction","target":["https:\/\/www.ermitageterme.it\/fr\/prix\/neurologie\/"]}]},{"@type":"BreadcrumbList","@id":"https:\/\/www.ermitageterme.it\/fr\/prix\/neurologie\/#breadcrumb","itemListElement":[{"@type":"ListItem","position":1,"name":"Home","item":"https:\/\/www.ermitageterme.it\/fr\/"},{"@type":"ListItem","position":2,"name":"Prix","item":"https:\/\/www.ermitageterme.it\/fr\/prix\/"},{"@type":"ListItem","position":3,"name":"Neurologie"}]},{"@type":"WebSite","@id":"https:\/\/www.ermitageterme.it\/fr\/#website","url":"https:\/\/www.ermitageterme.it\/fr\/","name":"ermitageterme.it","description":"Ermitage Bel Air","potentialAction":[{"@type":"SearchAction","target":{"@type":"EntryPoint","urlTemplate":"https:\/\/www.ermitageterme.it\/fr\/?s={search_term_string}"},"query-input":{"@type":"PropertyValueSpecification","valueRequired":true,"valueName":"search_term_string"}}],"inLanguage":"fr-FR"}]}},"_links":{"self":[{"href":"https:\/\/www.ermitageterme.it\/fr\/wp-json\/wp\/v2\/pages\/3510"}],"collection":[{"href":"https:\/\/www.ermitageterme.it\/fr\/wp-json\/wp\/v2\/pages"}],"about":[{"href":"https:\/\/www.ermitageterme.it\/fr\/wp-json\/wp\/v2\/types\/page"}],"author":[{"embeddable":true,"href":"https:\/\/www.ermitageterme.it\/fr\/wp-json\/wp\/v2\/users\/3"}],"replies":[{"embeddable":true,"href":"https:\/\/www.ermitageterme.it\/fr\/wp-json\/wp\/v2\/comments?post=3510"}],"version-history":[{"count":6,"href":"https:\/\/www.ermitageterme.it\/fr\/wp-json\/wp\/v2\/pages\/3510\/revisions"}],"predecessor-version":[{"id":52054,"href":"https:\/\/www.ermitageterme.it\/fr\/wp-json\/wp\/v2\/pages\/3510\/revisions\/52054"}],"up":[{"embeddable":true,"href":"https:\/\/www.ermitageterme.it\/fr\/wp-json\/wp\/v2\/pages\/1156"}],"wp:attachment":[{"href":"https:\/\/www.ermitageterme.it\/fr\/wp-json\/wp\/v2\/media?parent=3510"}],"curies":[{"name":"wp","href":"https:\/\/api.w.org\/{rel}","templated":true}]}}