{"id":4781,"date":"2017-10-11T10:04:35","date_gmt":"2017-10-11T08:04:35","guid":{"rendered":"\/\/www.ermitageterme.it\/ce-sont-les-personnes-qui-font-la-difference"},"modified":"2018-03-14T10:42:01","modified_gmt":"2018-03-14T09:42:01","slug":"ce-sont-les-personnes-qui-font-la-difference","status":"publish","type":"page","link":"https:\/\/www.ermitageterme.it\/fr\/qui-sommes-nous\/ce-sont-les-personnes-qui-font-la-difference\/","title":{"rendered":"Ce sont les personnes qui font la diff\u00e9rence"},"content":{"rendered":"<section class=\"wpb-content-wrapper\">[vc_row][vc_column][vc_column_text]La Famille Maggia s&rsquo;engage \u00e0 conserver de fa\u00e7on directe une tradition qui dure depuis 4 g\u00e9n\u00e9rations et s&rsquo;appuie exclusivement sur des collaborateurs tr\u00e8s qualifi\u00e9s auxquels elle garantit un rapport de collaboration stable et un programme de formation continu.<\/p>\n<p>Les contrats d&rsquo;externalisation et la pr\u00e9carisation du travail, aujourd&rsquo;hui tr\u00e8s r\u00e9pandus dans notre secteur, ne sont pas conciliables avec l&rsquo;id\u00e9e que nous nous faisons de l&rsquo;hospitalit\u00e9, de la sant\u00e9 et du bien-\u00eatre.[\/vc_column_text][vc_images_carousel images=\u00a0\u00bb7652,7651,7650,7649,7648,7647,7646,7645,7644,7643,7642,7641,7640,7639,7638,7637,7636,7635,7634,7633,7632,7631,7630&Prime; img_size=\u00a0\u00bbfull\u00a0\u00bb onclick=\u00a0\u00bblink_no\u00a0\u00bb slides_per_view=\u00a0\u00bb3&Prime; autoplay=\u00a0\u00bbyes\u00a0\u00bb hide_pagination_control=\u00a0\u00bbyes\u00a0\u00bb wrap=\u00a0\u00bbyes\u00a0\u00bb][vc_column_text]\n<h1 class=\"page-title\">Medical Hotel Concept<\/h1>\n[\/vc_column_text][vc_single_image image=\u00a0\u00bb5108&Prime; img_size=\u00a0\u00bbfull\u00a0\u00bb][vc_column_text]Services de thermes et bien-\u00eatre parfaitement int\u00e9gr\u00e9s avec un centre moderne de r\u00e9\u00e9ducation et\u00a0m\u00e9decine Physique. Un syst\u00e8me de services complet qui r\u00e9pond aux besoins de pr\u00e9vention et de\u00a0r\u00e9\u00e9ducation de chaque h\u00f4te, en personnalisant le parcours de cure selon ses besoins gr\u00e2ce \u00e0 une\u00a0consultation m\u00e9dicale sp\u00e9cialis\u00e9e compl\u00e8te: Orthop\u00e9dique, Neurologique, Lymphologique et Nutritionnelle.<br \/>\nC\u2019est pourquoi les principales assurances priv\u00e9es italiennes ont d\u00e9cid\u00e9 d\u2019op\u00e9rer dans un\u00a0r\u00e9gime de convention directe avec notre centre de m\u00e9decine sp\u00e9cialis\u00e9e.[\/vc_column_text][\/vc_column][\/vc_row]\n<\/section>","protected":false},"excerpt":{"rendered":"<p>[vc_row][vc_column][vc_column_text]La Famille Maggia s&rsquo;engage \u00e0 conserver de fa\u00e7on directe une tradition qui dure depuis 4 g\u00e9n\u00e9rations et s&rsquo;appuie exclusivement sur des collaborateurs tr\u00e8s qualifi\u00e9s auxquels elle garantit un rapport de collaboration stable et un programme de formation continu. Les contrats d&rsquo;externalisation et la pr\u00e9carisation du travail, aujourd&rsquo;hui tr\u00e8s r\u00e9pandus dans notre secteur, ne sont pas<\/p>\n","protected":false},"author":1,"featured_media":0,"parent":1246,"menu_order":9,"comment_status":"closed","ping_status":"closed","template":"","meta":{"_acf_changed":false,"footnotes":""},"acf":[],"yoast_head":"<!-- This site is optimized with the Yoast SEO plugin v23.5 - https:\/\/yoast.com\/wordpress\/plugins\/seo\/ -->\n<title>Ce sont les personnes qui font la diff\u00e9rence - ermitageterme.it<\/title>\n<meta name=\"robots\" content=\"index, follow, max-snippet:-1, max-image-preview:large, max-video-preview:-1\" \/>\n<link rel=\"canonical\" href=\"https:\/\/www.ermitageterme.it\/fr\/qui-sommes-nous\/ce-sont-les-personnes-qui-font-la-difference\/\" \/>\n<meta property=\"og:locale\" content=\"fr_FR\" \/>\n<meta property=\"og:type\" content=\"article\" \/>\n<meta property=\"og:title\" content=\"Ce sont les personnes qui font la diff\u00e9rence - ermitageterme.it\" \/>\n<meta property=\"og:description\" content=\"[vc_row][vc_column][vc_column_text]La Famille Maggia s&rsquo;engage \u00e0 conserver de fa\u00e7on directe une tradition qui dure depuis 4 g\u00e9n\u00e9rations et s&rsquo;appuie exclusivement sur des collaborateurs tr\u00e8s qualifi\u00e9s auxquels elle garantit un rapport de collaboration stable et un programme de formation continu. Les contrats d&rsquo;externalisation et la pr\u00e9carisation du travail, aujourd&rsquo;hui tr\u00e8s r\u00e9pandus dans notre secteur, ne sont pas\" \/>\n<meta property=\"og:url\" content=\"https:\/\/www.ermitageterme.it\/fr\/qui-sommes-nous\/ce-sont-les-personnes-qui-font-la-difference\/\" \/>\n<meta property=\"og:site_name\" content=\"ermitageterme.it\" \/>\n<meta property=\"article:modified_time\" content=\"2018-03-14T09:42:01+00:00\" \/>\n<meta name=\"twitter:card\" content=\"summary_large_image\" \/>\n<meta name=\"twitter:label1\" content=\"Dur\u00e9e de lecture estim\u00e9e\" \/>\n\t<meta name=\"twitter:data1\" content=\"1 minute\" \/>\n<script type=\"application\/ld+json\" class=\"yoast-schema-graph\">{\"@context\":\"https:\/\/schema.org\",\"@graph\":[{\"@type\":\"WebPage\",\"@id\":\"https:\/\/www.ermitageterme.it\/fr\/qui-sommes-nous\/ce-sont-les-personnes-qui-font-la-difference\/\",\"url\":\"https:\/\/www.ermitageterme.it\/fr\/qui-sommes-nous\/ce-sont-les-personnes-qui-font-la-difference\/\",\"name\":\"Ce sont les personnes qui font la diff\u00e9rence - ermitageterme.it\",\"isPartOf\":{\"@id\":\"https:\/\/www.ermitageterme.it\/fr\/#website\"},\"datePublished\":\"2017-10-11T08:04:35+00:00\",\"dateModified\":\"2018-03-14T09:42:01+00:00\",\"breadcrumb\":{\"@id\":\"https:\/\/www.ermitageterme.it\/fr\/qui-sommes-nous\/ce-sont-les-personnes-qui-font-la-difference\/#breadcrumb\"},\"inLanguage\":\"fr-FR\",\"potentialAction\":[{\"@type\":\"ReadAction\",\"target\":[\"https:\/\/www.ermitageterme.it\/fr\/qui-sommes-nous\/ce-sont-les-personnes-qui-font-la-difference\/\"]}]},{\"@type\":\"BreadcrumbList\",\"@id\":\"https:\/\/www.ermitageterme.it\/fr\/qui-sommes-nous\/ce-sont-les-personnes-qui-font-la-difference\/#breadcrumb\",\"itemListElement\":[{\"@type\":\"ListItem\",\"position\":1,\"name\":\"Home\",\"item\":\"https:\/\/www.ermitageterme.it\/fr\/\"},{\"@type\":\"ListItem\",\"position\":2,\"name\":\"Qui Sommes-Nous\",\"item\":\"https:\/\/www.ermitageterme.it\/fr\/qui-sommes-nous\/\"},{\"@type\":\"ListItem\",\"position\":3,\"name\":\"Ce sont les personnes qui font la diff\u00e9rence\"}]},{\"@type\":\"WebSite\",\"@id\":\"https:\/\/www.ermitageterme.it\/fr\/#website\",\"url\":\"https:\/\/www.ermitageterme.it\/fr\/\",\"name\":\"ermitageterme.it\",\"description\":\"Ermitage Bel Air\",\"potentialAction\":[{\"@type\":\"SearchAction\",\"target\":{\"@type\":\"EntryPoint\",\"urlTemplate\":\"https:\/\/www.ermitageterme.it\/fr\/?s={search_term_string}\"},\"query-input\":{\"@type\":\"PropertyValueSpecification\",\"valueRequired\":true,\"valueName\":\"search_term_string\"}}],\"inLanguage\":\"fr-FR\"}]}<\/script>\n<!-- \/ Yoast SEO plugin. -->","yoast_head_json":{"title":"Ce sont les personnes qui font la diff\u00e9rence - ermitageterme.it","robots":{"index":"index","follow":"follow","max-snippet":"max-snippet:-1","max-image-preview":"max-image-preview:large","max-video-preview":"max-video-preview:-1"},"canonical":"https:\/\/www.ermitageterme.it\/fr\/qui-sommes-nous\/ce-sont-les-personnes-qui-font-la-difference\/","og_locale":"fr_FR","og_type":"article","og_title":"Ce sont les personnes qui font la diff\u00e9rence - ermitageterme.it","og_description":"[vc_row][vc_column][vc_column_text]La Famille Maggia s&rsquo;engage \u00e0 conserver de fa\u00e7on directe une tradition qui dure depuis 4 g\u00e9n\u00e9rations et s&rsquo;appuie exclusivement sur des collaborateurs tr\u00e8s qualifi\u00e9s auxquels elle garantit un rapport de collaboration stable et un programme de formation continu. Les contrats d&rsquo;externalisation et la pr\u00e9carisation du travail, aujourd&rsquo;hui tr\u00e8s r\u00e9pandus dans notre secteur, ne sont pas","og_url":"https:\/\/www.ermitageterme.it\/fr\/qui-sommes-nous\/ce-sont-les-personnes-qui-font-la-difference\/","og_site_name":"ermitageterme.it","article_modified_time":"2018-03-14T09:42:01+00:00","twitter_card":"summary_large_image","twitter_misc":{"Dur\u00e9e de lecture estim\u00e9e":"1 minute"},"schema":{"@context":"https:\/\/schema.org","@graph":[{"@type":"WebPage","@id":"https:\/\/www.ermitageterme.it\/fr\/qui-sommes-nous\/ce-sont-les-personnes-qui-font-la-difference\/","url":"https:\/\/www.ermitageterme.it\/fr\/qui-sommes-nous\/ce-sont-les-personnes-qui-font-la-difference\/","name":"Ce sont les personnes qui font la diff\u00e9rence - ermitageterme.it","isPartOf":{"@id":"https:\/\/www.ermitageterme.it\/fr\/#website"},"datePublished":"2017-10-11T08:04:35+00:00","dateModified":"2018-03-14T09:42:01+00:00","breadcrumb":{"@id":"https:\/\/www.ermitageterme.it\/fr\/qui-sommes-nous\/ce-sont-les-personnes-qui-font-la-difference\/#breadcrumb"},"inLanguage":"fr-FR","potentialAction":[{"@type":"ReadAction","target":["https:\/\/www.ermitageterme.it\/fr\/qui-sommes-nous\/ce-sont-les-personnes-qui-font-la-difference\/"]}]},{"@type":"BreadcrumbList","@id":"https:\/\/www.ermitageterme.it\/fr\/qui-sommes-nous\/ce-sont-les-personnes-qui-font-la-difference\/#breadcrumb","itemListElement":[{"@type":"ListItem","position":1,"name":"Home","item":"https:\/\/www.ermitageterme.it\/fr\/"},{"@type":"ListItem","position":2,"name":"Qui Sommes-Nous","item":"https:\/\/www.ermitageterme.it\/fr\/qui-sommes-nous\/"},{"@type":"ListItem","position":3,"name":"Ce sont les personnes qui font la diff\u00e9rence"}]},{"@type":"WebSite","@id":"https:\/\/www.ermitageterme.it\/fr\/#website","url":"https:\/\/www.ermitageterme.it\/fr\/","name":"ermitageterme.it","description":"Ermitage Bel Air","potentialAction":[{"@type":"SearchAction","target":{"@type":"EntryPoint","urlTemplate":"https:\/\/www.ermitageterme.it\/fr\/?s={search_term_string}"},"query-input":{"@type":"PropertyValueSpecification","valueRequired":true,"valueName":"search_term_string"}}],"inLanguage":"fr-FR"}]}},"_links":{"self":[{"href":"https:\/\/www.ermitageterme.it\/fr\/wp-json\/wp\/v2\/pages\/4781"}],"collection":[{"href":"https:\/\/www.ermitageterme.it\/fr\/wp-json\/wp\/v2\/pages"}],"about":[{"href":"https:\/\/www.ermitageterme.it\/fr\/wp-json\/wp\/v2\/types\/page"}],"author":[{"embeddable":true,"href":"https:\/\/www.ermitageterme.it\/fr\/wp-json\/wp\/v2\/users\/1"}],"replies":[{"embeddable":true,"href":"https:\/\/www.ermitageterme.it\/fr\/wp-json\/wp\/v2\/comments?post=4781"}],"version-history":[{"count":0,"href":"https:\/\/www.ermitageterme.it\/fr\/wp-json\/wp\/v2\/pages\/4781\/revisions"}],"up":[{"embeddable":true,"href":"https:\/\/www.ermitageterme.it\/fr\/wp-json\/wp\/v2\/pages\/1246"}],"wp:attachment":[{"href":"https:\/\/www.ermitageterme.it\/fr\/wp-json\/wp\/v2\/media?parent=4781"}],"curies":[{"name":"wp","href":"https:\/\/api.w.org\/{rel}","templated":true}]}}