{"id":655,"date":"2015-09-15T12:44:22","date_gmt":"2015-09-15T10:44:22","guid":{"rendered":"\/\/www.ermitageterme.it\/home"},"modified":"2022-09-13T10:55:53","modified_gmt":"2022-09-13T08:55:53","slug":"home","status":"publish","type":"page","link":"https:\/\/www.ermitageterme.it\/fr\/","title":{"rendered":"Home fr"},"content":{"rendered":"<h1 style=\"text-align: center;\">Hotel 4 \u00e9toiles\u00a0\u00e0 Abano Terme<\/h1>\n<p>L\u2019<strong>Ermitage Bel Air est un Medical Hotel 4<\/strong> \u00e9toiles dot\u00e9 d\u2019un \u00e9tablissement thermal et d\u2019un centre m\u00e9dical sp\u00e9cialis\u00e9 de r\u00e9\u00e9ducation et m\u00e9decine physique interne \u00e0 la structure du complexe thermal. Situ\u00e9 \u00e0 Monteortone \u00e0 un kilom\u00e8tre de la c\u00e9l\u00e8bre localit\u00e9 thermale d\u2019<strong>Abano Terme<\/strong>. L\u2019h\u00f4tel quatre \u00e9toiles Ermitage Bel Air offre des programmes de s\u00e9jour et de cure r\u00e9sidentielle en mesure de compl\u00e9ter les cures thermales classiques par des traitements m\u00e9dicaux vou\u00e9s \u00e0 la <a href=\"\/fr\/services-de-sante\/perte-de-poids-et-style-de-vie\/\">pr\u00e9vention cardiovasculaire<\/a> et \u00e0 la <a href=\"\/fr\/services-de-sante\/reeducation-physique\/\">r\u00e9\u00e9ducation physique<\/a>.<\/p>\n<p style=\"text-align: center;\"><a class=\"toggler\">Tout lire<\/a><\/p>\n<div class=\"field field-name-field-descrizione-nascosta field-type-text-with-summary field-label-hidden view-mode-full\">Tous les services de s\u00e9jour et bien-\u00eatre sont d\u00e9pourvus de barri\u00e8res architecturales et totalement accessibles aux porteurs de handicaps. La r\u00e9\u00e9ducation physique est vou\u00e9e de fa\u00e7on sp\u00e9cifique \u00e0 la r\u00e9cup\u00e9ration motrice en pr\u00e9sence de <a href=\"\/fr\/tarifs\/programmes\/reeducation-physique\/orthopedie\/\">pathologies orthop\u00e9diques<\/a> (suites de proth\u00e8se de la hanche et du genou, traumatismes et suites d\u2019interventions chirurgicales) ou <a href=\"\/fr\/tarifs\/programmes\/reeducation-physique\/neurologie-fr\/\">neurologiques<\/a> comme Parkinson ou suites d\u2019Ictus. Le secteur <a href=\"\/fr\/tarifs\/programmes\/reeducation-physique\/lymphologie-fr\/\">lymphatique<\/a> se consacre au traitement du lymph\u0153d\u00e8me primaire et secondaire. Le secteur de la pr\u00e9vention se consacre en revanche \u00e0 pr\u00e9venir et r\u00e9duire les principaux facteurs li\u00e9s au risque cardiovasculaire tels que le surpoids, le cholest\u00e9rol, le diab\u00e8te de type 2 et de mauvais styles de vie. Ermitage Medical Hotel se propose comme le meilleur partenaire de vos vacances sant\u00e9 et a \u00e9t\u00e9 \u00e9lu meilleur h\u00f4tel accessible en Italie aussi bien en 2017 qu\u2019en 2018. Enfin, un secteur senior est disponible avec des programmes consacr\u00e9s \u00e0 l\u2019autonomie et \u00e0 la vie active des h\u00f4tes <a href=\"https:\/\/www.ermitageterme.it\/fr\/services-de-sante\/section-des-sejours-sans-souci-pour-les-seniors\/\">seniors<\/a>. Plaisir et Sant\u00e9 dans un environnement s\u00fbr qui encourage la vie active \u00e0 tout \u00e2ge.<\/div>\n<p style=\"text-align: center;\"><a class=\"toggler1\">Ferme<\/a><\/p>\n","protected":false},"excerpt":{"rendered":"<p>Hotel 4 \u00e9toiles\u00a0\u00e0 Abano Terme L\u2019Ermitage Bel Air est un Medical Hotel 4 \u00e9toiles dot\u00e9 d\u2019un \u00e9tablissement thermal et d\u2019un centre m\u00e9dical sp\u00e9cialis\u00e9 de r\u00e9\u00e9ducation et m\u00e9decine physique interne \u00e0 la structure du complexe thermal. Situ\u00e9 \u00e0 Monteortone \u00e0 un kilom\u00e8tre de la c\u00e9l\u00e8bre localit\u00e9 thermale d\u2019Abano Terme. L\u2019h\u00f4tel quatre \u00e9toiles Ermitage Bel Air offre<\/p>\n","protected":false},"author":1,"featured_media":0,"parent":0,"menu_order":37,"comment_status":"closed","ping_status":"closed","template":"","meta":{"_acf_changed":false,"footnotes":""},"acf":[],"yoast_head":"<!-- This site is optimized with the Yoast SEO plugin v23.5 - https:\/\/yoast.com\/wordpress\/plugins\/seo\/ -->\n<title>Hotel spa Italie Abano, H\u00f4tel 4 \u00e9toiles avec spa Abano Terme en Italie du Nord - ermitageterme.it<\/title>\n<meta name=\"description\" content=\"Hotel spa Italie Abano. Ermitage Bel Air Hotel - H\u00f4tel 4 \u00e9toiles Abano Terme de bien-\u00eatre et spa avec piscines, boue et centre de bien-\u00eatre. Hotel avec spa Abano.\" \/>\n<meta name=\"robots\" content=\"index, follow, max-snippet:-1, max-image-preview:large, max-video-preview:-1\" \/>\n<link rel=\"canonical\" href=\"https:\/\/www.ermitageterme.it\/fr\/\" \/>\n<meta property=\"og:locale\" content=\"fr_FR\" \/>\n<meta property=\"og:type\" content=\"article\" \/>\n<meta property=\"og:title\" content=\"Hotel spa Italie Abano, H\u00f4tel 4 \u00e9toiles avec spa Abano Terme en Italie du Nord - ermitageterme.it\" \/>\n<meta property=\"og:description\" content=\"Hotel spa Italie Abano. Ermitage Bel Air Hotel - H\u00f4tel 4 \u00e9toiles Abano Terme de bien-\u00eatre et spa avec piscines, boue et centre de bien-\u00eatre. Hotel avec spa Abano.\" \/>\n<meta property=\"og:url\" content=\"https:\/\/www.ermitageterme.it\/fr\/\" \/>\n<meta property=\"og:site_name\" content=\"ermitageterme.it\" \/>\n<meta property=\"article:modified_time\" content=\"2022-09-13T08:55:53+00:00\" \/>\n<meta name=\"twitter:card\" content=\"summary_large_image\" \/>\n<meta name=\"twitter:label1\" content=\"Dur\u00e9e de lecture estim\u00e9e\" \/>\n\t<meta name=\"twitter:data1\" content=\"1 minute\" \/>\n<script type=\"application\/ld+json\" class=\"yoast-schema-graph\">{\"@context\":\"https:\/\/schema.org\",\"@graph\":[{\"@type\":\"WebPage\",\"@id\":\"https:\/\/www.ermitageterme.it\/fr\/\",\"url\":\"https:\/\/www.ermitageterme.it\/fr\/\",\"name\":\"Hotel spa Italie Abano, H\u00f4tel 4 \u00e9toiles avec spa Abano Terme en Italie du Nord - ermitageterme.it\",\"isPartOf\":{\"@id\":\"https:\/\/www.ermitageterme.it\/fr\/#website\"},\"datePublished\":\"2015-09-15T10:44:22+00:00\",\"dateModified\":\"2022-09-13T08:55:53+00:00\",\"description\":\"Hotel spa Italie Abano. Ermitage Bel Air Hotel - H\u00f4tel 4 \u00e9toiles Abano Terme de bien-\u00eatre et spa avec piscines, boue et centre de bien-\u00eatre. Hotel avec spa Abano.\",\"breadcrumb\":{\"@id\":\"https:\/\/www.ermitageterme.it\/fr\/#breadcrumb\"},\"inLanguage\":\"fr-FR\",\"potentialAction\":[{\"@type\":\"ReadAction\",\"target\":[\"https:\/\/www.ermitageterme.it\/fr\/\"]}]},{\"@type\":\"BreadcrumbList\",\"@id\":\"https:\/\/www.ermitageterme.it\/fr\/#breadcrumb\",\"itemListElement\":[{\"@type\":\"ListItem\",\"position\":1,\"name\":\"Home\",\"item\":\"https:\/\/www.ermitageterme.it\/fr\/\"},{\"@type\":\"ListItem\",\"position\":2,\"name\":\"Home fr\"}]},{\"@type\":\"WebSite\",\"@id\":\"https:\/\/www.ermitageterme.it\/fr\/#website\",\"url\":\"https:\/\/www.ermitageterme.it\/fr\/\",\"name\":\"ermitageterme.it\",\"description\":\"Ermitage Bel Air\",\"potentialAction\":[{\"@type\":\"SearchAction\",\"target\":{\"@type\":\"EntryPoint\",\"urlTemplate\":\"https:\/\/www.ermitageterme.it\/fr\/?s={search_term_string}\"},\"query-input\":{\"@type\":\"PropertyValueSpecification\",\"valueRequired\":true,\"valueName\":\"search_term_string\"}}],\"inLanguage\":\"fr-FR\"}]}<\/script>\n<!-- \/ Yoast SEO plugin. -->","yoast_head_json":{"title":"Hotel spa Italie Abano, H\u00f4tel 4 \u00e9toiles avec spa Abano Terme en Italie du Nord - ermitageterme.it","description":"Hotel spa Italie Abano. Ermitage Bel Air Hotel - H\u00f4tel 4 \u00e9toiles Abano Terme de bien-\u00eatre et spa avec piscines, boue et centre de bien-\u00eatre. Hotel avec spa Abano.","robots":{"index":"index","follow":"follow","max-snippet":"max-snippet:-1","max-image-preview":"max-image-preview:large","max-video-preview":"max-video-preview:-1"},"canonical":"https:\/\/www.ermitageterme.it\/fr\/","og_locale":"fr_FR","og_type":"article","og_title":"Hotel spa Italie Abano, H\u00f4tel 4 \u00e9toiles avec spa Abano Terme en Italie du Nord - ermitageterme.it","og_description":"Hotel spa Italie Abano. Ermitage Bel Air Hotel - H\u00f4tel 4 \u00e9toiles Abano Terme de bien-\u00eatre et spa avec piscines, boue et centre de bien-\u00eatre. Hotel avec spa Abano.","og_url":"https:\/\/www.ermitageterme.it\/fr\/","og_site_name":"ermitageterme.it","article_modified_time":"2022-09-13T08:55:53+00:00","twitter_card":"summary_large_image","twitter_misc":{"Dur\u00e9e de lecture estim\u00e9e":"1 minute"},"schema":{"@context":"https:\/\/schema.org","@graph":[{"@type":"WebPage","@id":"https:\/\/www.ermitageterme.it\/fr\/","url":"https:\/\/www.ermitageterme.it\/fr\/","name":"Hotel spa Italie Abano, H\u00f4tel 4 \u00e9toiles avec spa Abano Terme en Italie du Nord - ermitageterme.it","isPartOf":{"@id":"https:\/\/www.ermitageterme.it\/fr\/#website"},"datePublished":"2015-09-15T10:44:22+00:00","dateModified":"2022-09-13T08:55:53+00:00","description":"Hotel spa Italie Abano. Ermitage Bel Air Hotel - H\u00f4tel 4 \u00e9toiles Abano Terme de bien-\u00eatre et spa avec piscines, boue et centre de bien-\u00eatre. Hotel avec spa Abano.","breadcrumb":{"@id":"https:\/\/www.ermitageterme.it\/fr\/#breadcrumb"},"inLanguage":"fr-FR","potentialAction":[{"@type":"ReadAction","target":["https:\/\/www.ermitageterme.it\/fr\/"]}]},{"@type":"BreadcrumbList","@id":"https:\/\/www.ermitageterme.it\/fr\/#breadcrumb","itemListElement":[{"@type":"ListItem","position":1,"name":"Home","item":"https:\/\/www.ermitageterme.it\/fr\/"},{"@type":"ListItem","position":2,"name":"Home fr"}]},{"@type":"WebSite","@id":"https:\/\/www.ermitageterme.it\/fr\/#website","url":"https:\/\/www.ermitageterme.it\/fr\/","name":"ermitageterme.it","description":"Ermitage Bel Air","potentialAction":[{"@type":"SearchAction","target":{"@type":"EntryPoint","urlTemplate":"https:\/\/www.ermitageterme.it\/fr\/?s={search_term_string}"},"query-input":{"@type":"PropertyValueSpecification","valueRequired":true,"valueName":"search_term_string"}}],"inLanguage":"fr-FR"}]}},"_links":{"self":[{"href":"https:\/\/www.ermitageterme.it\/fr\/wp-json\/wp\/v2\/pages\/655"}],"collection":[{"href":"https:\/\/www.ermitageterme.it\/fr\/wp-json\/wp\/v2\/pages"}],"about":[{"href":"https:\/\/www.ermitageterme.it\/fr\/wp-json\/wp\/v2\/types\/page"}],"author":[{"embeddable":true,"href":"https:\/\/www.ermitageterme.it\/fr\/wp-json\/wp\/v2\/users\/1"}],"replies":[{"embeddable":true,"href":"https:\/\/www.ermitageterme.it\/fr\/wp-json\/wp\/v2\/comments?post=655"}],"version-history":[{"count":0,"href":"https:\/\/www.ermitageterme.it\/fr\/wp-json\/wp\/v2\/pages\/655\/revisions"}],"wp:attachment":[{"href":"https:\/\/www.ermitageterme.it\/fr\/wp-json\/wp\/v2\/media?parent=655"}],"curies":[{"name":"wp","href":"https:\/\/api.w.org\/{rel}","templated":true}]}}