{"id":7604,"date":"2018-02-21T17:43:21","date_gmt":"2018-02-21T16:43:21","guid":{"rendered":"\/\/www.ermitageterme.it\/promotions"},"modified":"2020-02-24T15:43:16","modified_gmt":"2020-02-24T14:43:16","slug":"promotions","status":"publish","type":"page","link":"https:\/\/www.ermitageterme.it\/fr\/prix-2-2\/promotions\/","title":{"rendered":"Promotions"},"content":{"rendered":"<p lang=\"fr-FR\" style=\"text-align: left;\" align=\"CENTER\"><span style=\"font-size: large;\"><b>Toutes les promotions sont valides seulement si demand\u00e9es directement \u00e0 l\u2019H\u00f4tel et confirm\u00e9es au moment de la r\u00e9servation.<\/b><\/span><\/p>\n<p lang=\"fr-FR\" style=\"text-align: left;\" align=\"CENTER\"><span style=\"font-size: large;\"><b>Services Gratuits pour tous les h\u00f4tes Ermitage <\/b><\/span><\/p>\n<p lang=\"fr-FR\" style=\"text-align: left;\" align=\"CENTER\"><span style=\"font-size: large;\"><b>Sant\u00e9 et Sport<\/b><\/span><\/p>\n<ul>\n<li>\n<p lang=\"fr-FR\">Acc\u00e8s gratuit aux piscines thermales couverte et en plein air dot\u00e9es d\u2019hydromassages, toutes deux accessibles depuis l\u2019int\u00e9rieur et utilisables pendant toute la saison.<\/p>\n<\/li>\n<li>\n<p lang=\"fr-FR\">Libre acc\u00e8s aux Cours quotidiens du lundi au vendredi d\u2019Aquagym, Stretching et Pilates.<\/p>\n<\/li>\n<li>\n<p lang=\"fr-FR\">Pour les clients en cure qui ont effectu\u00e9 la premi\u00e8re visite m\u00e9dicale d\u2019admission, service de garde m\u00e9dicale de jour, gratuit.<\/p>\n<\/li>\n<li>\n<p lang=\"fr-FR\">Court de tennis au printemps et en \u00e9t\u00e9, service de r\u00e9servation directe Terrains de Golf.<\/p>\n<\/li>\n<\/ul>\n<p lang=\"fr-FR\" style=\"text-align: left;\" align=\"CENTER\"><span style=\"font-size: large;\"><b>Alimentation<\/b><\/span><\/p>\n<ul>\n<li>\n<p lang=\"fr-FR\">Service Petit D\u00e9jeuner avec Buffet continental et les produits artisanaux de notre ligne Basil Plus.<\/p>\n<\/li>\n<li>\n<p lang=\"fr-FR\">Pour les clients en pension compl\u00e8te ou en demi-pension, service restaurant avec menu \u00e0 la carte, possibilit\u00e9 d\u2019acc\u00e9der aux lignes th\u00e9matiques de nos menus consacr\u00e9s \u00e0 la tradition\u00a0\u00ab\u00a0Enjoy\u00a0\u00bb, \u00e0 la sant\u00e9 \u00ab\u00a0\u00c9quilibr\u00e9\u00a0\u00bb ou \u00ab\u00a0Total Vegan\u00a0\u00bb sans suppl\u00e9ment.<\/p>\n<\/li>\n<li>\n<p lang=\"fr-FR\">Soir\u00e9es gratuites de d\u00e9gustation \u00e0 th\u00e8me : Vins du territoire, Les Fruits Flamb\u00e9s et D\u00e9lices de Chocolat accompagn\u00e9s par de la musique jazz tous les mardis.<\/p>\n<\/li>\n<li>\n<p lang=\"fr-FR\">Ap\u00e9ritif et buffet de hors d\u2019\u0153uvre avec la Famille Maggia tous les dimanches.<\/p>\n<\/li>\n<\/ul>\n<p lang=\"fr-FR\" style=\"text-align: left;\" align=\"CENTER\"><span style=\"font-size: large;\"><b>Confort<\/b><\/span><\/p>\n<ul>\n<li>\n<p lang=\"fr-FR\"><a name=\"_GoBack\"><\/a> Kit Spa, peignoir et serviette de bain disponibles \u00e0 l\u2019arriv\u00e9e et linge de toilette chang\u00e9 gratuitement chaque semaine<\/p>\n<\/li>\n<li>\n<p lang=\"fr-FR\">Libre acc\u00e8s internet avec connexion Wi-Fi dans toutes les chambres<\/p>\n<\/li>\n<li>\n<p lang=\"fr-FR\">Parking voitures interne gratuit<\/p>\n<\/li>\n<li>\n<p lang=\"fr-FR\">Service de Conciergerie et R\u00e9ception Multilingue 24\/24<\/p>\n<\/li>\n<li>\n<p lang=\"fr-FR\">Transfert Gratuit pour visiter la ville voisine de Padoue tous les samedis de la Saison<\/p>\n<\/li>\n<\/ul>\n<p style=\"text-align: left;\" align=\"CENTER\"><span style=\"font-size: large;\"><span lang=\"fr-FR\"><b>Promotion <\/b><\/span><\/span><span style=\"color: #ff0000;\"><span style=\"font-size: large;\"><span lang=\"fr-FR\"><b>Ambassador<\/b><\/span><\/span><\/span><b> <\/b><\/p>\n<p lang=\"fr-FR\" style=\"text-align: left;\" align=\"CENTER\"><b>Vous \u00eates d\u00e9j\u00e0 venus \u00e0 l\u2019Ermitage ? Devenez notre ambassadeur !<\/b><\/p>\n<p lang=\"fr-FR\" style=\"text-align: left;\" align=\"CENTER\"><b>Amenez un ami,\u00a0<\/b><b>Pour lui et pour vous 50 Euros de r\u00e9duction sur toutes nos offres hebdomadaires !<\/b><\/p>\n<p lang=\"fr-FR\" style=\"text-align: left;\" align=\"CENTER\"><span lang=\"fr\" tabindex=\"0\">Validit\u00e9: toute saison 2020,<\/span>\u00a0<strong>sauf Festivit\u00e9s de No\u00ebl et Nouvel An.<\/strong><\/p>\n<p lang=\"fr-FR\">Conditions :<\/p>\n<ul>\n<li>\n<p lang=\"fr-FR\">Le client \u00ab\u00a0ambassadeur\u00a0\u00bb doit d\u00e9j\u00e0 \u00eatre venu \u00e0 l\u2019Ermitage.<\/p>\n<\/li>\n<li>\n<p lang=\"fr-FR\" align=\"JUSTIFY\">L\u2019autre h\u00f4te doit venir pour la premi\u00e8re fois et s\u00e9journer pendant la m\u00eame p\u00e9riode que l\u2019ambassadeur en occupant une autre chambre.<\/p>\n<\/li>\n<li>\n<p lang=\"fr-FR\">Il est demand\u00e9 aux deux h\u00f4tes d\u2019effectuer un s\u00e9jour minimum de 7 nuits.<\/p>\n<\/li>\n<li>\n<p lang=\"fr-FR\" align=\"JUSTIFY\">La r\u00e9duction est appliqu\u00e9e pour chaque chambre occup\u00e9e, simple ou double et ne s\u2019\u00e9tend pas aux \u00e9ventuels accompagnateurs.<\/p>\n<\/li>\n<li>\n<p lang=\"fr-FR\">La r\u00e9duction n\u2019est pas cumulable avec d\u2019autres promotions.<\/p>\n<\/li>\n<li>Pour b\u00e9n\u00e9ficier de la promotion Ambassador, il est n\u00e9cessaire une demande \u00e9crite au moment de la r\u00e9servation. La r\u00e9duction pr\u00e9vue sera d\u00e9duite seulement dans le cas d\u2019une confirmation \u00e9crite de la partie de l\u2019h\u00f4tel.<\/li>\n<li><span style=\"color: #ff0000;\">Le nouvel client doit remettre l\u2019enveloppe <em><strong>\u00abAmbassador Christmas Gift \u00bb<\/strong><\/em>, re\u00e7ue en cadeau, \u00e0 la r\u00e9ception de l\u2019H\u00f4tel.<\/span><\/li>\n<\/ul>\n<p><a class=\"vc_gitem-link vc_general vc_btn3 vc_btn3-size-md vc_btn3-shape-rounded vc_btn3-style-flat vc_btn3-color-juicy-pink\" title=\"Demande de disponibilit\u00e9\" href=\"\/fr\/demande-de-disponibilite\/\">Demande de disponibilit\u00e9<\/a><br \/>\n&nbsp;<\/p>\n<p style=\"text-align: left;\" align=\"CENTER\"><span style=\"font-size: large;\"><span lang=\"fr-FR\"><b>Promotion <\/b><\/span><\/span><span style=\"color: #ff0000;\"><span style=\"font-size: large;\"><span lang=\"fr-FR\"><b>Love Generation <\/b><\/span><\/span><\/span><\/p>\n<p lang=\"fr-FR\" style=\"text-align: left;\" align=\"CENTER\"><b>Ermitage aime les familles, Trois G\u00e9n\u00e9rations de la m\u00eame famille en vacances ? <\/b><\/p>\n<p lang=\"fr-FR\" style=\"text-align: left;\" align=\"CENTER\"><b>Ind\u00e9pendamment de l\u2019\u00e2ge, une g\u00e9n\u00e9ration ne paye pas la note !<\/b><\/p>\n<p class=\"tw-ta-container tw-nfl\"><span lang=\"fr\" tabindex=\"0\">Validit\u00e9: toute saison 2020,<\/span>\u00a0<strong>sauf Festivit\u00e9s de No\u00ebl et Nouvel An.<\/strong><\/p>\n<p lang=\"fr-FR\">Conditions :<\/p>\n<ul>\n<li>\n<p lang=\"fr-FR\">Les grands-parents, les parents et les petits-enfants doivent appartenir \u00e0 la m\u00eame cellule familiale.<\/p>\n<\/li>\n<li>\n<p lang=\"fr-FR\" align=\"JUSTIFY\">Tous les h\u00f4tes doivent s\u00e9journer pendant la m\u00eame p\u00e9riode et rester \u00e0 l\u2019h\u00f4tel le m\u00eame nombre de jours avec le m\u00eame type d\u2019h\u00e9bergement.<\/p>\n<\/li>\n<li>\n<p lang=\"fr-FR\" align=\"JUSTIFY\">La g\u00e9n\u00e9ration h\u00e9berg\u00e9e gratuitement pourra b\u00e9n\u00e9ficier de la gratuit\u00e9 totale pour toute la dur\u00e9e du s\u00e9jour h\u00f4telier m\u00eame s\u2019il s\u2019agit d\u2019adultes. <i><span lang=\"FR\">La g\u00e9n\u00e9ration libre doit partag\u00e9 la chambre avec un membre de la famille payant.<\/span><\/i><\/p>\n<\/li>\n<li>\n<p lang=\"fr-FR\">Pour chaque grand-parent et parent, un seul petit-enfant a droit \u00e0 la gratuit\u00e9<\/p>\n<\/li>\n<li>\n<p lang=\"fr-FR\" align=\"JUSTIFY\">La gratuit\u00e9 est relative au s\u00e9jour h\u00f4telier. Elle ne s\u2019\u00e9tend ni aux traitements sant\u00e9 et bien-\u00eatre ni aux consommations bar et restaurant<\/p>\n<\/li>\n<\/ul>\n<p><a class=\"vc_gitem-link vc_general vc_btn3 vc_btn3-size-md vc_btn3-shape-rounded vc_btn3-style-flat vc_btn3-color-juicy-pink\" title=\"Demande de disponibilit\u00e9\" href=\"\/fr\/demande-de-disponibilite\/\">Demande de disponibilit\u00e9<\/a><\/p>\n","protected":false},"excerpt":{"rendered":"<p>Toutes les promotions sont valides seulement si demand\u00e9es directement \u00e0 l\u2019H\u00f4tel et confirm\u00e9es au moment de la r\u00e9servation. Services Gratuits pour tous les h\u00f4tes Ermitage Sant\u00e9 et Sport Acc\u00e8s gratuit aux piscines thermales couverte et en plein air dot\u00e9es d\u2019hydromassages, toutes deux accessibles depuis l\u2019int\u00e9rieur et utilisables pendant toute la saison. Libre acc\u00e8s aux Cours<\/p>\n","protected":false},"author":1,"featured_media":0,"parent":1154,"menu_order":0,"comment_status":"closed","ping_status":"closed","template":"","meta":{"_acf_changed":false,"footnotes":""},"acf":[],"yoast_head":"<!-- This site is optimized with the Yoast SEO plugin v23.5 - https:\/\/yoast.com\/wordpress\/plugins\/seo\/ -->\n<title>Promotions - ermitageterme.it<\/title>\n<meta name=\"robots\" content=\"index, follow, max-snippet:-1, max-image-preview:large, max-video-preview:-1\" \/>\n<link rel=\"canonical\" href=\"https:\/\/www.ermitageterme.it\/fr\/prix-2-2\/promotions\/\" \/>\n<meta property=\"og:locale\" content=\"fr_FR\" \/>\n<meta property=\"og:type\" content=\"article\" \/>\n<meta property=\"og:title\" content=\"Promotions - ermitageterme.it\" \/>\n<meta property=\"og:description\" content=\"Toutes les promotions sont valides seulement si demand\u00e9es directement \u00e0 l\u2019H\u00f4tel et confirm\u00e9es au moment de la r\u00e9servation. Services Gratuits pour tous les h\u00f4tes Ermitage Sant\u00e9 et Sport Acc\u00e8s gratuit aux piscines thermales couverte et en plein air dot\u00e9es d\u2019hydromassages, toutes deux accessibles depuis l\u2019int\u00e9rieur et utilisables pendant toute la saison. Libre acc\u00e8s aux Cours\" \/>\n<meta property=\"og:url\" content=\"https:\/\/www.ermitageterme.it\/fr\/prix-2-2\/promotions\/\" \/>\n<meta property=\"og:site_name\" content=\"ermitageterme.it\" \/>\n<meta property=\"article:modified_time\" content=\"2020-02-24T14:43:16+00:00\" \/>\n<meta name=\"twitter:card\" content=\"summary_large_image\" \/>\n<meta name=\"twitter:label1\" content=\"Dur\u00e9e de lecture estim\u00e9e\" \/>\n\t<meta name=\"twitter:data1\" content=\"3 minutes\" \/>\n<script type=\"application\/ld+json\" class=\"yoast-schema-graph\">{\"@context\":\"https:\/\/schema.org\",\"@graph\":[{\"@type\":\"WebPage\",\"@id\":\"https:\/\/www.ermitageterme.it\/fr\/prix-2-2\/promotions\/\",\"url\":\"https:\/\/www.ermitageterme.it\/fr\/prix-2-2\/promotions\/\",\"name\":\"Promotions - ermitageterme.it\",\"isPartOf\":{\"@id\":\"https:\/\/www.ermitageterme.it\/fr\/#website\"},\"datePublished\":\"2018-02-21T16:43:21+00:00\",\"dateModified\":\"2020-02-24T14:43:16+00:00\",\"breadcrumb\":{\"@id\":\"https:\/\/www.ermitageterme.it\/fr\/prix-2-2\/promotions\/#breadcrumb\"},\"inLanguage\":\"fr-FR\",\"potentialAction\":[{\"@type\":\"ReadAction\",\"target\":[\"https:\/\/www.ermitageterme.it\/fr\/prix-2-2\/promotions\/\"]}]},{\"@type\":\"BreadcrumbList\",\"@id\":\"https:\/\/www.ermitageterme.it\/fr\/prix-2-2\/promotions\/#breadcrumb\",\"itemListElement\":[{\"@type\":\"ListItem\",\"position\":1,\"name\":\"Home\",\"item\":\"https:\/\/www.ermitageterme.it\/fr\/\"},{\"@type\":\"ListItem\",\"position\":2,\"name\":\"Tarifs\",\"item\":\"https:\/\/www.ermitageterme.it\/fr\/prix-2\/\"},{\"@type\":\"ListItem\",\"position\":3,\"name\":\"Promotions\"}]},{\"@type\":\"WebSite\",\"@id\":\"https:\/\/www.ermitageterme.it\/fr\/#website\",\"url\":\"https:\/\/www.ermitageterme.it\/fr\/\",\"name\":\"ermitageterme.it\",\"description\":\"Ermitage Bel Air\",\"potentialAction\":[{\"@type\":\"SearchAction\",\"target\":{\"@type\":\"EntryPoint\",\"urlTemplate\":\"https:\/\/www.ermitageterme.it\/fr\/?s={search_term_string}\"},\"query-input\":{\"@type\":\"PropertyValueSpecification\",\"valueRequired\":true,\"valueName\":\"search_term_string\"}}],\"inLanguage\":\"fr-FR\"}]}<\/script>\n<!-- \/ Yoast SEO plugin. -->","yoast_head_json":{"title":"Promotions - ermitageterme.it","robots":{"index":"index","follow":"follow","max-snippet":"max-snippet:-1","max-image-preview":"max-image-preview:large","max-video-preview":"max-video-preview:-1"},"canonical":"https:\/\/www.ermitageterme.it\/fr\/prix-2-2\/promotions\/","og_locale":"fr_FR","og_type":"article","og_title":"Promotions - ermitageterme.it","og_description":"Toutes les promotions sont valides seulement si demand\u00e9es directement \u00e0 l\u2019H\u00f4tel et confirm\u00e9es au moment de la r\u00e9servation. Services Gratuits pour tous les h\u00f4tes Ermitage Sant\u00e9 et Sport Acc\u00e8s gratuit aux piscines thermales couverte et en plein air dot\u00e9es d\u2019hydromassages, toutes deux accessibles depuis l\u2019int\u00e9rieur et utilisables pendant toute la saison. Libre acc\u00e8s aux Cours","og_url":"https:\/\/www.ermitageterme.it\/fr\/prix-2-2\/promotions\/","og_site_name":"ermitageterme.it","article_modified_time":"2020-02-24T14:43:16+00:00","twitter_card":"summary_large_image","twitter_misc":{"Dur\u00e9e de lecture estim\u00e9e":"3 minutes"},"schema":{"@context":"https:\/\/schema.org","@graph":[{"@type":"WebPage","@id":"https:\/\/www.ermitageterme.it\/fr\/prix-2-2\/promotions\/","url":"https:\/\/www.ermitageterme.it\/fr\/prix-2-2\/promotions\/","name":"Promotions - ermitageterme.it","isPartOf":{"@id":"https:\/\/www.ermitageterme.it\/fr\/#website"},"datePublished":"2018-02-21T16:43:21+00:00","dateModified":"2020-02-24T14:43:16+00:00","breadcrumb":{"@id":"https:\/\/www.ermitageterme.it\/fr\/prix-2-2\/promotions\/#breadcrumb"},"inLanguage":"fr-FR","potentialAction":[{"@type":"ReadAction","target":["https:\/\/www.ermitageterme.it\/fr\/prix-2-2\/promotions\/"]}]},{"@type":"BreadcrumbList","@id":"https:\/\/www.ermitageterme.it\/fr\/prix-2-2\/promotions\/#breadcrumb","itemListElement":[{"@type":"ListItem","position":1,"name":"Home","item":"https:\/\/www.ermitageterme.it\/fr\/"},{"@type":"ListItem","position":2,"name":"Tarifs","item":"https:\/\/www.ermitageterme.it\/fr\/prix-2\/"},{"@type":"ListItem","position":3,"name":"Promotions"}]},{"@type":"WebSite","@id":"https:\/\/www.ermitageterme.it\/fr\/#website","url":"https:\/\/www.ermitageterme.it\/fr\/","name":"ermitageterme.it","description":"Ermitage Bel Air","potentialAction":[{"@type":"SearchAction","target":{"@type":"EntryPoint","urlTemplate":"https:\/\/www.ermitageterme.it\/fr\/?s={search_term_string}"},"query-input":{"@type":"PropertyValueSpecification","valueRequired":true,"valueName":"search_term_string"}}],"inLanguage":"fr-FR"}]}},"_links":{"self":[{"href":"https:\/\/www.ermitageterme.it\/fr\/wp-json\/wp\/v2\/pages\/7604"}],"collection":[{"href":"https:\/\/www.ermitageterme.it\/fr\/wp-json\/wp\/v2\/pages"}],"about":[{"href":"https:\/\/www.ermitageterme.it\/fr\/wp-json\/wp\/v2\/types\/page"}],"author":[{"embeddable":true,"href":"https:\/\/www.ermitageterme.it\/fr\/wp-json\/wp\/v2\/users\/1"}],"replies":[{"embeddable":true,"href":"https:\/\/www.ermitageterme.it\/fr\/wp-json\/wp\/v2\/comments?post=7604"}],"version-history":[{"count":0,"href":"https:\/\/www.ermitageterme.it\/fr\/wp-json\/wp\/v2\/pages\/7604\/revisions"}],"up":[{"embeddable":true,"href":"https:\/\/www.ermitageterme.it\/fr\/wp-json\/wp\/v2\/pages\/1154"}],"wp:attachment":[{"href":"https:\/\/www.ermitageterme.it\/fr\/wp-json\/wp\/v2\/media?parent=7604"}],"curies":[{"name":"wp","href":"https:\/\/api.w.org\/{rel}","templated":true}]}}