{"id":837,"date":"2015-09-15T15:53:14","date_gmt":"2015-09-15T13:53:14","guid":{"rendered":"\/\/www.ermitageterme.it\/merci-de-nous-avoir-contacte"},"modified":"2018-01-10T10:50:28","modified_gmt":"2018-01-10T09:50:28","slug":"merci-de-nous-avoir-contacte","status":"publish","type":"page","link":"https:\/\/www.ermitageterme.it\/fr\/merci-de-nous-avoir-contacte\/","title":{"rendered":"Merci de nous avoir contact\u00e9"},"content":{"rendered":"<p>Le formulaire a \u00e9t\u00e9 rempli correctement. Vous serez contact\u00e9 prochainement<\/p>\n","protected":false},"excerpt":{"rendered":"<p>Le formulaire a \u00e9t\u00e9 rempli correctement. Vous serez contact\u00e9 prochainement<\/p>\n","protected":false},"author":1,"featured_media":0,"parent":0,"menu_order":33,"comment_status":"closed","ping_status":"open","template":"","meta":{"_acf_changed":false,"footnotes":""},"acf":[],"yoast_head":"<!-- This site is optimized with the Yoast SEO plugin v23.5 - https:\/\/yoast.com\/wordpress\/plugins\/seo\/ -->\n<title>Merci de nous avoir contact\u00e9 - ermitageterme.it<\/title>\n<meta name=\"robots\" content=\"index, follow, max-snippet:-1, max-image-preview:large, max-video-preview:-1\" \/>\n<link rel=\"canonical\" href=\"https:\/\/www.ermitageterme.it\/fr\/merci-de-nous-avoir-contacte\/\" \/>\n<meta property=\"og:locale\" content=\"fr_FR\" \/>\n<meta property=\"og:type\" content=\"article\" \/>\n<meta property=\"og:title\" content=\"Merci de nous avoir contact\u00e9 - ermitageterme.it\" \/>\n<meta property=\"og:description\" content=\"Le formulaire a \u00e9t\u00e9 rempli correctement. Vous serez contact\u00e9 prochainement\" \/>\n<meta property=\"og:url\" content=\"https:\/\/www.ermitageterme.it\/fr\/merci-de-nous-avoir-contacte\/\" \/>\n<meta property=\"og:site_name\" content=\"ermitageterme.it\" \/>\n<meta property=\"article:modified_time\" content=\"2018-01-10T09:50:28+00:00\" \/>\n<meta name=\"twitter:card\" content=\"summary_large_image\" \/>\n<script type=\"application\/ld+json\" class=\"yoast-schema-graph\">{\"@context\":\"https:\/\/schema.org\",\"@graph\":[{\"@type\":\"WebPage\",\"@id\":\"https:\/\/www.ermitageterme.it\/fr\/merci-de-nous-avoir-contacte\/\",\"url\":\"https:\/\/www.ermitageterme.it\/fr\/merci-de-nous-avoir-contacte\/\",\"name\":\"Merci de nous avoir contact\u00e9 - ermitageterme.it\",\"isPartOf\":{\"@id\":\"https:\/\/www.ermitageterme.it\/fr\/#website\"},\"datePublished\":\"2015-09-15T13:53:14+00:00\",\"dateModified\":\"2018-01-10T09:50:28+00:00\",\"breadcrumb\":{\"@id\":\"https:\/\/www.ermitageterme.it\/fr\/merci-de-nous-avoir-contacte\/#breadcrumb\"},\"inLanguage\":\"fr-FR\",\"potentialAction\":[{\"@type\":\"ReadAction\",\"target\":[\"https:\/\/www.ermitageterme.it\/fr\/merci-de-nous-avoir-contacte\/\"]}]},{\"@type\":\"BreadcrumbList\",\"@id\":\"https:\/\/www.ermitageterme.it\/fr\/merci-de-nous-avoir-contacte\/#breadcrumb\",\"itemListElement\":[{\"@type\":\"ListItem\",\"position\":1,\"name\":\"Home\",\"item\":\"https:\/\/www.ermitageterme.it\/fr\/\"},{\"@type\":\"ListItem\",\"position\":2,\"name\":\"Merci de nous avoir contact\u00e9\"}]},{\"@type\":\"WebSite\",\"@id\":\"https:\/\/www.ermitageterme.it\/fr\/#website\",\"url\":\"https:\/\/www.ermitageterme.it\/fr\/\",\"name\":\"ermitageterme.it\",\"description\":\"Ermitage Bel Air\",\"potentialAction\":[{\"@type\":\"SearchAction\",\"target\":{\"@type\":\"EntryPoint\",\"urlTemplate\":\"https:\/\/www.ermitageterme.it\/fr\/?s={search_term_string}\"},\"query-input\":{\"@type\":\"PropertyValueSpecification\",\"valueRequired\":true,\"valueName\":\"search_term_string\"}}],\"inLanguage\":\"fr-FR\"}]}<\/script>\n<!-- \/ Yoast SEO plugin. -->","yoast_head_json":{"title":"Merci de nous avoir contact\u00e9 - ermitageterme.it","robots":{"index":"index","follow":"follow","max-snippet":"max-snippet:-1","max-image-preview":"max-image-preview:large","max-video-preview":"max-video-preview:-1"},"canonical":"https:\/\/www.ermitageterme.it\/fr\/merci-de-nous-avoir-contacte\/","og_locale":"fr_FR","og_type":"article","og_title":"Merci de nous avoir contact\u00e9 - ermitageterme.it","og_description":"Le formulaire a \u00e9t\u00e9 rempli correctement. Vous serez contact\u00e9 prochainement","og_url":"https:\/\/www.ermitageterme.it\/fr\/merci-de-nous-avoir-contacte\/","og_site_name":"ermitageterme.it","article_modified_time":"2018-01-10T09:50:28+00:00","twitter_card":"summary_large_image","schema":{"@context":"https:\/\/schema.org","@graph":[{"@type":"WebPage","@id":"https:\/\/www.ermitageterme.it\/fr\/merci-de-nous-avoir-contacte\/","url":"https:\/\/www.ermitageterme.it\/fr\/merci-de-nous-avoir-contacte\/","name":"Merci de nous avoir contact\u00e9 - ermitageterme.it","isPartOf":{"@id":"https:\/\/www.ermitageterme.it\/fr\/#website"},"datePublished":"2015-09-15T13:53:14+00:00","dateModified":"2018-01-10T09:50:28+00:00","breadcrumb":{"@id":"https:\/\/www.ermitageterme.it\/fr\/merci-de-nous-avoir-contacte\/#breadcrumb"},"inLanguage":"fr-FR","potentialAction":[{"@type":"ReadAction","target":["https:\/\/www.ermitageterme.it\/fr\/merci-de-nous-avoir-contacte\/"]}]},{"@type":"BreadcrumbList","@id":"https:\/\/www.ermitageterme.it\/fr\/merci-de-nous-avoir-contacte\/#breadcrumb","itemListElement":[{"@type":"ListItem","position":1,"name":"Home","item":"https:\/\/www.ermitageterme.it\/fr\/"},{"@type":"ListItem","position":2,"name":"Merci de nous avoir contact\u00e9"}]},{"@type":"WebSite","@id":"https:\/\/www.ermitageterme.it\/fr\/#website","url":"https:\/\/www.ermitageterme.it\/fr\/","name":"ermitageterme.it","description":"Ermitage Bel Air","potentialAction":[{"@type":"SearchAction","target":{"@type":"EntryPoint","urlTemplate":"https:\/\/www.ermitageterme.it\/fr\/?s={search_term_string}"},"query-input":{"@type":"PropertyValueSpecification","valueRequired":true,"valueName":"search_term_string"}}],"inLanguage":"fr-FR"}]}},"_links":{"self":[{"href":"https:\/\/www.ermitageterme.it\/fr\/wp-json\/wp\/v2\/pages\/837"}],"collection":[{"href":"https:\/\/www.ermitageterme.it\/fr\/wp-json\/wp\/v2\/pages"}],"about":[{"href":"https:\/\/www.ermitageterme.it\/fr\/wp-json\/wp\/v2\/types\/page"}],"author":[{"embeddable":true,"href":"https:\/\/www.ermitageterme.it\/fr\/wp-json\/wp\/v2\/users\/1"}],"replies":[{"embeddable":true,"href":"https:\/\/www.ermitageterme.it\/fr\/wp-json\/wp\/v2\/comments?post=837"}],"version-history":[{"count":0,"href":"https:\/\/www.ermitageterme.it\/fr\/wp-json\/wp\/v2\/pages\/837\/revisions"}],"wp:attachment":[{"href":"https:\/\/www.ermitageterme.it\/fr\/wp-json\/wp\/v2\/media?parent=837"}],"curies":[{"name":"wp","href":"https:\/\/api.w.org\/{rel}","templated":true}]}}