{"id":983,"date":"2015-09-15T16:51:33","date_gmt":"2015-09-15T14:51:33","guid":{"rendered":"\/\/www.ermitageterme.it\/services-de-sante"},"modified":"2019-02-21T15:23:35","modified_gmt":"2019-02-21T14:23:35","slug":"services-de-sante","status":"publish","type":"page","link":"https:\/\/www.ermitageterme.it\/fr\/services-de-sante\/","title":{"rendered":"Services de Sant\u00e9"},"content":{"rendered":"<section class=\"wpb-content-wrapper\">[vc_row][vc_column][vc_column_text]\n<h2 style=\"color: #63bead;\">MEDICAL HOTEL<\/h2>\n<p class=\"p1\"><span class=\"s1\">Services de thermes et bien-\u00eatre parfaitement int\u00e9gr\u00e9s avec un centre moderne de r\u00e9\u00e9ducation et\u00a0m\u00e9decine Physique. Un syst\u00e8me de services complet qui r\u00e9pond aux besoins de pr\u00e9vention et de\u00a0r\u00e9\u00e9ducation de chaque h\u00f4te, en personnalisant le parcours de cure selon ses besoins gr\u00e2ce \u00e0 une\u00a0consultation m\u00e9dicale sp\u00e9cialis\u00e9e compl\u00e8te: Orthop\u00e9dique, Neurologique, Lymphologique et Nutritionnelle. C\u2019est pourquoi les principales assurances priv\u00e9es italiennes ont d\u00e9cid\u00e9 d\u2019op\u00e9rer dans un\u00a0r\u00e9gime de convention directe avec notre centre de m\u00e9decine sp\u00e9cialis\u00e9e.<\/span><\/p>\n<p><!--\n\n\n<h4 class=\"p1\"><span class=\"s1\"><b>L\u2019assurance d\u2019une assistance sanitaire attentive et qualifi\u00e9e<\/b><\/span><\/h4>\n\n\n\n\n<p class=\"p1\"><span class=\"s1\">Nous utilisons nos comp\u00e9tences de fa\u00e7on regroup\u00e9e, en nous remettant \u00e0 des protocoles dont la preuve scientifique est attest\u00e9e, sous le contr\u00f4le constant d'un personnel m\u00e9dical sp\u00e9cialis\u00e9<\/span><\/p>\n\n\n\n\n\n<ul class=\"ul1\">\n \t\n\n<li class=\"li1\"><span class=\"s1\"><b>Assistance M\u00e9dicale:<\/b>\u00a0une \u00e9quipe de m\u00e9decins sp\u00e9cialis\u00e9s, op\u00e9rant dans la Physioth\u00e9rapie, Orthop\u00e9die et Di\u00e9t\u00e9tique assiste chaque h\u00f4te en cure.<\/span><\/li>\n\n\n \t\n\n<li class=\"li1\"><b><\/b><span class=\"s1\"><b>Univers Thermal:<\/b>\u00a0nous disposons de nos propres sources thermales, d'eaux salso- bromo-iodiques et de boue thermale aux propri\u00e9t\u00e9s th\u00e9rapeutiques reconnues.<\/span><\/li>\n\n\n \t\n\n<li class=\"li1\"><b><\/b><span class=\"s1\"><b>Physioth\u00e9rapie et Hydrokin\u00e9sith\u00e9rapie:<\/b>\u00a0au sein d'un cabinet sp\u00e9cialis\u00e9, un service de r\u00e9\u00e9ducation individuel et assist\u00e9, actif et passif en eau thermale et \u00e0 sec.<\/span><\/li>\n\n\n \t\n\n<li class=\"li1\"><b><\/b><span class=\"s1\"><b>Th\u00e9rapies Physiques:<\/b>\u00a0les technologies \u00e9lectro-m\u00e9dicales les plus modernes (Laser, Magn\u00e9toth\u00e9rapie, Ultrasons) dans le soin des \u00e9tats inflammatoires aigus et localis\u00e9s.<\/span><\/li>\n\n\n \t\n\n<li class=\"li1\"><b><\/b><span class=\"s1\"><b>Activit\u00e9 Physique:<\/b>\u00a0personnel sanitaire qualifi\u00e9, Ma\u00eetrise en Sciences Motrices pour am\u00e9liorer tonus, force musculaire, m\u00e9tabolisme et capacit\u00e9 a\u00e9robie.<\/span><\/li>\n\n\n \t\n\n<li class=\"li1\"><b><\/b><span class=\"s1\"><b>Alimentation:<\/b>\u00a0programmes alimentaires con\u00e7us par le personnel m\u00e9dical sp\u00e9cialis\u00e9 pour r\u00e9pondre en toute s\u00e9curit\u00e9 \u00e0 des exigences sp\u00e9cifiques de sant\u00e9 et de pr\u00e9vention.<\/span><\/li>\n\n\n \t\n\n<li class=\"li1\"><b><\/b><span class=\"s1\"><b>Recherche Scientifique<\/b>,\u00a0nous faisons contr\u00f4ler la validit\u00e9 de nos protocoles par des Instituts Universitaires de premier rang par le biais d'une activit\u00e9 de recherche scientifique constante.<\/span><\/li>\n\n\n<\/ul>\n\n\n\n\n<p class=\"p1\"><span class=\"s1\"><b>Un service de massoth\u00e9rapie, un centre bien-\u00eatre \u00e9quip\u00e9 et 1000 m2 de piscines thermales compl\u00e8tent et am\u00e9liorent notre offre.<\/b><\/span><\/p>\n\n\n-->[\/vc_column_text][\/vc_column][\/vc_row]\n<\/section>","protected":false},"excerpt":{"rendered":"<p>[vc_row][vc_column][vc_column_text] MEDICAL HOTEL Services de thermes et bien-\u00eatre parfaitement int\u00e9gr\u00e9s avec un centre moderne de r\u00e9\u00e9ducation et\u00a0m\u00e9decine Physique. Un syst\u00e8me de services complet qui r\u00e9pond aux besoins de pr\u00e9vention et de\u00a0r\u00e9\u00e9ducation de chaque h\u00f4te, en personnalisant le parcours de cure selon ses besoins gr\u00e2ce \u00e0 une\u00a0consultation m\u00e9dicale sp\u00e9cialis\u00e9e compl\u00e8te: Orthop\u00e9dique, Neurologique, Lymphologique et Nutritionnelle. C\u2019est<\/p>\n","protected":false},"author":1,"featured_media":0,"parent":0,"menu_order":69,"comment_status":"closed","ping_status":"open","template":"","meta":{"_acf_changed":false,"footnotes":""},"acf":[],"yoast_head":"<!-- This site is optimized with the Yoast SEO plugin v23.5 - https:\/\/yoast.com\/wordpress\/plugins\/seo\/ -->\n<title>Services de thermes et bien-\u00eatre Abano Terme Italie du Nord - ermitageterme.it<\/title>\n<meta name=\"description\" content=\"Services de thermes et bien-\u00eatre parfaitement int\u00e9gr\u00e9s avec un centre moderne de r\u00e9\u00e9ducation et m\u00e9decine Physique.\" \/>\n<meta name=\"robots\" content=\"index, follow, max-snippet:-1, max-image-preview:large, max-video-preview:-1\" \/>\n<link rel=\"canonical\" href=\"https:\/\/www.ermitageterme.it\/fr\/services-de-sante\/\" \/>\n<meta property=\"og:locale\" content=\"fr_FR\" \/>\n<meta property=\"og:type\" content=\"article\" \/>\n<meta property=\"og:title\" content=\"Services de thermes et bien-\u00eatre Abano Terme Italie du Nord - ermitageterme.it\" \/>\n<meta property=\"og:description\" content=\"Services de thermes et bien-\u00eatre parfaitement int\u00e9gr\u00e9s avec un centre moderne de r\u00e9\u00e9ducation et m\u00e9decine Physique.\" \/>\n<meta property=\"og:url\" content=\"https:\/\/www.ermitageterme.it\/fr\/services-de-sante\/\" \/>\n<meta property=\"og:site_name\" content=\"ermitageterme.it\" \/>\n<meta property=\"article:modified_time\" content=\"2019-02-21T14:23:35+00:00\" \/>\n<meta name=\"twitter:card\" content=\"summary_large_image\" \/>\n<meta name=\"twitter:label1\" content=\"Dur\u00e9e de lecture estim\u00e9e\" \/>\n\t<meta name=\"twitter:data1\" content=\"1 minute\" \/>\n<script type=\"application\/ld+json\" class=\"yoast-schema-graph\">{\"@context\":\"https:\/\/schema.org\",\"@graph\":[{\"@type\":\"WebPage\",\"@id\":\"https:\/\/www.ermitageterme.it\/fr\/services-de-sante\/\",\"url\":\"https:\/\/www.ermitageterme.it\/fr\/services-de-sante\/\",\"name\":\"Services de thermes et bien-\u00eatre Abano Terme Italie du Nord - ermitageterme.it\",\"isPartOf\":{\"@id\":\"https:\/\/www.ermitageterme.it\/fr\/#website\"},\"datePublished\":\"2015-09-15T14:51:33+00:00\",\"dateModified\":\"2019-02-21T14:23:35+00:00\",\"description\":\"Services de thermes et bien-\u00eatre parfaitement int\u00e9gr\u00e9s avec un centre moderne de r\u00e9\u00e9ducation et m\u00e9decine Physique.\",\"breadcrumb\":{\"@id\":\"https:\/\/www.ermitageterme.it\/fr\/services-de-sante\/#breadcrumb\"},\"inLanguage\":\"fr-FR\",\"potentialAction\":[{\"@type\":\"ReadAction\",\"target\":[\"https:\/\/www.ermitageterme.it\/fr\/services-de-sante\/\"]}]},{\"@type\":\"BreadcrumbList\",\"@id\":\"https:\/\/www.ermitageterme.it\/fr\/services-de-sante\/#breadcrumb\",\"itemListElement\":[{\"@type\":\"ListItem\",\"position\":1,\"name\":\"Home\",\"item\":\"https:\/\/www.ermitageterme.it\/fr\/\"},{\"@type\":\"ListItem\",\"position\":2,\"name\":\"Services de Sant\u00e9\"}]},{\"@type\":\"WebSite\",\"@id\":\"https:\/\/www.ermitageterme.it\/fr\/#website\",\"url\":\"https:\/\/www.ermitageterme.it\/fr\/\",\"name\":\"ermitageterme.it\",\"description\":\"Ermitage Bel Air\",\"potentialAction\":[{\"@type\":\"SearchAction\",\"target\":{\"@type\":\"EntryPoint\",\"urlTemplate\":\"https:\/\/www.ermitageterme.it\/fr\/?s={search_term_string}\"},\"query-input\":{\"@type\":\"PropertyValueSpecification\",\"valueRequired\":true,\"valueName\":\"search_term_string\"}}],\"inLanguage\":\"fr-FR\"}]}<\/script>\n<!-- \/ Yoast SEO plugin. -->","yoast_head_json":{"title":"Services de thermes et bien-\u00eatre Abano Terme Italie du Nord - ermitageterme.it","description":"Services de thermes et bien-\u00eatre parfaitement int\u00e9gr\u00e9s avec un centre moderne de r\u00e9\u00e9ducation et m\u00e9decine Physique.","robots":{"index":"index","follow":"follow","max-snippet":"max-snippet:-1","max-image-preview":"max-image-preview:large","max-video-preview":"max-video-preview:-1"},"canonical":"https:\/\/www.ermitageterme.it\/fr\/services-de-sante\/","og_locale":"fr_FR","og_type":"article","og_title":"Services de thermes et bien-\u00eatre Abano Terme Italie du Nord - ermitageterme.it","og_description":"Services de thermes et bien-\u00eatre parfaitement int\u00e9gr\u00e9s avec un centre moderne de r\u00e9\u00e9ducation et m\u00e9decine Physique.","og_url":"https:\/\/www.ermitageterme.it\/fr\/services-de-sante\/","og_site_name":"ermitageterme.it","article_modified_time":"2019-02-21T14:23:35+00:00","twitter_card":"summary_large_image","twitter_misc":{"Dur\u00e9e de lecture estim\u00e9e":"1 minute"},"schema":{"@context":"https:\/\/schema.org","@graph":[{"@type":"WebPage","@id":"https:\/\/www.ermitageterme.it\/fr\/services-de-sante\/","url":"https:\/\/www.ermitageterme.it\/fr\/services-de-sante\/","name":"Services de thermes et bien-\u00eatre Abano Terme Italie du Nord - ermitageterme.it","isPartOf":{"@id":"https:\/\/www.ermitageterme.it\/fr\/#website"},"datePublished":"2015-09-15T14:51:33+00:00","dateModified":"2019-02-21T14:23:35+00:00","description":"Services de thermes et bien-\u00eatre parfaitement int\u00e9gr\u00e9s avec un centre moderne de r\u00e9\u00e9ducation et m\u00e9decine Physique.","breadcrumb":{"@id":"https:\/\/www.ermitageterme.it\/fr\/services-de-sante\/#breadcrumb"},"inLanguage":"fr-FR","potentialAction":[{"@type":"ReadAction","target":["https:\/\/www.ermitageterme.it\/fr\/services-de-sante\/"]}]},{"@type":"BreadcrumbList","@id":"https:\/\/www.ermitageterme.it\/fr\/services-de-sante\/#breadcrumb","itemListElement":[{"@type":"ListItem","position":1,"name":"Home","item":"https:\/\/www.ermitageterme.it\/fr\/"},{"@type":"ListItem","position":2,"name":"Services de Sant\u00e9"}]},{"@type":"WebSite","@id":"https:\/\/www.ermitageterme.it\/fr\/#website","url":"https:\/\/www.ermitageterme.it\/fr\/","name":"ermitageterme.it","description":"Ermitage Bel Air","potentialAction":[{"@type":"SearchAction","target":{"@type":"EntryPoint","urlTemplate":"https:\/\/www.ermitageterme.it\/fr\/?s={search_term_string}"},"query-input":{"@type":"PropertyValueSpecification","valueRequired":true,"valueName":"search_term_string"}}],"inLanguage":"fr-FR"}]}},"_links":{"self":[{"href":"https:\/\/www.ermitageterme.it\/fr\/wp-json\/wp\/v2\/pages\/983"}],"collection":[{"href":"https:\/\/www.ermitageterme.it\/fr\/wp-json\/wp\/v2\/pages"}],"about":[{"href":"https:\/\/www.ermitageterme.it\/fr\/wp-json\/wp\/v2\/types\/page"}],"author":[{"embeddable":true,"href":"https:\/\/www.ermitageterme.it\/fr\/wp-json\/wp\/v2\/users\/1"}],"replies":[{"embeddable":true,"href":"https:\/\/www.ermitageterme.it\/fr\/wp-json\/wp\/v2\/comments?post=983"}],"version-history":[{"count":0,"href":"https:\/\/www.ermitageterme.it\/fr\/wp-json\/wp\/v2\/pages\/983\/revisions"}],"wp:attachment":[{"href":"https:\/\/www.ermitageterme.it\/fr\/wp-json\/wp\/v2\/media?parent=983"}],"curies":[{"name":"wp","href":"https:\/\/api.w.org\/{rel}","templated":true}]}}