{"id":985,"date":"2017-02-23T16:51:34","date_gmt":"2017-02-23T15:51:34","guid":{"rendered":"\/\/www.ermitageterme.it\/chirurgie"},"modified":"2019-02-21T15:39:44","modified_gmt":"2019-02-21T14:39:44","slug":"chirurgie","status":"publish","type":"page","link":"https:\/\/www.ermitageterme.it\/fr\/services-de-sante\/chirurgie\/","title":{"rendered":"Chirurgie"},"content":{"rendered":"<h4 style=\"color: #6b2a30;\">15Les Programmes Global Care comprennent tous les services de Diagnostic, Chirurgie et Re\u0301e\u0301ducation:<\/h4>\n<p><img decoding=\"async\" class=\"aligncenter size-full wp-image-5331\" src=\"\/\/www.ermitageterme.it\/wp-content\/uploads\/2017\/02\/logo-casa-di-cura-giovanni-xxii-1.jpg\" alt=\"\" width=\"336\" height=\"166\" srcset=\"https:\/\/www.ermitageterme.it\/wp-content\/uploads\/2017\/02\/logo-casa-di-cura-giovanni-xxii-1.jpg 336w, https:\/\/www.ermitageterme.it\/wp-content\/uploads\/2017\/02\/logo-casa-di-cura-giovanni-xxii-1-300x148.jpg 300w, https:\/\/www.ermitageterme.it\/wp-content\/uploads\/2017\/02\/logo-casa-di-cura-giovanni-xxii-1-280x138.jpg 280w\" sizes=\"(max-width: 336px) 100vw, 336px\" \/><br \/>\nDans le cadre de la chirurgie Orthope\u0301dique, toutes les phases de traitement <strong>Avant, Pendant et Apre\u0300s l\u2019intervention chirurgicale<\/strong> contribuent a\u0300 obtenir le re\u0301sultat the\u0301rapeutique souhaite\u0301. Les programmes d\u2019assistance globale d\u2019Ermitage sont pense\u0301s pour ge\u0301rer de fac\u0327on simple et efficace toutes les phases du traitement en garantissant la continuite\u0301 de l\u2019assistance sanitaire jusqu\u2019a\u0300 <strong>l\u2019obtention de l\u2019autonomie fonctionnelle totale. <\/strong><\/p>\n<p>Ces programmes favorisent le retour rapide a\u0300 la vie active en minimisant le cou\u0302t e\u0301conomique et la ge\u0302ne psychophysique ve\u0301cue par le patient et par sa famille.<\/p>\n<p>&nbsp;<\/p>\n<table>\n<tbody>\n<tr bgcolor=\"#025178\">\n<td style=\"text-align: center; color: #ffffff; margin-left: 10px;\">\n<div class=\"page\" title=\"Page 17\">\n<div class=\"section\">\n<div class=\"layoutArea\">\n<div class=\"column\">\n<p>TYPE DE CHIRURGIE<\/p>\n<\/div>\n<\/div>\n<\/div>\n<\/div>\n<\/td>\n<td style=\"text-align: center; color: #ffffff;\">\n<div class=\"page\" title=\"Page 17\">\n<div class=\"section\">\n<div class=\"layoutArea\">\n<div class=\"column\">\n<p>PHASE 1<\/p>\n<\/div>\n<\/div>\n<\/div>\n<\/div>\n<\/td>\n<td style=\"text-align: center; color: #ffffff;\">\n<div class=\"page\" title=\"Page 17\">\n<div class=\"section\">\n<div class=\"layoutArea\">\n<div class=\"column\">\n<p>PHASE 2<\/p>\n<\/div>\n<\/div>\n<\/div>\n<\/div>\n<\/td>\n<td style=\"text-align: center; color: #ffffff;\">\n<div class=\"page\" title=\"Page 17\">\n<div class=\"section\">\n<div class=\"layoutArea\">\n<div class=\"column\">\n<p>PHASE 3<\/p>\n<\/div>\n<\/div>\n<\/div>\n<\/div>\n<\/td>\n<td style=\"text-align: center; color: #ffffff;\">\n<div class=\"page\" title=\"Page 17\">\n<div class=\"section\">\n<div class=\"layoutArea\">\n<div class=\"column\">\n<p>DUR\u00c9E<br \/>\nTOTALE<\/p>\n<\/div>\n<\/div>\n<\/div>\n<\/div>\n<\/td>\n<td style=\"text-align: center; color: #ffffff;\">\n<div class=\"page\" title=\"Page 17\">\n<div class=\"section\">\n<div class=\"layoutArea\">\n<div class=\"column\">\n<p>PRIX<br \/>\nTOTAL<\/p>\n<\/div>\n<\/div>\n<\/div>\n<\/div>\n<\/td>\n<\/tr>\n<tr bgcolor=\"#d2e3ed\">\n<td style=\"text-align: center; color: #4c6c77;\">\n<div class=\"page\" title=\"Page 17\">\n<div class=\"section\">\n<div class=\"layoutArea\">\n<div class=\"column\">\n<p>Remplacement partiel<br \/>\ndu genou<\/p>\n<\/div>\n<\/div>\n<\/div>\n<\/div>\n<\/td>\n<td style=\"text-align: center; color: #4c6c77;\">\n<div class=\"page\" title=\"Page 17\">\n<div class=\"section\">\n<div class=\"layoutArea\">\n<div class=\"column\">\n<p>Ermitage Bel Air<br \/>\n7 Jours<\/p>\n<\/div>\n<\/div>\n<\/div>\n<\/div>\n<\/td>\n<td style=\"text-align: center; color: #4c6c77;\">Casa di Cura<br \/>\nGiovanni XXIII<br \/>\n4 Jours<\/td>\n<td style=\"text-align: center; color: #4c6c77;\">Ermitage Bel Air<br \/>\n14 Jours<\/td>\n<td style=\"text-align: center; color: #4c6c77;\">25 Jours<\/td>\n<td style=\"text-align: center; color: #4c6c77;\">~ Euro 20.500<\/td>\n<\/tr>\n<tr bgcolor=\"#d2e3ed\">\n<td style=\"text-align: center; color: #4c6c77;\">\n<div class=\"page\" title=\"Page 17\">\n<div class=\"section\">\n<div class=\"layoutArea\">\n<div class=\"column\">\n<p>Remplacement de la hanche<\/p>\n<\/div>\n<\/div>\n<\/div>\n<\/div>\n<\/td>\n<td style=\"text-align: center; color: #4c6c77;\">\n<div class=\"page\" title=\"Page 17\">\n<div class=\"section\">\n<div class=\"layoutArea\">\n<div class=\"column\">\n<p>Ermitage Bel Air<br \/>\n7 Jours<\/p>\n<\/div>\n<\/div>\n<\/div>\n<\/div>\n<\/td>\n<td style=\"text-align: center; color: #4c6c77;\">Casa di Cura<br \/>\nGiovanni XXIII<br \/>\n6 Jours<\/td>\n<td style=\"text-align: center; color: #4c6c77;\">Ermitage Bel Air<br \/>\n14 Jours<\/td>\n<td style=\"text-align: center; color: #4c6c77;\">27 Jours<\/td>\n<td style=\"text-align: center; color: #4c6c77;\">~ Euro 22.500<\/td>\n<\/tr>\n<tr bgcolor=\"#d2e3ed\">\n<td style=\"text-align: center; color: #4c6c77;\">\n<div class=\"page\" title=\"Page 17\">\n<div class=\"section\">\n<div class=\"layoutArea\">\n<div class=\"column\">\n<p>Remplacement<br \/>\ntotal du genou<\/p>\n<\/div>\n<\/div>\n<\/div>\n<\/div>\n<\/td>\n<td style=\"text-align: center; color: #4c6c77;\">\n<div class=\"page\" title=\"Page 17\">\n<div class=\"section\">\n<div class=\"layoutArea\">\n<div class=\"column\">\n<p>Ermitage Bel Air<br \/>\n7 Jours<\/p>\n<\/div>\n<\/div>\n<\/div>\n<\/div>\n<\/td>\n<td style=\"text-align: center; color: #4c6c77;\">Casa di Cura<br \/>\nGiovanni XXIII<br \/>\n8 Jours<\/td>\n<td style=\"text-align: center; color: #4c6c77;\">Ermitage Bel Air<br \/>\n21 Jours<\/td>\n<td style=\"text-align: center; color: #4c6c77;\">36 Jours<\/td>\n<td style=\"text-align: center; color: #4c6c77;\">~ Euro 24.500<\/td>\n<\/tr>\n<tr bgcolor=\"#d2e3ed\">\n<td style=\"text-align: center; color: #4c6c77;\">\n<div class=\"page\" title=\"Page 17\">\n<div class=\"section\">\n<div class=\"layoutArea\">\n<div class=\"column\">\n<p>Transplant Autol.<br \/>\nlimphonode<\/p>\n<\/div>\n<\/div>\n<\/div>\n<\/div>\n<\/td>\n<td style=\"text-align: center; color: #4c6c77;\">\n<div class=\"page\" title=\"Page 17\">\n<div class=\"section\">\n<div class=\"layoutArea\">\n<div class=\"column\">\n<p>Ermitage Bel Air<br \/>\n7 Jours<\/p>\n<\/div>\n<\/div>\n<\/div>\n<\/div>\n<\/td>\n<td style=\"text-align: center; color: #4c6c77;\">Casa di Cura<br \/>\nGiovanni XXIII<br \/>\n4 Jours<\/td>\n<td style=\"text-align: center; color: #4c6c77;\">Ermitage Bel Air<br \/>\n21 Jours<\/td>\n<td style=\"text-align: center; color: #4c6c77;\">32 Jours<\/td>\n<td style=\"text-align: center; color: #4c6c77;\">~ Euro 24.500<\/td>\n<\/tr>\n<\/tbody>\n<\/table>\n<p>NB: les tarifs de diagnostic et de chirurgie ont une valeur indicative. Pour des devis exacts, un contact direct avec le patient et une premi\u00e8re visite m\u00e9dicale au sein de notre structure sont n\u00e9cessaires.<br \/>\nPHASE 1 \u00c9valuation et pr\u00e9paration<br \/>\nPHASE 2 Chirurgie et r\u00e9habilitation \u00e0 l\u2019h\u00f4pital<br \/>\nPHASE 3 R\u00e9habilitation apr\u00e8s chirurgie<\/p>\n","protected":false},"excerpt":{"rendered":"<p>15Les Programmes Global Care comprennent tous les services de Diagnostic, Chirurgie et Re\u0301e\u0301ducation: Dans le cadre de la chirurgie Orthope\u0301dique, toutes les phases de traitement Avant, Pendant et Apre\u0300s l\u2019intervention chirurgicale contribuent a\u0300 obtenir le re\u0301sultat the\u0301rapeutique souhaite\u0301. Les programmes d\u2019assistance globale d\u2019Ermitage sont pense\u0301s pour ge\u0301rer de fac\u0327on simple et efficace toutes les phases<\/p>\n","protected":false},"author":1,"featured_media":3684,"parent":983,"menu_order":15,"comment_status":"closed","ping_status":"closed","template":"","meta":{"_acf_changed":false,"footnotes":""},"acf":[],"yoast_head":"<!-- This site is optimized with the Yoast SEO plugin v23.5 - https:\/\/yoast.com\/wordpress\/plugins\/seo\/ -->\n<title>Chirurgie orthop\u00e9dique Abano Terme Italie du Nord - ermitageterme.it<\/title>\n<meta name=\"description\" content=\"Chirurgie orthop\u00e9dique Abano Terme. Dans le cadre de la chirurgie Orthope\u0301dique, toutes les phases de traitement Avant, Pendant et Apre\u0300s l\u2019intervention chirurgicale contribuent a\u0300 obtenir le re\u0301sultat the\u0301rapeutique souhaite\u0301.\" \/>\n<meta name=\"robots\" content=\"index, follow, max-snippet:-1, max-image-preview:large, max-video-preview:-1\" \/>\n<link rel=\"canonical\" href=\"https:\/\/www.ermitageterme.it\/fr\/services-de-sante\/chirurgie\/\" \/>\n<meta property=\"og:locale\" content=\"fr_FR\" \/>\n<meta property=\"og:type\" content=\"article\" \/>\n<meta property=\"og:title\" content=\"Chirurgie orthop\u00e9dique Abano Terme Italie du Nord - ermitageterme.it\" \/>\n<meta property=\"og:description\" content=\"Chirurgie orthop\u00e9dique Abano Terme. Dans le cadre de la chirurgie Orthope\u0301dique, toutes les phases de traitement Avant, Pendant et Apre\u0300s l\u2019intervention chirurgicale contribuent a\u0300 obtenir le re\u0301sultat the\u0301rapeutique souhaite\u0301.\" \/>\n<meta property=\"og:url\" content=\"https:\/\/www.ermitageterme.it\/fr\/services-de-sante\/chirurgie\/\" \/>\n<meta property=\"og:site_name\" content=\"ermitageterme.it\" \/>\n<meta property=\"article:modified_time\" content=\"2019-02-21T14:39:44+00:00\" \/>\n<meta property=\"og:image\" content=\"https:\/\/www.ermitageterme.it\/wp-content\/uploads\/2015\/09\/chirurgia-immagine.jpg\" \/>\n\t<meta property=\"og:image:width\" content=\"690\" \/>\n\t<meta property=\"og:image:height\" content=\"400\" \/>\n\t<meta property=\"og:image:type\" content=\"image\/jpeg\" \/>\n<meta name=\"twitter:card\" content=\"summary_large_image\" \/>\n<meta name=\"twitter:label1\" content=\"Dur\u00e9e de lecture estim\u00e9e\" \/>\n\t<meta name=\"twitter:data1\" content=\"1 minute\" \/>\n<script type=\"application\/ld+json\" class=\"yoast-schema-graph\">{\"@context\":\"https:\/\/schema.org\",\"@graph\":[{\"@type\":\"WebPage\",\"@id\":\"https:\/\/www.ermitageterme.it\/fr\/services-de-sante\/chirurgie\/\",\"url\":\"https:\/\/www.ermitageterme.it\/fr\/services-de-sante\/chirurgie\/\",\"name\":\"Chirurgie orthop\u00e9dique Abano Terme Italie du Nord - ermitageterme.it\",\"isPartOf\":{\"@id\":\"https:\/\/www.ermitageterme.it\/fr\/#website\"},\"primaryImageOfPage\":{\"@id\":\"https:\/\/www.ermitageterme.it\/fr\/services-de-sante\/chirurgie\/#primaryimage\"},\"image\":{\"@id\":\"https:\/\/www.ermitageterme.it\/fr\/services-de-sante\/chirurgie\/#primaryimage\"},\"thumbnailUrl\":\"https:\/\/www.ermitageterme.it\/wp-content\/uploads\/2015\/09\/chirurgia-immagine.jpg\",\"datePublished\":\"2017-02-23T15:51:34+00:00\",\"dateModified\":\"2019-02-21T14:39:44+00:00\",\"description\":\"Chirurgie orthop\u00e9dique Abano Terme. Dans le cadre de la chirurgie Orthope\u0301dique, toutes les phases de traitement Avant, Pendant et Apre\u0300s l\u2019intervention chirurgicale contribuent a\u0300 obtenir le re\u0301sultat the\u0301rapeutique souhaite\u0301.\",\"breadcrumb\":{\"@id\":\"https:\/\/www.ermitageterme.it\/fr\/services-de-sante\/chirurgie\/#breadcrumb\"},\"inLanguage\":\"fr-FR\",\"potentialAction\":[{\"@type\":\"ReadAction\",\"target\":[\"https:\/\/www.ermitageterme.it\/fr\/services-de-sante\/chirurgie\/\"]}]},{\"@type\":\"ImageObject\",\"inLanguage\":\"fr-FR\",\"@id\":\"https:\/\/www.ermitageterme.it\/fr\/services-de-sante\/chirurgie\/#primaryimage\",\"url\":\"https:\/\/www.ermitageterme.it\/wp-content\/uploads\/2015\/09\/chirurgia-immagine.jpg\",\"contentUrl\":\"https:\/\/www.ermitageterme.it\/wp-content\/uploads\/2015\/09\/chirurgia-immagine.jpg\",\"width\":690,\"height\":400},{\"@type\":\"BreadcrumbList\",\"@id\":\"https:\/\/www.ermitageterme.it\/fr\/services-de-sante\/chirurgie\/#breadcrumb\",\"itemListElement\":[{\"@type\":\"ListItem\",\"position\":1,\"name\":\"Home\",\"item\":\"https:\/\/www.ermitageterme.it\/fr\/\"},{\"@type\":\"ListItem\",\"position\":2,\"name\":\"Services de Sant\u00e9\",\"item\":\"https:\/\/www.ermitageterme.it\/fr\/services-de-sante\/\"},{\"@type\":\"ListItem\",\"position\":3,\"name\":\"Chirurgie\"}]},{\"@type\":\"WebSite\",\"@id\":\"https:\/\/www.ermitageterme.it\/fr\/#website\",\"url\":\"https:\/\/www.ermitageterme.it\/fr\/\",\"name\":\"ermitageterme.it\",\"description\":\"Ermitage Bel Air\",\"potentialAction\":[{\"@type\":\"SearchAction\",\"target\":{\"@type\":\"EntryPoint\",\"urlTemplate\":\"https:\/\/www.ermitageterme.it\/fr\/?s={search_term_string}\"},\"query-input\":{\"@type\":\"PropertyValueSpecification\",\"valueRequired\":true,\"valueName\":\"search_term_string\"}}],\"inLanguage\":\"fr-FR\"}]}<\/script>\n<!-- \/ Yoast SEO plugin. -->","yoast_head_json":{"title":"Chirurgie orthop\u00e9dique Abano Terme Italie du Nord - ermitageterme.it","description":"Chirurgie orthop\u00e9dique Abano Terme. Dans le cadre de la chirurgie Orthope\u0301dique, toutes les phases de traitement Avant, Pendant et Apre\u0300s l\u2019intervention chirurgicale contribuent a\u0300 obtenir le re\u0301sultat the\u0301rapeutique souhaite\u0301.","robots":{"index":"index","follow":"follow","max-snippet":"max-snippet:-1","max-image-preview":"max-image-preview:large","max-video-preview":"max-video-preview:-1"},"canonical":"https:\/\/www.ermitageterme.it\/fr\/services-de-sante\/chirurgie\/","og_locale":"fr_FR","og_type":"article","og_title":"Chirurgie orthop\u00e9dique Abano Terme Italie du Nord - ermitageterme.it","og_description":"Chirurgie orthop\u00e9dique Abano Terme. Dans le cadre de la chirurgie Orthope\u0301dique, toutes les phases de traitement Avant, Pendant et Apre\u0300s l\u2019intervention chirurgicale contribuent a\u0300 obtenir le re\u0301sultat the\u0301rapeutique souhaite\u0301.","og_url":"https:\/\/www.ermitageterme.it\/fr\/services-de-sante\/chirurgie\/","og_site_name":"ermitageterme.it","article_modified_time":"2019-02-21T14:39:44+00:00","og_image":[{"width":690,"height":400,"url":"https:\/\/www.ermitageterme.it\/wp-content\/uploads\/2015\/09\/chirurgia-immagine.jpg","type":"image\/jpeg"}],"twitter_card":"summary_large_image","twitter_misc":{"Dur\u00e9e de lecture estim\u00e9e":"1 minute"},"schema":{"@context":"https:\/\/schema.org","@graph":[{"@type":"WebPage","@id":"https:\/\/www.ermitageterme.it\/fr\/services-de-sante\/chirurgie\/","url":"https:\/\/www.ermitageterme.it\/fr\/services-de-sante\/chirurgie\/","name":"Chirurgie orthop\u00e9dique Abano Terme Italie du Nord - ermitageterme.it","isPartOf":{"@id":"https:\/\/www.ermitageterme.it\/fr\/#website"},"primaryImageOfPage":{"@id":"https:\/\/www.ermitageterme.it\/fr\/services-de-sante\/chirurgie\/#primaryimage"},"image":{"@id":"https:\/\/www.ermitageterme.it\/fr\/services-de-sante\/chirurgie\/#primaryimage"},"thumbnailUrl":"https:\/\/www.ermitageterme.it\/wp-content\/uploads\/2015\/09\/chirurgia-immagine.jpg","datePublished":"2017-02-23T15:51:34+00:00","dateModified":"2019-02-21T14:39:44+00:00","description":"Chirurgie orthop\u00e9dique Abano Terme. Dans le cadre de la chirurgie Orthope\u0301dique, toutes les phases de traitement Avant, Pendant et Apre\u0300s l\u2019intervention chirurgicale contribuent a\u0300 obtenir le re\u0301sultat the\u0301rapeutique souhaite\u0301.","breadcrumb":{"@id":"https:\/\/www.ermitageterme.it\/fr\/services-de-sante\/chirurgie\/#breadcrumb"},"inLanguage":"fr-FR","potentialAction":[{"@type":"ReadAction","target":["https:\/\/www.ermitageterme.it\/fr\/services-de-sante\/chirurgie\/"]}]},{"@type":"ImageObject","inLanguage":"fr-FR","@id":"https:\/\/www.ermitageterme.it\/fr\/services-de-sante\/chirurgie\/#primaryimage","url":"https:\/\/www.ermitageterme.it\/wp-content\/uploads\/2015\/09\/chirurgia-immagine.jpg","contentUrl":"https:\/\/www.ermitageterme.it\/wp-content\/uploads\/2015\/09\/chirurgia-immagine.jpg","width":690,"height":400},{"@type":"BreadcrumbList","@id":"https:\/\/www.ermitageterme.it\/fr\/services-de-sante\/chirurgie\/#breadcrumb","itemListElement":[{"@type":"ListItem","position":1,"name":"Home","item":"https:\/\/www.ermitageterme.it\/fr\/"},{"@type":"ListItem","position":2,"name":"Services de Sant\u00e9","item":"https:\/\/www.ermitageterme.it\/fr\/services-de-sante\/"},{"@type":"ListItem","position":3,"name":"Chirurgie"}]},{"@type":"WebSite","@id":"https:\/\/www.ermitageterme.it\/fr\/#website","url":"https:\/\/www.ermitageterme.it\/fr\/","name":"ermitageterme.it","description":"Ermitage Bel Air","potentialAction":[{"@type":"SearchAction","target":{"@type":"EntryPoint","urlTemplate":"https:\/\/www.ermitageterme.it\/fr\/?s={search_term_string}"},"query-input":{"@type":"PropertyValueSpecification","valueRequired":true,"valueName":"search_term_string"}}],"inLanguage":"fr-FR"}]}},"_links":{"self":[{"href":"https:\/\/www.ermitageterme.it\/fr\/wp-json\/wp\/v2\/pages\/985"}],"collection":[{"href":"https:\/\/www.ermitageterme.it\/fr\/wp-json\/wp\/v2\/pages"}],"about":[{"href":"https:\/\/www.ermitageterme.it\/fr\/wp-json\/wp\/v2\/types\/page"}],"author":[{"embeddable":true,"href":"https:\/\/www.ermitageterme.it\/fr\/wp-json\/wp\/v2\/users\/1"}],"replies":[{"embeddable":true,"href":"https:\/\/www.ermitageterme.it\/fr\/wp-json\/wp\/v2\/comments?post=985"}],"version-history":[{"count":0,"href":"https:\/\/www.ermitageterme.it\/fr\/wp-json\/wp\/v2\/pages\/985\/revisions"}],"up":[{"embeddable":true,"href":"https:\/\/www.ermitageterme.it\/fr\/wp-json\/wp\/v2\/pages\/983"}],"wp:featuredmedia":[{"embeddable":true,"href":"https:\/\/www.ermitageterme.it\/fr\/wp-json\/wp\/v2\/media\/3684"}],"wp:attachment":[{"href":"https:\/\/www.ermitageterme.it\/fr\/wp-json\/wp\/v2\/media?parent=985"}],"curies":[{"name":"wp","href":"https:\/\/api.w.org\/{rel}","templated":true}]}}