{"id":995,"date":"2015-09-02T12:47:26","date_gmt":"2015-09-02T10:47:26","guid":{"rendered":"\/\/www.ermitageterme.it\/reeducation-physique"},"modified":"2020-02-03T15:31:58","modified_gmt":"2020-02-03T14:31:58","slug":"reeducation-physique","status":"publish","type":"page","link":"https:\/\/www.ermitageterme.it\/fr\/services-de-sante\/reeducation-physique\/","title":{"rendered":"R\u00e9\u00e9ducation Physique"},"content":{"rendered":"<section class=\"wpb-content-wrapper\">[vc_row][vc_column][vc_column_text]\n<h2><span class=\"riabilitazione titolo-tariffe-supplementi1\">Centre de r\u00e9\u00e9ducation fonctionnelle<\/span><\/h2>\n<p><span class=\"riabilitazione titolo-tariffe-supplementi1\">Un service de <strong>r\u00e9\u00e9ducation et m\u00e9decine physique<\/strong> compl\u00e8tement int\u00e9gr\u00e9 avec la <a href=\"https:\/\/www.ermitageterme.it\/fr\/services-de-sante\/thermae\/\">r\u00e9sidence h\u00f4teli\u00e8re et l\u2019\u00e9tablissement thermal<\/a>, projet\u00e9 pour favoriser le retour \u00e0 la vie active.<\/span><\/p>\n<h3><span class=\"riabilitazione titolo-tariffe-supplementi1\">ASSISTANCE ME\u0301DICALE<\/span><\/h3>\n<p><a href=\"\/\/www.ermitageterme.it\/wp-content\/uploads\/2017\/10\/riabilitazione-2.jpg\"><img decoding=\"async\" class=\"wp-image-4986 size-full alignleft\" title=\"Centro Riabilitazione Fisica\" src=\"\/\/www.ermitageterme.it\/wp-content\/uploads\/2017\/10\/riabilitazione-2.jpg\" alt=\"Centro Riabilitazione Fisica\" width=\"228\" height=\"168\" \/><\/a><\/p>\n<p>Une \u00e9quipe m\u00e9dicale compl\u00e8te, compos\u00e9e de sp\u00e9cialistes en Orthop\u00e9die et Traumatologie, R\u00e9\u00e9ducation et M\u00e9decine Physique, Neurologie, Lymphologie et Di\u00e9t\u00e9tique, est en mesure d&rsquo;assister tous les h\u00f4tes atteints de petites ou graves limitations de la capacit\u00e9 de mouvement. L&rsquo;\u00e9quipe m\u00e9dicale garantit la s\u00e9curit\u00e9 de disposer \u00e0 tout moment de personnel m\u00e9dical qualifi\u00e9 et capable de reconna\u00eetre les besoins sp\u00e9cifiques de chaque h\u00f4te selon l&rsquo;origine du d\u00e9ficit moteur, qu&rsquo;il soit traumatique, orthop\u00e9dique, post chirurgical, neurologique ou lymphologique.<\/p>\n<h3><span class=\"riabilitazione titolo-tariffe-supplementi1\">RE\u0301E\u0301DUCATION MOTRICE ET THE\u0301RAPIES PHYSIQUES<\/span><\/h3>\n<p><img decoding=\"async\" class=\"size-medium wp-image-6527 alignright\" src=\"\/\/www.ermitageterme.it\/wp-content\/uploads\/2015\/07\/active-aging-300x200.jpg\" alt=\"\" width=\"300\" height=\"200\" srcset=\"https:\/\/www.ermitageterme.it\/wp-content\/uploads\/2015\/07\/active-aging-300x200.jpg 300w, https:\/\/www.ermitageterme.it\/wp-content\/uploads\/2015\/07\/active-aging-215x144.jpg 215w, https:\/\/www.ermitageterme.it\/wp-content\/uploads\/2015\/07\/active-aging-280x187.jpg 280w, https:\/\/www.ermitageterme.it\/wp-content\/uploads\/2015\/07\/active-aging.jpg 700w\" sizes=\"(max-width: 300px) 100vw, 300px\" \/><\/p>\n<p>Gr\u00e2ce \u00e0 une m\u00e9thode de travail exclusivement individuelle et assist\u00e9e qui garantit toujours un rapport entre th\u00e9rapeutes et patients de 1 \u00e0 1, le centre de r\u00e9\u00e9ducation interne de l&rsquo;h\u00f4tel permet \u00e0 chaque h\u00f4te d&rsquo;affronter en toute tranquillit\u00e9 et autonomie son parcours de r\u00e9\u00e9ducation. Des appareils \u00e9lectro-m\u00e9dicaux modernes, de vastes salles de gym et des piscines accessibles aux porteurs de handicaps permettent d&rsquo;alterner les phases actives et passives de la r\u00e9\u00e9ducation en contr\u00f4lant de fa\u00e7on efficace la douleur et les inflammations de type aigu.<\/p>\n<h3><span class=\"riabilitazione titolo-tariffe-supplementi1\">HYDROKINE\u0301SITHE\u0301RAPIE EN EAU THERMALE<\/span><\/h3>\n<p><img decoding=\"async\" class=\"wp-image-1273 size-medium alignleft\" title=\"Rieducazione motoria e terapie fisiche\" src=\"\/\/www.ermitageterme.it\/wp-content\/uploads\/2015\/06\/318-300x208.jpg\" alt=\"Rieducazione motoria e terapie fisiche\" width=\"300\" height=\"208\" srcset=\"https:\/\/www.ermitageterme.it\/wp-content\/uploads\/2015\/06\/318-300x208.jpg 300w, https:\/\/www.ermitageterme.it\/wp-content\/uploads\/2015\/06\/318-270x187.jpg 270w, https:\/\/www.ermitageterme.it\/wp-content\/uploads\/2015\/06\/318.jpg 650w\" sizes=\"(max-width: 300px) 100vw, 300px\" \/><\/p>\n<p>Assist\u00e9s par des professionnels de la physioth\u00e9rapie et des sciences motrices, vous pourrez int\u00e9grer le protocole de r\u00e9\u00e9ducation avec la r\u00e9\u00e9ducation motrice dans l&rsquo;eau, en l&rsquo;absence totale de barri\u00e8res architecturales. Les caract\u00e9ristiques chimiques et physiques de l&rsquo;eau thermale (temp\u00e9rature, viscosit\u00e9, poids sp\u00e9cifique) favorisent le rel\u00e2chement musculaire et permettent un travail ISOcin\u00e9tique particuli\u00e8rement important pendant la premi\u00e8re phase de r\u00e9\u00e9ducation active, lorsqu&rsquo;il est n\u00e9cessaire de corriger d&rsquo;\u00e9ventuels d\u00e9fauts de posture et de r\u00e9cup\u00e9rer le tonus musculaire par un effort musculaire contr\u00f4l\u00e9, en l&rsquo;absence de risques et de rechutes.<\/p>\n<h3><span class=\"riabilitazione titolo-tariffe-supplementi1\">Informations<\/span><\/h3>\n<h3><span class=\"riabilitazione titolo-tariffe-supplementi1 bold\">TITRES D&rsquo;AUTORISATION<\/span><\/h3>\n<p>Centre M\u00e9dical Sp\u00e9cialis\u00e9 de R\u00e9\u00e9ducation et M\u00e9decine Physique Autorisation no 18729 du 24\/10\/2019.<\/p>\n<h3><span class=\"riabilitazione titolo-tariffe-supplementi1 bold\">DIRECTION SANITAIRE ET CONSULTATION M\u00c9DICALE SP\u00c9CIALIS\u00c9E<\/span><\/h3>\n<p>Doc. Simone Bernardini Sp\u00e9cialiste en Physioth\u00e9rapie, conseiller pour la chirurgie orthop\u00e9dique Docteur Angelo Rioda, sp\u00e9cialiste en Orthop\u00e9die<\/p>\n<h3><span class=\"riabilitazione titolo-tariffe-supplementi1 bold\">DIRECTION SCIENTIFIQUE<\/span><\/h3>\n<p>Les protocoles de cure d\u00e9crits s&rsquo;inspirent de crit\u00e8res scientifiques et sont con\u00e7us selon les indications de nos conseillers scientifiques gr\u00e2ce \u00e0 la collaboration entre Ermitage Bel Air &#8211; Medical Hotel et la Facult\u00e9 de M\u00e9decine de l&rsquo;Universit\u00e9 de Padoue.<br \/>\n<span class=\"riabilitazione titolo-tariffe-supplementi1\">Prof. Stefano Masiero. Physioth\u00e9rapeute.<br \/>\nProf.Angelo Antonini. Neurologue<br \/>\nProf. Domenico Corrado. Cardiologue et M\u00e9decin du Sport<\/span><\/p>\n<h3><span class=\"riabilitazione titolo-tariffe-supplementi1 bold\">POLITIQUE<\/span><\/h3>\n<p>L&rsquo;achat d&rsquo;un forfait de cures et s\u00e9jour ne permet pas le remboursement des traitements non effectu\u00e9s. D&rsquo;\u00e9ventuels traitements suppl\u00e9mentaires non mentionn\u00e9s sont \u00e0 payer en suppl\u00e9ment. La dur\u00e9e des traitements mentionn\u00e9e dans la description des programmes a une valeur purement indicative et sert \u00e0 indiquer au client l&rsquo;intensit\u00e9 moyenne pr\u00e9vue par le traitement et le type d&rsquo;effort quotidien demand\u00e9 pendant le s\u00e9jour Elle ne sert pas \u00e0 d\u00e9finir le prix ni de chaque traitement ni des programmes de cure.<\/p>\n<h3><span class=\"riabilitazione titolo-tariffe-supplementi1 bold\">DIAGNOSTIC<\/span><\/h3>\n<p>Gr\u00e2ce \u00e0 la collaboration directe avec des entreprises partenaires, Ermitage M\u00e9dical Hotel est en mesure de vous offrir un service complet de diagnostic sp\u00e9cialis\u00e9 \u00e9lev\u00e9.<\/p>\n<h3><span class=\"riabilitazione titolo-tariffe-supplementi1 bold\">ACC\u00c8S AUX PROGRAMMES DE CURE<\/span><\/h3>\n<p>Les programmes de r\u00e9\u00e9ducation et m\u00e9decine physique d&rsquo;Ermitage Bel Air &#8211; Medical Hotel sont consacr\u00e9s exclusivement aux patients en mesure de collaborer, stables et\/ou stabilis\u00e9s du point de vue clinique qui, au moment de leur entr\u00e9e dans le cabinet m\u00e9dical n&rsquo;ont pas besoin de services de m\u00e9decine d&rsquo;urgence et d&rsquo;urgence absolue.<br \/>\nLe caract\u00e8re r\u00e9sidentiel du traitement fait partie int\u00e9grante du parcours de cure et se r\u00e9alise en compl\u00e9tant la consultation m\u00e9dicale sp\u00e9cialis\u00e9e et les prestations de r\u00e9\u00e9ducation du Centre M\u00e9dical interne de notre structure par les services de s\u00e9jour h\u00f4telier dont l&rsquo;accessibilit\u00e9 est \u00e9lev\u00e9e.<\/p>\n<h3><span class=\"riabilitazione titolo-tariffe-supplementi1 bold\">ASSISTANCE SOCIO-SANITAIRE ET SOINS INFIRMIERS<\/span><\/h3>\n<ul>\n<li>Soins Infirmiers: Injections, pansements, contr\u00f4le de la tension et m\u00e9dicaments jusqu&rsquo;\u00e0 30 minutes 18\u20ac<\/li>\n<li>Assistance Socio-Sanitaire Individuelle de Jour: Accompagnement habillage, hygi\u00e8ne personnelle 1 heure 30\u20ac, 3 heures 75\u20ac<\/li>\n<li>Surveillance Socio-Sanitaire Nocturne: Droit d&rsquo;appel nocturne, seulement continu, 55\u20ac par jour<\/li>\n<li><span class=\"riabilitazione titolo-tariffe-supplementi1\">L&rsquo;assistance socio-sanitaire est garantie seulement si elle est r\u00e9serv\u00e9e au moment de la r\u00e9servation.<\/span><\/li>\n<\/ul>\n<h3><span class=\"riabilitazione titolo-tariffe-supplementi1 bold\">GLOBAL CARE<\/span><\/h3>\n<p>Dans le cadre de la chirurgie proth\u00e9tique de la hanche et du genou, en \u00e9troite collaboration avec l&rsquo;\u00e9quipe m\u00e9dicale interne, nous pouvons organiser et programmer l&rsquo;intervention chirurgicale ainsi que la r\u00e9\u00e9ducation post-op\u00e9ratoire.<\/p>\n<h3><span class=\"riabilitazione titolo-tariffe-supplementi1 bold\">ATTENTION<\/span><\/h3>\n<ul class=\"riabilitazione titolo-tariffe-supplementi1\">\n<li>Le d\u00e9but de tout programme de cure est possible seulement suite \u00e0 la premi\u00e8re visite m\u00e9dicale d&rsquo;admission obligatoire.<\/li>\n<li>Il est demand\u00e9 \u00e0 tous les clients de fournir au moment de la premi\u00e8re visite toutes les informations les plus r\u00e9centes de nature sanitaire en leur possession.<\/li>\n<li>Les \u00e9ventuels d\u00e9ficits d&rsquo;autonomie doivent \u00eatre communiqu\u00e9s et d\u00e9crits toujours avant l&rsquo;arriv\u00e9e \u00e0 l&rsquo;h\u00f4tel.<\/li>\n<li>L&rsquo;assistance socio-sanitaire et les soins infirmiers doivent toujours \u00eatre demand\u00e9s et r\u00e9serv\u00e9s au moment de la r\u00e9servation.<\/li>\n<li>Les services d&rsquo;assistance ne sont pas inclus dans les tarifs du s\u00e9jour.<\/li>\n<\/ul>\n<\/section>","protected":false},"excerpt":{"rendered":"<p>[vc_row][vc_column][vc_column_text] Centre de r\u00e9\u00e9ducation fonctionnelle Un service de r\u00e9\u00e9ducation et m\u00e9decine physique compl\u00e8tement int\u00e9gr\u00e9 avec la r\u00e9sidence h\u00f4teli\u00e8re et l\u2019\u00e9tablissement thermal, projet\u00e9 pour favoriser le retour \u00e0 la vie active. ASSISTANCE ME\u0301DICALE Une \u00e9quipe m\u00e9dicale compl\u00e8te, compos\u00e9e de sp\u00e9cialistes en Orthop\u00e9die et Traumatologie, R\u00e9\u00e9ducation et M\u00e9decine Physique, Neurologie, Lymphologie et Di\u00e9t\u00e9tique, est en mesure d&rsquo;assister<\/p>\n","protected":false},"author":1,"featured_media":89,"parent":983,"menu_order":2,"comment_status":"closed","ping_status":"closed","template":"","meta":{"_acf_changed":false,"footnotes":""},"acf":[],"yoast_head":"<!-- This site is optimized with the Yoast SEO plugin v23.5 - https:\/\/yoast.com\/wordpress\/plugins\/seo\/ -->\n<title>Centre de r\u00e9\u00e9ducation fonctionnelle Abano terme italie, R\u00e9\u00e9ducation physique Abano Terme - ermitageterme.it<\/title>\n<meta name=\"description\" content=\"Un service de re\u0301e\u0301ducation et me\u0301decine physique comple\u0300tement inte\u0301gre\u0301 avec la re\u0301sidence ho\u0302telie\u0300re et l\u2019e\u0301tablissement thermal, projete\u0301 pour favoriser le retour a\u0300 la vie active.\" \/>\n<meta name=\"robots\" content=\"index, follow, max-snippet:-1, max-image-preview:large, max-video-preview:-1\" \/>\n<link rel=\"canonical\" href=\"https:\/\/www.ermitageterme.it\/fr\/services-de-sante\/reeducation-physique\/\" \/>\n<meta property=\"og:locale\" content=\"fr_FR\" \/>\n<meta property=\"og:type\" content=\"article\" \/>\n<meta property=\"og:title\" content=\"Centre de r\u00e9\u00e9ducation fonctionnelle Abano terme italie, R\u00e9\u00e9ducation physique Abano Terme - ermitageterme.it\" \/>\n<meta property=\"og:description\" content=\"Un service de re\u0301e\u0301ducation et me\u0301decine physique comple\u0300tement inte\u0301gre\u0301 avec la re\u0301sidence ho\u0302telie\u0300re et l\u2019e\u0301tablissement thermal, projete\u0301 pour favoriser le retour a\u0300 la vie active.\" \/>\n<meta property=\"og:url\" content=\"https:\/\/www.ermitageterme.it\/fr\/services-de-sante\/reeducation-physique\/\" \/>\n<meta property=\"og:site_name\" content=\"ermitageterme.it\" \/>\n<meta property=\"article:modified_time\" content=\"2020-02-03T14:31:58+00:00\" \/>\n<meta property=\"og:image\" content=\"https:\/\/www.ermitageterme.it\/wp-content\/uploads\/2015\/06\/318.jpg\" \/>\n\t<meta property=\"og:image:width\" content=\"650\" \/>\n\t<meta property=\"og:image:height\" content=\"450\" \/>\n\t<meta property=\"og:image:type\" content=\"image\/jpeg\" \/>\n<meta name=\"twitter:card\" content=\"summary_large_image\" \/>\n<meta name=\"twitter:label1\" content=\"Dur\u00e9e de lecture estim\u00e9e\" \/>\n\t<meta name=\"twitter:data1\" content=\"4 minutes\" \/>\n<script type=\"application\/ld+json\" class=\"yoast-schema-graph\">{\"@context\":\"https:\/\/schema.org\",\"@graph\":[{\"@type\":\"WebPage\",\"@id\":\"https:\/\/www.ermitageterme.it\/fr\/services-de-sante\/reeducation-physique\/\",\"url\":\"https:\/\/www.ermitageterme.it\/fr\/services-de-sante\/reeducation-physique\/\",\"name\":\"Centre de r\u00e9\u00e9ducation fonctionnelle Abano terme italie, R\u00e9\u00e9ducation physique Abano Terme - ermitageterme.it\",\"isPartOf\":{\"@id\":\"https:\/\/www.ermitageterme.it\/fr\/#website\"},\"primaryImageOfPage\":{\"@id\":\"https:\/\/www.ermitageterme.it\/fr\/services-de-sante\/reeducation-physique\/#primaryimage\"},\"image\":{\"@id\":\"https:\/\/www.ermitageterme.it\/fr\/services-de-sante\/reeducation-physique\/#primaryimage\"},\"thumbnailUrl\":\"https:\/\/www.ermitageterme.it\/wp-content\/uploads\/2015\/06\/318.jpg\",\"datePublished\":\"2015-09-02T10:47:26+00:00\",\"dateModified\":\"2020-02-03T14:31:58+00:00\",\"description\":\"Un service de re\u0301e\u0301ducation et me\u0301decine physique comple\u0300tement inte\u0301gre\u0301 avec la re\u0301sidence ho\u0302telie\u0300re et l\u2019e\u0301tablissement thermal, projete\u0301 pour favoriser le retour a\u0300 la vie active.\",\"breadcrumb\":{\"@id\":\"https:\/\/www.ermitageterme.it\/fr\/services-de-sante\/reeducation-physique\/#breadcrumb\"},\"inLanguage\":\"fr-FR\",\"potentialAction\":[{\"@type\":\"ReadAction\",\"target\":[\"https:\/\/www.ermitageterme.it\/fr\/services-de-sante\/reeducation-physique\/\"]}]},{\"@type\":\"ImageObject\",\"inLanguage\":\"fr-FR\",\"@id\":\"https:\/\/www.ermitageterme.it\/fr\/services-de-sante\/reeducation-physique\/#primaryimage\",\"url\":\"https:\/\/www.ermitageterme.it\/wp-content\/uploads\/2015\/06\/318.jpg\",\"contentUrl\":\"https:\/\/www.ermitageterme.it\/wp-content\/uploads\/2015\/06\/318.jpg\",\"width\":650,\"height\":450},{\"@type\":\"BreadcrumbList\",\"@id\":\"https:\/\/www.ermitageterme.it\/fr\/services-de-sante\/reeducation-physique\/#breadcrumb\",\"itemListElement\":[{\"@type\":\"ListItem\",\"position\":1,\"name\":\"Home\",\"item\":\"https:\/\/www.ermitageterme.it\/fr\/\"},{\"@type\":\"ListItem\",\"position\":2,\"name\":\"Services de Sant\u00e9\",\"item\":\"https:\/\/www.ermitageterme.it\/fr\/services-de-sante\/\"},{\"@type\":\"ListItem\",\"position\":3,\"name\":\"R\u00e9\u00e9ducation Physique\"}]},{\"@type\":\"WebSite\",\"@id\":\"https:\/\/www.ermitageterme.it\/fr\/#website\",\"url\":\"https:\/\/www.ermitageterme.it\/fr\/\",\"name\":\"ermitageterme.it\",\"description\":\"Ermitage Bel Air\",\"potentialAction\":[{\"@type\":\"SearchAction\",\"target\":{\"@type\":\"EntryPoint\",\"urlTemplate\":\"https:\/\/www.ermitageterme.it\/fr\/?s={search_term_string}\"},\"query-input\":{\"@type\":\"PropertyValueSpecification\",\"valueRequired\":true,\"valueName\":\"search_term_string\"}}],\"inLanguage\":\"fr-FR\"}]}<\/script>\n<!-- \/ Yoast SEO plugin. -->","yoast_head_json":{"title":"Centre de r\u00e9\u00e9ducation fonctionnelle Abano terme italie, R\u00e9\u00e9ducation physique Abano Terme - ermitageterme.it","description":"Un service de re\u0301e\u0301ducation et me\u0301decine physique comple\u0300tement inte\u0301gre\u0301 avec la re\u0301sidence ho\u0302telie\u0300re et l\u2019e\u0301tablissement thermal, projete\u0301 pour favoriser le retour a\u0300 la vie active.","robots":{"index":"index","follow":"follow","max-snippet":"max-snippet:-1","max-image-preview":"max-image-preview:large","max-video-preview":"max-video-preview:-1"},"canonical":"https:\/\/www.ermitageterme.it\/fr\/services-de-sante\/reeducation-physique\/","og_locale":"fr_FR","og_type":"article","og_title":"Centre de r\u00e9\u00e9ducation fonctionnelle Abano terme italie, R\u00e9\u00e9ducation physique Abano Terme - ermitageterme.it","og_description":"Un service de re\u0301e\u0301ducation et me\u0301decine physique comple\u0300tement inte\u0301gre\u0301 avec la re\u0301sidence ho\u0302telie\u0300re et l\u2019e\u0301tablissement thermal, projete\u0301 pour favoriser le retour a\u0300 la vie active.","og_url":"https:\/\/www.ermitageterme.it\/fr\/services-de-sante\/reeducation-physique\/","og_site_name":"ermitageterme.it","article_modified_time":"2020-02-03T14:31:58+00:00","og_image":[{"width":650,"height":450,"url":"https:\/\/www.ermitageterme.it\/wp-content\/uploads\/2015\/06\/318.jpg","type":"image\/jpeg"}],"twitter_card":"summary_large_image","twitter_misc":{"Dur\u00e9e de lecture estim\u00e9e":"4 minutes"},"schema":{"@context":"https:\/\/schema.org","@graph":[{"@type":"WebPage","@id":"https:\/\/www.ermitageterme.it\/fr\/services-de-sante\/reeducation-physique\/","url":"https:\/\/www.ermitageterme.it\/fr\/services-de-sante\/reeducation-physique\/","name":"Centre de r\u00e9\u00e9ducation fonctionnelle Abano terme italie, R\u00e9\u00e9ducation physique Abano Terme - ermitageterme.it","isPartOf":{"@id":"https:\/\/www.ermitageterme.it\/fr\/#website"},"primaryImageOfPage":{"@id":"https:\/\/www.ermitageterme.it\/fr\/services-de-sante\/reeducation-physique\/#primaryimage"},"image":{"@id":"https:\/\/www.ermitageterme.it\/fr\/services-de-sante\/reeducation-physique\/#primaryimage"},"thumbnailUrl":"https:\/\/www.ermitageterme.it\/wp-content\/uploads\/2015\/06\/318.jpg","datePublished":"2015-09-02T10:47:26+00:00","dateModified":"2020-02-03T14:31:58+00:00","description":"Un service de re\u0301e\u0301ducation et me\u0301decine physique comple\u0300tement inte\u0301gre\u0301 avec la re\u0301sidence ho\u0302telie\u0300re et l\u2019e\u0301tablissement thermal, projete\u0301 pour favoriser le retour a\u0300 la vie active.","breadcrumb":{"@id":"https:\/\/www.ermitageterme.it\/fr\/services-de-sante\/reeducation-physique\/#breadcrumb"},"inLanguage":"fr-FR","potentialAction":[{"@type":"ReadAction","target":["https:\/\/www.ermitageterme.it\/fr\/services-de-sante\/reeducation-physique\/"]}]},{"@type":"ImageObject","inLanguage":"fr-FR","@id":"https:\/\/www.ermitageterme.it\/fr\/services-de-sante\/reeducation-physique\/#primaryimage","url":"https:\/\/www.ermitageterme.it\/wp-content\/uploads\/2015\/06\/318.jpg","contentUrl":"https:\/\/www.ermitageterme.it\/wp-content\/uploads\/2015\/06\/318.jpg","width":650,"height":450},{"@type":"BreadcrumbList","@id":"https:\/\/www.ermitageterme.it\/fr\/services-de-sante\/reeducation-physique\/#breadcrumb","itemListElement":[{"@type":"ListItem","position":1,"name":"Home","item":"https:\/\/www.ermitageterme.it\/fr\/"},{"@type":"ListItem","position":2,"name":"Services de Sant\u00e9","item":"https:\/\/www.ermitageterme.it\/fr\/services-de-sante\/"},{"@type":"ListItem","position":3,"name":"R\u00e9\u00e9ducation Physique"}]},{"@type":"WebSite","@id":"https:\/\/www.ermitageterme.it\/fr\/#website","url":"https:\/\/www.ermitageterme.it\/fr\/","name":"ermitageterme.it","description":"Ermitage Bel Air","potentialAction":[{"@type":"SearchAction","target":{"@type":"EntryPoint","urlTemplate":"https:\/\/www.ermitageterme.it\/fr\/?s={search_term_string}"},"query-input":{"@type":"PropertyValueSpecification","valueRequired":true,"valueName":"search_term_string"}}],"inLanguage":"fr-FR"}]}},"_links":{"self":[{"href":"https:\/\/www.ermitageterme.it\/fr\/wp-json\/wp\/v2\/pages\/995"}],"collection":[{"href":"https:\/\/www.ermitageterme.it\/fr\/wp-json\/wp\/v2\/pages"}],"about":[{"href":"https:\/\/www.ermitageterme.it\/fr\/wp-json\/wp\/v2\/types\/page"}],"author":[{"embeddable":true,"href":"https:\/\/www.ermitageterme.it\/fr\/wp-json\/wp\/v2\/users\/1"}],"replies":[{"embeddable":true,"href":"https:\/\/www.ermitageterme.it\/fr\/wp-json\/wp\/v2\/comments?post=995"}],"version-history":[{"count":0,"href":"https:\/\/www.ermitageterme.it\/fr\/wp-json\/wp\/v2\/pages\/995\/revisions"}],"up":[{"embeddable":true,"href":"https:\/\/www.ermitageterme.it\/fr\/wp-json\/wp\/v2\/pages\/983"}],"wp:featuredmedia":[{"embeddable":true,"href":"https:\/\/www.ermitageterme.it\/fr\/wp-json\/wp\/v2\/media\/89"}],"wp:attachment":[{"href":"https:\/\/www.ermitageterme.it\/fr\/wp-json\/wp\/v2\/media?parent=995"}],"curies":[{"name":"wp","href":"https:\/\/api.w.org\/{rel}","templated":true}]}}