{"id":997,"date":"2015-09-02T14:06:06","date_gmt":"2015-09-02T12:06:06","guid":{"rendered":"\/\/www.ermitageterme.it\/bien-e%cc%82tre"},"modified":"2024-04-24T15:54:21","modified_gmt":"2024-04-24T13:54:21","slug":"bien-e%cc%82tre","status":"publish","type":"page","link":"https:\/\/www.ermitageterme.it\/fr\/services-de-sante\/bien-etre\/","title":{"rendered":"Centre de cure thermale"},"content":{"rendered":"<section class=\"wpb-content-wrapper\">[vc_row][vc_column][vc_column_text]\n<h2><span class=\"benessere titolo-tariffe-supplementi1\">Centre de Bien-\u00eatre<\/span><\/h2>\n<p><span class=\"benessere titolo-tariffe-supplementi1\">Un <strong>Centre de Bien-\u00eatre Moderne,\u00a0station thermale en Abano Italie<\/strong>, projet\u00e9 pour favoriser la r\u00e9cup\u00e9ration\u00a0de l\u2019\u00e9quilibre psychophysique gr\u00e2ce \u00e0 une s\u00e9lection qualifi\u00e9e de:<\/span><\/p>\n<ul>\n<li><strong><span class=\"benessere titolo-tariffe-supplementi1\">traitements spa et cure thermale,<\/span><\/strong><\/li>\n<li><strong><span class=\"benessere titolo-tariffe-supplementi1\">holistiques <\/span><\/strong><\/li>\n<li><strong><span class=\"benessere titolo-tariffe-supplementi1\">et de cosm\u00e9tique naturelle.<\/span><\/strong><\/li>\n<\/ul>\n<h3><span class=\"benessere titolo-tariffe-supplementi1\">BEAUT\u00c9 ET PLAISIR<\/span><\/h3>\n<p>Ermitage est un lieu de cure, consacr\u00e9 \u00e0 la pr\u00e9vention et \u00e0 la r\u00e9\u00e9ducation. Toutefois, la chaleur naturelle des thermes, les moments agr\u00e9ables de relaxation dans le silence de nos jardins, les couleurs changeantes des collines environnantes et des grandes piscines, l&rsquo;attention au go\u00fbt et \u00e0 l&rsquo;authenticit\u00e9 de notre cuisine font de nous \u00e9galement un lieu de Plaisir.<\/p>\n<h3><span class=\"benessere titolo-tariffe-supplementi1\">RELAXATION QUALIFI\u00c9E <\/span><\/h3>\n<div id=\"attachment_13215\" style=\"width: 310px\" class=\"wp-caption alignleft\"><a href=\"\/\/www.ermitageterme.it\/wp-content\/uploads\/2018\/11\/z4200046954-1-1-1-1.jpg\"><img decoding=\"async\" aria-describedby=\"caption-attachment-13215\" class=\"size-medium wp-image-13215\" src=\"\/\/www.ermitageterme.it\/wp-content\/uploads\/2018\/11\/z4200046954-1-1-1-1-300x225.jpg\" alt=\"Cure thermale abano italie, centre thermal\" width=\"300\" height=\"225\" srcset=\"https:\/\/www.ermitageterme.it\/wp-content\/uploads\/2018\/11\/z4200046954-1-1-1-1-300x225.jpg 300w, https:\/\/www.ermitageterme.it\/wp-content\/uploads\/2018\/11\/z4200046954-1-1-1-1-249x187.jpg 249w, https:\/\/www.ermitageterme.it\/wp-content\/uploads\/2018\/11\/z4200046954-1-1-1-1.jpg 640w\" sizes=\"(max-width: 300px) 100vw, 300px\" \/><\/a><p id=\"caption-attachment-13215\" class=\"wp-caption-text\">Cure thermale, cure thalasso, Abano Italie<\/p><\/div>\n<p>Le m\u00eame professionnalisme, garanti par les op\u00e9rateurs du centre thermal et du centre m\u00e9dical de r\u00e9\u00e9ducation, est consacr\u00e9 \u00e9galement aux h\u00f4tes qui, en l&rsquo;absence de besoins sanitaires, recherchent exclusivement le plaisir du repos et de la tranquillit\u00e9. Cajol\u00e9s par des mains expertes, berc\u00e9s par la ti\u00e9deur de nos eaux et des vapeurs thermales, vous pourrez exp\u00e9rimenter de nombreuses techniques de massage ou, si vous le souhaitez, vous consacrer \u00e0 am\u00e9liorer quelques petites imperfections du corps et du visage en offrant \u00e0 votre peau de nouvelles occasions de bien-\u00eatre et de vitalit\u00e9. Vous aurez toujours la garantie d&rsquo;\u00eatre suivis par un personnel expert et de b\u00e9n\u00e9ficier uniquement de traitements d&rsquo;origine enti\u00e8rement naturelle.<\/p>\n<h3><span class=\"benessere titolo-tariffe-supplementi1 bold\">TITRES D&rsquo;AUTORISATION<\/span><\/h3>\n<p>Centre Bien-\u00eatre, Autorisation no 18913 du 31\/12\/2009.<\/p>\n<h3><span class=\"benessere titolo-tariffe-supplementi1 bold\">DIRECTION<\/span><\/h3>\n<p>Caterina Greggio, Sp\u00e9cialiste en Esth\u00e9tique et Massoth\u00e9rapie.<\/p>\n<h3><span class=\"benessere titolo-tariffe-supplementi1 bold\">SERVICE COIFFEUR<\/span><\/h3>\n<p>A la disposition de tous les h\u00f4tes un service interne utile de coiffeur, disponible le jeudi et le samedi.<\/p>\n<h3><span class=\"benessere titolo-tariffe-supplementi1 bold\">PRODUITS ESTH\u00c9TIQUES<\/span><\/h3>\n<p>Toutes les lignes de produits utilis\u00e9es pour les traitements de massoth\u00e9rapie et cosm\u00e9tique de notre centre sont dermatologiquement test\u00e9es et hypoallerg\u00e9niques.<\/p>\n<h3><span class=\"benessere titolo-tariffe-supplementi1 bold\">POLITIQUE<\/span><\/h3>\n<p>L&rsquo;achat d&rsquo;un forfait de cures et s\u00e9jour ne permet pas le remboursement des traitements non effectu\u00e9s. D&rsquo;\u00e9ventuels traitements suppl\u00e9mentaires non mentionn\u00e9s sont \u00e0 payer en suppl\u00e9ment.<\/p>\n[\/vc_column_text][\/vc_column][\/vc_row][vc_row][\/vc_row][vc_column width=\u00a0\u00bb1\/2&Prime;][vc_btn title=\u00a0\u00bbListe de prix compl\u00e8te\u00a0\u00bb style=\u00a0\u00bbclassic\u00a0\u00bb size=\u00a0\u00bblg\u00a0\u00bb align=\u00a0\u00bbleft\u00a0\u00bb link=\u00a0\u00bburl:https%3A%2F%2Fwww.ermitageterme.it%2Ffr%2Fprix%2Fbien-e%25cc%2582tre%2F|||\u00a0\u00bb el_id=\u00a0\u00bbvedi-il-listino-prezzi-completo\u00a0\u00bb][\/vc_column][vc_column width=\u00a0\u00bb1\/2&Prime;][vc_btn title=\u00a0\u00bbDemande d&rsquo;information\u00a0\u00bb style=\u00a0\u00bbclassic\u00a0\u00bb color=\u00a0\u00bbjuicy-pink\u00a0\u00bb size=\u00a0\u00bblg\u00a0\u00bb align=\u00a0\u00bbright\u00a0\u00bb link=\u00a0\u00bburl:http%3A%2F%2Fwww.ermitageterme.it%2Ffr%2Fdemande-de-disponibilite%2F|title:Pr%C3%A9vention%20Cardiovasculaire||\u00a0\u00bb el_id=\u00a0\u00bbrichiedi-info-dettagli-soggiorno\u00a0\u00bb][\/vc_column]\n<\/section>","protected":false},"excerpt":{"rendered":"<p>[vc_row][vc_column][vc_column_text] Centre de Bien-\u00eatre Un Centre de Bien-\u00eatre Moderne,\u00a0station thermale en Abano Italie, projet\u00e9 pour favoriser la r\u00e9cup\u00e9ration\u00a0de l\u2019\u00e9quilibre psychophysique gr\u00e2ce \u00e0 une s\u00e9lection qualifi\u00e9e de: traitements spa et cure thermale, holistiques et de cosm\u00e9tique naturelle. BEAUT\u00c9 ET PLAISIR Ermitage est un lieu de cure, consacr\u00e9 \u00e0 la pr\u00e9vention et \u00e0 la r\u00e9\u00e9ducation. Toutefois, la<\/p>\n","protected":false},"author":1,"featured_media":5188,"parent":983,"menu_order":5,"comment_status":"closed","ping_status":"closed","template":"","meta":{"_acf_changed":false,"footnotes":""},"acf":[],"yoast_head":"<!-- This site is optimized with the Yoast SEO plugin v23.5 - https:\/\/yoast.com\/wordpress\/plugins\/seo\/ -->\n<title>Cure thermale Abano Italie du Nord, Cure thalasso Italie, Station thermale - ermitageterme.it<\/title>\n<meta name=\"description\" content=\"Cure thermale Abano Italie: un Centre de Bien-\u00eatre Moderne, projet\u00e9 pour favoriser la r\u00e9cup\u00e9ration de l\u2019\u00e9quilibre psychophysique gr\u00e2ce \u00e0 une s\u00e9lection qualifi\u00e9e de traitements spa, holistiques et de cosm\u00e9tique naturelle.\" \/>\n<meta name=\"robots\" content=\"index, follow, max-snippet:-1, max-image-preview:large, max-video-preview:-1\" \/>\n<link rel=\"canonical\" href=\"https:\/\/www.ermitageterme.it\/fr\/services-de-sante\/bien-etre\/\" \/>\n<meta property=\"og:locale\" content=\"fr_FR\" \/>\n<meta property=\"og:type\" content=\"article\" \/>\n<meta property=\"og:title\" content=\"Cure thermale Abano Italie du Nord, Cure thalasso Italie, Station thermale - ermitageterme.it\" \/>\n<meta property=\"og:description\" content=\"Cure thermale Abano Italie: un Centre de Bien-\u00eatre Moderne, projet\u00e9 pour favoriser la r\u00e9cup\u00e9ration de l\u2019\u00e9quilibre psychophysique gr\u00e2ce \u00e0 une s\u00e9lection qualifi\u00e9e de traitements spa, holistiques et de cosm\u00e9tique naturelle.\" \/>\n<meta property=\"og:url\" content=\"https:\/\/www.ermitageterme.it\/fr\/services-de-sante\/bien-etre\/\" \/>\n<meta property=\"og:site_name\" content=\"ermitageterme.it\" \/>\n<meta property=\"article:modified_time\" content=\"2024-04-24T13:54:21+00:00\" \/>\n<meta property=\"og:image\" content=\"https:\/\/www.ermitageterme.it\/wp-content\/uploads\/2015\/09\/benessere-home-600.jpg\" \/>\n\t<meta property=\"og:image:width\" content=\"767\" \/>\n\t<meta property=\"og:image:height\" content=\"560\" \/>\n\t<meta property=\"og:image:type\" content=\"image\/jpeg\" \/>\n<meta name=\"twitter:card\" content=\"summary_large_image\" \/>\n<meta name=\"twitter:label1\" content=\"Dur\u00e9e de lecture estim\u00e9e\" \/>\n\t<meta name=\"twitter:data1\" content=\"3 minutes\" \/>\n<script type=\"application\/ld+json\" class=\"yoast-schema-graph\">{\"@context\":\"https:\/\/schema.org\",\"@graph\":[{\"@type\":\"WebPage\",\"@id\":\"https:\/\/www.ermitageterme.it\/fr\/services-de-sante\/bien-etre\/\",\"url\":\"https:\/\/www.ermitageterme.it\/fr\/services-de-sante\/bien-etre\/\",\"name\":\"Cure thermale Abano Italie du Nord, Cure thalasso Italie, Station thermale - ermitageterme.it\",\"isPartOf\":{\"@id\":\"https:\/\/www.ermitageterme.it\/fr\/#website\"},\"primaryImageOfPage\":{\"@id\":\"https:\/\/www.ermitageterme.it\/fr\/services-de-sante\/bien-etre\/#primaryimage\"},\"image\":{\"@id\":\"https:\/\/www.ermitageterme.it\/fr\/services-de-sante\/bien-etre\/#primaryimage\"},\"thumbnailUrl\":\"https:\/\/www.ermitageterme.it\/wp-content\/uploads\/2015\/09\/benessere-home-600.jpg\",\"datePublished\":\"2015-09-02T12:06:06+00:00\",\"dateModified\":\"2024-04-24T13:54:21+00:00\",\"description\":\"Cure thermale Abano Italie: un Centre de Bien-\u00eatre Moderne, projet\u00e9 pour favoriser la r\u00e9cup\u00e9ration de l\u2019\u00e9quilibre psychophysique gr\u00e2ce \u00e0 une s\u00e9lection qualifi\u00e9e de traitements spa, holistiques et de cosm\u00e9tique naturelle.\",\"breadcrumb\":{\"@id\":\"https:\/\/www.ermitageterme.it\/fr\/services-de-sante\/bien-etre\/#breadcrumb\"},\"inLanguage\":\"fr-FR\",\"potentialAction\":[{\"@type\":\"ReadAction\",\"target\":[\"https:\/\/www.ermitageterme.it\/fr\/services-de-sante\/bien-etre\/\"]}]},{\"@type\":\"ImageObject\",\"inLanguage\":\"fr-FR\",\"@id\":\"https:\/\/www.ermitageterme.it\/fr\/services-de-sante\/bien-etre\/#primaryimage\",\"url\":\"https:\/\/www.ermitageterme.it\/wp-content\/uploads\/2015\/09\/benessere-home-600.jpg\",\"contentUrl\":\"https:\/\/www.ermitageterme.it\/wp-content\/uploads\/2015\/09\/benessere-home-600.jpg\",\"width\":\"767\",\"height\":\"560\",\"caption\":\"Wellnesshotel\"},{\"@type\":\"BreadcrumbList\",\"@id\":\"https:\/\/www.ermitageterme.it\/fr\/services-de-sante\/bien-etre\/#breadcrumb\",\"itemListElement\":[{\"@type\":\"ListItem\",\"position\":1,\"name\":\"Home\",\"item\":\"https:\/\/www.ermitageterme.it\/fr\/\"},{\"@type\":\"ListItem\",\"position\":2,\"name\":\"Services de Sant\u00e9\",\"item\":\"https:\/\/www.ermitageterme.it\/fr\/services-de-sante\/\"},{\"@type\":\"ListItem\",\"position\":3,\"name\":\"Centre de cure thermale\"}]},{\"@type\":\"WebSite\",\"@id\":\"https:\/\/www.ermitageterme.it\/fr\/#website\",\"url\":\"https:\/\/www.ermitageterme.it\/fr\/\",\"name\":\"ermitageterme.it\",\"description\":\"Ermitage Bel Air\",\"potentialAction\":[{\"@type\":\"SearchAction\",\"target\":{\"@type\":\"EntryPoint\",\"urlTemplate\":\"https:\/\/www.ermitageterme.it\/fr\/?s={search_term_string}\"},\"query-input\":{\"@type\":\"PropertyValueSpecification\",\"valueRequired\":true,\"valueName\":\"search_term_string\"}}],\"inLanguage\":\"fr-FR\"}]}<\/script>\n<!-- \/ Yoast SEO plugin. -->","yoast_head_json":{"title":"Cure thermale Abano Italie du Nord, Cure thalasso Italie, Station thermale - ermitageterme.it","description":"Cure thermale Abano Italie: un Centre de Bien-\u00eatre Moderne, projet\u00e9 pour favoriser la r\u00e9cup\u00e9ration de l\u2019\u00e9quilibre psychophysique gr\u00e2ce \u00e0 une s\u00e9lection qualifi\u00e9e de traitements spa, holistiques et de cosm\u00e9tique naturelle.","robots":{"index":"index","follow":"follow","max-snippet":"max-snippet:-1","max-image-preview":"max-image-preview:large","max-video-preview":"max-video-preview:-1"},"canonical":"https:\/\/www.ermitageterme.it\/fr\/services-de-sante\/bien-etre\/","og_locale":"fr_FR","og_type":"article","og_title":"Cure thermale Abano Italie du Nord, Cure thalasso Italie, Station thermale - ermitageterme.it","og_description":"Cure thermale Abano Italie: un Centre de Bien-\u00eatre Moderne, projet\u00e9 pour favoriser la r\u00e9cup\u00e9ration de l\u2019\u00e9quilibre psychophysique gr\u00e2ce \u00e0 une s\u00e9lection qualifi\u00e9e de traitements spa, holistiques et de cosm\u00e9tique naturelle.","og_url":"https:\/\/www.ermitageterme.it\/fr\/services-de-sante\/bien-etre\/","og_site_name":"ermitageterme.it","article_modified_time":"2024-04-24T13:54:21+00:00","og_image":[{"width":767,"height":560,"url":"https:\/\/www.ermitageterme.it\/wp-content\/uploads\/2015\/09\/benessere-home-600.jpg","type":"image\/jpeg"}],"twitter_card":"summary_large_image","twitter_misc":{"Dur\u00e9e de lecture estim\u00e9e":"3 minutes"},"schema":{"@context":"https:\/\/schema.org","@graph":[{"@type":"WebPage","@id":"https:\/\/www.ermitageterme.it\/fr\/services-de-sante\/bien-etre\/","url":"https:\/\/www.ermitageterme.it\/fr\/services-de-sante\/bien-etre\/","name":"Cure thermale Abano Italie du Nord, Cure thalasso Italie, Station thermale - ermitageterme.it","isPartOf":{"@id":"https:\/\/www.ermitageterme.it\/fr\/#website"},"primaryImageOfPage":{"@id":"https:\/\/www.ermitageterme.it\/fr\/services-de-sante\/bien-etre\/#primaryimage"},"image":{"@id":"https:\/\/www.ermitageterme.it\/fr\/services-de-sante\/bien-etre\/#primaryimage"},"thumbnailUrl":"https:\/\/www.ermitageterme.it\/wp-content\/uploads\/2015\/09\/benessere-home-600.jpg","datePublished":"2015-09-02T12:06:06+00:00","dateModified":"2024-04-24T13:54:21+00:00","description":"Cure thermale Abano Italie: un Centre de Bien-\u00eatre Moderne, projet\u00e9 pour favoriser la r\u00e9cup\u00e9ration de l\u2019\u00e9quilibre psychophysique gr\u00e2ce \u00e0 une s\u00e9lection qualifi\u00e9e de traitements spa, holistiques et de cosm\u00e9tique naturelle.","breadcrumb":{"@id":"https:\/\/www.ermitageterme.it\/fr\/services-de-sante\/bien-etre\/#breadcrumb"},"inLanguage":"fr-FR","potentialAction":[{"@type":"ReadAction","target":["https:\/\/www.ermitageterme.it\/fr\/services-de-sante\/bien-etre\/"]}]},{"@type":"ImageObject","inLanguage":"fr-FR","@id":"https:\/\/www.ermitageterme.it\/fr\/services-de-sante\/bien-etre\/#primaryimage","url":"https:\/\/www.ermitageterme.it\/wp-content\/uploads\/2015\/09\/benessere-home-600.jpg","contentUrl":"https:\/\/www.ermitageterme.it\/wp-content\/uploads\/2015\/09\/benessere-home-600.jpg","width":"767","height":"560","caption":"Wellnesshotel"},{"@type":"BreadcrumbList","@id":"https:\/\/www.ermitageterme.it\/fr\/services-de-sante\/bien-etre\/#breadcrumb","itemListElement":[{"@type":"ListItem","position":1,"name":"Home","item":"https:\/\/www.ermitageterme.it\/fr\/"},{"@type":"ListItem","position":2,"name":"Services de Sant\u00e9","item":"https:\/\/www.ermitageterme.it\/fr\/services-de-sante\/"},{"@type":"ListItem","position":3,"name":"Centre de cure thermale"}]},{"@type":"WebSite","@id":"https:\/\/www.ermitageterme.it\/fr\/#website","url":"https:\/\/www.ermitageterme.it\/fr\/","name":"ermitageterme.it","description":"Ermitage Bel Air","potentialAction":[{"@type":"SearchAction","target":{"@type":"EntryPoint","urlTemplate":"https:\/\/www.ermitageterme.it\/fr\/?s={search_term_string}"},"query-input":{"@type":"PropertyValueSpecification","valueRequired":true,"valueName":"search_term_string"}}],"inLanguage":"fr-FR"}]}},"_links":{"self":[{"href":"https:\/\/www.ermitageterme.it\/fr\/wp-json\/wp\/v2\/pages\/997"}],"collection":[{"href":"https:\/\/www.ermitageterme.it\/fr\/wp-json\/wp\/v2\/pages"}],"about":[{"href":"https:\/\/www.ermitageterme.it\/fr\/wp-json\/wp\/v2\/types\/page"}],"author":[{"embeddable":true,"href":"https:\/\/www.ermitageterme.it\/fr\/wp-json\/wp\/v2\/users\/1"}],"replies":[{"embeddable":true,"href":"https:\/\/www.ermitageterme.it\/fr\/wp-json\/wp\/v2\/comments?post=997"}],"version-history":[{"count":1,"href":"https:\/\/www.ermitageterme.it\/fr\/wp-json\/wp\/v2\/pages\/997\/revisions"}],"predecessor-version":[{"id":42457,"href":"https:\/\/www.ermitageterme.it\/fr\/wp-json\/wp\/v2\/pages\/997\/revisions\/42457"}],"up":[{"embeddable":true,"href":"https:\/\/www.ermitageterme.it\/fr\/wp-json\/wp\/v2\/pages\/983"}],"wp:featuredmedia":[{"embeddable":true,"href":"https:\/\/www.ermitageterme.it\/fr\/wp-json\/wp\/v2\/media\/5188"}],"wp:attachment":[{"href":"https:\/\/www.ermitageterme.it\/fr\/wp-json\/wp\/v2\/media?parent=997"}],"curies":[{"name":"wp","href":"https:\/\/api.w.org\/{rel}","templated":true}]}}