{"id":999,"date":"2015-09-15T16:51:38","date_gmt":"2015-09-15T14:51:38","guid":{"rendered":"\/\/www.ermitageterme.it\/perte-de-poids-et-style-de-vie"},"modified":"2024-05-17T12:34:16","modified_gmt":"2024-05-17T10:34:16","slug":"perte-de-poids-et-style-de-vie","status":"publish","type":"page","link":"https:\/\/www.ermitageterme.it\/fr\/services-de-sante\/perte-de-poids-et-style-de-vie\/","title":{"rendered":"Pr\u00e9vention Cardiovasculaire"},"content":{"rendered":"<section class=\"wpb-content-wrapper\">[vc_row][vc_column][vc_column_text]\n<h3><span class=\"alimentazione titolo-tariffe-supplementi1\">LA MESURE DU BIEN-\u00caTRE\u00a0<\/span><\/h3>\n<div id=\"attachment_4996\" style=\"width: 237px\" class=\"wp-caption alignright\"><a title=\"Centro per il dimagrimento\" href=\"\/\/www.ermitageterme.it\/wp-content\/uploads\/2017\/10\/alimentazione-3.jpg\"><img decoding=\"async\" aria-describedby=\"caption-attachment-4996\" class=\"wp-image-4996 size-full\" src=\"\/\/www.ermitageterme.it\/wp-content\/uploads\/2017\/10\/alimentazione-3.jpg\" alt=\"Centre pour maigrir Abano Italie\" width=\"227\" height=\"168\" \/><\/a><p id=\"caption-attachment-4996\" class=\"wp-caption-text\">Centre pour maigrir Abano Italie<\/p><\/div>\n<p>Gr\u00e2ce \u00e0 la collaboration entre le centre de r\u00e9\u00e9ducation fonctionnelle et le service fitness, Ermitage garantit une consultation personnalis\u00e9e. La visite m\u00e9dicale di\u00e9t\u00e9tique est compl\u00e9t\u00e9e par un check-up physiologique qui comprend: mesure num\u00e9rique du m\u00e9tabolisme basal et capacit\u00e9 a\u00e9robie, analyse de la composition corporelle avec imp\u00e9dancem\u00e9trie et mesures anthropom\u00e9triques. Pour ceux qui le souhaitent, un service pratique d&rsquo;analyses de sang est \u00e9galement actif. Disposer de mesures d\u00e9taill\u00e9es nous permet de personnaliser le r\u00e9gime alimentaire et le programme d&rsquo;entra\u00eenement de chaque h\u00f4te en cure et d&rsquo;offrir des donn\u00e9es compl\u00e8tes et objectives sur les r\u00e9sultats obtenus \u00e0 la fin du s\u00e9jour.<\/p>\n<h3><span class=\"alimentazione titolo-tariffe-supplementi1\">ALIMENTATION, THERMES ET FITNESS,\u00a0 SYNERGIES\u00a0<\/span><\/h3>\n<div id=\"attachment_2846\" style=\"width: 310px\" class=\"wp-caption alignleft\"><a href=\"\/\/www.ermitageterme.it\/wp-content\/uploads\/2015\/09\/metale-project-279.jpg\"><img decoding=\"async\" aria-describedby=\"caption-attachment-2846\" class=\"wp-image-2846 size-medium\" title=\"Dimagrire e migliorare la forma fisica con personal trainer\" src=\"\/\/www.ermitageterme.it\/wp-content\/uploads\/2015\/09\/metale-project-279-300x201.jpg\" alt=\"Centre pour perdre du poids Abano Italie\" width=\"300\" height=\"201\" srcset=\"https:\/\/www.ermitageterme.it\/wp-content\/uploads\/2015\/09\/metale-project-279-300x201.jpg 300w, https:\/\/www.ermitageterme.it\/wp-content\/uploads\/2015\/09\/metale-project-279-768x514.jpg 768w, https:\/\/www.ermitageterme.it\/wp-content\/uploads\/2015\/09\/metale-project-279-1024x685.jpg 1024w, https:\/\/www.ermitageterme.it\/wp-content\/uploads\/2015\/09\/metale-project-279-215x144.jpg 215w, https:\/\/www.ermitageterme.it\/wp-content\/uploads\/2015\/09\/metale-project-279-280x187.jpg 280w, https:\/\/www.ermitageterme.it\/wp-content\/uploads\/2015\/09\/metale-project-279-1366x914.jpg 1366w, https:\/\/www.ermitageterme.it\/wp-content\/uploads\/2015\/09\/metale-project-279.jpg 1600w\" sizes=\"(max-width: 300px) 100vw, 300px\" \/><\/a><p id=\"caption-attachment-2846\" class=\"wp-caption-text\">Centre pour perdre du poids Abano Italie<\/p><\/div>\n<p>Des \u00e9tudes cliniques effectu\u00e9es au sein de notre \u00e9tablissement en collaboration avec l&rsquo;Universit\u00e9 de Milan mettent en \u00e9vidence une corr\u00e9lation salutaire entre la fango-baln\u00e9oth\u00e9rapie et le m\u00e9tabolisme des lipides. Gr\u00e2ce aux comp\u00e9tences de notre cuisine, \u00e0 l&rsquo;assistance de personal trainers qualifi\u00e9s et \u00e0 l&rsquo;int\u00e9gration possible avec les cures thermales (fango-baln\u00e9oth\u00e9rapie et aquagym individuelle en eau thermale) les programmes d&rsquo;Ermitage permettent d&rsquo;am\u00e9liorer la forme physique sans renoncer au plaisir de vacances d\u00e9licieuses. Vous serez s\u00fbrs d&rsquo;obtenir des r\u00e9sultats durables, car ils sont obtenus de fa\u00e7on saine, en agissant non seulement et exclusivement sur le poids mais aussi sur le r\u00e9veil m\u00e9tabolique, sur la r\u00e9duction de la masse graisseuse et sur le renforcement de la capacit\u00e9 a\u00e9robie. Le niveau \u00e9lev\u00e9 de personnalisation, l&rsquo;assistance de personnel sp\u00e9cialis\u00e9 et l&rsquo;accessibilit\u00e9 totale aux salles de gym et aux piscines permettent aux h\u00f4tes les plus \u00e2g\u00e9s ou avec des capacit\u00e9s motrices r\u00e9duites de participer de fa\u00e7on satisfaisante \u00e0 nos programmes fitness.<\/p>\n<h3><span class=\"alimentazione titolo-tariffe-supplementi1\">PR\u00c9VENTION<\/span><\/h3>\n<p>L&rsquo;exercice physique et l&rsquo;alimentation s&rsquo;ils sont suivis de fa\u00e7on correcte et coh\u00e9rente avec l&rsquo;\u00e2ge et le style de vie, permettent de pr\u00e9venir l&rsquo;apparition de nombreuses pathologies de type orthop\u00e9dique, cardiologique et oncologique en garantissant un vieillissement sain, actif et gratifiant.<\/p>\n<h3><span class=\"alimentazione titolo-tariffe-supplementi1\">DIRECTION SCIENTIFIQUE<\/span><\/h3>\n<p>Prof. Domenico Corrado. Cardiologue et M\u00e9decin du Sport Universit\u00e9 de Padoue.<\/p>\n<p><strong style=\"color: #008c39;\">MENU <strong>BASIL PLUS\u00a0<\/strong><\/strong><br \/>\n<span style=\"color: #008c39;\">Disponible apr\u00e8s une visite sp\u00e9cialis\u00e9e pour un montant de \u20ac 140 par semaine. <\/span>Il utilise les menus des lignes Veggie et Balanced r\u00e9adapt\u00e9es selon les besoins sp\u00e9cifiques du client. R\u00e9gime calorique individuel, r\u00e9parti sur 6 repas pour \u00e9viter des baisses et des pics de glyc\u00e9mie. La Charge prot\u00e9ique est personnalis\u00e9e pour les besoins physiologiques ou pour des raisons li\u00e9es \u00e0 la prise de m\u00e9dicaments. Consacr\u00e9 aux besoins de la personne \u00e2g\u00e9e, du sujet ob\u00e8se, du patient orthop\u00e9dique, neurologique ou lymphologique.<\/p>\n<p>Conseiller Expert: Prof. Fulvio Ursini, Biochimiste Sp\u00e9cialiste en Nutrition Universit\u00e9 de Padoue.<\/p>\n[\/vc_column_text][\/vc_column][\/vc_row][vc_row][vc_column width=\u00a0\u00bb1\/2&Prime;][vc_btn title=\u00a0\u00bbListe de prix compl\u00e8te\u00a0\u00bb style=\u00a0\u00bbclassic\u00a0\u00bb size=\u00a0\u00bblg\u00a0\u00bb align=\u00a0\u00bbleft\u00a0\u00bb link=\u00a0\u00bburl:https%3A%2F%2Fwww.ermitageterme.it%2Ffr%2Fprix%2Falimentation-et-fitness%2F|title:Pr%C3%A9vention%20Cardiovasculaire||\u00a0\u00bb el_id=\u00a0\u00bbvedi-il-listino-prezzi-completo\u00a0\u00bb][\/vc_column][vc_column width=\u00a0\u00bb1\/2&Prime;][vc_btn title=\u00a0\u00bbDemande d&rsquo;information\u00a0\u00bb style=\u00a0\u00bbclassic\u00a0\u00bb color=\u00a0\u00bbjuicy-pink\u00a0\u00bb size=\u00a0\u00bblg\u00a0\u00bb align=\u00a0\u00bbright\u00a0\u00bb link=\u00a0\u00bburl:http%3A%2F%2Fwww.ermitageterme.it%2Ffr%2Fdemande-de-disponibilite%2F|title:Pr%C3%A9vention%20Cardiovasculaire||\u00a0\u00bb el_id=\u00a0\u00bbrichiedi-info-dettagli-soggiorno\u00a0\u00bb][\/vc_column][\/vc_row][vc_row][vc_column][vc_tta_accordion c_icon=\u00a0\u00bbtriangle\u00a0\u00bb active_section=\u00a0\u00bb0&Prime; collapsible_all=\u00a0\u00bbtrue\u00a0\u00bb][vc_tta_section title=\u00a0\u00bbPrix de Pr\u00e9vention Cardiovasculaire\u00a0\u00bb tab_id=\u00a0\u00bb1507218808734-4ffd0d18-4a74&Prime; el_class=\u00a0\u00bbalimentazione\u00a0\u00bb][vc_column_text]\n<h4 class=\"titolo-tariffe-supplementi\">ALIMENTATION ET FITNESSPRIX DE PR\u00c9VENTION CARDIOVASCULAIRE<\/h4>\n<table>\n<tbody>\n<tr>\n<td>Visite de m\u00e9decine g\u00e9n\u00e9rale (obligatoire pour l\u2019orientation clinique et l\u2019admission aux cures)<\/td>\n<td>&#8212;<\/td>\n<td>\u20ac 80<\/td>\n<\/tr>\n<tr>\n<td>Deuxi\u00e8me visite de m\u00e9decine g\u00e9n\u00e9rale ou suppl\u00e9ment pour l\u2019\u00e9valuation de m\u00e9decine interne<\/td>\n<td>&#8212;<\/td>\n<td>\u20ac 40<\/td>\n<\/tr>\n<tr>\n<td>Consultation m\u00e9dicale sp\u00e9cialis\u00e9e (pour l\u2019\u00e9laboration du programme th\u00e9rapeutique individuel)<\/td>\n<td>&#8212;<\/td>\n<td>\u20ac 140<\/td>\n<\/tr>\n<tr>\n<td>Deuxi\u00e8me consultation m\u00e9dicale sp\u00e9cialis\u00e9e (dans les 3 mois suivant la visite)<\/td>\n<td>&#8212;<\/td>\n<td>\u20ac 70<\/td>\n<\/tr>\n<tr>\n<td>\u00c9chographie informatis\u00e9e organes internes ou syst\u00e8me vasculaire<\/td>\n<td>&#8212;<\/td>\n<td>\u20ac 90<\/td>\n<\/tr>\n<tr>\n<td>Consultation m\u00e9dicale sp\u00e9cialis\u00e9e + \u00e9chographie informatis\u00e9e<\/td>\n<td>&#8212;<\/td>\n<td>\u20ac 180<\/td>\n<\/tr>\n<tr>\n<td>Analyses h\u00e9matologiques de base et bilan lipidique<\/td>\n<td>&#8212;<\/td>\n<td>\u20ac 60<\/td>\n<\/tr>\n<tr>\n<td>Test m\u00e9tabolique num\u00e9rique avec mesure directe de la consommation d\u2019oxyg\u00e8ne<\/td>\n<td>&#8212;<\/td>\n<td>\u20ac 60<\/td>\n<\/tr>\n<tr>\n<td>Analyse num\u00e9rique d\u2019imp\u00e9dancem\u00e9trie de la composition corporelle<\/td>\n<td>&#8212;<\/td>\n<td>\u20ac 30<\/td>\n<\/tr>\n<tr>\n<td>Consultation m\u00e9dicale sp\u00e9cialis\u00e9e cardiologique<\/td>\n<td>&#8212;<\/td>\n<td>\u20ac 140<\/td>\n<\/tr>\n<tr>\n<td>Consultation cardiologique + ECG avec compte rendu + \u00c9chocardiographie<\/td>\n<td>&#8212;<\/td>\n<td>\u20ac 230<\/td>\n<\/tr>\n<tr>\n<td>Consultation cardiologique + ECG<\/td>\n<td>&#8212;<\/td>\n<td>\u20ac 180<\/td>\n<\/tr>\n<tr>\n<td>ECG avec compte rendu<\/td>\n<td>&#8212;<\/td>\n<td>\u20ac 70<\/td>\n<\/tr>\n<tr>\n<td>Consultation m\u00e9dicale sp\u00e9cialis\u00e9e pneumologique<\/td>\n<td>&#8212;<\/td>\n<td>\u20ac 140<\/td>\n<\/tr>\n<tr>\n<td>Consultation pneumologique + Spirom\u00e9trie + Walking Test<\/td>\n<td>&#8212;<\/td>\n<td>\u20ac 230<\/td>\n<\/tr>\n<tr>\n<td>Consultation pneumologique + Spirom\u00e9trie<\/td>\n<td>&#8212;<\/td>\n<td>\u20ac 180<\/td>\n<\/tr>\n<tr>\n<td>Spirom\u00e9trie<\/td>\n<td>&#8212;<\/td>\n<td>\u20ac 70<\/td>\n<\/tr>\n<tr>\n<td>Walking Test<\/td>\n<td>&#8212;<\/td>\n<td>\u20ac 90<\/td>\n<\/tr>\n<tr>\n<td>Analyses de sang<\/td>\n<td>&#8212;<\/td>\n<td>\u20ac 60<\/td>\n<\/tr>\n<tr>\n<td>S\u00e9ance de r\u00e9\u00e9ducation diaphragmatique et respiratoire<\/td>\n<td>30\u2019<\/td>\n<td>\u20ac 60<\/td>\n<\/tr>\n<tr>\n<td>S\u00e9ance individuelle d\u2019Exercice Physique (Personal Training ou Cardio-Fitness)<\/td>\n<td>30\u2019<\/td>\n<td>\u20ac 60<\/td>\n<\/tr>\n<tr>\n<td>S\u00e9ance individuelle d\u2019Exercice Physique (Personal Training ou Cardio-Fitness)<\/td>\n<td>45\u2019<\/td>\n<td>\u20ac 90<\/td>\n<\/tr>\n<tr>\n<td>S\u00e9ance individuelle d\u2019Exercice Physique (Personal Training ou Cardio-Fitness)<\/td>\n<td>60\u2019<\/td>\n<td>\u20ac 120<\/td>\n<\/tr>\n<tr>\n<td>S\u00e9ance individuelle d\u2019Exercice Physique en eau thermale<\/td>\n<td>30\u2019<\/td>\n<td>\u20ac 60<\/td>\n<\/tr>\n<tr>\n<td>S\u00e9ance individuelle d\u2019Exercice Physique en eau thermale<\/td>\n<td>45\u2019<\/td>\n<td>\u20ac 90<\/td>\n<\/tr>\n<tr>\n<td>S\u00e9ance individuelle d\u2019Exercice Physique en eau thermale<\/td>\n<td>60\u2019<\/td>\n<td>\u20ac 120<\/td>\n<\/tr>\n<tr>\n<td>Training autog\u00e8ne ou S\u00e9ance de coaching et soutien psychologique<\/td>\n<td>60\u2019<\/td>\n<td>\u20ac 100<\/td>\n<\/tr>\n<tr>\n<td>Carte individuelle pour l\u2019acc\u00e8s au circuit cardio-fittness par semaine<\/td>\n<td>&#8212;<\/td>\n<td>\u20ac 35<\/td>\n<\/tr>\n<tr>\n<td>Service aux repas \u00ab Basil Plus \u00bb comprend: menu optimis\u00e9, apport calorique personnalis\u00e9 et r\u00e9partition correcte des repas pour la r\u00e9duction des apports glyc\u00e9miques par semaine (\u20ac 20 par jour)<\/td>\n<td>&#8212;<\/td>\n<td>\u20ac 140<\/td>\n<\/tr>\n<\/tbody>\n<\/table>\n[\/vc_column_text][\/vc_tta_section][\/vc_tta_accordion][\/vc_column][\/vc_row]\n<\/section>","protected":false},"excerpt":{"rendered":"<p>[vc_row][vc_column][vc_column_text] LA MESURE DU BIEN-\u00caTRE\u00a0 Gr\u00e2ce \u00e0 la collaboration entre le centre de r\u00e9\u00e9ducation fonctionnelle et le service fitness, Ermitage garantit une consultation personnalis\u00e9e. La visite m\u00e9dicale di\u00e9t\u00e9tique est compl\u00e9t\u00e9e par un check-up physiologique qui comprend: mesure num\u00e9rique du m\u00e9tabolisme basal et capacit\u00e9 a\u00e9robie, analyse de la composition corporelle avec imp\u00e9dancem\u00e9trie et mesures anthropom\u00e9triques. Pour<\/p>\n","protected":false},"author":1,"featured_media":3678,"parent":983,"menu_order":3,"comment_status":"closed","ping_status":"closed","template":"","meta":{"_acf_changed":false,"footnotes":""},"acf":[],"yoast_head":"<!-- This site is optimized with the Yoast SEO plugin v23.5 - https:\/\/yoast.com\/wordpress\/plugins\/seo\/ -->\n<title>Centre de perte de poids Abano Italie, centre minceur, cure amaigrissement - ermitageterme.it<\/title>\n<meta name=\"description\" content=\"Cure amaigrissement. Un centre o\u00f9 perte de poids, nutrition et remise en forme sont con\u00e7us pour offrir une nouvelle mesure de bien-\u00eatre \u00e0 tous les invit\u00e9s. Contactez-nous et r\u00e9servez!\" \/>\n<meta name=\"robots\" content=\"index, follow, max-snippet:-1, max-image-preview:large, max-video-preview:-1\" \/>\n<link rel=\"canonical\" href=\"https:\/\/www.ermitageterme.it\/fr\/services-de-sante\/perte-de-poids-et-style-de-vie\/\" \/>\n<meta property=\"og:locale\" content=\"fr_FR\" \/>\n<meta property=\"og:type\" content=\"article\" \/>\n<meta property=\"og:title\" content=\"Centre de perte de poids Abano Italie, centre minceur, cure amaigrissement - ermitageterme.it\" \/>\n<meta property=\"og:description\" content=\"Cure amaigrissement. Un centre o\u00f9 perte de poids, nutrition et remise en forme sont con\u00e7us pour offrir une nouvelle mesure de bien-\u00eatre \u00e0 tous les invit\u00e9s. Contactez-nous et r\u00e9servez!\" \/>\n<meta property=\"og:url\" content=\"https:\/\/www.ermitageterme.it\/fr\/services-de-sante\/perte-de-poids-et-style-de-vie\/\" \/>\n<meta property=\"og:site_name\" content=\"ermitageterme.it\" \/>\n<meta property=\"article:modified_time\" content=\"2024-05-17T10:34:16+00:00\" \/>\n<meta property=\"og:image\" content=\"https:\/\/www.ermitageterme.it\/wp-content\/uploads\/2015\/09\/alimentazione-fitness-immagine.jpg\" \/>\n\t<meta property=\"og:image:width\" content=\"690\" \/>\n\t<meta property=\"og:image:height\" content=\"400\" \/>\n\t<meta property=\"og:image:type\" content=\"image\/jpeg\" \/>\n<meta name=\"twitter:card\" content=\"summary_large_image\" \/>\n<meta name=\"twitter:label1\" content=\"Dur\u00e9e de lecture estim\u00e9e\" \/>\n\t<meta name=\"twitter:data1\" content=\"5 minutes\" \/>\n<script type=\"application\/ld+json\" class=\"yoast-schema-graph\">{\"@context\":\"https:\/\/schema.org\",\"@graph\":[{\"@type\":\"WebPage\",\"@id\":\"https:\/\/www.ermitageterme.it\/fr\/services-de-sante\/perte-de-poids-et-style-de-vie\/\",\"url\":\"https:\/\/www.ermitageterme.it\/fr\/services-de-sante\/perte-de-poids-et-style-de-vie\/\",\"name\":\"Centre de perte de poids Abano Italie, centre minceur, cure amaigrissement - ermitageterme.it\",\"isPartOf\":{\"@id\":\"https:\/\/www.ermitageterme.it\/fr\/#website\"},\"primaryImageOfPage\":{\"@id\":\"https:\/\/www.ermitageterme.it\/fr\/services-de-sante\/perte-de-poids-et-style-de-vie\/#primaryimage\"},\"image\":{\"@id\":\"https:\/\/www.ermitageterme.it\/fr\/services-de-sante\/perte-de-poids-et-style-de-vie\/#primaryimage\"},\"thumbnailUrl\":\"https:\/\/www.ermitageterme.it\/wp-content\/uploads\/2015\/09\/alimentazione-fitness-immagine.jpg\",\"datePublished\":\"2015-09-15T14:51:38+00:00\",\"dateModified\":\"2024-05-17T10:34:16+00:00\",\"description\":\"Cure amaigrissement. Un centre o\u00f9 perte de poids, nutrition et remise en forme sont con\u00e7us pour offrir une nouvelle mesure de bien-\u00eatre \u00e0 tous les invit\u00e9s. Contactez-nous et r\u00e9servez!\",\"breadcrumb\":{\"@id\":\"https:\/\/www.ermitageterme.it\/fr\/services-de-sante\/perte-de-poids-et-style-de-vie\/#breadcrumb\"},\"inLanguage\":\"fr-FR\",\"potentialAction\":[{\"@type\":\"ReadAction\",\"target\":[\"https:\/\/www.ermitageterme.it\/fr\/services-de-sante\/perte-de-poids-et-style-de-vie\/\"]}]},{\"@type\":\"ImageObject\",\"inLanguage\":\"fr-FR\",\"@id\":\"https:\/\/www.ermitageterme.it\/fr\/services-de-sante\/perte-de-poids-et-style-de-vie\/#primaryimage\",\"url\":\"https:\/\/www.ermitageterme.it\/wp-content\/uploads\/2015\/09\/alimentazione-fitness-immagine.jpg\",\"contentUrl\":\"https:\/\/www.ermitageterme.it\/wp-content\/uploads\/2015\/09\/alimentazione-fitness-immagine.jpg\",\"width\":690,\"height\":400},{\"@type\":\"BreadcrumbList\",\"@id\":\"https:\/\/www.ermitageterme.it\/fr\/services-de-sante\/perte-de-poids-et-style-de-vie\/#breadcrumb\",\"itemListElement\":[{\"@type\":\"ListItem\",\"position\":1,\"name\":\"Home\",\"item\":\"https:\/\/www.ermitageterme.it\/fr\/\"},{\"@type\":\"ListItem\",\"position\":2,\"name\":\"Services de Sant\u00e9\",\"item\":\"https:\/\/www.ermitageterme.it\/fr\/services-de-sante\/\"},{\"@type\":\"ListItem\",\"position\":3,\"name\":\"Pr\u00e9vention Cardiovasculaire\"}]},{\"@type\":\"WebSite\",\"@id\":\"https:\/\/www.ermitageterme.it\/fr\/#website\",\"url\":\"https:\/\/www.ermitageterme.it\/fr\/\",\"name\":\"ermitageterme.it\",\"description\":\"Ermitage Bel Air\",\"potentialAction\":[{\"@type\":\"SearchAction\",\"target\":{\"@type\":\"EntryPoint\",\"urlTemplate\":\"https:\/\/www.ermitageterme.it\/fr\/?s={search_term_string}\"},\"query-input\":{\"@type\":\"PropertyValueSpecification\",\"valueRequired\":true,\"valueName\":\"search_term_string\"}}],\"inLanguage\":\"fr-FR\"}]}<\/script>\n<!-- \/ Yoast SEO plugin. -->","yoast_head_json":{"title":"Centre de perte de poids Abano Italie, centre minceur, cure amaigrissement - ermitageterme.it","description":"Cure amaigrissement. Un centre o\u00f9 perte de poids, nutrition et remise en forme sont con\u00e7us pour offrir une nouvelle mesure de bien-\u00eatre \u00e0 tous les invit\u00e9s. Contactez-nous et r\u00e9servez!","robots":{"index":"index","follow":"follow","max-snippet":"max-snippet:-1","max-image-preview":"max-image-preview:large","max-video-preview":"max-video-preview:-1"},"canonical":"https:\/\/www.ermitageterme.it\/fr\/services-de-sante\/perte-de-poids-et-style-de-vie\/","og_locale":"fr_FR","og_type":"article","og_title":"Centre de perte de poids Abano Italie, centre minceur, cure amaigrissement - ermitageterme.it","og_description":"Cure amaigrissement. Un centre o\u00f9 perte de poids, nutrition et remise en forme sont con\u00e7us pour offrir une nouvelle mesure de bien-\u00eatre \u00e0 tous les invit\u00e9s. Contactez-nous et r\u00e9servez!","og_url":"https:\/\/www.ermitageterme.it\/fr\/services-de-sante\/perte-de-poids-et-style-de-vie\/","og_site_name":"ermitageterme.it","article_modified_time":"2024-05-17T10:34:16+00:00","og_image":[{"width":690,"height":400,"url":"https:\/\/www.ermitageterme.it\/wp-content\/uploads\/2015\/09\/alimentazione-fitness-immagine.jpg","type":"image\/jpeg"}],"twitter_card":"summary_large_image","twitter_misc":{"Dur\u00e9e de lecture estim\u00e9e":"5 minutes"},"schema":{"@context":"https:\/\/schema.org","@graph":[{"@type":"WebPage","@id":"https:\/\/www.ermitageterme.it\/fr\/services-de-sante\/perte-de-poids-et-style-de-vie\/","url":"https:\/\/www.ermitageterme.it\/fr\/services-de-sante\/perte-de-poids-et-style-de-vie\/","name":"Centre de perte de poids Abano Italie, centre minceur, cure amaigrissement - ermitageterme.it","isPartOf":{"@id":"https:\/\/www.ermitageterme.it\/fr\/#website"},"primaryImageOfPage":{"@id":"https:\/\/www.ermitageterme.it\/fr\/services-de-sante\/perte-de-poids-et-style-de-vie\/#primaryimage"},"image":{"@id":"https:\/\/www.ermitageterme.it\/fr\/services-de-sante\/perte-de-poids-et-style-de-vie\/#primaryimage"},"thumbnailUrl":"https:\/\/www.ermitageterme.it\/wp-content\/uploads\/2015\/09\/alimentazione-fitness-immagine.jpg","datePublished":"2015-09-15T14:51:38+00:00","dateModified":"2024-05-17T10:34:16+00:00","description":"Cure amaigrissement. Un centre o\u00f9 perte de poids, nutrition et remise en forme sont con\u00e7us pour offrir une nouvelle mesure de bien-\u00eatre \u00e0 tous les invit\u00e9s. Contactez-nous et r\u00e9servez!","breadcrumb":{"@id":"https:\/\/www.ermitageterme.it\/fr\/services-de-sante\/perte-de-poids-et-style-de-vie\/#breadcrumb"},"inLanguage":"fr-FR","potentialAction":[{"@type":"ReadAction","target":["https:\/\/www.ermitageterme.it\/fr\/services-de-sante\/perte-de-poids-et-style-de-vie\/"]}]},{"@type":"ImageObject","inLanguage":"fr-FR","@id":"https:\/\/www.ermitageterme.it\/fr\/services-de-sante\/perte-de-poids-et-style-de-vie\/#primaryimage","url":"https:\/\/www.ermitageterme.it\/wp-content\/uploads\/2015\/09\/alimentazione-fitness-immagine.jpg","contentUrl":"https:\/\/www.ermitageterme.it\/wp-content\/uploads\/2015\/09\/alimentazione-fitness-immagine.jpg","width":690,"height":400},{"@type":"BreadcrumbList","@id":"https:\/\/www.ermitageterme.it\/fr\/services-de-sante\/perte-de-poids-et-style-de-vie\/#breadcrumb","itemListElement":[{"@type":"ListItem","position":1,"name":"Home","item":"https:\/\/www.ermitageterme.it\/fr\/"},{"@type":"ListItem","position":2,"name":"Services de Sant\u00e9","item":"https:\/\/www.ermitageterme.it\/fr\/services-de-sante\/"},{"@type":"ListItem","position":3,"name":"Pr\u00e9vention Cardiovasculaire"}]},{"@type":"WebSite","@id":"https:\/\/www.ermitageterme.it\/fr\/#website","url":"https:\/\/www.ermitageterme.it\/fr\/","name":"ermitageterme.it","description":"Ermitage Bel Air","potentialAction":[{"@type":"SearchAction","target":{"@type":"EntryPoint","urlTemplate":"https:\/\/www.ermitageterme.it\/fr\/?s={search_term_string}"},"query-input":{"@type":"PropertyValueSpecification","valueRequired":true,"valueName":"search_term_string"}}],"inLanguage":"fr-FR"}]}},"_links":{"self":[{"href":"https:\/\/www.ermitageterme.it\/fr\/wp-json\/wp\/v2\/pages\/999"}],"collection":[{"href":"https:\/\/www.ermitageterme.it\/fr\/wp-json\/wp\/v2\/pages"}],"about":[{"href":"https:\/\/www.ermitageterme.it\/fr\/wp-json\/wp\/v2\/types\/page"}],"author":[{"embeddable":true,"href":"https:\/\/www.ermitageterme.it\/fr\/wp-json\/wp\/v2\/users\/1"}],"replies":[{"embeddable":true,"href":"https:\/\/www.ermitageterme.it\/fr\/wp-json\/wp\/v2\/comments?post=999"}],"version-history":[{"count":4,"href":"https:\/\/www.ermitageterme.it\/fr\/wp-json\/wp\/v2\/pages\/999\/revisions"}],"predecessor-version":[{"id":47196,"href":"https:\/\/www.ermitageterme.it\/fr\/wp-json\/wp\/v2\/pages\/999\/revisions\/47196"}],"up":[{"embeddable":true,"href":"https:\/\/www.ermitageterme.it\/fr\/wp-json\/wp\/v2\/pages\/983"}],"wp:featuredmedia":[{"embeddable":true,"href":"https:\/\/www.ermitageterme.it\/fr\/wp-json\/wp\/v2\/media\/3678"}],"wp:attachment":[{"href":"https:\/\/www.ermitageterme.it\/fr\/wp-json\/wp\/v2\/media?parent=999"}],"curies":[{"name":"wp","href":"https:\/\/api.w.org\/{rel}","templated":true}]}}